{"id":2693,"date":"2025-07-15T13:28:01","date_gmt":"2025-07-15T13:28:01","guid":{"rendered":"https:\/\/ecostera.com\/dk\/product\/holdbar-taljetaske\/"},"modified":"2025-07-16T08:47:57","modified_gmt":"2025-07-16T08:47:57","slug":"holdbar-taljetaske","status":"publish","type":"product","link":"https:\/\/ecostera.com\/dk\/product\/holdbar-taljetaske\/","title":{"rendered":"Holdbar taljetaske"},"content":{"rendered":"<p style=\"text-align: center\"><b>\ud83d\udc50\ud83c\udffb En h\u00e5ndfri hj\u00e6lper til hverdagens ting! \ud83c\udf92<\/b><\/p>\n<p style=\"text-align: center\"><span style=\"font-weight: 400\">Denne taljetaske holder din telefon, kort og n\u00f8gler sikre og nemme at n\u00e5, mens du rejser eller g\u00e5r i gang med din dag.<\/span><\/p>\n<p><img decoding=\"async\" class=\"size-full wp-image-15595 aligncenter\" src=\"https:\/\/keluvo.com\/template\/wp-content\/uploads\/sites\/5\/2025\/04\/7df690b4-f99d-4f91-bb7f-63ab4aa69a61.webp\" alt=\"\" \/><\/p>\n<h2 style=\"text-align: center\"><strong>Perfekt Til Daglig Brug, Rejser Eller Udend\u00f8rs G\u00e5ture<\/strong><\/h2>\n<p><span style=\"font-weight: 400\">\u2714 Lavet af st\u00e6rkt og glat pu-l\u00e6der<\/span><\/p>\n<p><span style=\"font-weight: 400\"> \u2714 Vandafvisende og ridsefast<\/span><\/p>\n<p><span style=\"font-weight: 400\"> \u2714 Sidder t\u00e6t om livet &#8211; bl\u00f8dt og behageligt<\/span><\/p>\n<p><span style=\"font-weight: 400\"> \u2714 Har plads til telefon, kort, n\u00f8gler og meget mere<\/span><\/p>\n<p><span style=\"font-weight: 400\"> \u2714 Hurtigt tilg\u00e6ngeligt cover, s\u00e5 du ikke g\u00e5r glip af et opkald<\/span><\/p>\n<p><span style=\"font-weight: 400\"> \u2714 Lommer i flere lag holder tingene organiseret<\/span><\/p>\n<p><img decoding=\"async\" class=\"size-full wp-image-15592 aligncenter\" src=\"https:\/\/keluvo.com\/template\/wp-content\/uploads\/sites\/5\/2025\/04\/823ec997-711d-4918-b889-a16534c5d3e4.webp\" alt=\"\" \/><\/p>\n<h2 style=\"text-align: center\"><strong>Den Har En Lomme Til Det Hele<\/strong><\/h2>\n<p style=\"text-align: center\"><span style=\"font-weight: 400\">Denne taljetaske giver dig plads til alle dine daglige behov i en lille, stilfuld pose. Den har et s\u00e6rligt sted til din telefon og plads til kort, n\u00f8gler og sm\u00e5ting. Brug den over b\u00e6ltet eller linningen for et elegant, h\u00e5ndfrit look. Den er bygget til at holde og ser godt ud til ethvert outfit.<\/span><\/p>\n<h2 style=\"text-align: center\">Pakken inkluderer<\/h2>\n<ul>\n<li><b><\/b><span style=\"font-weight: 400\">1 multifunktionel opbevaringstaske til taljen (18,4 x 16,7 x 2 cm)<\/span><\/li>\n<\/ul>\n","protected":false},"excerpt":{"rendered":"<p>\ud83d\udc50\ud83c\udffb En h\u00e5ndfri hj\u00e6lper til hverdagens ting! \ud83c\udf92 Denne taljetaske holder din telefon, kort og n\u00f8gler sikre og nemme at [&hellip;]<\/p>\n","protected":false},"featured_media":2689,"comment_status":"open","ping_status":"closed","template":"","meta":{"site-sidebar-layout":"default","site-content-layout":"","ast-site-content-layout":"default","site-content-style":"default","site-sidebar-style":"default","ast-global-header-display":"","ast-banner-title-visibility":"","ast-main-header-display":"","ast-hfb-above-header-display":"","ast-hfb-below-header-display":"","ast-hfb-mobile-header-display":"","site-post-title":"","ast-breadcrumbs-content":"","ast-featured-img":"","footer-sml-layout":"","theme-transparent-header-meta":"default","adv-header-id-meta":"","stick-header-meta":"","header-above-stick-meta":"","header-main-stick-meta":"","header-below-stick-meta":"","astra-migrate-meta-layouts":"set","ast-page-background-enabled":"default","ast-page-background-meta":{"desktop":{"background-color":"var(--ast-global-color-5)","background-image":"","background-repeat":"repeat","background-position":"center center","background-size":"auto","background-attachment":"scroll","background-type":"","background-media":"","overlay-type":"","overlay-color":"","overlay-opacity":"","overlay-gradient":""},"tablet":{"background-color":"","background-image":"","background-repeat":"repeat","background-position":"center center","background-size":"auto","background-attachment":"scroll","background-type":"","background-media":"","overlay-type":"","overlay-color":"","overlay-opacity":"","overlay-gradient":""},"mobile":{"background-color":"","background-image":"","background-repeat":"repeat","background-position":"center center","background-size":"auto","background-attachment":"scroll","background-type":"","background-media":"","overlay-type":"","overlay-color":"","overlay-opacity":"","overlay-gradient":""}},"ast-content-background-meta":{"desktop":{"background-color":"var(--ast-global-color-4)","background-image":"","background-repeat":"repeat","background-position":"center center","background-size":"auto","background-attachment":"scroll","background-type":"","background-media":"","overlay-type":"","overlay-color":"","overlay-opacity":"","overlay-gradient":""},"tablet":{"background-color":"var(--ast-global-color-4)","background-image":"","background-repeat":"repeat","background-position":"center center","background-size":"auto","background-attachment":"scroll","background-type":"","background-media":"","overlay-type":"","overlay-color":"","overlay-opacity":"","overlay-gradient":""},"mobile":{"background-color":"var(--ast-global-color-4)","background-image":"","background-repeat":"repeat","background-position":"center center","background-size":"auto","background-attachment":"scroll","background-type":"","background-media":"","overlay-type":"","overlay-color":"","overlay-opacity":"","overlay-gradient":""}}},"product_brand":[],"product_cat":[19],"product_tag":[],"class_list":{"0":"post-2693","1":"product","2":"type-product","3":"status-publish","4":"has-post-thumbnail","6":"product_cat-uncategorized","7":"pa_30711_gkihallw-brun","8":"pa_30711_gkihallw-sort","9":"desktop-align-left","10":"tablet-align-left","11":"mobile-align-left","13":"first","14":"instock","15":"shipping-taxable","16":"purchasable","17":"product-type-variable"},"_links":{"self":[{"href":"https:\/\/ecostera.com\/dk\/wp-json\/wp\/v2\/product\/2693","targetHints":{"allow":["GET"]}}],"collection":[{"href":"https:\/\/ecostera.com\/dk\/wp-json\/wp\/v2\/product"}],"about":[{"href":"https:\/\/ecostera.com\/dk\/wp-json\/wp\/v2\/types\/product"}],"replies":[{"embeddable":true,"href":"https:\/\/ecostera.com\/dk\/wp-json\/wp\/v2\/comments?post=2693"}],"wp:featuredmedia":[{"embeddable":true,"href":"https:\/\/ecostera.com\/dk\/wp-json\/wp\/v2\/media\/2689"}],"wp:attachment":[{"href":"https:\/\/ecostera.com\/dk\/wp-json\/wp\/v2\/media?parent=2693"}],"wp:term":[{"taxonomy":"product_brand","embeddable":true,"href":"https:\/\/ecostera.com\/dk\/wp-json\/wp\/v2\/product_brand?post=2693"},{"taxonomy":"product_cat","embeddable":true,"href":"https:\/\/ecostera.com\/dk\/wp-json\/wp\/v2\/product_cat?post=2693"},{"taxonomy":"product_tag","embeddable":true,"href":"https:\/\/ecostera.com\/dk\/wp-json\/wp\/v2\/product_tag?post=2693"}],"curies":[{"name":"wp","href":"https:\/\/api.w.org\/{rel}","templated":true}]}}