{"id":27481,"date":"2025-10-06T17:12:21","date_gmt":"2025-10-06T14:12:21","guid":{"rendered":"https:\/\/ecostera.com\/dk\/product\/baerbar-vaskemaskine\/"},"modified":"2025-10-13T11:18:15","modified_gmt":"2025-10-13T08:18:15","slug":"baerbar-vaskemaskine","status":"publish","type":"product","link":"https:\/\/ecostera.com\/dk\/product\/baerbar-vaskemaskine\/","title":{"rendered":"B\u00e6rbar vaskemaskine"},"content":{"rendered":"<p style=\"text-align: center\" data-start=\"139\" data-end=\"179\">Vask nemt t\u00f8j overalt \ud83e\uddfa\u2728<\/p>\n<p style=\"text-align: center\" data-start=\"180\" data-end=\"375\">Denne kompakte b\u00e6rbare vaskemaskine bruger ultralydsteknologi til at reng\u00f8re t\u00f8j, smykker og meget mere. Den er perfekt til sm\u00e5 rum, sparer tid og energi og holder dine ting friske og rene.<\/p>\n<p data-start=\"180\" data-end=\"375\"><img decoding=\"async\" class=\"size-full wp-image-35813 aligncenter\" src=\"https:\/\/keluvo.com\/template\/wp-content\/uploads\/sites\/5\/2025\/09\/09226-ezgif.com-video-to-webp-converter-2.webp\" alt=\"\" \/><\/p>\n<h2 style=\"text-align: center\" data-start=\"377\" data-end=\"398\">Hovedfordele \u2705<\/h2>\n<p data-start=\"401\" data-end=\"482\">\ud83c\udf0a Ultralydsrensning &#8211; h\u00f8jfrekvente vibrationer fjerner snavs og bakterier<\/p>\n<p data-start=\"485\" data-end=\"559\">\ud83c\udfe0 Pladsbesparende design &#8211; ideel til kollegier, lejligheder, autocampere eller rejser<\/p>\n<p data-start=\"562\" data-end=\"644\">\ud83d\udc55 Multifunktionel brug &#8211; vask babyt\u00f8j, undert\u00f8j, sokker, h\u00e5ndkl\u00e6der og meget mere<\/p>\n<p data-start=\"647\" data-end=\"721\">\ud83d\udc8d Ikke kun til t\u00f8j &#8211; fantastisk til smykker, briller og endda frugt<\/p>\n<p data-start=\"724\" data-end=\"789\">\ud83d\udd0c USB-drevet &#8211; nem at bruge overalt med et enkelt stik<\/p>\n<p data-start=\"792\" data-end=\"860\">\ud83c\udf92 Let og b\u00e6rbar &#8211; kun 240 g, nem at have med p\u00e5 farten<\/p>\n<p data-start=\"792\" data-end=\"860\"><img decoding=\"async\" class=\"size-full wp-image-35812 aligncenter\" src=\"https:\/\/keluvo.com\/template\/wp-content\/uploads\/sites\/5\/2025\/09\/Sab526c4f22ad45d982fdd5f94c2898caF.jpg_960x960q75.jpg_.jpg\" alt=\"\" \/><\/p>\n<h2 style=\"text-align: center\" data-start=\"862\" data-end=\"882\">S\u00e5dan bruges den\ud83d\udee0\ufe0f<\/h2>\n<ol data-start=\"883\" data-end=\"1231\">\n<li data-start=\"883\" data-end=\"971\">\n<p data-start=\"886\" data-end=\"971\">Placer vaskemaskinen i bunden af en beholder eller spand fyldt med vand.<\/p>\n<\/li>\n<li data-start=\"972\" data-end=\"1065\">\n<p data-start=\"975\" data-end=\"1065\">Tils\u00e6t dit t\u00f8j eller dine ting (kun sm\u00e5 stykker som undert\u00f8j, sokker, babyt\u00f8j osv.)<\/p>\n<\/li>\n<li data-start=\"1066\" data-end=\"1111\">\n<p data-start=\"1069\" data-end=\"1111\">Tilslut USB-kablet til en str\u00f8mkilde.<\/p>\n<\/li>\n<li data-start=\"1112\" data-end=\"1182\">\n<p data-start=\"1115\" data-end=\"1182\">Tils\u00e6t vaskemiddel, og lad ultralydsvibrationerne reng\u00f8re dine ting.<\/p>\n<\/li>\n<li data-start=\"1183\" data-end=\"1231\">\n<p data-start=\"1186\" data-end=\"1231\">Skyl tingene efter vask, og lad dem t\u00f8rre.<\/p>\n<\/li>\n<\/ol>\n<h2 style=\"text-align: center\" data-start=\"1233\" data-end=\"1257\">Produktdetaljer \u2139\ufe0f<\/h2>\n<ul data-start=\"1258\" data-end=\"1512\">\n<li data-start=\"1258\" data-end=\"1287\">\n<p data-start=\"1260\" data-end=\"1287\">Operation: Mekanisk<\/p>\n<\/li>\n<li data-start=\"1288\" data-end=\"1322\">\n<p data-start=\"1290\" data-end=\"1322\">Materiale: ABS-bundplade<\/p>\n<\/li>\n<li data-start=\"1323\" data-end=\"1348\">\n<p data-start=\"1325\" data-end=\"1348\">Str\u00f8mforsyning: USB<\/p>\n<\/li>\n<li data-start=\"1349\" data-end=\"1374\">\n<p data-start=\"1351\" data-end=\"1374\">Driftssp\u00e6nding: 5V<\/p>\n<\/li>\n<li data-start=\"1375\" data-end=\"1399\">\n<p data-start=\"1377\" data-end=\"1399\">Driftseffekt: 30W<\/p>\n<\/li>\n<li data-start=\"1400\" data-end=\"1437\">\n<p data-start=\"1402\" data-end=\"1437\">V\u00e6gt: 240g<\/p>\n<\/li>\n<li data-start=\"1438\" data-end=\"1460\">\n<p data-start=\"1440\" data-end=\"1460\">Diameter: 9 cm<\/p>\n<\/li>\n<li data-start=\"1461\" data-end=\"1512\">\n<p data-start=\"1463\" data-end=\"1512\">Bem\u00e6rk: Ikke egnet til store bekl\u00e6dningsgenstande<\/p>\n<\/li>\n<\/ul>\n<h2 style=\"text-align: center\" data-start=\"1514\" data-end=\"1539\">Pakken Indeholder \ud83d\udce6<\/h2>\n<ul data-start=\"1540\" data-end=\"1589\">\n<li data-start=\"1540\" data-end=\"1589\">\n<p data-start=\"1542\" data-end=\"1589\">1x b\u00e6rbar vaskemaskine.<\/p>\n<\/li>\n<\/ul>\n","protected":false},"excerpt":{"rendered":"<p>Vask nemt t\u00f8j overalt \ud83e\uddfa\u2728 Denne kompakte b\u00e6rbare vaskemaskine bruger ultralydsteknologi til at reng\u00f8re t\u00f8j, smykker og meget mere. Den [&hellip;]<\/p>\n","protected":false},"featured_media":27477,"comment_status":"open","ping_status":"closed","template":"","meta":{"site-sidebar-layout":"default","site-content-layout":"","ast-site-content-layout":"default","site-content-style":"default","site-sidebar-style":"default","ast-global-header-display":"","ast-banner-title-visibility":"","ast-main-header-display":"","ast-hfb-above-header-display":"","ast-hfb-below-header-display":"","ast-hfb-mobile-header-display":"","site-post-title":"","ast-breadcrumbs-content":"","ast-featured-img":"","footer-sml-layout":"","theme-transparent-header-meta":"default","adv-header-id-meta":"","stick-header-meta":"","header-above-stick-meta":"","header-main-stick-meta":"","header-below-stick-meta":"","astra-migrate-meta-layouts":"set","ast-page-background-enabled":"default","ast-page-background-meta":{"desktop":{"background-color":"var(--ast-global-color-5)","background-image":"","background-repeat":"repeat","background-position":"center center","background-size":"auto","background-attachment":"scroll","background-type":"","background-media":"","overlay-type":"","overlay-color":"","overlay-opacity":"","overlay-gradient":""},"tablet":{"background-color":"","background-image":"","background-repeat":"repeat","background-position":"center center","background-size":"auto","background-attachment":"scroll","background-type":"","background-media":"","overlay-type":"","overlay-color":"","overlay-opacity":"","overlay-gradient":""},"mobile":{"background-color":"","background-image":"","background-repeat":"repeat","background-position":"center center","background-size":"auto","background-attachment":"scroll","background-type":"","background-media":"","overlay-type":"","overlay-color":"","overlay-opacity":"","overlay-gradient":""}},"ast-content-background-meta":{"desktop":{"background-color":"var(--ast-global-color-4)","background-image":"","background-repeat":"repeat","background-position":"center center","background-size":"auto","background-attachment":"scroll","background-type":"","background-media":"","overlay-type":"","overlay-color":"","overlay-opacity":"","overlay-gradient":""},"tablet":{"background-color":"var(--ast-global-color-4)","background-image":"","background-repeat":"repeat","background-position":"center center","background-size":"auto","background-attachment":"scroll","background-type":"","background-media":"","overlay-type":"","overlay-color":"","overlay-opacity":"","overlay-gradient":""},"mobile":{"background-color":"var(--ast-global-color-4)","background-image":"","background-repeat":"repeat","background-position":"center center","background-size":"auto","background-attachment":"scroll","background-type":"","background-media":"","overlay-type":"","overlay-color":"","overlay-opacity":"","overlay-gradient":""}}},"product_brand":[],"product_cat":[19],"product_tag":[],"class_list":{"0":"post-27481","1":"product","2":"type-product","3":"status-publish","4":"has-post-thumbnail","6":"product_cat-uncategorized","7":"desktop-align-left","8":"tablet-align-left","9":"mobile-align-left","11":"first","12":"instock","13":"shipping-taxable","14":"purchasable","15":"product-type-simple"},"_links":{"self":[{"href":"https:\/\/ecostera.com\/dk\/wp-json\/wp\/v2\/product\/27481","targetHints":{"allow":["GET"]}}],"collection":[{"href":"https:\/\/ecostera.com\/dk\/wp-json\/wp\/v2\/product"}],"about":[{"href":"https:\/\/ecostera.com\/dk\/wp-json\/wp\/v2\/types\/product"}],"replies":[{"embeddable":true,"href":"https:\/\/ecostera.com\/dk\/wp-json\/wp\/v2\/comments?post=27481"}],"wp:featuredmedia":[{"embeddable":true,"href":"https:\/\/ecostera.com\/dk\/wp-json\/wp\/v2\/media\/27477"}],"wp:attachment":[{"href":"https:\/\/ecostera.com\/dk\/wp-json\/wp\/v2\/media?parent=27481"}],"wp:term":[{"taxonomy":"product_brand","embeddable":true,"href":"https:\/\/ecostera.com\/dk\/wp-json\/wp\/v2\/product_brand?post=27481"},{"taxonomy":"product_cat","embeddable":true,"href":"https:\/\/ecostera.com\/dk\/wp-json\/wp\/v2\/product_cat?post=27481"},{"taxonomy":"product_tag","embeddable":true,"href":"https:\/\/ecostera.com\/dk\/wp-json\/wp\/v2\/product_tag?post=27481"}],"curies":[{"name":"wp","href":"https:\/\/api.w.org\/{rel}","templated":true}]}}