{"id":27577,"date":"2025-10-06T17:20:23","date_gmt":"2025-10-06T14:20:23","guid":{"rendered":"https:\/\/ecostera.com\/dk\/product\/holder-til-bh-stropper-20-stk\/"},"modified":"2025-10-10T13:05:29","modified_gmt":"2025-10-10T10:05:29","slug":"holder-til-bh-stropper-20-stk","status":"publish","type":"product","link":"https:\/\/ecostera.com\/dk\/product\/holder-til-bh-stropper-20-stk\/","title":{"rendered":"BH-stropholder"},"content":{"rendered":"<p style=\"text-align: center\" data-start=\"104\" data-end=\"147\">Sig farvel til BH-stropper, der glider \ud83d\udc57\u2728<\/p>\n<p style=\"text-align: center\" data-start=\"149\" data-end=\"369\">Disse praktiske BH-stroppeholdere er den perfekte l\u00f8sning til at holde dine toppe, kjoler og tr\u00e6ningst\u00f8j p\u00e5 plads. Komfortable, justerbare og diskrete &#8211; de s\u00f8rger for, at du forbliver st\u00f8ttet uden besv\u00e6ret med stropper, der falder ned.<\/p>\n<p data-start=\"149\" data-end=\"369\"><img decoding=\"async\" class=\"size-full wp-image-35935 aligncenter\" src=\"https:\/\/keluvo.com\/template\/wp-content\/uploads\/sites\/5\/2025\/10\/092210-ezgif.com-video-to-webp-converter.webp\" alt=\"\" \/><\/p>\n<h2 style=\"text-align: center\" data-start=\"371\" data-end=\"393\"><strong>Vigtigste Fordele \ud83c\udf1f<\/strong><\/h2>\n<p data-start=\"396\" data-end=\"448\">\ud83d\udc57 Forhindrer BH-stropper i at glide af skuldrene<\/p>\n<p data-start=\"451\" data-end=\"500\">\u2705 Fungerer med tanktoppe, kjoler og sportst\u00f8j<\/p>\n<p data-start=\"503\" data-end=\"559\">\ud83e\udd38 Komfortabelt rundt design, der ikke graver sig ind i huden<\/p>\n<p data-start=\"562\" data-end=\"612\">\ud83c\udfa8 F\u00e5s i forskellige farver, der passer til ethvert outfit<\/p>\n<p data-start=\"615\" data-end=\"660\">\ud83e\udde9 Let at s\u00e6tte p\u00e5, let at tage af, genanvendelig<\/p>\n<p data-start=\"615\" data-end=\"660\"><img decoding=\"async\" class=\"size-full wp-image-35933 aligncenter\" src=\"https:\/\/keluvo.com\/template\/wp-content\/uploads\/sites\/5\/2025\/10\/bh-bandsforlangare-7-ny.jpg\" alt=\"\" \/><\/p>\n<h2 style=\"text-align: center\" data-start=\"662\" data-end=\"681\"><strong>S\u00e5dan Bruges De \ud83d\udc47<\/strong><\/h2>\n<ol data-start=\"682\" data-end=\"846\">\n<li data-start=\"682\" data-end=\"731\">\n<p data-start=\"685\" data-end=\"731\">S\u00e6t stropholderne p\u00e5 dine BH-stropper<\/p>\n<\/li>\n<li data-start=\"732\" data-end=\"786\">\n<p data-start=\"735\" data-end=\"786\">Nyd bev\u00e6gelsesfriheden uden at stropperne glider ned.<\/p>\n<\/li>\n<\/ol>\n<h2 style=\"text-align: center\" data-start=\"848\" data-end=\"872\"><strong>Produktdetaljer \ud83d\udccf<\/strong><\/h2>\n<ul data-start=\"873\" data-end=\"1019\">\n<li data-start=\"873\" data-end=\"908\">\n<p data-start=\"875\" data-end=\"908\">Materiale: bl\u00f8d, holdbar plast<\/p>\n<\/li>\n<li data-start=\"909\" data-end=\"944\">\n<p data-start=\"911\" data-end=\"944\">Design: flere designs<\/p>\n<\/li>\n<li data-start=\"945\" data-end=\"996\">\n<p data-start=\"947\" data-end=\"996\">Farver: Sort, hvid, beige, gennemsigtig (passer til forskellige outfits)<\/p>\n<\/li>\n<li data-start=\"997\" data-end=\"1019\">\n<p data-start=\"999\" data-end=\"1019\">Passer til alle BH-st\u00f8rrelser<\/p>\n<\/li>\n<\/ul>\n<h2 style=\"text-align: center\" data-start=\"1258\" data-end=\"1283\"><strong>Pakken Indeholder \ud83c\udf81<\/strong><\/h2>\n<ul data-start=\"1284\" data-end=\"1330\">\n<li data-start=\"1284\" data-end=\"1330\">\n<p data-start=\"1286\" data-end=\"1330\">20x BH-stropholdere.<\/p>\n<\/li>\n<\/ul>\n","protected":false},"excerpt":{"rendered":"<p>Sig farvel til BH-stropper, der glider \ud83d\udc57\u2728 Disse praktiske BH-stroppeholdere er den perfekte l\u00f8sning til at holde dine toppe, kjoler [&hellip;]<\/p>\n","protected":false},"featured_media":27573,"comment_status":"open","ping_status":"closed","template":"","meta":{"site-sidebar-layout":"default","site-content-layout":"","ast-site-content-layout":"default","site-content-style":"default","site-sidebar-style":"default","ast-global-header-display":"","ast-banner-title-visibility":"","ast-main-header-display":"","ast-hfb-above-header-display":"","ast-hfb-below-header-display":"","ast-hfb-mobile-header-display":"","site-post-title":"","ast-breadcrumbs-content":"","ast-featured-img":"","footer-sml-layout":"","theme-transparent-header-meta":"default","adv-header-id-meta":"","stick-header-meta":"","header-above-stick-meta":"","header-main-stick-meta":"","header-below-stick-meta":"","astra-migrate-meta-layouts":"set","ast-page-background-enabled":"default","ast-page-background-meta":{"desktop":{"background-color":"var(--ast-global-color-5)","background-image":"","background-repeat":"repeat","background-position":"center center","background-size":"auto","background-attachment":"scroll","background-type":"","background-media":"","overlay-type":"","overlay-color":"","overlay-opacity":"","overlay-gradient":""},"tablet":{"background-color":"","background-image":"","background-repeat":"repeat","background-position":"center center","background-size":"auto","background-attachment":"scroll","background-type":"","background-media":"","overlay-type":"","overlay-color":"","overlay-opacity":"","overlay-gradient":""},"mobile":{"background-color":"","background-image":"","background-repeat":"repeat","background-position":"center center","background-size":"auto","background-attachment":"scroll","background-type":"","background-media":"","overlay-type":"","overlay-color":"","overlay-opacity":"","overlay-gradient":""}},"ast-content-background-meta":{"desktop":{"background-color":"var(--ast-global-color-4)","background-image":"","background-repeat":"repeat","background-position":"center center","background-size":"auto","background-attachment":"scroll","background-type":"","background-media":"","overlay-type":"","overlay-color":"","overlay-opacity":"","overlay-gradient":""},"tablet":{"background-color":"var(--ast-global-color-4)","background-image":"","background-repeat":"repeat","background-position":"center center","background-size":"auto","background-attachment":"scroll","background-type":"","background-media":"","overlay-type":"","overlay-color":"","overlay-opacity":"","overlay-gradient":""},"mobile":{"background-color":"var(--ast-global-color-4)","background-image":"","background-repeat":"repeat","background-position":"center center","background-size":"auto","background-attachment":"scroll","background-type":"","background-media":"","overlay-type":"","overlay-color":"","overlay-opacity":"","overlay-gradient":""}}},"product_brand":[],"product_cat":[19],"product_tag":[],"class_list":{"0":"post-27577","1":"product","2":"type-product","3":"status-publish","4":"has-post-thumbnail","6":"product_cat-uncategorized","7":"pa_16382_0van2h4i-a","8":"pa_16382_0van2h4i-b","9":"pa_16382_0van2h4i-c","10":"pa_16382_0van2h4i-d","11":"pa_16382_0van2h4i-e","12":"pa_16382_0van2h4i-f","13":"pa_16382_0van2h4i-g","14":"desktop-align-left","15":"tablet-align-left","16":"mobile-align-left","18":"first","19":"instock","20":"shipping-taxable","21":"purchasable","22":"product-type-variable"},"_links":{"self":[{"href":"https:\/\/ecostera.com\/dk\/wp-json\/wp\/v2\/product\/27577","targetHints":{"allow":["GET"]}}],"collection":[{"href":"https:\/\/ecostera.com\/dk\/wp-json\/wp\/v2\/product"}],"about":[{"href":"https:\/\/ecostera.com\/dk\/wp-json\/wp\/v2\/types\/product"}],"replies":[{"embeddable":true,"href":"https:\/\/ecostera.com\/dk\/wp-json\/wp\/v2\/comments?post=27577"}],"wp:featuredmedia":[{"embeddable":true,"href":"https:\/\/ecostera.com\/dk\/wp-json\/wp\/v2\/media\/27573"}],"wp:attachment":[{"href":"https:\/\/ecostera.com\/dk\/wp-json\/wp\/v2\/media?parent=27577"}],"wp:term":[{"taxonomy":"product_brand","embeddable":true,"href":"https:\/\/ecostera.com\/dk\/wp-json\/wp\/v2\/product_brand?post=27577"},{"taxonomy":"product_cat","embeddable":true,"href":"https:\/\/ecostera.com\/dk\/wp-json\/wp\/v2\/product_cat?post=27577"},{"taxonomy":"product_tag","embeddable":true,"href":"https:\/\/ecostera.com\/dk\/wp-json\/wp\/v2\/product_tag?post=27577"}],"curies":[{"name":"wp","href":"https:\/\/api.w.org\/{rel}","templated":true}]}}