{"id":27600,"date":"2025-10-06T17:21:54","date_gmt":"2025-10-06T14:21:54","guid":{"rendered":"https:\/\/ecostera.com\/dk\/product\/stoevleformer\/"},"modified":"2025-10-20T16:04:27","modified_gmt":"2025-10-20T13:04:27","slug":"stoevleformer","status":"publish","type":"product","link":"https:\/\/ecostera.com\/dk\/product\/stoevleformer\/","title":{"rendered":"St\u00f8vleformer"},"content":{"rendered":"<p style=\"text-align: center\" data-start=\"122\" data-end=\"163\">Hold dine st\u00f8vler i perfekt form \ud83d\udc62\u2728<\/p>\n<p style=\"text-align: center\" data-start=\"164\" data-end=\"324\">Denne st\u00f8vleformer holder dine st\u00f8vler oprejst og forhindrer folder, slaphed og skader. Det er den enkle m\u00e5de at beskytte dine st\u00f8vler p\u00e5 og forl\u00e6nge deres levetid.<\/p>\n<p data-start=\"164\" data-end=\"324\"><img decoding=\"async\" class=\"size-full wp-image-35957 aligncenter\" src=\"https:\/\/keluvo.com\/template\/wp-content\/uploads\/sites\/5\/2025\/10\/092211-ezgif.com-video-to-webp-converter.webp\" alt=\"\" \/><\/p>\n<h2 style=\"text-align: center\" data-start=\"326\" data-end=\"347\"><strong>Vigtigste Fordele \u2705<\/strong><\/h2>\n<p data-start=\"350\" data-end=\"408\">\ud83d\udc62 Forhindrer folder \u2013 ikke flere foldede eller slappe st\u00f8vler<\/p>\n<p data-start=\"411\" data-end=\"469\">\ud83e\ude91 Holder formen intakt \u2013 reducerer revnedannelse og nedsynkning<\/p>\n<p data-start=\"472\" data-end=\"536\">\ud83c\udf2c\ufe0f Tillader luftcirkulation \u2013 hj\u00e6lper med at holde st\u00f8vlerne friske l\u00e6ngere<\/p>\n<p data-start=\"539\" data-end=\"607\">\ud83c\udf80 Sparer plads \u2013 stativdesignet g\u00f8r skabet p\u00e6nt og organiseret<\/p>\n<p data-start=\"610\" data-end=\"682\">\ud83d\udc69\u200d\ud83e\uddb0\ud83d\udc68 Til alle \u2013 fungerer godt til b\u00e5de herre- og damest\u00f8vler<\/p>\n<p data-start=\"685\" data-end=\"745\">\ud83d\udcaa Holdbar plast \u2013 robust konstruktion til langvarig brug<\/p>\n<p data-start=\"685\" data-end=\"745\"><img decoding=\"async\" class=\"size-full wp-image-35956 aligncenter\" src=\"https:\/\/keluvo.com\/template\/wp-content\/uploads\/sites\/5\/2025\/10\/Sb07f3229e7a94ef6a5d5399734e51515b.jpg_960x960q75.jpg_.avif\" alt=\"\" \/><\/p>\n<h2 style=\"text-align: center\" data-start=\"747\" data-end=\"767\">S\u00e5dan Bruges Den \ud83d\udee0\ufe0f<\/h2>\n<ol data-start=\"768\" data-end=\"971\">\n<li data-start=\"768\" data-end=\"812\">\n<p data-start=\"771\" data-end=\"812\">Inds\u00e6t st\u00f8vleformeren i dine st\u00f8vler.<\/p>\n<\/li>\n<li data-start=\"813\" data-end=\"855\">\n<p data-start=\"816\" data-end=\"855\">Opbevar dine st\u00f8vler p\u00e6nt i skabet eller p\u00e5 hylder.<\/p>\n<\/li>\n<li data-start=\"856\" data-end=\"914\">\n<p data-start=\"859\" data-end=\"914\">Tag dem nemt ud med det indbyggede h\u00e5ndtag, n\u00e5r du har brug for det.<\/p>\n<\/li>\n<li data-start=\"915\" data-end=\"971\">\n<p data-start=\"918\" data-end=\"971\">Fjernes nemt med det indbyggede<\/p>\n<\/li>\n<\/ol>\n<h2 style=\"text-align: center\" data-start=\"973\" data-end=\"997\"><strong>Produktoplysninger \u2139\ufe0f<\/strong><\/h2>\n<ul data-start=\"998\" data-end=\"1211\">\n<li data-start=\"998\" data-end=\"1023\">\n<p data-start=\"1000\" data-end=\"1023\">Material: Plast<\/p>\n<\/li>\n<li data-start=\"1024\" data-end=\"1056\">\n<p data-start=\"1026\" data-end=\"1056\">L\u00e6ngde: 30 cm<\/p>\n<\/li>\n<li data-start=\"1057\" data-end=\"1092\">\n<p data-start=\"1059\" data-end=\"1092\">Farve: Sort<\/p>\n<\/li>\n<li data-start=\"1093\" data-end=\"1142\">\n<p data-start=\"1095\" data-end=\"1142\">Brug: Velegnet til herre- og damest\u00f8vler<\/p>\n<\/li>\n<li data-start=\"1143\" data-end=\"1211\">\n<p data-start=\"1145\" data-end=\"1211\">Funktion: Bevarer formen, forhindrer folder, forbedrer luftgennemstr\u00f8mningen<\/p>\n<\/li>\n<\/ul>\n<h2 style=\"text-align: center\" data-start=\"1213\" data-end=\"1238\"><strong>Pakken Indeholder \ud83d\udce6<\/strong><\/h2>\n<ul data-start=\"1239\" data-end=\"1273\">\n<li data-start=\"1239\" data-end=\"1273\">\n<p data-start=\"1241\" data-end=\"1273\">2 eller 4 st\u00f8vleformere<\/p>\n<\/li>\n<\/ul>\n","protected":false},"excerpt":{"rendered":"<p>Hold dine st\u00f8vler i perfekt form \ud83d\udc62\u2728 Denne st\u00f8vleformer holder dine st\u00f8vler oprejst og forhindrer folder, slaphed og skader. Det [&hellip;]<\/p>\n","protected":false},"featured_media":27596,"comment_status":"open","ping_status":"closed","template":"","meta":{"site-sidebar-layout":"default","site-content-layout":"","ast-site-content-layout":"default","site-content-style":"default","site-sidebar-style":"default","ast-global-header-display":"","ast-banner-title-visibility":"","ast-main-header-display":"","ast-hfb-above-header-display":"","ast-hfb-below-header-display":"","ast-hfb-mobile-header-display":"","site-post-title":"","ast-breadcrumbs-content":"","ast-featured-img":"","footer-sml-layout":"","theme-transparent-header-meta":"default","adv-header-id-meta":"","stick-header-meta":"","header-above-stick-meta":"","header-main-stick-meta":"","header-below-stick-meta":"","astra-migrate-meta-layouts":"set","ast-page-background-enabled":"default","ast-page-background-meta":{"desktop":{"background-color":"var(--ast-global-color-5)","background-image":"","background-repeat":"repeat","background-position":"center center","background-size":"auto","background-attachment":"scroll","background-type":"","background-media":"","overlay-type":"","overlay-color":"","overlay-opacity":"","overlay-gradient":""},"tablet":{"background-color":"","background-image":"","background-repeat":"repeat","background-position":"center center","background-size":"auto","background-attachment":"scroll","background-type":"","background-media":"","overlay-type":"","overlay-color":"","overlay-opacity":"","overlay-gradient":""},"mobile":{"background-color":"","background-image":"","background-repeat":"repeat","background-position":"center center","background-size":"auto","background-attachment":"scroll","background-type":"","background-media":"","overlay-type":"","overlay-color":"","overlay-opacity":"","overlay-gradient":""}},"ast-content-background-meta":{"desktop":{"background-color":"var(--ast-global-color-4)","background-image":"","background-repeat":"repeat","background-position":"center center","background-size":"auto","background-attachment":"scroll","background-type":"","background-media":"","overlay-type":"","overlay-color":"","overlay-opacity":"","overlay-gradient":""},"tablet":{"background-color":"var(--ast-global-color-4)","background-image":"","background-repeat":"repeat","background-position":"center center","background-size":"auto","background-attachment":"scroll","background-type":"","background-media":"","overlay-type":"","overlay-color":"","overlay-opacity":"","overlay-gradient":""},"mobile":{"background-color":"var(--ast-global-color-4)","background-image":"","background-repeat":"repeat","background-position":"center center","background-size":"auto","background-attachment":"scroll","background-type":"","background-media":"","overlay-type":"","overlay-color":"","overlay-opacity":"","overlay-gradient":""}}},"product_brand":[],"product_cat":[19],"product_tag":[],"class_list":{"0":"post-27600","1":"product","2":"type-product","3":"status-publish","4":"has-post-thumbnail","6":"product_cat-uncategorized","7":"pa_18083_gm26eq9r-2-stk","8":"pa_18083_gm26eq9r-4-stk","9":"desktop-align-left","10":"tablet-align-left","11":"mobile-align-left","13":"first","14":"instock","15":"shipping-taxable","16":"purchasable","17":"product-type-variable"},"_links":{"self":[{"href":"https:\/\/ecostera.com\/dk\/wp-json\/wp\/v2\/product\/27600","targetHints":{"allow":["GET"]}}],"collection":[{"href":"https:\/\/ecostera.com\/dk\/wp-json\/wp\/v2\/product"}],"about":[{"href":"https:\/\/ecostera.com\/dk\/wp-json\/wp\/v2\/types\/product"}],"replies":[{"embeddable":true,"href":"https:\/\/ecostera.com\/dk\/wp-json\/wp\/v2\/comments?post=27600"}],"wp:featuredmedia":[{"embeddable":true,"href":"https:\/\/ecostera.com\/dk\/wp-json\/wp\/v2\/media\/27596"}],"wp:attachment":[{"href":"https:\/\/ecostera.com\/dk\/wp-json\/wp\/v2\/media?parent=27600"}],"wp:term":[{"taxonomy":"product_brand","embeddable":true,"href":"https:\/\/ecostera.com\/dk\/wp-json\/wp\/v2\/product_brand?post=27600"},{"taxonomy":"product_cat","embeddable":true,"href":"https:\/\/ecostera.com\/dk\/wp-json\/wp\/v2\/product_cat?post=27600"},{"taxonomy":"product_tag","embeddable":true,"href":"https:\/\/ecostera.com\/dk\/wp-json\/wp\/v2\/product_tag?post=27600"}],"curies":[{"name":"wp","href":"https:\/\/api.w.org\/{rel}","templated":true}]}}