{"id":27678,"date":"2025-10-06T17:29:19","date_gmt":"2025-10-06T14:29:19","guid":{"rendered":"https:\/\/ecostera.com\/dk\/product\/vaerktoej-til-noeglering-2-stk\/"},"modified":"2025-10-10T13:33:10","modified_gmt":"2025-10-10T10:33:10","slug":"vaerktoej-til-noeglering-2-stk","status":"publish","type":"product","link":"https:\/\/ecostera.com\/dk\/product\/vaerktoej-til-noeglering-2-stk\/","title":{"rendered":"Sikkerhedsv\u00e6rkt\u00f8j til n\u00f8glering"},"content":{"rendered":"<p style=\"text-align: center\" data-start=\"125\" data-end=\"173\"><strong>N\u00f8gleringen, der kan redde dit liv \ud83d\udea8\ud83d\udd11<\/strong><\/p>\n<p style=\"text-align: center\" data-start=\"175\" data-end=\"398\">Dette multifunktionelle sikkerhedsv\u00e6rkt\u00f8j er lille nok til at passe i din n\u00f8glering, men kraftigt nok til at hj\u00e6lpe dig i en n\u00f8dsituation. Uanset om det drejer sig om at knuse en bilrude eller sk\u00e6re en sikkerhedssele over, sikrer dette v\u00e6rkt\u00f8j, at du altid er forberedt.<\/p>\n<p data-start=\"175\" data-end=\"398\"><img decoding=\"async\" class=\"size-full wp-image-36014 aligncenter\" src=\"https:\/\/keluvo.com\/template\/wp-content\/uploads\/sites\/5\/2025\/10\/092214-ezgif.com-video-to-webp-converter.webp\" alt=\"\" \/><\/p>\n<h2 style=\"text-align: center\" data-start=\"400\" data-end=\"422\"><strong>Vigtigste Fordele \ud83c\udf1f<\/strong><\/h2>\n<p data-start=\"425\" data-end=\"477\">\ud83d\ude97 Knuser hurtigt bilruder i n\u00f8dstilf\u00e6lde<\/p>\n<p data-start=\"480\" data-end=\"525\">\u2702\ufe0f Indbygget seleafsk\u00e6rer til hurtig flugt<\/p>\n<p data-start=\"528\" data-end=\"572\">\ud83d\udd11 Kompakt design, der nemt passer til dine n\u00f8gler<\/p>\n<p data-start=\"575\" data-end=\"630\">\ud83d\udee1\ufe0f Holdbar og p\u00e5lidelig til daglig brug eller i n\u00f8dsituationer<\/p>\n<p data-start=\"633\" data-end=\"691\">\ud83e\uddf0 Nyttig for chauff\u00f8rer, passagerer og f\u00f8rstehj\u00e6lpere<\/p>\n<p data-start=\"633\" data-end=\"691\"><img decoding=\"async\" class=\"size-full wp-image-36013 aligncenter\" src=\"https:\/\/keluvo.com\/template\/wp-content\/uploads\/sites\/5\/2025\/10\/CPCC001.webp\" alt=\"\" \/><\/p>\n<h2 style=\"text-align: center\" data-start=\"693\" data-end=\"712\"><strong>S\u00e5dan Bruges Den \ud83d\udc47<\/strong><\/h2>\n<ol data-start=\"713\" data-end=\"962\">\n<li data-start=\"713\" data-end=\"775\">\n<p data-start=\"716\" data-end=\"775\">S\u00e6t v\u00e6rkt\u00f8jet fast p\u00e5 din n\u00f8glering, s\u00e5 du altid har det med dig.<\/p>\n<\/li>\n<li data-start=\"776\" data-end=\"863\">\n<p data-start=\"779\" data-end=\"863\">I tilf\u00e6lde af en ulykke skal du trykke spidsen fast mod bilruden for at knuse den.<\/p>\n<\/li>\n<li data-start=\"864\" data-end=\"930\">\n<p data-start=\"867\" data-end=\"930\">Brug det indbyggede knivblad til at sk\u00e6re gennem sikkerhedsselen, hvis det er n\u00f8dvendigt.<\/p>\n<\/li>\n<li data-start=\"931\" data-end=\"962\">\n<p data-start=\"934\" data-end=\"962\">Flygt hurtigt og sikkert.<\/p>\n<\/li>\n<\/ol>\n<h2 style=\"text-align: center\" data-start=\"964\" data-end=\"988\"><strong>Produktdetaljer \ud83d\udccf<\/strong><\/h2>\n<ul data-start=\"989\" data-end=\"1172\">\n<li data-start=\"989\" data-end=\"1012\">\n<p data-start=\"991\" data-end=\"1012\">St\u00f8rrelse: 7,5 cm x 3 cm x 1,5 cm<\/p>\n<\/li>\n<li data-start=\"1013\" data-end=\"1062\">\n<p data-start=\"1015\" data-end=\"1062\">Materiale: h\u00f8jstyrkeplast + metalblad<\/p>\n<\/li>\n<li data-start=\"1063\" data-end=\"1138\">\n<p data-start=\"1065\" data-end=\"1138\">Farver: f\u00e5s i flere farver (r\u00f8d, sort, gul, bl\u00e5 m.m.)<\/p>\n<\/li>\n<li data-start=\"1139\" data-end=\"1172\">\n<p data-start=\"1141\" data-end=\"1172\">Let og nem at b\u00e6re<\/p>\n<\/li>\n<\/ul>\n<h2 style=\"text-align: center\" data-start=\"1381\" data-end=\"1406\"><strong>Pakken Indeholder \ud83c\udf81<\/strong><\/h2>\n<ul data-start=\"1407\" data-end=\"1450\">\n<li data-start=\"1407\" data-end=\"1450\">\n<p data-start=\"1409\" data-end=\"1450\">2x multifunktionelt sikkerhedsv\u00e6rkt\u00f8j til n\u00f8glering.<\/p>\n<\/li>\n<\/ul>\n","protected":false},"excerpt":{"rendered":"<p>N\u00f8gleringen, der kan redde dit liv \ud83d\udea8\ud83d\udd11 Dette multifunktionelle sikkerhedsv\u00e6rkt\u00f8j er lille nok til at passe i din n\u00f8glering, men [&hellip;]<\/p>\n","protected":false},"featured_media":27674,"comment_status":"open","ping_status":"closed","template":"","meta":{"site-sidebar-layout":"default","site-content-layout":"","ast-site-content-layout":"default","site-content-style":"default","site-sidebar-style":"default","ast-global-header-display":"","ast-banner-title-visibility":"","ast-main-header-display":"","ast-hfb-above-header-display":"","ast-hfb-below-header-display":"","ast-hfb-mobile-header-display":"","site-post-title":"","ast-breadcrumbs-content":"","ast-featured-img":"","footer-sml-layout":"","theme-transparent-header-meta":"default","adv-header-id-meta":"","stick-header-meta":"","header-above-stick-meta":"","header-main-stick-meta":"","header-below-stick-meta":"","astra-migrate-meta-layouts":"set","ast-page-background-enabled":"default","ast-page-background-meta":{"desktop":{"background-color":"var(--ast-global-color-5)","background-image":"","background-repeat":"repeat","background-position":"center center","background-size":"auto","background-attachment":"scroll","background-type":"","background-media":"","overlay-type":"","overlay-color":"","overlay-opacity":"","overlay-gradient":""},"tablet":{"background-color":"","background-image":"","background-repeat":"repeat","background-position":"center center","background-size":"auto","background-attachment":"scroll","background-type":"","background-media":"","overlay-type":"","overlay-color":"","overlay-opacity":"","overlay-gradient":""},"mobile":{"background-color":"","background-image":"","background-repeat":"repeat","background-position":"center center","background-size":"auto","background-attachment":"scroll","background-type":"","background-media":"","overlay-type":"","overlay-color":"","overlay-opacity":"","overlay-gradient":""}},"ast-content-background-meta":{"desktop":{"background-color":"var(--ast-global-color-4)","background-image":"","background-repeat":"repeat","background-position":"center center","background-size":"auto","background-attachment":"scroll","background-type":"","background-media":"","overlay-type":"","overlay-color":"","overlay-opacity":"","overlay-gradient":""},"tablet":{"background-color":"var(--ast-global-color-4)","background-image":"","background-repeat":"repeat","background-position":"center center","background-size":"auto","background-attachment":"scroll","background-type":"","background-media":"","overlay-type":"","overlay-color":"","overlay-opacity":"","overlay-gradient":""},"mobile":{"background-color":"var(--ast-global-color-4)","background-image":"","background-repeat":"repeat","background-position":"center center","background-size":"auto","background-attachment":"scroll","background-type":"","background-media":"","overlay-type":"","overlay-color":"","overlay-opacity":"","overlay-gradient":""}}},"product_brand":[],"product_cat":[19],"product_tag":[],"class_list":{"0":"post-27678","1":"product","2":"type-product","3":"status-publish","4":"has-post-thumbnail","6":"product_cat-uncategorized","7":"pa_21069_tr2yfzh8-blaa","8":"pa_21069_tr2yfzh8-gul","9":"pa_21069_tr2yfzh8-lilla","10":"pa_21069_tr2yfzh8-lysegroen","11":"pa_21069_tr2yfzh8-moerkegroen","12":"pa_21069_tr2yfzh8-roed","13":"pa_21069_tr2yfzh8-sort","14":"desktop-align-left","15":"tablet-align-left","16":"mobile-align-left","18":"first","19":"instock","20":"shipping-taxable","21":"purchasable","22":"product-type-variable"},"_links":{"self":[{"href":"https:\/\/ecostera.com\/dk\/wp-json\/wp\/v2\/product\/27678","targetHints":{"allow":["GET"]}}],"collection":[{"href":"https:\/\/ecostera.com\/dk\/wp-json\/wp\/v2\/product"}],"about":[{"href":"https:\/\/ecostera.com\/dk\/wp-json\/wp\/v2\/types\/product"}],"replies":[{"embeddable":true,"href":"https:\/\/ecostera.com\/dk\/wp-json\/wp\/v2\/comments?post=27678"}],"wp:featuredmedia":[{"embeddable":true,"href":"https:\/\/ecostera.com\/dk\/wp-json\/wp\/v2\/media\/27674"}],"wp:attachment":[{"href":"https:\/\/ecostera.com\/dk\/wp-json\/wp\/v2\/media?parent=27678"}],"wp:term":[{"taxonomy":"product_brand","embeddable":true,"href":"https:\/\/ecostera.com\/dk\/wp-json\/wp\/v2\/product_brand?post=27678"},{"taxonomy":"product_cat","embeddable":true,"href":"https:\/\/ecostera.com\/dk\/wp-json\/wp\/v2\/product_cat?post=27678"},{"taxonomy":"product_tag","embeddable":true,"href":"https:\/\/ecostera.com\/dk\/wp-json\/wp\/v2\/product_tag?post=27678"}],"curies":[{"name":"wp","href":"https:\/\/api.w.org\/{rel}","templated":true}]}}