{"id":2770,"date":"2025-07-15T13:33:42","date_gmt":"2025-07-15T13:33:42","guid":{"rendered":"https:\/\/ecostera.com\/dk\/product\/halskaede-af-krystal\/"},"modified":"2025-07-16T08:42:32","modified_gmt":"2025-07-16T08:42:32","slug":"halskaede-af-krystal","status":"publish","type":"product","link":"https:\/\/ecostera.com\/dk\/product\/halskaede-af-krystal\/","title":{"rendered":"Halsk\u00e6de af krystal"},"content":{"rendered":"<p style=\"text-align: center\"><b>\ud83d\udcff En stilfuld m\u00e5de at b\u00e6re energi og sk\u00f8nhed p\u00e5 hver dag \ud83d\udc8e<\/b><\/p>\n<p style=\"text-align: center\"><span style=\"font-weight: 400\">Med denne halsk\u00e6de kan du b\u00e6re din yndlingssten, uanset hvor du g\u00e5r. Den er st\u00e6rk, stilfuld og fuld af gode vibrationer.<\/span><\/p>\n<p><img decoding=\"async\" class=\"size-full wp-image-15671 aligncenter\" src=\"https:\/\/keluvo.com\/template\/wp-content\/uploads\/sites\/5\/2025\/04\/necklace-ezgif.com-video-to-webp-converter.webp\" alt=\"\" \/><\/p>\n<h2 style=\"text-align: center\">Lavet Af St\u00e6rkt Rustfrit St\u00e5l \u2013 Ruster Ikke Og G\u00e5r Ikke I Stykker<\/h2>\n<p><span style=\"font-weight: 400\">\u2714 Holder forskellige krystaller eller sten &#8211; nemme at skifte<\/span><\/p>\n<p><span style=\"font-weight: 400\"> \u2714 Justerbar netholder holder \u00e6delstenene sikre og t\u00e6t p\u00e5<\/span><\/p>\n<p><span style=\"font-weight: 400\"> \u2714 Bringer held og lykke, positiv energi og stil<\/span><\/p>\n<p><span style=\"font-weight: 400\"> \u2714 Flot til m\u00e6nd og kvinder &#8211; matcher ethvert outfit<\/span><\/p>\n<p><span style=\"font-weight: 400\"> \u2714 En perfekt gave til enhver s\u00e6rlig lejlighed<\/span><\/p>\n<p><img decoding=\"async\" class=\"size-full wp-image-15678 aligncenter\" src=\"https:\/\/keluvo.com\/template\/wp-content\/uploads\/sites\/5\/2025\/04\/e358a204-22d7-4254-bb4a-b614be016f5a.webp\" alt=\"\" \/><\/p>\n<h2 style=\"text-align: center\">Du Kan B\u00e6re Forskellige Krystaller<\/h2>\n<p style=\"text-align: center\"><span style=\"font-weight: 400\">Denne halsk\u00e6de er mere end bare smuk. Det er en m\u00e5de at b\u00e6re det, der betyder noget, t\u00e6t p\u00e5 dit hjerte. Du kan skifte krystallerne ud, s\u00e5 de matcher dit hum\u00f8r eller dit outfit. Den sidder godt fast og ser smuk ud. Perfekt til daglig brug eller som en bet\u00e6nksom gave til en, du holder af.<\/span><\/p>\n<h2 style=\"text-align: center\">S\u00e5dan Bruger Du Det?<\/h2>\n<p style=\"text-align: center\"><b><\/b><span style=\"font-weight: 400\">L\u00e6g din krystal eller \u00e6delsten i netposen. Juster knuden, s\u00e5 den passer til stenen. B\u00e6r halsk\u00e6den om halsen for at b\u00e6re energi og stil, uanset hvor du g\u00e5r.<\/span><\/p>\n<h2 style=\"text-align: center\">Pakken Indeholder:<\/h2>\n<ul>\n<li><b><\/b><span style=\"font-weight: 400\">1 krystalhalsk\u00e6de med k\u00e6de i rustfrit st\u00e5l og netpose<\/span><\/li>\n<\/ul>\n","protected":false},"excerpt":{"rendered":"<p>\ud83d\udcff En stilfuld m\u00e5de at b\u00e6re energi og sk\u00f8nhed p\u00e5 hver dag \ud83d\udc8e Med denne halsk\u00e6de kan du b\u00e6re din [&hellip;]<\/p>\n","protected":false},"featured_media":2766,"comment_status":"open","ping_status":"closed","template":"","meta":{"site-sidebar-layout":"default","site-content-layout":"","ast-site-content-layout":"default","site-content-style":"default","site-sidebar-style":"default","ast-global-header-display":"","ast-banner-title-visibility":"","ast-main-header-display":"","ast-hfb-above-header-display":"","ast-hfb-below-header-display":"","ast-hfb-mobile-header-display":"","site-post-title":"","ast-breadcrumbs-content":"","ast-featured-img":"","footer-sml-layout":"","theme-transparent-header-meta":"default","adv-header-id-meta":"","stick-header-meta":"","header-above-stick-meta":"","header-main-stick-meta":"","header-below-stick-meta":"","astra-migrate-meta-layouts":"set","ast-page-background-enabled":"default","ast-page-background-meta":{"desktop":{"background-color":"var(--ast-global-color-5)","background-image":"","background-repeat":"repeat","background-position":"center center","background-size":"auto","background-attachment":"scroll","background-type":"","background-media":"","overlay-type":"","overlay-color":"","overlay-opacity":"","overlay-gradient":""},"tablet":{"background-color":"","background-image":"","background-repeat":"repeat","background-position":"center center","background-size":"auto","background-attachment":"scroll","background-type":"","background-media":"","overlay-type":"","overlay-color":"","overlay-opacity":"","overlay-gradient":""},"mobile":{"background-color":"","background-image":"","background-repeat":"repeat","background-position":"center center","background-size":"auto","background-attachment":"scroll","background-type":"","background-media":"","overlay-type":"","overlay-color":"","overlay-opacity":"","overlay-gradient":""}},"ast-content-background-meta":{"desktop":{"background-color":"var(--ast-global-color-4)","background-image":"","background-repeat":"repeat","background-position":"center center","background-size":"auto","background-attachment":"scroll","background-type":"","background-media":"","overlay-type":"","overlay-color":"","overlay-opacity":"","overlay-gradient":""},"tablet":{"background-color":"var(--ast-global-color-4)","background-image":"","background-repeat":"repeat","background-position":"center center","background-size":"auto","background-attachment":"scroll","background-type":"","background-media":"","overlay-type":"","overlay-color":"","overlay-opacity":"","overlay-gradient":""},"mobile":{"background-color":"var(--ast-global-color-4)","background-image":"","background-repeat":"repeat","background-position":"center center","background-size":"auto","background-attachment":"scroll","background-type":"","background-media":"","overlay-type":"","overlay-color":"","overlay-opacity":"","overlay-gradient":""}}},"product_brand":[],"product_cat":[19],"product_tag":[],"class_list":{"0":"post-2770","1":"product","2":"type-product","3":"status-publish","4":"has-post-thumbnail","6":"product_cat-uncategorized","7":"pa_29955_c4yz01eg-blaa","8":"pa_29955_c4yz01eg-brun","9":"pa_29955_c4yz01eg-groen","10":"pa_29955_c4yz01eg-lilla","11":"pa_29955_ekjc52fj-guld","12":"pa_29955_ekjc52fj-soelv","13":"desktop-align-left","14":"tablet-align-left","15":"mobile-align-left","17":"first","18":"instock","19":"shipping-taxable","20":"purchasable","21":"product-type-variable","22":"has-default-attributes"},"_links":{"self":[{"href":"https:\/\/ecostera.com\/dk\/wp-json\/wp\/v2\/product\/2770","targetHints":{"allow":["GET"]}}],"collection":[{"href":"https:\/\/ecostera.com\/dk\/wp-json\/wp\/v2\/product"}],"about":[{"href":"https:\/\/ecostera.com\/dk\/wp-json\/wp\/v2\/types\/product"}],"replies":[{"embeddable":true,"href":"https:\/\/ecostera.com\/dk\/wp-json\/wp\/v2\/comments?post=2770"}],"wp:featuredmedia":[{"embeddable":true,"href":"https:\/\/ecostera.com\/dk\/wp-json\/wp\/v2\/media\/2766"}],"wp:attachment":[{"href":"https:\/\/ecostera.com\/dk\/wp-json\/wp\/v2\/media?parent=2770"}],"wp:term":[{"taxonomy":"product_brand","embeddable":true,"href":"https:\/\/ecostera.com\/dk\/wp-json\/wp\/v2\/product_brand?post=2770"},{"taxonomy":"product_cat","embeddable":true,"href":"https:\/\/ecostera.com\/dk\/wp-json\/wp\/v2\/product_cat?post=2770"},{"taxonomy":"product_tag","embeddable":true,"href":"https:\/\/ecostera.com\/dk\/wp-json\/wp\/v2\/product_tag?post=2770"}],"curies":[{"name":"wp","href":"https:\/\/api.w.org\/{rel}","templated":true}]}}