{"id":27719,"date":"2025-10-06T17:32:40","date_gmt":"2025-10-06T14:32:40","guid":{"rendered":"https:\/\/ecostera.com\/dk\/product\/brusedoersruller-8-stk\/"},"modified":"2025-10-10T13:51:47","modified_gmt":"2025-10-10T10:51:47","slug":"brusedoersruller-8-stk","status":"publish","type":"product","link":"https:\/\/ecostera.com\/dk\/product\/brusedoersruller-8-stk\/","title":{"rendered":"Brused\u00f8rsruller (8 stk.)"},"content":{"rendered":"<p style=\"text-align: center\" data-start=\"113\" data-end=\"159\">F\u00e5 dine brused\u00f8re til at glide let \ud83d\udebf\u2728<\/p>\n<p style=\"text-align: center\" data-start=\"161\" data-end=\"346\">Sig farvel til st\u00f8jende, stive eller fastl\u00e5ste brused\u00f8re. Disse brused\u00f8rsruller af h\u00f8j kvalitet sikrer j\u00e6vn og stille glidning, hvilket g\u00f8r din daglige rutine mere behagelig og problemfri.<\/p>\n<p data-start=\"161\" data-end=\"346\"><img decoding=\"async\" class=\"size-full wp-image-36049 aligncenter\" src=\"https:\/\/keluvo.com\/template\/wp-content\/uploads\/sites\/5\/2025\/10\/092216-ezgif.com-video-to-webp-converter.webp\" alt=\"\" \/><\/p>\n<h2 style=\"text-align: center\" data-start=\"348\" data-end=\"370\">Vigtigste Fordele \ud83c\udf1f<\/h2>\n<p data-start=\"373\" data-end=\"423\">\ud83e\udd2b Ultra-stille drift &#8211; ikke flere knirkende d\u00f8re<\/p>\n<p data-start=\"426\" data-end=\"483\">\ud83d\udebf Let glidende design til ubesv\u00e6ret \u00e5bning og lukning<\/p>\n<p data-start=\"486\" data-end=\"553\">\ud83d\udc8e Lavet af holdbart metal, plast og beskyttende gummi lag<\/p>\n<p data-start=\"556\" data-end=\"612\">\ud83d\udee1\ufe0f Rust- og korrosionsbestandig til langvarig brug<\/p>\n<p data-start=\"615\" data-end=\"673\">\ud83d\udd27 Hurtig og nem at installere &#8211; ingen specialv\u00e6rkt\u00f8jer kr\u00e6ves<\/p>\n<p data-start=\"615\" data-end=\"673\"><img fetchpriority=\"high\" decoding=\"async\" class=\" wp-image-36048 aligncenter\" src=\"https:\/\/keluvo.com\/template\/wp-content\/uploads\/sites\/5\/2025\/10\/01_8e9e31d6-4b82-40da-bb2e-4dd7c767b626_480x480.webp\" alt=\"\" width=\"432\" height=\"432\" \/><\/p>\n<h2 style=\"text-align: center\" data-start=\"675\" data-end=\"694\">S\u00e5dan bruges de\ud83d\udc47<\/h2>\n<ol data-start=\"695\" data-end=\"895\">\n<li data-start=\"695\" data-end=\"746\">\n<p data-start=\"698\" data-end=\"746\">Fjern dine gamle eller \u00f8delagte brused\u00f8rsruller.<\/p>\n<\/li>\n<li data-start=\"747\" data-end=\"802\">\n<p data-start=\"750\" data-end=\"802\">S\u00e6t de nye ruller sikkert p\u00e5 glasd\u00f8ren.<\/p>\n<\/li>\n<li data-start=\"803\" data-end=\"843\">\n<p data-start=\"806\" data-end=\"843\">Skub d\u00f8ren tilbage i rammen.<\/p>\n<\/li>\n<li data-start=\"844\" data-end=\"895\">\n<p data-start=\"847\" data-end=\"895\">Nyd straks glat og lydl\u00f8s drift.<\/p>\n<\/li>\n<\/ol>\n<h2 style=\"text-align: center\" data-start=\"897\" data-end=\"921\">Produktdetaljer \ud83d\udccf<\/h2>\n<ul>\n<li data-start=\"924\" data-end=\"980\">Materiale: metal af h\u00f8j kvalitet + plast + gummilag<\/li>\n<li data-start=\"983\" data-end=\"1055\">Hjuldiameter: 19 mm, 23 mm, 25 mm, 27 mm<\/li>\n<li>Maksimum glas tykkelse: 6 mm<\/li>\n<li>Midten af hullet til kanten af glasset er 18 mm<\/li>\n<li>Weight: 300\u2013360 g<\/li>\n<li data-start=\"1080\" data-end=\"1129\">Egnet til: brused\u00f8re og glasindd\u00e6kninger<\/li>\n<\/ul>\n<h2 style=\"text-align: center\" data-start=\"1354\" data-end=\"1379\">Pakken Indeholder \ud83c\udf81<\/h2>\n<ul data-start=\"1380\" data-end=\"1493\">\n<li data-start=\"1380\" data-end=\"1422\">\n<p data-start=\"1382\" data-end=\"1422\">8x brused\u00f8rsruller (4 \u00f8verste og 4 nederste stykker)<\/p>\n<\/li>\n<\/ul>\n","protected":false},"excerpt":{"rendered":"<p>F\u00e5 dine brused\u00f8re til at glide let \ud83d\udebf\u2728 Sig farvel til st\u00f8jende, stive eller fastl\u00e5ste brused\u00f8re. Disse brused\u00f8rsruller af h\u00f8j [&hellip;]<\/p>\n","protected":false},"featured_media":27715,"comment_status":"open","ping_status":"closed","template":"","meta":{"site-sidebar-layout":"default","site-content-layout":"","ast-site-content-layout":"default","site-content-style":"default","site-sidebar-style":"default","ast-global-header-display":"","ast-banner-title-visibility":"","ast-main-header-display":"","ast-hfb-above-header-display":"","ast-hfb-below-header-display":"","ast-hfb-mobile-header-display":"","site-post-title":"","ast-breadcrumbs-content":"","ast-featured-img":"","footer-sml-layout":"","theme-transparent-header-meta":"default","adv-header-id-meta":"","stick-header-meta":"","header-above-stick-meta":"","header-main-stick-meta":"","header-below-stick-meta":"","astra-migrate-meta-layouts":"set","ast-page-background-enabled":"default","ast-page-background-meta":{"desktop":{"background-color":"var(--ast-global-color-5)","background-image":"","background-repeat":"repeat","background-position":"center center","background-size":"auto","background-attachment":"scroll","background-type":"","background-media":"","overlay-type":"","overlay-color":"","overlay-opacity":"","overlay-gradient":""},"tablet":{"background-color":"","background-image":"","background-repeat":"repeat","background-position":"center center","background-size":"auto","background-attachment":"scroll","background-type":"","background-media":"","overlay-type":"","overlay-color":"","overlay-opacity":"","overlay-gradient":""},"mobile":{"background-color":"","background-image":"","background-repeat":"repeat","background-position":"center center","background-size":"auto","background-attachment":"scroll","background-type":"","background-media":"","overlay-type":"","overlay-color":"","overlay-opacity":"","overlay-gradient":""}},"ast-content-background-meta":{"desktop":{"background-color":"var(--ast-global-color-4)","background-image":"","background-repeat":"repeat","background-position":"center center","background-size":"auto","background-attachment":"scroll","background-type":"","background-media":"","overlay-type":"","overlay-color":"","overlay-opacity":"","overlay-gradient":""},"tablet":{"background-color":"var(--ast-global-color-4)","background-image":"","background-repeat":"repeat","background-position":"center center","background-size":"auto","background-attachment":"scroll","background-type":"","background-media":"","overlay-type":"","overlay-color":"","overlay-opacity":"","overlay-gradient":""},"mobile":{"background-color":"var(--ast-global-color-4)","background-image":"","background-repeat":"repeat","background-position":"center center","background-size":"auto","background-attachment":"scroll","background-type":"","background-media":"","overlay-type":"","overlay-color":"","overlay-opacity":"","overlay-gradient":""}}},"product_brand":[],"product_cat":[19],"product_tag":[],"class_list":{"0":"post-27719","1":"product","2":"type-product","3":"status-publish","4":"has-post-thumbnail","6":"product_cat-uncategorized","7":"pa_21917_9satae5z-19-mm","8":"pa_21917_9satae5z-23-mm","9":"pa_21917_9satae5z-25-mm","10":"pa_21917_9satae5z-27-mm","11":"desktop-align-left","12":"tablet-align-left","13":"mobile-align-left","15":"first","16":"instock","17":"shipping-taxable","18":"purchasable","19":"product-type-variable"},"_links":{"self":[{"href":"https:\/\/ecostera.com\/dk\/wp-json\/wp\/v2\/product\/27719","targetHints":{"allow":["GET"]}}],"collection":[{"href":"https:\/\/ecostera.com\/dk\/wp-json\/wp\/v2\/product"}],"about":[{"href":"https:\/\/ecostera.com\/dk\/wp-json\/wp\/v2\/types\/product"}],"replies":[{"embeddable":true,"href":"https:\/\/ecostera.com\/dk\/wp-json\/wp\/v2\/comments?post=27719"}],"wp:featuredmedia":[{"embeddable":true,"href":"https:\/\/ecostera.com\/dk\/wp-json\/wp\/v2\/media\/27715"}],"wp:attachment":[{"href":"https:\/\/ecostera.com\/dk\/wp-json\/wp\/v2\/media?parent=27719"}],"wp:term":[{"taxonomy":"product_brand","embeddable":true,"href":"https:\/\/ecostera.com\/dk\/wp-json\/wp\/v2\/product_brand?post=27719"},{"taxonomy":"product_cat","embeddable":true,"href":"https:\/\/ecostera.com\/dk\/wp-json\/wp\/v2\/product_cat?post=27719"},{"taxonomy":"product_tag","embeddable":true,"href":"https:\/\/ecostera.com\/dk\/wp-json\/wp\/v2\/product_tag?post=27719"}],"curies":[{"name":"wp","href":"https:\/\/api.w.org\/{rel}","templated":true}]}}