{"id":2791,"date":"2025-07-15T13:34:32","date_gmt":"2025-07-15T13:34:32","guid":{"rendered":"https:\/\/ecostera.com\/dk\/product\/det-heldige-chakra-trae\/"},"modified":"2025-07-15T13:34:32","modified_gmt":"2025-07-15T13:34:32","slug":"det-heldige-chakra-trae","status":"publish","type":"product","link":"https:\/\/ecostera.com\/dk\/product\/det-heldige-chakra-trae\/","title":{"rendered":"Det heldige chakra-tr\u00e6"},"content":{"rendered":"<p style=\"text-align: center\"><b>\ud83c\udf40 Dit lykketr\u00e6 for fred, sk\u00f8nhed og god energi \ud83c\udf32<\/b><\/p>\n<p style=\"text-align: center\"><span style=\"font-weight: 400\">Dette minitr\u00e6 er fuld af farver og betydning. Det hj\u00e6lper med at tiltr\u00e6kke rigdom, k\u00e6rlighed og ro i dit rum.<\/span><\/p>\n<p><img decoding=\"async\" class=\"size-full wp-image-15702 aligncenter\" src=\"https:\/\/keluvo.com\/template\/wp-content\/uploads\/sites\/5\/2025\/04\/6d322d75-0eb7-4de1-8e50-f99debd528f8.webp\" alt=\"\" \/><\/p>\n<h2 style=\"text-align: center\">Symbol P\u00e5 Held, V\u00e6kst Og Styrke<\/h2>\n<p><span style=\"font-weight: 400\">\u2714 Perfekt til hjemmet, kontoret eller s\u00e6rlige rum<\/span><\/p>\n<p><span style=\"font-weight: 400\"> \u2714 Bringer positiv energi og balance<\/span><\/p>\n<p><span style=\"font-weight: 400\"> \u2714 Smukke h\u00e5ndlavede krystalblade<\/span><\/p>\n<p><span style=\"font-weight: 400\"> \u2714 Hj\u00e6lper med at tiltr\u00e6kke held og succes<\/span><\/p>\n<p><span style=\"font-weight: 400\"> \u2714 En perfekt gave til venner, familie eller dig selv<\/span><\/p>\n<p><img decoding=\"async\" class=\"size-full wp-image-15701 aligncenter\" src=\"https:\/\/keluvo.com\/template\/wp-content\/uploads\/sites\/5\/2025\/04\/44f0333d-70d2-4da4-85da-b2f0a33ffe54.webp\" alt=\"\" \/><\/p>\n<h2 style=\"text-align: center\">Mere End Bare Indretning!<\/h2>\n<p style=\"text-align: center\"><span style=\"font-weight: 400\">Dette chakratr\u00e6 er mere end bare indretning. Det er et feng shui-pengetr\u00e6, der kan hj\u00e6lpe med at bringe overflod, k\u00e6rlighed og fred. Hvert krystalblad repr\u00e6senterer balance og styrke. Placer det i din stue, p\u00e5 dit skrivebord eller i dit meditationsrum for at l\u00f8fte energien og forsk\u00f8nne dine omgivelser. Det er lille, smukt og fuldt af form\u00e5l.<\/span><\/p>\n<h2 style=\"text-align: center\">S\u00e5dan Bruger Du Det:<\/h2>\n<p style=\"text-align: center\"><b><\/b><span style=\"font-weight: 400\">Placer tr\u00e6et p\u00e5 en flad overflade, hvor du tilbringer tid. Form forsigtigt grenene og bladene. Lad det sidde som en p\u00e5mindelse om fred, v\u00e6kst og velsignelser i dit liv.<\/span><\/p>\n<h2 style=\"text-align: center\">Pakken Indeholder:<\/h2>\n<ul>\n<li><b><\/b><span style=\"font-weight: 400\">1 heldigt chakratr\u00e6\u00a0<\/span><\/li>\n<\/ul>\n","protected":false},"excerpt":{"rendered":"<p>\ud83c\udf40 Dit lykketr\u00e6 for fred, sk\u00f8nhed og god energi \ud83c\udf32 Dette minitr\u00e6 er fuld af farver og betydning. Det hj\u00e6lper [&hellip;]<\/p>\n","protected":false},"featured_media":2787,"comment_status":"open","ping_status":"closed","template":"","meta":{"site-sidebar-layout":"default","site-content-layout":"","ast-site-content-layout":"default","site-content-style":"default","site-sidebar-style":"default","ast-global-header-display":"","ast-banner-title-visibility":"","ast-main-header-display":"","ast-hfb-above-header-display":"","ast-hfb-below-header-display":"","ast-hfb-mobile-header-display":"","site-post-title":"","ast-breadcrumbs-content":"","ast-featured-img":"","footer-sml-layout":"","theme-transparent-header-meta":"default","adv-header-id-meta":"","stick-header-meta":"","header-above-stick-meta":"","header-main-stick-meta":"","header-below-stick-meta":"","astra-migrate-meta-layouts":"set","ast-page-background-enabled":"default","ast-page-background-meta":{"desktop":{"background-color":"var(--ast-global-color-5)","background-image":"","background-repeat":"repeat","background-position":"center center","background-size":"auto","background-attachment":"scroll","background-type":"","background-media":"","overlay-type":"","overlay-color":"","overlay-opacity":"","overlay-gradient":""},"tablet":{"background-color":"","background-image":"","background-repeat":"repeat","background-position":"center center","background-size":"auto","background-attachment":"scroll","background-type":"","background-media":"","overlay-type":"","overlay-color":"","overlay-opacity":"","overlay-gradient":""},"mobile":{"background-color":"","background-image":"","background-repeat":"repeat","background-position":"center center","background-size":"auto","background-attachment":"scroll","background-type":"","background-media":"","overlay-type":"","overlay-color":"","overlay-opacity":"","overlay-gradient":""}},"ast-content-background-meta":{"desktop":{"background-color":"var(--ast-global-color-4)","background-image":"","background-repeat":"repeat","background-position":"center center","background-size":"auto","background-attachment":"scroll","background-type":"","background-media":"","overlay-type":"","overlay-color":"","overlay-opacity":"","overlay-gradient":""},"tablet":{"background-color":"var(--ast-global-color-4)","background-image":"","background-repeat":"repeat","background-position":"center center","background-size":"auto","background-attachment":"scroll","background-type":"","background-media":"","overlay-type":"","overlay-color":"","overlay-opacity":"","overlay-gradient":""},"mobile":{"background-color":"var(--ast-global-color-4)","background-image":"","background-repeat":"repeat","background-position":"center center","background-size":"auto","background-attachment":"scroll","background-type":"","background-media":"","overlay-type":"","overlay-color":"","overlay-opacity":"","overlay-gradient":""}}},"product_brand":[],"product_cat":[19],"product_tag":[],"class_list":{"0":"post-2791","1":"product","2":"type-product","3":"status-publish","4":"has-post-thumbnail","6":"product_cat-uncategorized","7":"desktop-align-left","8":"tablet-align-left","9":"mobile-align-left","11":"first","12":"instock","13":"shipping-taxable","14":"purchasable","15":"product-type-simple"},"_links":{"self":[{"href":"https:\/\/ecostera.com\/dk\/wp-json\/wp\/v2\/product\/2791","targetHints":{"allow":["GET"]}}],"collection":[{"href":"https:\/\/ecostera.com\/dk\/wp-json\/wp\/v2\/product"}],"about":[{"href":"https:\/\/ecostera.com\/dk\/wp-json\/wp\/v2\/types\/product"}],"replies":[{"embeddable":true,"href":"https:\/\/ecostera.com\/dk\/wp-json\/wp\/v2\/comments?post=2791"}],"wp:featuredmedia":[{"embeddable":true,"href":"https:\/\/ecostera.com\/dk\/wp-json\/wp\/v2\/media\/2787"}],"wp:attachment":[{"href":"https:\/\/ecostera.com\/dk\/wp-json\/wp\/v2\/media?parent=2791"}],"wp:term":[{"taxonomy":"product_brand","embeddable":true,"href":"https:\/\/ecostera.com\/dk\/wp-json\/wp\/v2\/product_brand?post=2791"},{"taxonomy":"product_cat","embeddable":true,"href":"https:\/\/ecostera.com\/dk\/wp-json\/wp\/v2\/product_cat?post=2791"},{"taxonomy":"product_tag","embeddable":true,"href":"https:\/\/ecostera.com\/dk\/wp-json\/wp\/v2\/product_tag?post=2791"}],"curies":[{"name":"wp","href":"https:\/\/api.w.org\/{rel}","templated":true}]}}