{"id":2796,"date":"2025-07-15T13:35:29","date_gmt":"2025-07-15T13:35:29","guid":{"rendered":"https:\/\/ecostera.com\/dk\/product\/badelegetoej-med-sprinkler\/"},"modified":"2025-07-15T13:35:29","modified_gmt":"2025-07-15T13:35:29","slug":"badelegetoej-med-sprinkler","status":"publish","type":"product","link":"https:\/\/ecostera.com\/dk\/product\/badelegetoej-med-sprinkler\/","title":{"rendered":"Badeleget\u00f8j med sprinkler"},"content":{"rendered":"<p style=\"text-align: center\"><b>\ud83d\udec0\ud83c\udffb Din babys sjove og sikre ven til plaskende badetid! \ud83e\udd86<\/b><\/p>\n<p style=\"text-align: center\"><span style=\"font-weight: 400\">Dette s\u00f8de ande- og bades\u00e6t g\u00f8r hvert bad til en leg. Det holder dit barn glad og l\u00e6rerigt, mens det bliver rent.<\/span><\/p>\n<p><img decoding=\"async\" class=\"size-full wp-image-15718 aligncenter\" src=\"https:\/\/keluvo.com\/template\/wp-content\/uploads\/sites\/5\/2025\/04\/bathtoy-ezgif.com-video-to-webp-converter.webp\" alt=\"\" \/><\/p>\n<h2 style=\"text-align: center\">Leveres Med \u00c6nder, En B\u00e5d Og Sjove Brusehoveder<\/h2>\n<p><span style=\"font-weight: 400\">\u2714 Hver and spr\u00f8jter vand p\u00e5 en anden m\u00e5de<\/span><\/p>\n<p><span style=\"font-weight: 400\"> \u2714 Bl\u00f8dt brusehoved til blid vandleg<\/span><\/p>\n<p><span style=\"font-weight: 400\"> \u2714 Sikre, glatte og ugiftige materialer<\/span><\/p>\n<p><span style=\"font-weight: 400\"> \u2714 Udvikler h\u00e5nd-\u00f8je-koordination og motoriske f\u00e6rdigheder<\/span><\/p>\n<p><span style=\"font-weight: 400\"> \u2714 Forseglet batteriboks for vandt\u00e6t sikkerhed<\/span><\/p>\n<p><span style=\"font-weight: 400\"> \u2714 Perfekt til sm\u00e5b\u00f8rn, drenge og piger<\/span><\/p>\n<p><img decoding=\"async\" class=\"size-full wp-image-15710 aligncenter\" src=\"https:\/\/keluvo.com\/template\/wp-content\/uploads\/sites\/5\/2025\/04\/4b6e7a05-0d1d-4f8a-8484-c37547d5941d.webp\" alt=\"\" \/><\/p>\n<h2 style=\"text-align: center\">L\u00e6rer Farver, Former Og Probleml\u00f8sning<\/h2>\n<p style=\"text-align: center\"><span style=\"font-weight: 400\">Dette badeleget\u00f8jss\u00e6t g\u00f8r badetiden sjov og l\u00e6rerig. Det indeholder en gr\u00f8n b\u00e5d, 4 spr\u00f8jtende \u00e6nder og 4 brusehoveder til forskellige vandlegeoplevelser. Din baby vil elske de klare farver og s\u00f8de designs. Det er en perfekt gave til f\u00f8dselsdage, ferier eller andre s\u00e6rlige \u00f8jeblikke.<\/span><\/p>\n<h2 style=\"text-align: center\">Hvordan Bruges Det?<\/h2>\n<p style=\"text-align: center\"><span style=\"font-weight: 400\">S\u00e6t fire aaa-batterier i (medf\u00f8lger ikke). L\u00e6g leget\u00f8jet i vand. Tryk for at aktivere spr\u00f8jtefunktionerne. Nyd sikker, plaskende sjov, mens din baby l\u00e6rer og leger.<\/span><\/p>\n<h2 style=\"text-align: center\">Pakken Indeholder:<\/h2>\n<ul>\n<li><b>1 b\u00e5d<\/b><span style=\"font-weight: 400\"><\/span><\/li>\n<li><span style=\"font-weight: 400\"> 4 spr\u00f8jtende \u00e6nder<\/span><\/li>\n<li><span style=\"font-weight: 400\"> 4 brusehoveder<\/span><\/li>\n<li><span style=\"font-weight: 400\"> 1 bl\u00f8dt brusehoved<\/span><\/li>\n<\/ul>\n","protected":false},"excerpt":{"rendered":"<p>\ud83d\udec0\ud83c\udffb Din babys sjove og sikre ven til plaskende badetid! \ud83e\udd86 Dette s\u00f8de ande- og bades\u00e6t g\u00f8r hvert bad til [&hellip;]<\/p>\n","protected":false},"featured_media":2792,"comment_status":"open","ping_status":"closed","template":"","meta":{"site-sidebar-layout":"default","site-content-layout":"","ast-site-content-layout":"default","site-content-style":"default","site-sidebar-style":"default","ast-global-header-display":"","ast-banner-title-visibility":"","ast-main-header-display":"","ast-hfb-above-header-display":"","ast-hfb-below-header-display":"","ast-hfb-mobile-header-display":"","site-post-title":"","ast-breadcrumbs-content":"","ast-featured-img":"","footer-sml-layout":"","theme-transparent-header-meta":"default","adv-header-id-meta":"","stick-header-meta":"","header-above-stick-meta":"","header-main-stick-meta":"","header-below-stick-meta":"","astra-migrate-meta-layouts":"set","ast-page-background-enabled":"default","ast-page-background-meta":{"desktop":{"background-color":"var(--ast-global-color-5)","background-image":"","background-repeat":"repeat","background-position":"center center","background-size":"auto","background-attachment":"scroll","background-type":"","background-media":"","overlay-type":"","overlay-color":"","overlay-opacity":"","overlay-gradient":""},"tablet":{"background-color":"","background-image":"","background-repeat":"repeat","background-position":"center center","background-size":"auto","background-attachment":"scroll","background-type":"","background-media":"","overlay-type":"","overlay-color":"","overlay-opacity":"","overlay-gradient":""},"mobile":{"background-color":"","background-image":"","background-repeat":"repeat","background-position":"center center","background-size":"auto","background-attachment":"scroll","background-type":"","background-media":"","overlay-type":"","overlay-color":"","overlay-opacity":"","overlay-gradient":""}},"ast-content-background-meta":{"desktop":{"background-color":"var(--ast-global-color-4)","background-image":"","background-repeat":"repeat","background-position":"center center","background-size":"auto","background-attachment":"scroll","background-type":"","background-media":"","overlay-type":"","overlay-color":"","overlay-opacity":"","overlay-gradient":""},"tablet":{"background-color":"var(--ast-global-color-4)","background-image":"","background-repeat":"repeat","background-position":"center center","background-size":"auto","background-attachment":"scroll","background-type":"","background-media":"","overlay-type":"","overlay-color":"","overlay-opacity":"","overlay-gradient":""},"mobile":{"background-color":"var(--ast-global-color-4)","background-image":"","background-repeat":"repeat","background-position":"center center","background-size":"auto","background-attachment":"scroll","background-type":"","background-media":"","overlay-type":"","overlay-color":"","overlay-opacity":"","overlay-gradient":""}}},"product_brand":[],"product_cat":[19],"product_tag":[],"class_list":{"0":"post-2796","1":"product","2":"type-product","3":"status-publish","4":"has-post-thumbnail","6":"product_cat-uncategorized","7":"desktop-align-left","8":"tablet-align-left","9":"mobile-align-left","11":"first","12":"instock","13":"shipping-taxable","14":"purchasable","15":"product-type-simple"},"_links":{"self":[{"href":"https:\/\/ecostera.com\/dk\/wp-json\/wp\/v2\/product\/2796","targetHints":{"allow":["GET"]}}],"collection":[{"href":"https:\/\/ecostera.com\/dk\/wp-json\/wp\/v2\/product"}],"about":[{"href":"https:\/\/ecostera.com\/dk\/wp-json\/wp\/v2\/types\/product"}],"replies":[{"embeddable":true,"href":"https:\/\/ecostera.com\/dk\/wp-json\/wp\/v2\/comments?post=2796"}],"wp:featuredmedia":[{"embeddable":true,"href":"https:\/\/ecostera.com\/dk\/wp-json\/wp\/v2\/media\/2792"}],"wp:attachment":[{"href":"https:\/\/ecostera.com\/dk\/wp-json\/wp\/v2\/media?parent=2796"}],"wp:term":[{"taxonomy":"product_brand","embeddable":true,"href":"https:\/\/ecostera.com\/dk\/wp-json\/wp\/v2\/product_brand?post=2796"},{"taxonomy":"product_cat","embeddable":true,"href":"https:\/\/ecostera.com\/dk\/wp-json\/wp\/v2\/product_cat?post=2796"},{"taxonomy":"product_tag","embeddable":true,"href":"https:\/\/ecostera.com\/dk\/wp-json\/wp\/v2\/product_tag?post=2796"}],"curies":[{"name":"wp","href":"https:\/\/api.w.org\/{rel}","templated":true}]}}