{"id":2816,"date":"2025-07-15T13:37:00","date_gmt":"2025-07-15T13:37:00","guid":{"rendered":"https:\/\/ecostera.com\/dk\/product\/vaerktoej-til-adskillelse-af-ophaeng\/"},"modified":"2025-11-18T15:42:40","modified_gmt":"2025-11-18T13:42:40","slug":"vaerktoej-til-adskillelse-af-ophaeng","status":"publish","type":"product","link":"https:\/\/ecostera.com\/dk\/product\/vaerktoej-til-adskillelse-af-ophaeng\/","title":{"rendered":"V\u00e6rkt\u00f8j til adskillelse af oph\u00e6ng"},"content":{"rendered":"<p style=\"text-align: center\"><b>\ud83d\udee0 En st\u00e6rk hj\u00e6lper til nemt fjederbensarbejde \ud83d\udcaa\ud83c\udffb<\/b><\/p>\n<p style=\"text-align: center\"><span style=\"font-weight: 400\">V\u00e6rkt\u00f8jet hj\u00e6lper dig med at fjerne og installere fjederben uden at tage navet af. Sparer tid, kr\u00e6fter og besv\u00e6r.<\/span><\/p>\n<p><img decoding=\"async\" class=\"size-full wp-image-15740 aligncenter\" src=\"https:\/\/keluvo.com\/template\/wp-content\/uploads\/sites\/5\/2025\/01\/suspension-ezgif.com-video-to-webp-converter.webp\" alt=\"\" \/><\/p>\n<h2 style=\"text-align: center\"><strong>Holder Affjedringsnavene \u00c5bne, S\u00e5 Det Er Nemt At Arbejde<\/strong><\/h2>\n<p><span style=\"font-weight: 400\">\u2714 Dobbelte ender &#8211; fungerer med \u00f8vre og nedre nav<\/span><\/p>\n<p><span style=\"font-weight: 400\"> \u2714 St\u00e6rk st\u00e5lkonstruktion &#8211; robust og langtidsholdbar<\/span><\/p>\n<p><span style=\"font-weight: 400\"> \u2714 Passer til mange bilm\u00e6rker som Audi, BMW, Ford, Peugeot, Volkswagen, Citro\u00ebn, m.fl.<\/span><\/p>\n<p><span style=\"font-weight: 400\"> \u2714 Enkel at bruge med 10 mm h\u00e5ndv\u00e6rkt\u00f8j<\/span><\/p>\n<p><span style=\"font-weight: 400\"> \u2714 Slidst\u00e6rk og designet til daglig brug<\/span><\/p>\n<p><img decoding=\"async\" class=\"alignnone size-medium wp-image-10123 aligncenter\" src=\"https:\/\/keluvo.com\/template\/wp-content\/uploads\/sites\/5\/2025\/01\/Sd4c43a258a9747bb8feacabcc434c366s.jpeg\" alt=\"\" \/><\/p>\n<h2 style=\"text-align: center\"><strong>Alle Mekanikere Har Brug For Denne<\/strong><\/h2>\n<p style=\"text-align: center\"><span style=\"font-weight: 400\">Denne fjederbensspreder er lavet til at g\u00f8re bilarbejde nemmere og hurtigere. Den er perfekt til mekanikere og g\u00f8r-det-selv-bilelskere. Brug den bare til at adskille navet sikkert uden at fjerne det. Den er kompakt, st\u00e6rk og bygget til at klare opgaven.<\/span><\/p>\n<h2 style=\"text-align: center\"><strong>S\u00e5dan Bruger Du Den:<\/strong><\/h2>\n<p style=\"text-align: center\"><b><\/b><span style=\"font-weight: 400\">S\u00e6t v\u00e6rkt\u00f8jet ind i navet, hvor du skal sprede det. Brug et 10 mm h\u00e5ndv\u00e6rkt\u00f8j til at dreje forsigtigt (maks. drejningsmoment 13 nm). Hold gevindene rene og let olierede for problemfri brug.<\/span><\/p>\n<h2 style=\"text-align: center\"><strong>Pakken Indeholder:<\/strong><\/h2>\n<ul>\n<li><b><\/b><span style=\"font-weight: 400\">1 v\u00e6rkt\u00f8j til adskillelse af hjuloph\u00e6ng<\/span><\/li>\n<\/ul>\n","protected":false},"excerpt":{"rendered":"<p>\ud83d\udee0 En st\u00e6rk hj\u00e6lper til nemt fjederbensarbejde \ud83d\udcaa\ud83c\udffb V\u00e6rkt\u00f8jet hj\u00e6lper dig med at fjerne og installere fjederben uden at tage [&hellip;]<\/p>\n","protected":false},"featured_media":2812,"comment_status":"open","ping_status":"closed","template":"","meta":{"site-sidebar-layout":"default","site-content-layout":"","ast-site-content-layout":"default","site-content-style":"default","site-sidebar-style":"default","ast-global-header-display":"","ast-banner-title-visibility":"","ast-main-header-display":"","ast-hfb-above-header-display":"","ast-hfb-below-header-display":"","ast-hfb-mobile-header-display":"","site-post-title":"","ast-breadcrumbs-content":"","ast-featured-img":"","footer-sml-layout":"","theme-transparent-header-meta":"default","adv-header-id-meta":"","stick-header-meta":"","header-above-stick-meta":"","header-main-stick-meta":"","header-below-stick-meta":"","astra-migrate-meta-layouts":"set","ast-page-background-enabled":"default","ast-page-background-meta":{"desktop":{"background-color":"var(--ast-global-color-5)","background-image":"","background-repeat":"repeat","background-position":"center center","background-size":"auto","background-attachment":"scroll","background-type":"","background-media":"","overlay-type":"","overlay-color":"","overlay-opacity":"","overlay-gradient":""},"tablet":{"background-color":"","background-image":"","background-repeat":"repeat","background-position":"center center","background-size":"auto","background-attachment":"scroll","background-type":"","background-media":"","overlay-type":"","overlay-color":"","overlay-opacity":"","overlay-gradient":""},"mobile":{"background-color":"","background-image":"","background-repeat":"repeat","background-position":"center center","background-size":"auto","background-attachment":"scroll","background-type":"","background-media":"","overlay-type":"","overlay-color":"","overlay-opacity":"","overlay-gradient":""}},"ast-content-background-meta":{"desktop":{"background-color":"var(--ast-global-color-4)","background-image":"","background-repeat":"repeat","background-position":"center center","background-size":"auto","background-attachment":"scroll","background-type":"","background-media":"","overlay-type":"","overlay-color":"","overlay-opacity":"","overlay-gradient":""},"tablet":{"background-color":"var(--ast-global-color-4)","background-image":"","background-repeat":"repeat","background-position":"center center","background-size":"auto","background-attachment":"scroll","background-type":"","background-media":"","overlay-type":"","overlay-color":"","overlay-opacity":"","overlay-gradient":""},"mobile":{"background-color":"var(--ast-global-color-4)","background-image":"","background-repeat":"repeat","background-position":"center center","background-size":"auto","background-attachment":"scroll","background-type":"","background-media":"","overlay-type":"","overlay-color":"","overlay-opacity":"","overlay-gradient":""}}},"product_brand":[],"product_cat":[19],"product_tag":[],"class_list":{"0":"post-2816","1":"product","2":"type-product","3":"status-publish","4":"has-post-thumbnail","6":"product_cat-uncategorized","7":"desktop-align-left","8":"tablet-align-left","9":"mobile-align-left","11":"first","12":"instock","13":"shipping-taxable","14":"purchasable","15":"product-type-simple"},"_links":{"self":[{"href":"https:\/\/ecostera.com\/dk\/wp-json\/wp\/v2\/product\/2816","targetHints":{"allow":["GET"]}}],"collection":[{"href":"https:\/\/ecostera.com\/dk\/wp-json\/wp\/v2\/product"}],"about":[{"href":"https:\/\/ecostera.com\/dk\/wp-json\/wp\/v2\/types\/product"}],"replies":[{"embeddable":true,"href":"https:\/\/ecostera.com\/dk\/wp-json\/wp\/v2\/comments?post=2816"}],"wp:featuredmedia":[{"embeddable":true,"href":"https:\/\/ecostera.com\/dk\/wp-json\/wp\/v2\/media\/2812"}],"wp:attachment":[{"href":"https:\/\/ecostera.com\/dk\/wp-json\/wp\/v2\/media?parent=2816"}],"wp:term":[{"taxonomy":"product_brand","embeddable":true,"href":"https:\/\/ecostera.com\/dk\/wp-json\/wp\/v2\/product_brand?post=2816"},{"taxonomy":"product_cat","embeddable":true,"href":"https:\/\/ecostera.com\/dk\/wp-json\/wp\/v2\/product_cat?post=2816"},{"taxonomy":"product_tag","embeddable":true,"href":"https:\/\/ecostera.com\/dk\/wp-json\/wp\/v2\/product_tag?post=2816"}],"curies":[{"name":"wp","href":"https:\/\/api.w.org\/{rel}","templated":true}]}}