{"id":28229,"date":"2025-10-08T18:37:00","date_gmt":"2025-10-08T15:37:00","guid":{"rendered":"https:\/\/ecostera.com\/dk\/product\/udklaednings-puslespil-i-trae\/"},"modified":"2025-10-08T18:37:00","modified_gmt":"2025-10-08T15:37:00","slug":"udklaednings-puslespil-i-trae","status":"publish","type":"product","link":"https:\/\/ecostera.com\/dk\/product\/udklaednings-puslespil-i-trae\/","title":{"rendered":"Udkl\u00e6dnings-puslespil i tr\u00e6"},"content":{"rendered":"<p style=\"text-align: center\" data-start=\"129\" data-end=\"185\"><strong>Sjovt Og L\u00e6rerigt Udkl\u00e6dningspuslespil Til B\u00f8rn \ud83d\udc55\ud83d\udc57\ud83e\uddf8<\/strong><\/p>\n<p style=\"text-align: center\" data-start=\"187\" data-end=\"405\">Lad dit barn udforske kreativiteten, mens det udvikler koordinations- og probleml\u00f8sningsevner! Dette udkl\u00e6dningspuslespil i tr\u00e6 lader b\u00f8rn blande og matche magnetiske t\u00f8jstykker for at kl\u00e6de s\u00f8de figurer p\u00e5 i endel\u00f8se outfits.<\/p>\n<p data-start=\"187\" data-end=\"405\"><img decoding=\"async\" class=\"size-full wp-image-35810 aligncenter\" src=\"https:\/\/keluvo.com\/template\/wp-content\/uploads\/sites\/5\/2025\/09\/09225-ezgif.com-video-to-webp-converter-2.webp\" alt=\"\" \/><\/p>\n<h2 style=\"text-align: center\" data-start=\"407\" data-end=\"429\">Vigtigste Fordele \ud83c\udf1f<\/h2>\n<p data-start=\"432\" data-end=\"474\">\ud83c\udfa8 Opmuntrer til kreativitet og fantasi<\/p>\n<p data-start=\"477\" data-end=\"527\">\ud83e\udde0 Underst\u00f8tter kognitive og probleml\u00f8sende f\u00e6rdigheder<\/p>\n<p data-start=\"530\" data-end=\"586\">\u270b Forbedrer h\u00e5nd-\u00f8je-koordination og finmotorik<\/p>\n<p data-start=\"589\" data-end=\"635\">\ud83d\udc76 Sikkert og holdbart tr\u00e6materiale til b\u00f8rn<\/p>\n<p data-start=\"638\" data-end=\"685\">\ud83e\udd1d Perfekt til sololeg eller samv\u00e6r med familien<\/p>\n<p data-start=\"638\" data-end=\"685\"><img decoding=\"async\" class=\"size-full wp-image-35808 aligncenter\" src=\"https:\/\/keluvo.com\/template\/wp-content\/uploads\/sites\/5\/2025\/09\/S22f25671aaba4bf3968322ff2eb03a93g.jpg_960x960q75.jpg_.avif\" alt=\"\" \/><\/p>\n<h2 style=\"text-align: center\" data-start=\"687\" data-end=\"706\">S\u00e5dan Bruges Det \ud83d\udc47<\/h2>\n<ol data-start=\"707\" data-end=\"908\">\n<li data-start=\"707\" data-end=\"737\">\n<p data-start=\"710\" data-end=\"737\">V\u00e6lg en karakterplade.<\/p>\n<\/li>\n<li data-start=\"738\" data-end=\"800\">\n<p data-start=\"741\" data-end=\"800\">V\u00e6lg t\u00f8j og tilbeh\u00f8r fra de magnetiske brikker.<\/p>\n<\/li>\n<li data-start=\"801\" data-end=\"849\">\n<p data-start=\"804\" data-end=\"849\">Bland og match t\u00f8j for at skabe sjove stilarter.<\/p>\n<\/li>\n<li data-start=\"850\" data-end=\"908\">\n<p data-start=\"853\" data-end=\"908\">Opbevar alt p\u00e6nt i tr\u00e6bakken, n\u00e5r du er f\u00e6rdig.<\/p>\n<\/li>\n<\/ol>\n<h2 style=\"text-align: center\" data-start=\"910\" data-end=\"934\">Produktdetaljer \ud83d\udccf<\/h2>\n<ul data-start=\"935\" data-end=\"1139\">\n<li data-start=\"935\" data-end=\"989\">\n<p data-start=\"937\" data-end=\"989\">Materiale: tr\u00e6 af h\u00f8j kvalitet + sikre magnetiske brikker<\/p>\n<\/li>\n<li data-start=\"990\" data-end=\"1044\">\n<p data-start=\"992\" data-end=\"1044\">Brikker: flere t\u00f8jmuligheder i lyse farver<\/p>\n<\/li>\n<li data-start=\"1045\" data-end=\"1102\">\n<p data-start=\"1047\" data-end=\"1102\">Figurer: drenge- og pigefigurer med p\u00e5kl\u00e6dningstavler<\/p>\n<\/li>\n<li data-start=\"1103\" data-end=\"1139\">\n<p data-start=\"1105\" data-end=\"1139\">St\u00f8rrelse: 33 x 3,5 x 15,5 cm<\/p>\n<\/li>\n<\/ul>\n<h2 style=\"text-align: center\" data-start=\"1348\" data-end=\"1373\">Pakken Indeholder \ud83c\udf81<\/h2>\n<ul data-start=\"1374\" data-end=\"1471\">\n<li data-start=\"1374\" data-end=\"1400\">\n<p data-start=\"1376\" data-end=\"1400\">1x opbevaringsbakke i tr\u00e6<\/p>\n<\/li>\n<li data-start=\"1401\" data-end=\"1424\">\n<p data-start=\"1403\" data-end=\"1424\">1x karaktertavler<\/p>\n<\/li>\n<li data-start=\"1425\" data-end=\"1471\">\n<p data-start=\"1427\" data-end=\"1471\">42x magnetiske t\u00f8j- og tilbeh\u00f8rsstykker<\/p>\n<\/li>\n<li data-start=\"1425\" data-end=\"1471\">\n<p data-start=\"1427\" data-end=\"1471\">10x t\u00f8jklemmer i tr\u00e6<\/p>\n<\/li>\n<li data-start=\"1425\" data-end=\"1471\">20x kort med t\u00f8j.<\/li>\n<\/ul>\n","protected":false},"excerpt":{"rendered":"<p>Sjovt Og L\u00e6rerigt Udkl\u00e6dningspuslespil Til B\u00f8rn \ud83d\udc55\ud83d\udc57\ud83e\uddf8 Lad dit barn udforske kreativiteten, mens det udvikler koordinations- og probleml\u00f8sningsevner! Dette udkl\u00e6dningspuslespil [&hellip;]<\/p>\n","protected":false},"featured_media":28225,"comment_status":"open","ping_status":"closed","template":"","meta":{"site-sidebar-layout":"default","site-content-layout":"","ast-site-content-layout":"default","site-content-style":"default","site-sidebar-style":"default","ast-global-header-display":"","ast-banner-title-visibility":"","ast-main-header-display":"","ast-hfb-above-header-display":"","ast-hfb-below-header-display":"","ast-hfb-mobile-header-display":"","site-post-title":"","ast-breadcrumbs-content":"","ast-featured-img":"","footer-sml-layout":"","theme-transparent-header-meta":"default","adv-header-id-meta":"","stick-header-meta":"","header-above-stick-meta":"","header-main-stick-meta":"","header-below-stick-meta":"","astra-migrate-meta-layouts":"set","ast-page-background-enabled":"default","ast-page-background-meta":{"desktop":{"background-color":"var(--ast-global-color-5)","background-image":"","background-repeat":"repeat","background-position":"center center","background-size":"auto","background-attachment":"scroll","background-type":"","background-media":"","overlay-type":"","overlay-color":"","overlay-opacity":"","overlay-gradient":""},"tablet":{"background-color":"","background-image":"","background-repeat":"repeat","background-position":"center center","background-size":"auto","background-attachment":"scroll","background-type":"","background-media":"","overlay-type":"","overlay-color":"","overlay-opacity":"","overlay-gradient":""},"mobile":{"background-color":"","background-image":"","background-repeat":"repeat","background-position":"center center","background-size":"auto","background-attachment":"scroll","background-type":"","background-media":"","overlay-type":"","overlay-color":"","overlay-opacity":"","overlay-gradient":""}},"ast-content-background-meta":{"desktop":{"background-color":"var(--ast-global-color-4)","background-image":"","background-repeat":"repeat","background-position":"center center","background-size":"auto","background-attachment":"scroll","background-type":"","background-media":"","overlay-type":"","overlay-color":"","overlay-opacity":"","overlay-gradient":""},"tablet":{"background-color":"var(--ast-global-color-4)","background-image":"","background-repeat":"repeat","background-position":"center center","background-size":"auto","background-attachment":"scroll","background-type":"","background-media":"","overlay-type":"","overlay-color":"","overlay-opacity":"","overlay-gradient":""},"mobile":{"background-color":"var(--ast-global-color-4)","background-image":"","background-repeat":"repeat","background-position":"center center","background-size":"auto","background-attachment":"scroll","background-type":"","background-media":"","overlay-type":"","overlay-color":"","overlay-opacity":"","overlay-gradient":""}}},"product_brand":[],"product_cat":[19],"product_tag":[],"class_list":{"0":"post-28229","1":"product","2":"type-product","3":"status-publish","4":"has-post-thumbnail","6":"product_cat-uncategorized","7":"desktop-align-left","8":"tablet-align-left","9":"mobile-align-left","11":"first","12":"instock","13":"shipping-taxable","14":"purchasable","15":"product-type-simple"},"_links":{"self":[{"href":"https:\/\/ecostera.com\/dk\/wp-json\/wp\/v2\/product\/28229","targetHints":{"allow":["GET"]}}],"collection":[{"href":"https:\/\/ecostera.com\/dk\/wp-json\/wp\/v2\/product"}],"about":[{"href":"https:\/\/ecostera.com\/dk\/wp-json\/wp\/v2\/types\/product"}],"replies":[{"embeddable":true,"href":"https:\/\/ecostera.com\/dk\/wp-json\/wp\/v2\/comments?post=28229"}],"wp:featuredmedia":[{"embeddable":true,"href":"https:\/\/ecostera.com\/dk\/wp-json\/wp\/v2\/media\/28225"}],"wp:attachment":[{"href":"https:\/\/ecostera.com\/dk\/wp-json\/wp\/v2\/media?parent=28229"}],"wp:term":[{"taxonomy":"product_brand","embeddable":true,"href":"https:\/\/ecostera.com\/dk\/wp-json\/wp\/v2\/product_brand?post=28229"},{"taxonomy":"product_cat","embeddable":true,"href":"https:\/\/ecostera.com\/dk\/wp-json\/wp\/v2\/product_cat?post=28229"},{"taxonomy":"product_tag","embeddable":true,"href":"https:\/\/ecostera.com\/dk\/wp-json\/wp\/v2\/product_tag?post=28229"}],"curies":[{"name":"wp","href":"https:\/\/api.w.org\/{rel}","templated":true}]}}