{"id":2831,"date":"2025-07-16T03:57:28","date_gmt":"2025-07-16T03:57:28","guid":{"rendered":"https:\/\/ecostera.com\/dk\/product\/naughty-boy-bordlampe\/"},"modified":"2025-07-16T08:30:05","modified_gmt":"2025-07-16T08:30:05","slug":"fraek-dreng-bordlampe","status":"publish","type":"product","link":"https:\/\/ecostera.com\/dk\/product\/fraek-dreng-bordlampe\/","title":{"rendered":"Fr\u00e6k dreng bordlampe"},"content":{"rendered":"<h2 style=\"text-align: center\">Bl\u00f8d Og Hyggelig Belysning<\/h2>\n<p style=\"text-align: center\">Bordlampen fr\u00e6k dreng giver et blidt LED-lys, som g\u00f8r den perfekt til aftenl\u00e6sning eller sengetid. Den er med til at skabe en varm og afslappende atmosf\u00e6re og holde m\u00f8rket v\u00e6k. Et godt valg for b\u00e5de b\u00f8rn og voksne.<\/p>\n<p><img decoding=\"async\" class=\"alignnone size-medium wp-image-10301 aligncenter\" src=\"https:\/\/keluvo.com\/template\/wp-content\/uploads\/sites\/5\/2025\/02\/Secca1ccb54c5454e9db1863a0a55745bK.jpg_960x960q75.jpg_.jpeg\" alt=\"\" \/><\/p>\n<h2 style=\"text-align: center\">Sjovt Og Stilfuldt Design<\/h2>\n<p style=\"text-align: center\">Med et unikt og legende look tilf\u00f8rer den fr\u00e6kke drengs bordlampe charme til ethvert rum. Den fungerer b\u00e5de som en funktionel lampe og et dekorativt element. En perfekt gave til b\u00f8rn, venner eller alle, der elsker kreativt design.<\/p>\n<p style=\"text-align: center\"><img decoding=\"async\" class=\"alignnone size-medium wp-image-10297\" src=\"https:\/\/keluvo.com\/template\/wp-content\/uploads\/sites\/5\/2025\/02\/Sc0093d2969ec45c3bf1ed1a767be49b9J.jpg_960x960q75.jpg_.jpeg\" alt=\"\" \/><\/p>\n","protected":false},"excerpt":{"rendered":"<p>Bl\u00f8d Og Hyggelig Belysning Bordlampen fr\u00e6k dreng giver et blidt LED-lys, som g\u00f8r den perfekt til aftenl\u00e6sning eller sengetid. Den [&hellip;]<\/p>\n","protected":false},"featured_media":2827,"comment_status":"open","ping_status":"closed","template":"","meta":{"site-sidebar-layout":"default","site-content-layout":"","ast-site-content-layout":"default","site-content-style":"default","site-sidebar-style":"default","ast-global-header-display":"","ast-banner-title-visibility":"","ast-main-header-display":"","ast-hfb-above-header-display":"","ast-hfb-below-header-display":"","ast-hfb-mobile-header-display":"","site-post-title":"","ast-breadcrumbs-content":"","ast-featured-img":"","footer-sml-layout":"","theme-transparent-header-meta":"default","adv-header-id-meta":"","stick-header-meta":"","header-above-stick-meta":"","header-main-stick-meta":"","header-below-stick-meta":"","astra-migrate-meta-layouts":"set","ast-page-background-enabled":"default","ast-page-background-meta":{"desktop":{"background-color":"var(--ast-global-color-5)","background-image":"","background-repeat":"repeat","background-position":"center center","background-size":"auto","background-attachment":"scroll","background-type":"","background-media":"","overlay-type":"","overlay-color":"","overlay-opacity":"","overlay-gradient":""},"tablet":{"background-color":"","background-image":"","background-repeat":"repeat","background-position":"center center","background-size":"auto","background-attachment":"scroll","background-type":"","background-media":"","overlay-type":"","overlay-color":"","overlay-opacity":"","overlay-gradient":""},"mobile":{"background-color":"","background-image":"","background-repeat":"repeat","background-position":"center center","background-size":"auto","background-attachment":"scroll","background-type":"","background-media":"","overlay-type":"","overlay-color":"","overlay-opacity":"","overlay-gradient":""}},"ast-content-background-meta":{"desktop":{"background-color":"var(--ast-global-color-4)","background-image":"","background-repeat":"repeat","background-position":"center center","background-size":"auto","background-attachment":"scroll","background-type":"","background-media":"","overlay-type":"","overlay-color":"","overlay-opacity":"","overlay-gradient":""},"tablet":{"background-color":"var(--ast-global-color-4)","background-image":"","background-repeat":"repeat","background-position":"center center","background-size":"auto","background-attachment":"scroll","background-type":"","background-media":"","overlay-type":"","overlay-color":"","overlay-opacity":"","overlay-gradient":""},"mobile":{"background-color":"var(--ast-global-color-4)","background-image":"","background-repeat":"repeat","background-position":"center center","background-size":"auto","background-attachment":"scroll","background-type":"","background-media":"","overlay-type":"","overlay-color":"","overlay-opacity":"","overlay-gradient":""}}},"product_brand":[],"product_cat":[19],"product_tag":[],"class_list":{"0":"post-2831","1":"product","2":"type-product","3":"status-publish","4":"has-post-thumbnail","6":"product_cat-uncategorized","7":"pa_39933_67wd60ol-blaa","8":"pa_39933_67wd60ol-gul","9":"pa_39933_67wd60ol-hvid","10":"pa_39933_67wd60ol-roed","11":"pa_39933_67wd60ol-sort","12":"desktop-align-left","13":"tablet-align-left","14":"mobile-align-left","16":"first","17":"instock","18":"shipping-taxable","19":"purchasable","20":"product-type-variable"},"_links":{"self":[{"href":"https:\/\/ecostera.com\/dk\/wp-json\/wp\/v2\/product\/2831","targetHints":{"allow":["GET"]}}],"collection":[{"href":"https:\/\/ecostera.com\/dk\/wp-json\/wp\/v2\/product"}],"about":[{"href":"https:\/\/ecostera.com\/dk\/wp-json\/wp\/v2\/types\/product"}],"replies":[{"embeddable":true,"href":"https:\/\/ecostera.com\/dk\/wp-json\/wp\/v2\/comments?post=2831"}],"wp:featuredmedia":[{"embeddable":true,"href":"https:\/\/ecostera.com\/dk\/wp-json\/wp\/v2\/media\/2827"}],"wp:attachment":[{"href":"https:\/\/ecostera.com\/dk\/wp-json\/wp\/v2\/media?parent=2831"}],"wp:term":[{"taxonomy":"product_brand","embeddable":true,"href":"https:\/\/ecostera.com\/dk\/wp-json\/wp\/v2\/product_brand?post=2831"},{"taxonomy":"product_cat","embeddable":true,"href":"https:\/\/ecostera.com\/dk\/wp-json\/wp\/v2\/product_cat?post=2831"},{"taxonomy":"product_tag","embeddable":true,"href":"https:\/\/ecostera.com\/dk\/wp-json\/wp\/v2\/product_tag?post=2831"}],"curies":[{"name":"wp","href":"https:\/\/api.w.org\/{rel}","templated":true}]}}