{"id":28619,"date":"2025-10-13T16:44:31","date_gmt":"2025-10-13T13:44:31","guid":{"rendered":"https:\/\/ecostera.com\/dk\/product\/beskyttelse-af-oplader\/"},"modified":"2025-11-03T12:02:13","modified_gmt":"2025-11-03T10:02:13","slug":"beskyttelse-af-oplader","status":"publish","type":"product","link":"https:\/\/ecostera.com\/dk\/product\/beskyttelse-af-oplader\/","title":{"rendered":"Beskyttelse af oplader"},"content":{"rendered":"<p style=\"text-align: center\" data-start=\"278\" data-end=\"458\"><strong>Hold din oplader sikker og p\u00e6n, uanset hvor du er \u26a1<\/strong><\/p>\n<p style=\"text-align: center\" data-start=\"278\" data-end=\"458\">Denne enkle opladerbeskytter i silikone beskytter din oplader mod snavs, ridser og kabelskader &#8211; s\u00e5 den holder l\u00e6ngere og ser p\u00e6nere ud.<\/p>\n<p data-start=\"278\" data-end=\"458\"><img decoding=\"async\" class=\"size-full wp-image-36438 aligncenter\" src=\"https:\/\/keluvo.com\/template\/wp-content\/uploads\/sites\/5\/2025\/10\/giphy_75daa82e-6665-4fee-ab9f-7059d1421b9c_480x480.webp\" alt=\"\" \/><\/p>\n<h2 style=\"text-align: center\" data-start=\"465\" data-end=\"484\">Vigtigste fordele \u2728<\/h2>\n<p data-start=\"487\" data-end=\"548\">\ud83e\uddfc Beskytter din oplader mod st\u00f8v, ridser og slitage<\/p>\n<p data-start=\"487\" data-end=\"548\">\ud83d\udd0c Forhindrer, at kablet b\u00f8jes, og forl\u00e6nger din opladers levetid<\/p>\n<p data-start=\"487\" data-end=\"548\">\ud83d\udc5c Nem at have med &#8211; den kompakte st\u00f8rrelse passer perfekt i din taske eller lomme<\/p>\n<p data-start=\"487\" data-end=\"548\">\ud83d\udcaa Holdbar silikone, der er bl\u00f8d, fleksibel og langtidsholdbar<\/p>\n<p data-start=\"487\" data-end=\"548\">\ud83c\udfa8 Moderne look &#8211; giver dit tekniske tilbeh\u00f8r et rent og stilfuldt pr\u00e6g<\/p>\n<p data-start=\"762\" data-end=\"837\"><img decoding=\"async\" class=\"size-full wp-image-36437 aligncenter\" src=\"https:\/\/keluvo.com\/template\/wp-content\/uploads\/sites\/5\/2025\/10\/71ddF4K1o8L._AC_SX679_480x480.webp\" alt=\"\" \/><\/p>\n<h2 style=\"text-align: center\" data-start=\"844\" data-end=\"862\">S\u00e5dan bruges den \ud83d\udee0\ufe0f<\/h2>\n<ol data-start=\"863\" data-end=\"1019\">\n<li data-start=\"863\" data-end=\"915\">Glide silikoneetuiet over hovedet p\u00e5 din oplader.&nbsp;<\/li>\n<li data-start=\"863\" data-end=\"915\">Placer kablet p\u00e6nt i rillen i siden.&nbsp;<\/li>\n<li data-start=\"863\" data-end=\"915\">Nyd fuld beskyttelse og en ryddelig, organiseret ops\u00e6tning!<\/li>\n<\/ol>\n<h2 style=\"text-align: center\" data-start=\"1026\" data-end=\"1048\">Produktdetaljer \ud83d\udccf<\/h2>\n<ul data-start=\"1049\" data-end=\"1209\">\n<li data-start=\"1049\" data-end=\"1084\">Materiale: bl\u00f8d h\u00f8jkvalitets silikone&nbsp;<\/li>\n<li data-start=\"1049\" data-end=\"1084\">Tilpasset til opladermodeller: USB-C 20w\/18w&nbsp;<\/li>\n<li data-start=\"1049\" data-end=\"1084\">Fungerer ogs\u00e5 med EU-stik&nbsp;<\/li>\n<li data-start=\"1049\" data-end=\"1084\">V\u00e6gt: ca. 25 g&nbsp;<\/li>\n<li data-start=\"1049\" data-end=\"1084\">Farver til r\u00e5dighed: Pink, gr\u00e5, hvid og sort<\/li>\n<\/ul>\n<h2 style=\"text-align: center\" data-start=\"1216\" data-end=\"1239\">Pakken indeholder \ud83d\udce6<\/h2>\n<ul data-start=\"1240\" data-end=\"1280\">\n<li data-start=\"1240\" data-end=\"1280\">\n<p data-start=\"1242\" data-end=\"1280\">2, 4, 6x silikoneopladerbeskyttelse.<\/p>\n<\/li>\n<\/ul>\n","protected":false},"excerpt":{"rendered":"<p>Hold din oplader sikker og p\u00e6n, uanset hvor du er \u26a1 Denne enkle opladerbeskytter i silikone beskytter din oplader mod [&hellip;]<\/p>\n","protected":false},"featured_media":28615,"comment_status":"open","ping_status":"closed","template":"","meta":{"site-sidebar-layout":"default","site-content-layout":"","ast-site-content-layout":"default","site-content-style":"default","site-sidebar-style":"default","ast-global-header-display":"","ast-banner-title-visibility":"","ast-main-header-display":"","ast-hfb-above-header-display":"","ast-hfb-below-header-display":"","ast-hfb-mobile-header-display":"","site-post-title":"","ast-breadcrumbs-content":"","ast-featured-img":"","footer-sml-layout":"","theme-transparent-header-meta":"default","adv-header-id-meta":"","stick-header-meta":"","header-above-stick-meta":"","header-main-stick-meta":"","header-below-stick-meta":"","astra-migrate-meta-layouts":"set","ast-page-background-enabled":"default","ast-page-background-meta":{"desktop":{"background-color":"var(--ast-global-color-5)","background-image":"","background-repeat":"repeat","background-position":"center center","background-size":"auto","background-attachment":"scroll","background-type":"","background-media":"","overlay-type":"","overlay-color":"","overlay-opacity":"","overlay-gradient":""},"tablet":{"background-color":"","background-image":"","background-repeat":"repeat","background-position":"center center","background-size":"auto","background-attachment":"scroll","background-type":"","background-media":"","overlay-type":"","overlay-color":"","overlay-opacity":"","overlay-gradient":""},"mobile":{"background-color":"","background-image":"","background-repeat":"repeat","background-position":"center center","background-size":"auto","background-attachment":"scroll","background-type":"","background-media":"","overlay-type":"","overlay-color":"","overlay-opacity":"","overlay-gradient":""}},"ast-content-background-meta":{"desktop":{"background-color":"var(--ast-global-color-4)","background-image":"","background-repeat":"repeat","background-position":"center center","background-size":"auto","background-attachment":"scroll","background-type":"","background-media":"","overlay-type":"","overlay-color":"","overlay-opacity":"","overlay-gradient":""},"tablet":{"background-color":"var(--ast-global-color-4)","background-image":"","background-repeat":"repeat","background-position":"center center","background-size":"auto","background-attachment":"scroll","background-type":"","background-media":"","overlay-type":"","overlay-color":"","overlay-opacity":"","overlay-gradient":""},"mobile":{"background-color":"var(--ast-global-color-4)","background-image":"","background-repeat":"repeat","background-position":"center center","background-size":"auto","background-attachment":"scroll","background-type":"","background-media":"","overlay-type":"","overlay-color":"","overlay-opacity":"","overlay-gradient":""}}},"product_brand":[],"product_cat":[19],"product_tag":[],"class_list":{"0":"post-28619","1":"product","2":"type-product","3":"status-publish","4":"has-post-thumbnail","6":"product_cat-uncategorized","7":"pa_23614_frr5bion-graa","8":"pa_23614_frr5bion-hvid","9":"pa_23614_frr5bion-lyseroed","10":"pa_23614_frr5bion-sort","11":"pa_23614_jbb5n7z0-2-stk","12":"pa_23614_jbb5n7z0-4-stk","13":"pa_23614_jbb5n7z0-6-stk","14":"desktop-align-left","15":"tablet-align-left","16":"mobile-align-left","18":"first","19":"instock","20":"shipping-taxable","21":"purchasable","22":"product-type-variable","23":"has-default-attributes"},"_links":{"self":[{"href":"https:\/\/ecostera.com\/dk\/wp-json\/wp\/v2\/product\/28619","targetHints":{"allow":["GET"]}}],"collection":[{"href":"https:\/\/ecostera.com\/dk\/wp-json\/wp\/v2\/product"}],"about":[{"href":"https:\/\/ecostera.com\/dk\/wp-json\/wp\/v2\/types\/product"}],"replies":[{"embeddable":true,"href":"https:\/\/ecostera.com\/dk\/wp-json\/wp\/v2\/comments?post=28619"}],"wp:featuredmedia":[{"embeddable":true,"href":"https:\/\/ecostera.com\/dk\/wp-json\/wp\/v2\/media\/28615"}],"wp:attachment":[{"href":"https:\/\/ecostera.com\/dk\/wp-json\/wp\/v2\/media?parent=28619"}],"wp:term":[{"taxonomy":"product_brand","embeddable":true,"href":"https:\/\/ecostera.com\/dk\/wp-json\/wp\/v2\/product_brand?post=28619"},{"taxonomy":"product_cat","embeddable":true,"href":"https:\/\/ecostera.com\/dk\/wp-json\/wp\/v2\/product_cat?post=28619"},{"taxonomy":"product_tag","embeddable":true,"href":"https:\/\/ecostera.com\/dk\/wp-json\/wp\/v2\/product_tag?post=28619"}],"curies":[{"name":"wp","href":"https:\/\/api.w.org\/{rel}","templated":true}]}}