{"id":28652,"date":"2025-10-13T16:47:55","date_gmt":"2025-10-13T13:47:55","guid":{"rendered":"https:\/\/ecostera.com\/dk\/product\/batteriafbryder\/"},"modified":"2025-11-03T12:02:09","modified_gmt":"2025-11-03T10:02:09","slug":"batteriafbryder","status":"publish","type":"product","link":"https:\/\/ecostera.com\/dk\/product\/batteriafbryder\/","title":{"rendered":"Batteriafbryder"},"content":{"rendered":"<p style=\"text-align: center\" data-start=\"138\" data-end=\"187\"><strong>Beskyt dit batteri, og forl\u00e6ng dets levetid \u26a1\ud83d\udd0b<\/strong><\/p>\n<p style=\"text-align: center\" data-start=\"188\" data-end=\"439\">Denne batteriafbryder forhindrer u\u00f8nsket afladning af batteriet, forbedrer den elektriske stabilitet og holder dit bil- eller b\u00e5dbatteri i topform. Det er et must-have for alle, der \u00f8nsker at forbedre sikkerheden og ydeevnen i deres elektriske system.<\/p>\n<p data-start=\"188\" data-end=\"439\"><img decoding=\"async\" class=\"size-full wp-image-36471 aligncenter\" src=\"https:\/\/keluvo.com\/template\/wp-content\/uploads\/sites\/5\/2025\/10\/1002-ezgif.com-video-to-webp-converter-1.webp\" alt=\"\" \/><\/p>\n<h2 style=\"text-align: center\" data-start=\"441\" data-end=\"462\">Hovedfordele \u2705<\/h2>\n<p data-start=\"465\" data-end=\"539\">\ud83d\udd0b Forhindrer batteriafladning &#8211; stopper parasitisk afladning under opbevaring<\/p>\n<p data-start=\"465\" data-end=\"539\">\u2699\ufe0f Forbedrer forbindelsesstabiliteten &#8211; kobberdele sikrer stabil str\u00f8moverf\u00f8rsel<\/p>\n<p data-start=\"465\" data-end=\"539\">\ud83d\ude97 Universel kompatibilitet &#8211; fungerer med 12V- og 24V-systemer til biler, lastbiler, b\u00e5de, og autocampere<\/p>\n<p data-start=\"465\" data-end=\"539\">\ud83e\uddf0 Nem at betjene &#8211; hurtig frakoblingsmekanisme til enkel, sikker brug<\/p>\n<p data-start=\"465\" data-end=\"539\">\ud83c\udf0a Holdbart design &#8211; kobber- og metalkonstruktion for lang levetid<\/p>\n<p data-start=\"465\" data-end=\"539\">\ud83d\udee0\ufe0f Alsidig brug &#8211; ideel til k\u00f8ret\u00f8jer, marineudstyr og s\u00e6sonmaskiner<\/p>\n<p data-start=\"894\" data-end=\"980\"><img decoding=\"async\" class=\"size-full wp-image-36469 aligncenter\" src=\"https:\/\/keluvo.com\/template\/wp-content\/uploads\/sites\/5\/2025\/10\/2f76b84e9fdefff1396dd04ad93c481a.jpg\" alt=\"\" \/><\/p>\n<h2 style=\"text-align: center\" data-start=\"982\" data-end=\"1002\">S\u00e5dan bruges den \ud83d\udee0\ufe0f<\/h2>\n<ol>\n<li>Sluk for dit k\u00f8ret\u00f8j eller udstyr f\u00f8r installation.<\/li>\n<li data-start=\"1003\" data-end=\"1063\">Tilslut kontakten til batteripolen.<\/li>\n<li data-start=\"1003\" data-end=\"1063\">Fastg\u00f8r forbindelserne for stabil ydelse.<\/li>\n<li data-start=\"1003\" data-end=\"1063\">Drej knappen eller h\u00e5ndtaget for at frakoble eller tilslutte batteriet efter behov.<\/li>\n<li data-start=\"1003\" data-end=\"1063\">Brug kontakten, n\u00e5r du opbevarer eller vedligeholder dit k\u00f8ret\u00f8j for at forhindre afladning.<\/li>\n<\/ol>\n<h2 style=\"text-align: center\" data-start=\"1363\" data-end=\"1387\">Produktdetaljer \u2139\ufe0f<\/h2>\n<ul data-start=\"1388\" data-end=\"1761\">\n<li data-start=\"1388\" data-end=\"1420\">Material: Kobber\/metal<\/li>\n<li data-start=\"1388\" data-end=\"1420\">St\u00f8rrelsesmuligheder: Lodret: 9,8 x 6,8 x 4,8 cm, vandret: 9,3 x 8,6 x 4 cm<\/li>\n<li data-start=\"1388\" data-end=\"1420\">Sp\u00e6ndingskompatibilitet: 12V &amp; 24V-systemer<\/li>\n<li data-start=\"1388\" data-end=\"1420\"><span style=\"font-size: 16px\">Str\u00f8mstabilitet: Kobberkontakter for ensartet elektrisk overf\u00f8rse<\/span><\/li>\n<li data-start=\"1388\" data-end=\"1420\">Anvendelsesomr\u00e5der: Biler, b\u00e5de, autocampere, s\u00e6sonk\u00f8ret\u00f8jer og maskiner<\/li>\n<\/ul>\n<h2 style=\"text-align: center\" data-start=\"1763\" data-end=\"1788\">Pakken indeholder \ud83d\udce6<\/h2>\n<ul data-start=\"1789\" data-end=\"1826\">\n<li data-start=\"1789\" data-end=\"1826\">\n<p data-start=\"1791\" data-end=\"1826\">1x batteriafbryder.<\/p>\n<\/li>\n<\/ul>\n","protected":false},"excerpt":{"rendered":"<p>Beskyt dit batteri, og forl\u00e6ng dets levetid \u26a1\ud83d\udd0b Denne batteriafbryder forhindrer u\u00f8nsket afladning af batteriet, forbedrer den elektriske stabilitet og [&hellip;]<\/p>\n","protected":false},"featured_media":28648,"comment_status":"open","ping_status":"closed","template":"","meta":{"site-sidebar-layout":"default","site-content-layout":"","ast-site-content-layout":"default","site-content-style":"default","site-sidebar-style":"default","ast-global-header-display":"","ast-banner-title-visibility":"","ast-main-header-display":"","ast-hfb-above-header-display":"","ast-hfb-below-header-display":"","ast-hfb-mobile-header-display":"","site-post-title":"","ast-breadcrumbs-content":"","ast-featured-img":"","footer-sml-layout":"","theme-transparent-header-meta":"default","adv-header-id-meta":"","stick-header-meta":"","header-above-stick-meta":"","header-main-stick-meta":"","header-below-stick-meta":"","astra-migrate-meta-layouts":"set","ast-page-background-enabled":"default","ast-page-background-meta":{"desktop":{"background-color":"var(--ast-global-color-5)","background-image":"","background-repeat":"repeat","background-position":"center center","background-size":"auto","background-attachment":"scroll","background-type":"","background-media":"","overlay-type":"","overlay-color":"","overlay-opacity":"","overlay-gradient":""},"tablet":{"background-color":"","background-image":"","background-repeat":"repeat","background-position":"center center","background-size":"auto","background-attachment":"scroll","background-type":"","background-media":"","overlay-type":"","overlay-color":"","overlay-opacity":"","overlay-gradient":""},"mobile":{"background-color":"","background-image":"","background-repeat":"repeat","background-position":"center center","background-size":"auto","background-attachment":"scroll","background-type":"","background-media":"","overlay-type":"","overlay-color":"","overlay-opacity":"","overlay-gradient":""}},"ast-content-background-meta":{"desktop":{"background-color":"var(--ast-global-color-4)","background-image":"","background-repeat":"repeat","background-position":"center center","background-size":"auto","background-attachment":"scroll","background-type":"","background-media":"","overlay-type":"","overlay-color":"","overlay-opacity":"","overlay-gradient":""},"tablet":{"background-color":"var(--ast-global-color-4)","background-image":"","background-repeat":"repeat","background-position":"center center","background-size":"auto","background-attachment":"scroll","background-type":"","background-media":"","overlay-type":"","overlay-color":"","overlay-opacity":"","overlay-gradient":""},"mobile":{"background-color":"var(--ast-global-color-4)","background-image":"","background-repeat":"repeat","background-position":"center center","background-size":"auto","background-attachment":"scroll","background-type":"","background-media":"","overlay-type":"","overlay-color":"","overlay-opacity":"","overlay-gradient":""}}},"product_brand":[],"product_cat":[19],"product_tag":[],"class_list":{"0":"post-28652","1":"product","2":"type-product","3":"status-publish","4":"has-post-thumbnail","6":"product_cat-uncategorized","7":"pa_29351_z2sbl7lq-lodret","8":"pa_29351_z2sbl7lq-vandret","9":"desktop-align-left","10":"tablet-align-left","11":"mobile-align-left","13":"first","14":"instock","15":"shipping-taxable","16":"purchasable","17":"product-type-variable"},"_links":{"self":[{"href":"https:\/\/ecostera.com\/dk\/wp-json\/wp\/v2\/product\/28652","targetHints":{"allow":["GET"]}}],"collection":[{"href":"https:\/\/ecostera.com\/dk\/wp-json\/wp\/v2\/product"}],"about":[{"href":"https:\/\/ecostera.com\/dk\/wp-json\/wp\/v2\/types\/product"}],"replies":[{"embeddable":true,"href":"https:\/\/ecostera.com\/dk\/wp-json\/wp\/v2\/comments?post=28652"}],"wp:featuredmedia":[{"embeddable":true,"href":"https:\/\/ecostera.com\/dk\/wp-json\/wp\/v2\/media\/28648"}],"wp:attachment":[{"href":"https:\/\/ecostera.com\/dk\/wp-json\/wp\/v2\/media?parent=28652"}],"wp:term":[{"taxonomy":"product_brand","embeddable":true,"href":"https:\/\/ecostera.com\/dk\/wp-json\/wp\/v2\/product_brand?post=28652"},{"taxonomy":"product_cat","embeddable":true,"href":"https:\/\/ecostera.com\/dk\/wp-json\/wp\/v2\/product_cat?post=28652"},{"taxonomy":"product_tag","embeddable":true,"href":"https:\/\/ecostera.com\/dk\/wp-json\/wp\/v2\/product_tag?post=28652"}],"curies":[{"name":"wp","href":"https:\/\/api.w.org\/{rel}","templated":true}]}}