{"id":28779,"date":"2025-10-13T17:02:28","date_gmt":"2025-10-13T14:02:28","guid":{"rendered":"https:\/\/ecostera.com\/dk\/product\/sikkerhedsrem-til-babystol\/"},"modified":"2025-10-20T16:04:25","modified_gmt":"2025-10-20T13:04:25","slug":"sikkerhedsrem-til-babystol","status":"publish","type":"product","link":"https:\/\/ecostera.com\/dk\/product\/sikkerhedsrem-til-babystol\/","title":{"rendered":"Sikkerhedsrem til babystol"},"content":{"rendered":"<p style=\"text-align: center\" data-start=\"139\" data-end=\"196\"><strong>Giv din baby mad sikkert og komfortabelt hvor som helst \ud83d\udc76\ud83c\udf7d\ufe0f<\/strong><\/p>\n<p style=\"text-align: center\" data-start=\"197\" data-end=\"396\">Denne b\u00e6rbare spisestolsremme forvandler enhver almindelig stol til et sikkert babys\u00e6de p\u00e5 f\u00e5 sekunder. Den er let, nem at reng\u00f8re og sikker at bruge og g\u00f8r m\u00e5ltiderne stressfrie, uanset om du er hjemme eller ude.<\/p>\n<p data-start=\"197\" data-end=\"396\"><img decoding=\"async\" class=\"size-full wp-image-36579 aligncenter\" src=\"https:\/\/keluvo.com\/template\/wp-content\/uploads\/sites\/5\/2025\/10\/10028-ezgif.com-video-to-webp-converter.webp\" alt=\"\" \/><\/p>\n<h2 style=\"text-align: center\" data-start=\"398\" data-end=\"419\">Vigtigste fordele \u2705<\/h2>\n<p data-start=\"422\" data-end=\"500\">\ud83e\ude91 Passer til enhver stol &#8211; forvandler standardstole til sikre babys\u00e6der med det samme<\/p>\n<p data-start=\"422\" data-end=\"500\">\ud83d\udc76 Sikker og tryg &#8211; holder din baby p\u00e5 plads, mens du spiser eller ammer<\/p>\n<p data-start=\"422\" data-end=\"500\">\ud83c\udf92 B\u00e6rbar og kompakt &#8211; kan nemt foldes sammen p\u00e5 rejser, i hjemmet, opbevaring eller restaurantbes\u00f8g<\/p>\n<p data-start=\"422\" data-end=\"500\">\ud83e\uddfc Let at reng\u00f8re &#8211; fremstillet af slidst\u00e6rkt, vaskbart polyesterfiber<\/p>\n<p data-start=\"422\" data-end=\"500\">\ud83c\udf3f Opmuntrer til selvst\u00e6ndighed &#8211; hj\u00e6lper din baby med at udvikle gode spisevaner<\/p>\n<p data-start=\"736\" data-end=\"814\"><img decoding=\"async\" class=\"size-full wp-image-36576 aligncenter\" src=\"https:\/\/keluvo.com\/template\/wp-content\/uploads\/sites\/5\/2025\/10\/S3fe14dfa2bef4646a65e318d20f4bddcl.jpg_960x960q75.jpg_.avif\" alt=\"\" \/><\/p>\n<h2 style=\"text-align: center\" data-start=\"906\" data-end=\"926\">S\u00e5dan Bruges Den \ud83d\udee0\ufe0f<\/h2>\n<ol data-start=\"927\" data-end=\"1134\">\n<li data-start=\"927\" data-end=\"981\">Placer selen over enhver stol med rygl\u00e6n.<\/li>\n<li data-start=\"927\" data-end=\"981\">S\u00e6t stropperne godt fast p\u00e5 stolen.<\/li>\n<li data-start=\"927\" data-end=\"981\">S\u00e6t din baby i og sp\u00e6nd sikkerhedsselen.<\/li>\n<li data-start=\"927\" data-end=\"981\">Juster efter komfort og nyd en bekymringsfri madning.<\/li>\n<\/ol>\n<h2 style=\"text-align: center\" data-start=\"1136\" data-end=\"1160\">Produktoplysninger \u2139\ufe0f<\/h2>\n<ul data-start=\"1161\" data-end=\"1445\">\n<li data-start=\"1161\" data-end=\"1194\">Material: Polyesterfiber<\/li>\n<li data-start=\"1161\" data-end=\"1194\">St\u00f8rrelse: 48 x 50 cm<\/li>\n<li data-start=\"1161\" data-end=\"1194\">Maksimumv\u00e6gt: 20 kg<\/li>\n<li data-start=\"1161\" data-end=\"1194\">Passende alder: 0-2 \u00e5r<\/li>\n<li data-start=\"1161\" data-end=\"1194\">Farve: Gr\u00f8n, R\u00f8d, Sort, Bl\u00e5, Gul<\/li>\n<li data-start=\"1161\" data-end=\"1194\">Design: Enkelt, sammenklappeligt, holdbart og let at reng\u00f8re<\/li>\n<li data-start=\"1161\" data-end=\"1194\"><span style=\"font-size: 16px\">Brug: Spisning i hjemmet, restauranter, rejser, udend\u00f8rs spisning<\/span><\/li>\n<\/ul>\n<h2 style=\"text-align: center\" data-start=\"1447\" data-end=\"1472\">Pakken indeholder \ud83d\udce6<\/h2>\n<ul data-start=\"1473\" data-end=\"1506\">\n<li data-start=\"1473\" data-end=\"1506\">\n<p data-start=\"1475\" data-end=\"1506\">1x sikkerhedsrem til babystol<\/p>\n<\/li>\n<\/ul>\n","protected":false},"excerpt":{"rendered":"<p>Giv din baby mad sikkert og komfortabelt hvor som helst \ud83d\udc76\ud83c\udf7d\ufe0f Denne b\u00e6rbare spisestolsremme forvandler enhver almindelig stol til et [&hellip;]<\/p>\n","protected":false},"featured_media":28775,"comment_status":"open","ping_status":"closed","template":"","meta":{"site-sidebar-layout":"default","site-content-layout":"","ast-site-content-layout":"default","site-content-style":"default","site-sidebar-style":"default","ast-global-header-display":"","ast-banner-title-visibility":"","ast-main-header-display":"","ast-hfb-above-header-display":"","ast-hfb-below-header-display":"","ast-hfb-mobile-header-display":"","site-post-title":"","ast-breadcrumbs-content":"","ast-featured-img":"","footer-sml-layout":"","theme-transparent-header-meta":"default","adv-header-id-meta":"","stick-header-meta":"","header-above-stick-meta":"","header-main-stick-meta":"","header-below-stick-meta":"","astra-migrate-meta-layouts":"set","ast-page-background-enabled":"default","ast-page-background-meta":{"desktop":{"background-color":"var(--ast-global-color-5)","background-image":"","background-repeat":"repeat","background-position":"center center","background-size":"auto","background-attachment":"scroll","background-type":"","background-media":"","overlay-type":"","overlay-color":"","overlay-opacity":"","overlay-gradient":""},"tablet":{"background-color":"","background-image":"","background-repeat":"repeat","background-position":"center center","background-size":"auto","background-attachment":"scroll","background-type":"","background-media":"","overlay-type":"","overlay-color":"","overlay-opacity":"","overlay-gradient":""},"mobile":{"background-color":"","background-image":"","background-repeat":"repeat","background-position":"center center","background-size":"auto","background-attachment":"scroll","background-type":"","background-media":"","overlay-type":"","overlay-color":"","overlay-opacity":"","overlay-gradient":""}},"ast-content-background-meta":{"desktop":{"background-color":"var(--ast-global-color-4)","background-image":"","background-repeat":"repeat","background-position":"center center","background-size":"auto","background-attachment":"scroll","background-type":"","background-media":"","overlay-type":"","overlay-color":"","overlay-opacity":"","overlay-gradient":""},"tablet":{"background-color":"var(--ast-global-color-4)","background-image":"","background-repeat":"repeat","background-position":"center center","background-size":"auto","background-attachment":"scroll","background-type":"","background-media":"","overlay-type":"","overlay-color":"","overlay-opacity":"","overlay-gradient":""},"mobile":{"background-color":"var(--ast-global-color-4)","background-image":"","background-repeat":"repeat","background-position":"center center","background-size":"auto","background-attachment":"scroll","background-type":"","background-media":"","overlay-type":"","overlay-color":"","overlay-opacity":"","overlay-gradient":""}}},"product_brand":[],"product_cat":[19],"product_tag":[],"class_list":{"0":"post-28779","1":"product","2":"type-product","3":"status-publish","4":"has-post-thumbnail","6":"product_cat-uncategorized","7":"pa_33430_zr3aow5f-blaa","8":"pa_33430_zr3aow5f-groen","9":"pa_33430_zr3aow5f-gul","10":"pa_33430_zr3aow5f-roed","11":"pa_33430_zr3aow5f-sort","12":"desktop-align-left","13":"tablet-align-left","14":"mobile-align-left","16":"first","17":"instock","18":"shipping-taxable","19":"purchasable","20":"product-type-variable"},"_links":{"self":[{"href":"https:\/\/ecostera.com\/dk\/wp-json\/wp\/v2\/product\/28779","targetHints":{"allow":["GET"]}}],"collection":[{"href":"https:\/\/ecostera.com\/dk\/wp-json\/wp\/v2\/product"}],"about":[{"href":"https:\/\/ecostera.com\/dk\/wp-json\/wp\/v2\/types\/product"}],"replies":[{"embeddable":true,"href":"https:\/\/ecostera.com\/dk\/wp-json\/wp\/v2\/comments?post=28779"}],"wp:featuredmedia":[{"embeddable":true,"href":"https:\/\/ecostera.com\/dk\/wp-json\/wp\/v2\/media\/28775"}],"wp:attachment":[{"href":"https:\/\/ecostera.com\/dk\/wp-json\/wp\/v2\/media?parent=28779"}],"wp:term":[{"taxonomy":"product_brand","embeddable":true,"href":"https:\/\/ecostera.com\/dk\/wp-json\/wp\/v2\/product_brand?post=28779"},{"taxonomy":"product_cat","embeddable":true,"href":"https:\/\/ecostera.com\/dk\/wp-json\/wp\/v2\/product_cat?post=28779"},{"taxonomy":"product_tag","embeddable":true,"href":"https:\/\/ecostera.com\/dk\/wp-json\/wp\/v2\/product_tag?post=28779"}],"curies":[{"name":"wp","href":"https:\/\/api.w.org\/{rel}","templated":true}]}}