{"id":2879,"date":"2025-07-16T04:00:00","date_gmt":"2025-07-16T04:00:00","guid":{"rendered":"https:\/\/ecostera.com\/dk\/product\/trekantet-braetspil\/"},"modified":"2025-07-16T04:00:08","modified_gmt":"2025-07-16T04:00:08","slug":"trekantet-braetspil","status":"publish","type":"product","link":"https:\/\/ecostera.com\/dk\/product\/trekantet-braetspil\/","title":{"rendered":"Trekantet br\u00e6tspil"},"content":{"rendered":"<h2 style=\"text-align: center\">Sp\u00e6ndende Strategi For Alle<\/h2>\n<p style=\"text-align: center\">Det trekantede br\u00e6tspil giver en engagerende strategioplevelse for b\u00e5de b\u00f8rn og voksne. Det er perfekt til familieaftener og opmuntrer til kritisk t\u00e6nkning og venlig konkurrence. Dets dynamiske gameplay sikrer timevis af sjov og underholdning for spillere i alle aldre.<\/p>\n<p><img decoding=\"async\" class=\"alignnone size-medium wp-image-8010 aligncenter\" src=\"https:\/\/keluvo.com\/template\/wp-content\/uploads\/sites\/5\/2025\/01\/S59e6732e57274ad581a1c4d126fb77f6U.jpg_960x960q75.jpg_.jpeg\" \/><\/p>\n<h2 style=\"text-align: center\">Kompakt Og Rejsevenligt<\/h2>\n<p style=\"text-align: center\">Pakket i en let plastikpose er det trekantede br\u00e6tspil nemt at b\u00e6re og opbevare. Det kompakte design g\u00f8r det til et godt valg til spilleaftener derhjemme eller p\u00e5 rejsen. Nyd sp\u00e6ndingen ved et strategispil, uanset hvor du er.<\/p>\n<p><img decoding=\"async\" class=\"alignnone size-medium wp-image-8009 aligncenter\" src=\"https:\/\/keluvo.com\/template\/wp-content\/uploads\/sites\/5\/2025\/01\/S9ef6483a11974b4d90edb41c261a2e4aI.jpg_960x960q75.jpg_.jpeg\" \/><\/p>\n","protected":false},"excerpt":{"rendered":"<p>Sp\u00e6ndende Strategi For Alle Det trekantede br\u00e6tspil giver en engagerende strategioplevelse for b\u00e5de b\u00f8rn og voksne. Det er perfekt til [&hellip;]<\/p>\n","protected":false},"featured_media":2875,"comment_status":"open","ping_status":"closed","template":"","meta":{"site-sidebar-layout":"default","site-content-layout":"","ast-site-content-layout":"default","site-content-style":"default","site-sidebar-style":"default","ast-global-header-display":"","ast-banner-title-visibility":"","ast-main-header-display":"","ast-hfb-above-header-display":"","ast-hfb-below-header-display":"","ast-hfb-mobile-header-display":"","site-post-title":"","ast-breadcrumbs-content":"","ast-featured-img":"","footer-sml-layout":"","theme-transparent-header-meta":"default","adv-header-id-meta":"","stick-header-meta":"","header-above-stick-meta":"","header-main-stick-meta":"","header-below-stick-meta":"","astra-migrate-meta-layouts":"set","ast-page-background-enabled":"default","ast-page-background-meta":{"desktop":{"background-color":"var(--ast-global-color-5)","background-image":"","background-repeat":"repeat","background-position":"center center","background-size":"auto","background-attachment":"scroll","background-type":"","background-media":"","overlay-type":"","overlay-color":"","overlay-opacity":"","overlay-gradient":""},"tablet":{"background-color":"","background-image":"","background-repeat":"repeat","background-position":"center center","background-size":"auto","background-attachment":"scroll","background-type":"","background-media":"","overlay-type":"","overlay-color":"","overlay-opacity":"","overlay-gradient":""},"mobile":{"background-color":"","background-image":"","background-repeat":"repeat","background-position":"center center","background-size":"auto","background-attachment":"scroll","background-type":"","background-media":"","overlay-type":"","overlay-color":"","overlay-opacity":"","overlay-gradient":""}},"ast-content-background-meta":{"desktop":{"background-color":"var(--ast-global-color-4)","background-image":"","background-repeat":"repeat","background-position":"center center","background-size":"auto","background-attachment":"scroll","background-type":"","background-media":"","overlay-type":"","overlay-color":"","overlay-opacity":"","overlay-gradient":""},"tablet":{"background-color":"var(--ast-global-color-4)","background-image":"","background-repeat":"repeat","background-position":"center center","background-size":"auto","background-attachment":"scroll","background-type":"","background-media":"","overlay-type":"","overlay-color":"","overlay-opacity":"","overlay-gradient":""},"mobile":{"background-color":"var(--ast-global-color-4)","background-image":"","background-repeat":"repeat","background-position":"center center","background-size":"auto","background-attachment":"scroll","background-type":"","background-media":"","overlay-type":"","overlay-color":"","overlay-opacity":"","overlay-gradient":""}}},"product_brand":[],"product_cat":[19],"product_tag":[],"class_list":{"0":"post-2879","1":"product","2":"type-product","3":"status-publish","4":"has-post-thumbnail","6":"product_cat-uncategorized","7":"pa_45509_7t38rl3x-17x15-cm","8":"pa_45509_7t38rl3x-23x21-cm","9":"pa_45509_7t38rl3x-28x25-cm","10":"desktop-align-left","11":"tablet-align-left","12":"mobile-align-left","14":"first","15":"instock","16":"shipping-taxable","17":"purchasable","18":"product-type-variable"},"_links":{"self":[{"href":"https:\/\/ecostera.com\/dk\/wp-json\/wp\/v2\/product\/2879","targetHints":{"allow":["GET"]}}],"collection":[{"href":"https:\/\/ecostera.com\/dk\/wp-json\/wp\/v2\/product"}],"about":[{"href":"https:\/\/ecostera.com\/dk\/wp-json\/wp\/v2\/types\/product"}],"replies":[{"embeddable":true,"href":"https:\/\/ecostera.com\/dk\/wp-json\/wp\/v2\/comments?post=2879"}],"wp:featuredmedia":[{"embeddable":true,"href":"https:\/\/ecostera.com\/dk\/wp-json\/wp\/v2\/media\/2875"}],"wp:attachment":[{"href":"https:\/\/ecostera.com\/dk\/wp-json\/wp\/v2\/media?parent=2879"}],"wp:term":[{"taxonomy":"product_brand","embeddable":true,"href":"https:\/\/ecostera.com\/dk\/wp-json\/wp\/v2\/product_brand?post=2879"},{"taxonomy":"product_cat","embeddable":true,"href":"https:\/\/ecostera.com\/dk\/wp-json\/wp\/v2\/product_cat?post=2879"},{"taxonomy":"product_tag","embeddable":true,"href":"https:\/\/ecostera.com\/dk\/wp-json\/wp\/v2\/product_tag?post=2879"}],"curies":[{"name":"wp","href":"https:\/\/api.w.org\/{rel}","templated":true}]}}