{"id":28798,"date":"2025-10-13T17:04:22","date_gmt":"2025-10-13T14:04:22","guid":{"rendered":"https:\/\/ecostera.com\/dk\/product\/flash-kort-112-kort\/"},"modified":"2025-10-20T16:04:21","modified_gmt":"2025-10-20T13:04:21","slug":"flash-kort-112-kort","status":"publish","type":"product","link":"https:\/\/ecostera.com\/dk\/product\/flash-kort-112-kort\/","title":{"rendered":"Flash-kort (112 kort)"},"content":{"rendered":"<p style=\"text-align: center\" data-start=\"123\" data-end=\"180\"><strong>G\u00f8r l\u00e6ring sjov og interaktiv for dit barn \ud83c\udf93\u2728<\/strong><\/p>\n<p style=\"text-align: center\" data-start=\"181\" data-end=\"414\">Disse talende flash cards hj\u00e6lper b\u00f8rn med at l\u00e6re ord, lyde og objekter p\u00e5 en sjov og engagerende m\u00e5de. Med 112 dobbeltsidede kort og 224 emner er det det perfekte v\u00e6rkt\u00f8j til at st\u00f8tte den tidlige indl\u00e6ring og \u00f8ge ordforr\u00e5det for b\u00f8rn under 6 \u00e5r.<\/p>\n<p data-start=\"181\" data-end=\"414\"><img decoding=\"async\" class=\"size-full wp-image-36597 aligncenter\" src=\"https:\/\/keluvo.com\/template\/wp-content\/uploads\/sites\/5\/2025\/10\/10029-ezgif.com-video-to-webp-converter.webp\" alt=\"\" \/><\/p>\n<h2 style=\"text-align: center\" data-start=\"416\" data-end=\"437\">Hovedfordele \u2705<\/h2>\n<p data-start=\"440\" data-end=\"534\">\ud83e\udde0 Tidlig l\u00e6ring gjort let &#8211; hj\u00e6lper sm\u00e5b\u00f8rn med at genkende dyr, mad, farver og meget mere<\/p>\n<p data-start=\"440\" data-end=\"534\">\ud83d\udd0a Interaktiv l\u00e6ring &#8211; inds\u00e6t blot et kort for at h\u00f8re ord og lyde<\/p>\n<p data-start=\"440\" data-end=\"534\">\ud83d\udc3e Bredt udvalg af emner &#8211; 224 kategorier, herunder dyr, frugt, t\u00f8j, former og meget mere<\/p>\n<p data-start=\"440\" data-end=\"534\">\ud83d\udd0b Genopladelig &amp; b\u00e6rbar &#8211; indbygget 380 mAh batteri med USB-opladning<\/p>\n<p data-start=\"440\" data-end=\"534\">\ud83c\udfae Ingen ops\u00e6tning n\u00f8dvendig &#8211; fungerer med det samme, ingen Wi-Fi eller Bluetooth p\u00e5kr\u00e6vet<\/p>\n<p data-start=\"440\" data-end=\"534\">\ud83d\udc76 Sikker og holdbar &#8211; designet til sm\u00e5 h\u00e6nder med glatte kanter og st\u00e6rke materialer<\/p>\n<p data-start=\"875\" data-end=\"965\"><img decoding=\"async\" class=\"size-full wp-image-36594 aligncenter\" src=\"https:\/\/keluvo.com\/template\/wp-content\/uploads\/sites\/5\/2025\/10\/S7e71f4d80cf840daa42ba0a64d5ab5f4x.jpg_960x960q75.jpg_.avif\" alt=\"\" \/><\/p>\n<h2 style=\"text-align: center\" data-start=\"967\" data-end=\"987\">S\u00e5dan bruges den\ud83d\udee0\ufe0f<\/h2>\n<ol data-start=\"988\" data-end=\"1241\">\n<li data-start=\"988\" data-end=\"1040\">Oplad enheden ved hj\u00e6lp af det medf\u00f8lgende USB-kabel.<\/li>\n<li data-start=\"988\" data-end=\"1040\">S\u00e6t et flash-kort i \u00e5bningen.<\/li>\n<li data-start=\"988\" data-end=\"1040\">Enheden vil automatisk l\u00e6se og udtale ordet eller lyden.<\/li>\n<li data-start=\"988\" data-end=\"1040\">Forts\u00e6t med at bytte kort for at udforske forskellige kategorier og l\u00e6re interaktivt.<\/li>\n<\/ol>\n<h2 style=\"text-align: center\" data-start=\"1243\" data-end=\"1267\">Produktdetaljer \u2139\ufe0f<\/h2>\n<ul data-start=\"1268\" data-end=\"1738\">\n<li data-start=\"1268\" data-end=\"1326\">Alder: Velegnet til b\u00f8rn under 6 \u00e5r<\/li>\n<li data-start=\"1268\" data-end=\"1326\">Antal kort: 112 kort (224 l\u00e6ringsemner i alt)<\/li>\n<li data-start=\"1268\" data-end=\"1326\">Kategorierne omfatter: 56 dyr, 25 k\u00f8ret\u00f8jer, 31 genstande, 21 f\u00f8devarer, 18 frugter, 17 gr\u00f8ntsager, 16 t\u00f8j, 10 natur, 9 farver, 8 tegn, 8 job, 5 former<\/li>\n<li data-start=\"1268\" data-end=\"1326\">Batteri: Indbygget 380mAh genopladeligt batteri<\/li>\n<li data-start=\"1268\" data-end=\"1326\">Opladning: USB-opladning<\/li>\n<li data-start=\"1268\" data-end=\"1326\">Forbindelse: Kr\u00e6ver ikke internet eller Bluetooth<\/li>\n<li data-start=\"1268\" data-end=\"1326\">St\u00f8rrelse: 10 x 8,6 cm<\/li>\n<\/ul>\n<h2 style=\"text-align: center\" data-start=\"1740\" data-end=\"1765\">Pakken indeholder \ud83d\udce6<\/h2>\n<ul data-start=\"1766\" data-end=\"1862\">\n<li data-start=\"1766\" data-end=\"1800\">1x flash-kort l\u00e6ringsenhed<\/li>\n<li data-start=\"1766\" data-end=\"1800\">112x dobbeltsidede flash-kort<\/li>\n<li data-start=\"1766\" data-end=\"1800\">1x USB-opladerkabel.<\/li>\n<\/ul>\n","protected":false},"excerpt":{"rendered":"<p>G\u00f8r l\u00e6ring sjov og interaktiv for dit barn \ud83c\udf93\u2728 Disse talende flash cards hj\u00e6lper b\u00f8rn med at l\u00e6re ord, lyde [&hellip;]<\/p>\n","protected":false},"featured_media":28794,"comment_status":"open","ping_status":"closed","template":"","meta":{"site-sidebar-layout":"default","site-content-layout":"","ast-site-content-layout":"default","site-content-style":"default","site-sidebar-style":"default","ast-global-header-display":"","ast-banner-title-visibility":"","ast-main-header-display":"","ast-hfb-above-header-display":"","ast-hfb-below-header-display":"","ast-hfb-mobile-header-display":"","site-post-title":"","ast-breadcrumbs-content":"","ast-featured-img":"","footer-sml-layout":"","theme-transparent-header-meta":"default","adv-header-id-meta":"","stick-header-meta":"","header-above-stick-meta":"","header-main-stick-meta":"","header-below-stick-meta":"","astra-migrate-meta-layouts":"set","ast-page-background-enabled":"default","ast-page-background-meta":{"desktop":{"background-color":"var(--ast-global-color-5)","background-image":"","background-repeat":"repeat","background-position":"center center","background-size":"auto","background-attachment":"scroll","background-type":"","background-media":"","overlay-type":"","overlay-color":"","overlay-opacity":"","overlay-gradient":""},"tablet":{"background-color":"","background-image":"","background-repeat":"repeat","background-position":"center center","background-size":"auto","background-attachment":"scroll","background-type":"","background-media":"","overlay-type":"","overlay-color":"","overlay-opacity":"","overlay-gradient":""},"mobile":{"background-color":"","background-image":"","background-repeat":"repeat","background-position":"center center","background-size":"auto","background-attachment":"scroll","background-type":"","background-media":"","overlay-type":"","overlay-color":"","overlay-opacity":"","overlay-gradient":""}},"ast-content-background-meta":{"desktop":{"background-color":"var(--ast-global-color-4)","background-image":"","background-repeat":"repeat","background-position":"center center","background-size":"auto","background-attachment":"scroll","background-type":"","background-media":"","overlay-type":"","overlay-color":"","overlay-opacity":"","overlay-gradient":""},"tablet":{"background-color":"var(--ast-global-color-4)","background-image":"","background-repeat":"repeat","background-position":"center center","background-size":"auto","background-attachment":"scroll","background-type":"","background-media":"","overlay-type":"","overlay-color":"","overlay-opacity":"","overlay-gradient":""},"mobile":{"background-color":"var(--ast-global-color-4)","background-image":"","background-repeat":"repeat","background-position":"center center","background-size":"auto","background-attachment":"scroll","background-type":"","background-media":"","overlay-type":"","overlay-color":"","overlay-opacity":"","overlay-gradient":""}}},"product_brand":[],"product_cat":[19],"product_tag":[],"class_list":{"0":"post-28798","1":"product","2":"type-product","3":"status-publish","4":"has-post-thumbnail","6":"product_cat-uncategorized","7":"pa_33505_jmp7eqje-blaa","8":"pa_33505_jmp7eqje-lyseroed","9":"desktop-align-left","10":"tablet-align-left","11":"mobile-align-left","13":"first","14":"instock","15":"shipping-taxable","16":"purchasable","17":"product-type-variable"},"_links":{"self":[{"href":"https:\/\/ecostera.com\/dk\/wp-json\/wp\/v2\/product\/28798","targetHints":{"allow":["GET"]}}],"collection":[{"href":"https:\/\/ecostera.com\/dk\/wp-json\/wp\/v2\/product"}],"about":[{"href":"https:\/\/ecostera.com\/dk\/wp-json\/wp\/v2\/types\/product"}],"replies":[{"embeddable":true,"href":"https:\/\/ecostera.com\/dk\/wp-json\/wp\/v2\/comments?post=28798"}],"wp:featuredmedia":[{"embeddable":true,"href":"https:\/\/ecostera.com\/dk\/wp-json\/wp\/v2\/media\/28794"}],"wp:attachment":[{"href":"https:\/\/ecostera.com\/dk\/wp-json\/wp\/v2\/media?parent=28798"}],"wp:term":[{"taxonomy":"product_brand","embeddable":true,"href":"https:\/\/ecostera.com\/dk\/wp-json\/wp\/v2\/product_brand?post=28798"},{"taxonomy":"product_cat","embeddable":true,"href":"https:\/\/ecostera.com\/dk\/wp-json\/wp\/v2\/product_cat?post=28798"},{"taxonomy":"product_tag","embeddable":true,"href":"https:\/\/ecostera.com\/dk\/wp-json\/wp\/v2\/product_tag?post=28798"}],"curies":[{"name":"wp","href":"https:\/\/api.w.org\/{rel}","templated":true}]}}