{"id":28851,"date":"2025-10-13T17:10:15","date_gmt":"2025-10-13T14:10:15","guid":{"rendered":"https:\/\/ecostera.com\/dk\/product\/dispenser-til-hundelorteposer-2-stk\/"},"modified":"2025-10-16T17:27:44","modified_gmt":"2025-10-16T14:27:44","slug":"dispenser-til-hundelorteposer-2-stk","status":"publish","type":"product","link":"https:\/\/ecostera.com\/dk\/product\/dispenser-til-hundelorteposer-2-stk\/","title":{"rendered":"Dispenser til hundeposer (2 stk.)"},"content":{"rendered":"<p style=\"text-align: center\" data-start=\"148\" data-end=\"220\"><strong>G\u00f8r g\u00e5turene renere og nemmere med denne praktiske hundeposedispenser \ud83d\udc36\ud83d\udca9<\/strong><\/p>\n<p style=\"text-align: center\" data-start=\"221\" data-end=\"472\">Hold dit nabolag rent og dine h\u00e6nder fri for snavs med denne praktiske hundeposedispenser. Den er kompakt, stilfuld og nem at b\u00e6re og er den perfekte l\u00f8sning for k\u00e6ledyrsejere, der \u00f8nsker en hurtig og hygiejnisk m\u00e5de at rydde op efter deres pelsede venner.<\/p>\n<p data-start=\"221\" data-end=\"472\"><img decoding=\"async\" class=\"size-full wp-image-36647 aligncenter\" src=\"https:\/\/keluvo.com\/template\/wp-content\/uploads\/sites\/5\/2025\/10\/Sfb14eef962864cb1923fe43d77cde768A.jpg_960x960q75.jpg_.avif\" alt=\"\" \/><\/p>\n<h2 style=\"text-align: center\" data-start=\"474\" data-end=\"495\">Vigtigste fordele \u2705<\/h2>\n<p data-start=\"498\" data-end=\"586\">\ud83d\udc3e Let at b\u00e6re &#8211; lille og let design, der kan klipses fast p\u00e5 din snor eller taske<\/p>\n<p data-start=\"498\" data-end=\"586\">\ud83d\udcbc Stilfuld &amp; praktisk &#8211; fremstillet af ABS-materiale af h\u00f8j kvalitet med en glat, behagelig fornemmelse<\/p>\n<p data-start=\"498\" data-end=\"586\">\ud83d\udd04 Hurtig adgang &#8211; tr\u00e6k nemt en pose ud ad gangen, n\u00e5r du har mest brug for det<\/p>\n<p data-start=\"498\" data-end=\"586\">\ud83d\udc15 Praktisk oprydning &#8211; du kan altid l\u00e6gge nye poser i<\/p>\n<p data-start=\"498\" data-end=\"586\">\ud83c\udf81 Perfekt gave til k\u00e6ledyrsejere &#8211; fantastisk til venner eller familie, der elsker deres k\u00e6ledyr<\/p>\n<p data-start=\"863\" data-end=\"949\"><img decoding=\"async\" class=\"size-full wp-image-36643 aligncenter\" src=\"https:\/\/keluvo.com\/template\/wp-content\/uploads\/sites\/5\/2025\/10\/Se0501c7cefaf44169b25b2429d8b0728A.jpg_960x960q75.jpg_.jpg\" alt=\"\" \/><\/p>\n<h2 style=\"text-align: center\" data-start=\"951\" data-end=\"971\">S\u00e5dan bruges den \ud83d\udee0\ufe0f<\/h2>\n<ol data-start=\"972\" data-end=\"1258\">\n<li data-start=\"972\" data-end=\"1032\">\u00c5bn dispenseren, og s\u00e6t rullen med hundeposer ind.<\/li>\n<li data-start=\"972\" data-end=\"1032\">Tr\u00e6k den f\u00f8rste pose gennem \u00e5bningen for nem adgang.<\/li>\n<li data-start=\"972\" data-end=\"1032\">Brug krogen til at fastg\u00f8re dispenseren til din snor, taske eller b\u00e6ltestrop.<\/li>\n<li data-start=\"972\" data-end=\"1032\">N\u00e5r det er n\u00f8dvendigt, tr\u00e6kker du en pose ud, samler affaldet op, binder det og bortskaffer det korrekt.<\/li>\n<\/ol>\n<h2 style=\"text-align: center\" data-start=\"1260\" data-end=\"1284\">Produktoplysninger \u2139\ufe0f<\/h2>\n<ul data-start=\"1285\" data-end=\"1532\">\n<li data-start=\"1285\" data-end=\"1314\">Material: ABS-plast<\/li>\n<li data-start=\"1285\" data-end=\"1314\">Farve: Som vist p\u00e5 billederne (tilf\u00e6ldig posefarve medf\u00f8lger)<\/li>\n<li data-start=\"1285\" data-end=\"1314\">St\u00f8rrelse: 4,3 x 4,3 x 8,4 cm<\/li>\n<li data-start=\"1285\" data-end=\"1314\">Design: Kompakt, stilfuld og holdbar<\/li>\n<li data-start=\"1285\" data-end=\"1314\">Krogtype: Let at h\u00e6nge p\u00e5 snore eller poser<\/li>\n<\/ul>\n<h2 style=\"text-align: center\" data-start=\"1534\" data-end=\"1559\">Pakken indeholder \ud83d\udce6<\/h2>\n<ul data-start=\"1560\" data-end=\"1628\">\n<li data-start=\"1560\" data-end=\"1590\">2x hundeposedispensere<\/li>\n<li data-start=\"1560\" data-end=\"1590\">30x hundeposer (tilf\u00e6ldig farve).<\/li>\n<\/ul>\n","protected":false},"excerpt":{"rendered":"<p>G\u00f8r g\u00e5turene renere og nemmere med denne praktiske hundeposedispenser \ud83d\udc36\ud83d\udca9 Hold dit nabolag rent og dine h\u00e6nder fri for snavs [&hellip;]<\/p>\n","protected":false},"featured_media":28847,"comment_status":"open","ping_status":"closed","template":"","meta":{"site-sidebar-layout":"default","site-content-layout":"","ast-site-content-layout":"default","site-content-style":"default","site-sidebar-style":"default","ast-global-header-display":"","ast-banner-title-visibility":"","ast-main-header-display":"","ast-hfb-above-header-display":"","ast-hfb-below-header-display":"","ast-hfb-mobile-header-display":"","site-post-title":"","ast-breadcrumbs-content":"","ast-featured-img":"","footer-sml-layout":"","theme-transparent-header-meta":"default","adv-header-id-meta":"","stick-header-meta":"","header-above-stick-meta":"","header-main-stick-meta":"","header-below-stick-meta":"","astra-migrate-meta-layouts":"set","ast-page-background-enabled":"default","ast-page-background-meta":{"desktop":{"background-color":"var(--ast-global-color-5)","background-image":"","background-repeat":"repeat","background-position":"center center","background-size":"auto","background-attachment":"scroll","background-type":"","background-media":"","overlay-type":"","overlay-color":"","overlay-opacity":"","overlay-gradient":""},"tablet":{"background-color":"","background-image":"","background-repeat":"repeat","background-position":"center center","background-size":"auto","background-attachment":"scroll","background-type":"","background-media":"","overlay-type":"","overlay-color":"","overlay-opacity":"","overlay-gradient":""},"mobile":{"background-color":"","background-image":"","background-repeat":"repeat","background-position":"center center","background-size":"auto","background-attachment":"scroll","background-type":"","background-media":"","overlay-type":"","overlay-color":"","overlay-opacity":"","overlay-gradient":""}},"ast-content-background-meta":{"desktop":{"background-color":"var(--ast-global-color-4)","background-image":"","background-repeat":"repeat","background-position":"center center","background-size":"auto","background-attachment":"scroll","background-type":"","background-media":"","overlay-type":"","overlay-color":"","overlay-opacity":"","overlay-gradient":""},"tablet":{"background-color":"var(--ast-global-color-4)","background-image":"","background-repeat":"repeat","background-position":"center center","background-size":"auto","background-attachment":"scroll","background-type":"","background-media":"","overlay-type":"","overlay-color":"","overlay-opacity":"","overlay-gradient":""},"mobile":{"background-color":"var(--ast-global-color-4)","background-image":"","background-repeat":"repeat","background-position":"center center","background-size":"auto","background-attachment":"scroll","background-type":"","background-media":"","overlay-type":"","overlay-color":"","overlay-opacity":"","overlay-gradient":""}}},"product_brand":[],"product_cat":[19],"product_tag":[],"class_list":{"0":"post-28851","1":"product","2":"type-product","3":"status-publish","4":"has-post-thumbnail","6":"product_cat-uncategorized","7":"pa_34677_xmi6u83u-blaa-hvid","8":"pa_34677_xmi6u83u-graabrun","9":"pa_34677_xmi6u83u-groen-hvid","10":"pa_34677_xmi6u83u-lyseroed-blaa","11":"pa_34677_xmi6u83u-lyseroed-hvid","12":"desktop-align-left","13":"tablet-align-left","14":"mobile-align-left","16":"first","17":"instock","18":"shipping-taxable","19":"purchasable","20":"product-type-variable"},"_links":{"self":[{"href":"https:\/\/ecostera.com\/dk\/wp-json\/wp\/v2\/product\/28851","targetHints":{"allow":["GET"]}}],"collection":[{"href":"https:\/\/ecostera.com\/dk\/wp-json\/wp\/v2\/product"}],"about":[{"href":"https:\/\/ecostera.com\/dk\/wp-json\/wp\/v2\/types\/product"}],"replies":[{"embeddable":true,"href":"https:\/\/ecostera.com\/dk\/wp-json\/wp\/v2\/comments?post=28851"}],"wp:featuredmedia":[{"embeddable":true,"href":"https:\/\/ecostera.com\/dk\/wp-json\/wp\/v2\/media\/28847"}],"wp:attachment":[{"href":"https:\/\/ecostera.com\/dk\/wp-json\/wp\/v2\/media?parent=28851"}],"wp:term":[{"taxonomy":"product_brand","embeddable":true,"href":"https:\/\/ecostera.com\/dk\/wp-json\/wp\/v2\/product_brand?post=28851"},{"taxonomy":"product_cat","embeddable":true,"href":"https:\/\/ecostera.com\/dk\/wp-json\/wp\/v2\/product_cat?post=28851"},{"taxonomy":"product_tag","embeddable":true,"href":"https:\/\/ecostera.com\/dk\/wp-json\/wp\/v2\/product_tag?post=28851"}],"curies":[{"name":"wp","href":"https:\/\/api.w.org\/{rel}","templated":true}]}}