{"id":28908,"date":"2025-10-13T17:16:47","date_gmt":"2025-10-13T14:16:47","guid":{"rendered":"https:\/\/ecostera.com\/dk\/product\/kit-til-diamantmaling\/"},"modified":"2025-10-20T16:04:51","modified_gmt":"2025-10-20T13:04:51","slug":"kit-til-diamantmaling","status":"publish","type":"product","link":"https:\/\/ecostera.com\/dk\/product\/kit-til-diamantmaling\/","title":{"rendered":"Kit til diamantmaling"},"content":{"rendered":"<p style=\"text-align: center\" data-start=\"90\" data-end=\"121\"><strong>S\u00f8de 3D-Diamantmaleri-Klisterm\u00e6rker, tilf\u00f8j farve og sjov til dit barns verden \ud83c\udfa8\u2728<\/strong><\/p>\n<p style=\"text-align: center\" data-start=\"90\" data-end=\"121\">Disse yndige 3D-diamantmaleri-klisterm\u00e6rker lader b\u00f8rn dekorere, skabe og lege, mens de forbedrer deres kreativitet og fokus &#8211; perfekt til hjemmet, skolen eller rejsen!<\/p>\n<p data-start=\"90\" data-end=\"121\"><img decoding=\"async\" class=\"size-full wp-image-36696 aligncenter\" src=\"https:\/\/keluvo.com\/template\/wp-content\/uploads\/sites\/5\/2025\/10\/0b32e5e71106be179562433fae4f8450df41c4ed822a69ab7b7e43d29c1dd22f.webp\" alt=\"\" \/><\/p>\n<h2 style=\"text-align: center\" data-start=\"324\" data-end=\"346\">Vigtigste fordele \ud83c\udf08<\/h2>\n<p data-start=\"349\" data-end=\"420\">\ud83e\udd84 Sjov og kreativ leg &#8211; b\u00f8rn kan blande og matche endel\u00f8se designs<\/p>\n<p data-start=\"349\" data-end=\"420\">\ud83d\udc76 Sikker og genanvendelig &#8211; lavet af bl\u00f8dt, ikke-giftigt gelemateriale<\/p>\n<p data-start=\"349\" data-end=\"420\">\ud83c\udfe0 Kl\u00e6ber overalt &#8211; vinduer, k\u00f8leskabe, v\u00e6gge, borde, og meget mere<\/p>\n<p data-start=\"349\" data-end=\"420\">\ud83d\ude97 Perfekt til rejser &#8211; holder sm\u00e5 h\u00e6nder besk\u00e6ftiget og hjernen i gang<\/p>\n<p data-start=\"349\" data-end=\"420\">\ud83c\udf81 Ideel gaveid\u00e9 &#8211; god overraskelse til f\u00f8dselsdage, fester eller ferier<\/p>\n<p data-start=\"638\" data-end=\"715\"><img fetchpriority=\"high\" decoding=\"async\" class=\"size-full wp-image-36695 aligncenter\" src=\"https:\/\/keluvo.com\/template\/wp-content\/uploads\/sites\/5\/2025\/10\/ad886ce54bb726a0e704c493a05b113d2b877326f3e0d85b6f81d2a0749969c1.webp\" alt=\"\" width=\"480\" height=\"480\" \/><\/p>\n<h2 style=\"text-align: center\" data-start=\"722\" data-end=\"742\">S\u00e5dan bruges den \ud83d\udee0\ufe0f<\/h2>\n<ol data-start=\"743\" data-end=\"908\">\n<li data-start=\"743\" data-end=\"793\">V\u00e6lg dine yndlingsklisterm\u00e6rker fra arket.<\/li>\n<li data-start=\"743\" data-end=\"793\">Tr\u00e6k dem forsigtigt af og s\u00e6t dem p\u00e5 en hvilken som helst glat overflade.<\/li>\n<li data-start=\"743\" data-end=\"793\">Flyt, fjern og genbrug n\u00e5r som helst &#8211; intet rod, ingen rester!<\/li>\n<\/ol>\n<h2 style=\"text-align: center\" data-start=\"915\" data-end=\"939\">Produktdetaljer \ud83d\udccf<\/h2>\n<ul>\n<li>Antal: 18-25 klisterm\u00e6rker pr. pakke (varierer efter stilart)<\/li>\n<li>Material: Milj\u00f8venlig harpiks<\/li>\n<li>Stilarter: Enhj\u00f8rning (23), Havet (21), Alpaca (20), Dinosaure (18), Himlen (20), Haven (25)<\/li>\n<li>Egnet for: b\u00f8rn i alderen 5+<\/li>\n<\/ul>\n<h2 style=\"text-align: center\" data-start=\"1154\" data-end=\"1179\">Pakken indeholder \ud83d\udce6<\/h2>\n<ul data-start=\"1180\" data-end=\"1236\">\n<li data-start=\"1180\" data-end=\"1236\">\n<p data-start=\"1182\" data-end=\"1236\">1x diamantmalekit (dit valgte tema).<\/p>\n<\/li>\n<\/ul>\n","protected":false},"excerpt":{"rendered":"<p>S\u00f8de 3D-Diamantmaleri-Klisterm\u00e6rker, tilf\u00f8j farve og sjov til dit barns verden \ud83c\udfa8\u2728 Disse yndige 3D-diamantmaleri-klisterm\u00e6rker lader b\u00f8rn dekorere, skabe og lege, [&hellip;]<\/p>\n","protected":false},"featured_media":28904,"comment_status":"open","ping_status":"closed","template":"","meta":{"site-sidebar-layout":"default","site-content-layout":"","ast-site-content-layout":"default","site-content-style":"default","site-sidebar-style":"default","ast-global-header-display":"","ast-banner-title-visibility":"","ast-main-header-display":"","ast-hfb-above-header-display":"","ast-hfb-below-header-display":"","ast-hfb-mobile-header-display":"","site-post-title":"","ast-breadcrumbs-content":"","ast-featured-img":"","footer-sml-layout":"","theme-transparent-header-meta":"default","adv-header-id-meta":"","stick-header-meta":"","header-above-stick-meta":"","header-main-stick-meta":"","header-below-stick-meta":"","astra-migrate-meta-layouts":"set","ast-page-background-enabled":"default","ast-page-background-meta":{"desktop":{"background-color":"var(--ast-global-color-5)","background-image":"","background-repeat":"repeat","background-position":"center center","background-size":"auto","background-attachment":"scroll","background-type":"","background-media":"","overlay-type":"","overlay-color":"","overlay-opacity":"","overlay-gradient":""},"tablet":{"background-color":"","background-image":"","background-repeat":"repeat","background-position":"center center","background-size":"auto","background-attachment":"scroll","background-type":"","background-media":"","overlay-type":"","overlay-color":"","overlay-opacity":"","overlay-gradient":""},"mobile":{"background-color":"","background-image":"","background-repeat":"repeat","background-position":"center center","background-size":"auto","background-attachment":"scroll","background-type":"","background-media":"","overlay-type":"","overlay-color":"","overlay-opacity":"","overlay-gradient":""}},"ast-content-background-meta":{"desktop":{"background-color":"var(--ast-global-color-4)","background-image":"","background-repeat":"repeat","background-position":"center center","background-size":"auto","background-attachment":"scroll","background-type":"","background-media":"","overlay-type":"","overlay-color":"","overlay-opacity":"","overlay-gradient":""},"tablet":{"background-color":"var(--ast-global-color-4)","background-image":"","background-repeat":"repeat","background-position":"center center","background-size":"auto","background-attachment":"scroll","background-type":"","background-media":"","overlay-type":"","overlay-color":"","overlay-opacity":"","overlay-gradient":""},"mobile":{"background-color":"var(--ast-global-color-4)","background-image":"","background-repeat":"repeat","background-position":"center center","background-size":"auto","background-attachment":"scroll","background-type":"","background-media":"","overlay-type":"","overlay-color":"","overlay-opacity":"","overlay-gradient":""}}},"product_brand":[],"product_cat":[19],"product_tag":[],"class_list":{"0":"post-28908","1":"product","2":"type-product","3":"status-publish","4":"has-post-thumbnail","6":"product_cat-uncategorized","7":"pa_36517_8j1k25av-alpaka","8":"pa_36517_8j1k25av-dinosaurer","9":"pa_36517_8j1k25av-enhjoerning","10":"pa_36517_8j1k25av-firmament","11":"pa_36517_8j1k25av-have","12":"pa_36517_8j1k25av-havet","13":"desktop-align-left","14":"tablet-align-left","15":"mobile-align-left","17":"first","18":"instock","19":"shipping-taxable","20":"purchasable","21":"product-type-variable"},"_links":{"self":[{"href":"https:\/\/ecostera.com\/dk\/wp-json\/wp\/v2\/product\/28908","targetHints":{"allow":["GET"]}}],"collection":[{"href":"https:\/\/ecostera.com\/dk\/wp-json\/wp\/v2\/product"}],"about":[{"href":"https:\/\/ecostera.com\/dk\/wp-json\/wp\/v2\/types\/product"}],"replies":[{"embeddable":true,"href":"https:\/\/ecostera.com\/dk\/wp-json\/wp\/v2\/comments?post=28908"}],"wp:featuredmedia":[{"embeddable":true,"href":"https:\/\/ecostera.com\/dk\/wp-json\/wp\/v2\/media\/28904"}],"wp:attachment":[{"href":"https:\/\/ecostera.com\/dk\/wp-json\/wp\/v2\/media?parent=28908"}],"wp:term":[{"taxonomy":"product_brand","embeddable":true,"href":"https:\/\/ecostera.com\/dk\/wp-json\/wp\/v2\/product_brand?post=28908"},{"taxonomy":"product_cat","embeddable":true,"href":"https:\/\/ecostera.com\/dk\/wp-json\/wp\/v2\/product_cat?post=28908"},{"taxonomy":"product_tag","embeddable":true,"href":"https:\/\/ecostera.com\/dk\/wp-json\/wp\/v2\/product_tag?post=28908"}],"curies":[{"name":"wp","href":"https:\/\/api.w.org\/{rel}","templated":true}]}}