{"id":2895,"date":"2025-07-16T04:01:24","date_gmt":"2025-07-16T04:01:24","guid":{"rendered":"https:\/\/ecostera.com\/dk\/product\/hundesnor\/"},"modified":"2025-07-16T08:31:51","modified_gmt":"2025-07-16T08:31:51","slug":"hundesnor","status":"publish","type":"product","link":"https:\/\/ecostera.com\/dk\/product\/hundesnor\/","title":{"rendered":"Hundesnor"},"content":{"rendered":"<h2 style=\"text-align: center\">St\u00e6rkt Og Holdbart Design<\/h2>\n<p style=\"text-align: center\">Hundesnoren er lavet af materialer af h\u00f8j kvalitet, hvilket sikrer styrke og holdbarhed til daglig brug. Uanset om du g\u00e5r tur med en lille, mellemstor eller stor hund, kan denne snor h\u00e5ndtere kraftige tr\u00e6k og aktiv leg. Den er bygget til at holde og giver ro i sindet under hver g\u00e5tur.<\/p>\n<p><img decoding=\"async\" class=\"alignnone size-medium wp-image-8686 aligncenter\" src=\"https:\/\/keluvo.com\/template\/wp-content\/uploads\/sites\/5\/2025\/01\/Sf6c902a5ecd04a06aa39ec47f3fa2f3bH.jpg_960x960q75.jpg_.jpeg\" alt=\"\" \/><\/p>\n<h2 style=\"text-align: center\">Komfortabelt Og Sikkert Greb<\/h2>\n<p style=\"text-align: center\">Hundesnoren er designet med et ergonomisk h\u00e5ndtag, der giver et komfortabelt og fast greb. Denne funktion reducerer belastningen af h\u00e6nderne, selv under lange g\u00e5ture eller med energiske hunde. F\u00f8l dig i kontrol, mens du holder dit k\u00e6ledyr trygt og sikkert.<\/p>\n<p><img decoding=\"async\" class=\"alignnone size-medium wp-image-8685 aligncenter\" src=\"https:\/\/keluvo.com\/template\/wp-content\/uploads\/sites\/5\/2025\/01\/S0004882ca7f64ecb8b72d1c1615073707.jpg_960x960q75.jpg_.jpeg\" alt=\"\" \/><\/p>\n","protected":false},"excerpt":{"rendered":"<p>St\u00e6rkt Og Holdbart Design Hundesnoren er lavet af materialer af h\u00f8j kvalitet, hvilket sikrer styrke og holdbarhed til daglig brug. [&hellip;]<\/p>\n","protected":false},"featured_media":2891,"comment_status":"open","ping_status":"closed","template":"","meta":{"site-sidebar-layout":"default","site-content-layout":"","ast-site-content-layout":"default","site-content-style":"default","site-sidebar-style":"default","ast-global-header-display":"","ast-banner-title-visibility":"","ast-main-header-display":"","ast-hfb-above-header-display":"","ast-hfb-below-header-display":"","ast-hfb-mobile-header-display":"","site-post-title":"","ast-breadcrumbs-content":"","ast-featured-img":"","footer-sml-layout":"","theme-transparent-header-meta":"default","adv-header-id-meta":"","stick-header-meta":"","header-above-stick-meta":"","header-main-stick-meta":"","header-below-stick-meta":"","astra-migrate-meta-layouts":"set","ast-page-background-enabled":"default","ast-page-background-meta":{"desktop":{"background-color":"var(--ast-global-color-5)","background-image":"","background-repeat":"repeat","background-position":"center center","background-size":"auto","background-attachment":"scroll","background-type":"","background-media":"","overlay-type":"","overlay-color":"","overlay-opacity":"","overlay-gradient":""},"tablet":{"background-color":"","background-image":"","background-repeat":"repeat","background-position":"center center","background-size":"auto","background-attachment":"scroll","background-type":"","background-media":"","overlay-type":"","overlay-color":"","overlay-opacity":"","overlay-gradient":""},"mobile":{"background-color":"","background-image":"","background-repeat":"repeat","background-position":"center center","background-size":"auto","background-attachment":"scroll","background-type":"","background-media":"","overlay-type":"","overlay-color":"","overlay-opacity":"","overlay-gradient":""}},"ast-content-background-meta":{"desktop":{"background-color":"var(--ast-global-color-4)","background-image":"","background-repeat":"repeat","background-position":"center center","background-size":"auto","background-attachment":"scroll","background-type":"","background-media":"","overlay-type":"","overlay-color":"","overlay-opacity":"","overlay-gradient":""},"tablet":{"background-color":"var(--ast-global-color-4)","background-image":"","background-repeat":"repeat","background-position":"center center","background-size":"auto","background-attachment":"scroll","background-type":"","background-media":"","overlay-type":"","overlay-color":"","overlay-opacity":"","overlay-gradient":""},"mobile":{"background-color":"var(--ast-global-color-4)","background-image":"","background-repeat":"repeat","background-position":"center center","background-size":"auto","background-attachment":"scroll","background-type":"","background-media":"","overlay-type":"","overlay-color":"","overlay-opacity":"","overlay-gradient":""}}},"product_brand":[],"product_cat":[19],"product_tag":[],"class_list":{"0":"post-2895","1":"product","2":"type-product","3":"status-publish","4":"has-post-thumbnail","6":"product_cat-uncategorized","7":"pa_39535_2noc7h9d-1-5m","8":"pa_39535_2noc7h9d-2m","9":"pa_39535_2noc7h9d-3m","10":"pa_39535_5sevpwz9-blaa","11":"pa_39535_5sevpwz9-groen","12":"pa_39535_5sevpwz9-lilla","13":"pa_39535_5sevpwz9-lyseroed","14":"pa_39535_5sevpwz9-orange","15":"pa_39535_5sevpwz9-roed","16":"pa_39535_5sevpwz9-sort","17":"desktop-align-left","18":"tablet-align-left","19":"mobile-align-left","21":"first","22":"instock","23":"shipping-taxable","24":"purchasable","25":"product-type-variable","26":"has-default-attributes"},"_links":{"self":[{"href":"https:\/\/ecostera.com\/dk\/wp-json\/wp\/v2\/product\/2895","targetHints":{"allow":["GET"]}}],"collection":[{"href":"https:\/\/ecostera.com\/dk\/wp-json\/wp\/v2\/product"}],"about":[{"href":"https:\/\/ecostera.com\/dk\/wp-json\/wp\/v2\/types\/product"}],"replies":[{"embeddable":true,"href":"https:\/\/ecostera.com\/dk\/wp-json\/wp\/v2\/comments?post=2895"}],"wp:featuredmedia":[{"embeddable":true,"href":"https:\/\/ecostera.com\/dk\/wp-json\/wp\/v2\/media\/2891"}],"wp:attachment":[{"href":"https:\/\/ecostera.com\/dk\/wp-json\/wp\/v2\/media?parent=2895"}],"wp:term":[{"taxonomy":"product_brand","embeddable":true,"href":"https:\/\/ecostera.com\/dk\/wp-json\/wp\/v2\/product_brand?post=2895"},{"taxonomy":"product_cat","embeddable":true,"href":"https:\/\/ecostera.com\/dk\/wp-json\/wp\/v2\/product_cat?post=2895"},{"taxonomy":"product_tag","embeddable":true,"href":"https:\/\/ecostera.com\/dk\/wp-json\/wp\/v2\/product_tag?post=2895"}],"curies":[{"name":"wp","href":"https:\/\/api.w.org\/{rel}","templated":true}]}}