{"id":28979,"date":"2025-10-13T17:24:18","date_gmt":"2025-10-13T14:24:18","guid":{"rendered":"https:\/\/ecostera.com\/dk\/product\/afloebsroer\/"},"modified":"2025-10-16T17:46:22","modified_gmt":"2025-10-16T14:46:22","slug":"afloebsroer","status":"publish","type":"product","link":"https:\/\/ecostera.com\/dk\/product\/afloebsroer\/","title":{"rendered":"Afl\u00f8bsr\u00f8r"},"content":{"rendered":"<p style=\"text-align: center\" data-start=\"148\" data-end=\"205\"><strong>Hold dit badev\u00e6relse frisk og lugtfrit hver dag \ud83d\udebf\u2728<\/strong><\/p>\n<p style=\"text-align: center\" data-start=\"206\" data-end=\"410\">Sig farvel til ubehagelige lugte og tilstopninger med dette p\u00e5lidelige afl\u00f8bsr\u00f8r til h\u00e5ndvask. Det er designet til nem installation og langvarig brug og sikrer en j\u00e6vn vandgennemstr\u00f8mning og et rent, lugtfrit vaskemilj\u00f8.<\/p>\n<p data-start=\"206\" data-end=\"410\"><img decoding=\"async\" class=\"size-full wp-image-36723 aligncenter\" src=\"https:\/\/keluvo.com\/template\/wp-content\/uploads\/sites\/5\/2025\/10\/e37863606aba76c6234318952e043390.webp\" alt=\"\" \/><\/p>\n<h2 style=\"text-align: center\" data-start=\"412\" data-end=\"433\">Hovedfordele \u2705<\/h2>\n<p data-start=\"436\" data-end=\"510\">\ud83d\udca7 Forhindrer d\u00e5rlig lugt &#8211; holder dit badev\u00e6relse rent og friskt<\/p>\n<p data-start=\"436\" data-end=\"510\">\ud83e\uddf0 Let at installere &#8211; enkel ops\u00e6tning, intet v\u00e6rkt\u00f8j eller ekstra tilpasninger er n\u00f8dvendige<\/p>\n<p data-start=\"436\" data-end=\"510\">\ud83e\uddfc J\u00e6vn afl\u00f8b &#8211; sikrer hurtig og effektiv vandgennemstr\u00f8mning uden blokeringer<\/p>\n<p data-start=\"436\" data-end=\"510\">\ud83e\udde9 Universel pasform &#8211; kompatibel med de fleste h\u00e5ndvaske, inklusive v\u00e6g- og gulvafl\u00f8bssystemer<\/p>\n<p data-start=\"436\" data-end=\"510\">\ud83d\udd29 Holdbare materialer &#8211; fremstillet af rustfrit st\u00e5l og ABS for langvarig ydeevne<\/p>\n<p data-start=\"436\" data-end=\"510\">\ud83c\udfe0 Pladsbesparende design &#8211; kompakt og praktisk til ethvert badev\u00e6relse<\/p>\n<p data-start=\"863\" data-end=\"938\"><img decoding=\"async\" class=\"size-full wp-image-36722 aligncenter\" src=\"https:\/\/keluvo.com\/template\/wp-content\/uploads\/sites\/5\/2025\/10\/Sca3edd27806f44d2a83ac0355d4b2b75Q.jpg\" alt=\"\" \/><\/p>\n<h2 style=\"text-align: center\" data-start=\"940\" data-end=\"960\">S\u00e5dan bruges det \ud83d\udee0\ufe0f<\/h2>\n<ol data-start=\"961\" data-end=\"1205\">\n<li data-start=\"961\" data-end=\"1010\">Fjern dit gamle afl\u00f8bsarmatur fra vasken.<\/li>\n<li data-start=\"961\" data-end=\"1010\">S\u00e6t det nye afl\u00f8bsr\u00f8r til h\u00e5ndvasken ind i vaskens udl\u00f8b.<\/li>\n<li data-start=\"961\" data-end=\"1010\">Tilslut r\u00f8ret sikkert til afl\u00f8bsudl\u00f8bet.<\/li>\n<li data-start=\"961\" data-end=\"1010\">Kontroller, at det sidder godt fast, og test med rindende vand for at sikre et j\u00e6vnt afl\u00f8b.<\/li>\n<\/ol>\n<h2 style=\"text-align: center\" data-start=\"1207\" data-end=\"1231\">Produktoplysninger \u2139\ufe0f<\/h2>\n<ul data-start=\"1232\" data-end=\"1482\">\n<li data-start=\"1232\" data-end=\"1271\">Materiale: Rustfrit st\u00e5l + ABS<\/li>\n<li data-start=\"1232\" data-end=\"1271\">Muffest\u00f8rrelse: 32 mm<\/li>\n<li data-start=\"1232\" data-end=\"1271\">Tilpasset r\u00f8rdiameter: 40-50 mm<\/li>\n<li data-start=\"1232\" data-end=\"1271\">St\u00f8rrelse: 135 x 950 mm<\/li>\n<li data-start=\"1232\" data-end=\"1271\">Farve: Sort, hvid, gr\u00e5<\/li>\n<li data-start=\"1232\" data-end=\"1271\">Kompatibilitet: Velegnet til h\u00e5ndvaske med skillev\u00e6gge, skuffer, v\u00e6gafl\u00f8b eller gulvafl\u00f8b<\/li>\n<\/ul>\n<h2 style=\"text-align: center\" data-start=\"1484\" data-end=\"1509\">Pakken indeholder \ud83d\udce6<\/h2>\n<ul data-start=\"1510\" data-end=\"1537\">\n<li data-start=\"1510\" data-end=\"1537\">\n<p data-start=\"1512\" data-end=\"1537\">1, 2x afl\u00f8bsr\u00f8r.<\/p>\n<\/li>\n<\/ul>\n","protected":false},"excerpt":{"rendered":"<p>Hold dit badev\u00e6relse frisk og lugtfrit hver dag \ud83d\udebf\u2728 Sig farvel til ubehagelige lugte og tilstopninger med dette p\u00e5lidelige afl\u00f8bsr\u00f8r [&hellip;]<\/p>\n","protected":false},"featured_media":28975,"comment_status":"open","ping_status":"closed","template":"","meta":{"site-sidebar-layout":"default","site-content-layout":"","ast-site-content-layout":"default","site-content-style":"default","site-sidebar-style":"default","ast-global-header-display":"","ast-banner-title-visibility":"","ast-main-header-display":"","ast-hfb-above-header-display":"","ast-hfb-below-header-display":"","ast-hfb-mobile-header-display":"","site-post-title":"","ast-breadcrumbs-content":"","ast-featured-img":"","footer-sml-layout":"","theme-transparent-header-meta":"default","adv-header-id-meta":"","stick-header-meta":"","header-above-stick-meta":"","header-main-stick-meta":"","header-below-stick-meta":"","astra-migrate-meta-layouts":"set","ast-page-background-enabled":"default","ast-page-background-meta":{"desktop":{"background-color":"var(--ast-global-color-5)","background-image":"","background-repeat":"repeat","background-position":"center center","background-size":"auto","background-attachment":"scroll","background-type":"","background-media":"","overlay-type":"","overlay-color":"","overlay-opacity":"","overlay-gradient":""},"tablet":{"background-color":"","background-image":"","background-repeat":"repeat","background-position":"center center","background-size":"auto","background-attachment":"scroll","background-type":"","background-media":"","overlay-type":"","overlay-color":"","overlay-opacity":"","overlay-gradient":""},"mobile":{"background-color":"","background-image":"","background-repeat":"repeat","background-position":"center center","background-size":"auto","background-attachment":"scroll","background-type":"","background-media":"","overlay-type":"","overlay-color":"","overlay-opacity":"","overlay-gradient":""}},"ast-content-background-meta":{"desktop":{"background-color":"var(--ast-global-color-4)","background-image":"","background-repeat":"repeat","background-position":"center center","background-size":"auto","background-attachment":"scroll","background-type":"","background-media":"","overlay-type":"","overlay-color":"","overlay-opacity":"","overlay-gradient":""},"tablet":{"background-color":"var(--ast-global-color-4)","background-image":"","background-repeat":"repeat","background-position":"center center","background-size":"auto","background-attachment":"scroll","background-type":"","background-media":"","overlay-type":"","overlay-color":"","overlay-opacity":"","overlay-gradient":""},"mobile":{"background-color":"var(--ast-global-color-4)","background-image":"","background-repeat":"repeat","background-position":"center center","background-size":"auto","background-attachment":"scroll","background-type":"","background-media":"","overlay-type":"","overlay-color":"","overlay-opacity":"","overlay-gradient":""}}},"product_brand":[],"product_cat":[19],"product_tag":[],"class_list":{"0":"post-28979","1":"product","2":"type-product","3":"status-publish","4":"has-post-thumbnail","6":"product_cat-uncategorized","7":"pa_37275_bgskzpox-graa","8":"pa_37275_bgskzpox-hvid","9":"pa_37275_bgskzpox-sort","10":"pa_37275_znunbn89-1-stk","11":"pa_37275_znunbn89-2-stk","12":"desktop-align-left","13":"tablet-align-left","14":"mobile-align-left","16":"first","17":"instock","18":"shipping-taxable","19":"purchasable","20":"product-type-variable","21":"has-default-attributes"},"_links":{"self":[{"href":"https:\/\/ecostera.com\/dk\/wp-json\/wp\/v2\/product\/28979","targetHints":{"allow":["GET"]}}],"collection":[{"href":"https:\/\/ecostera.com\/dk\/wp-json\/wp\/v2\/product"}],"about":[{"href":"https:\/\/ecostera.com\/dk\/wp-json\/wp\/v2\/types\/product"}],"replies":[{"embeddable":true,"href":"https:\/\/ecostera.com\/dk\/wp-json\/wp\/v2\/comments?post=28979"}],"wp:featuredmedia":[{"embeddable":true,"href":"https:\/\/ecostera.com\/dk\/wp-json\/wp\/v2\/media\/28975"}],"wp:attachment":[{"href":"https:\/\/ecostera.com\/dk\/wp-json\/wp\/v2\/media?parent=28979"}],"wp:term":[{"taxonomy":"product_brand","embeddable":true,"href":"https:\/\/ecostera.com\/dk\/wp-json\/wp\/v2\/product_brand?post=28979"},{"taxonomy":"product_cat","embeddable":true,"href":"https:\/\/ecostera.com\/dk\/wp-json\/wp\/v2\/product_cat?post=28979"},{"taxonomy":"product_tag","embeddable":true,"href":"https:\/\/ecostera.com\/dk\/wp-json\/wp\/v2\/product_tag?post=28979"}],"curies":[{"name":"wp","href":"https:\/\/api.w.org\/{rel}","templated":true}]}}