{"id":29001,"date":"2025-10-13T17:26:31","date_gmt":"2025-10-13T14:26:31","guid":{"rendered":"https:\/\/ecostera.com\/dk\/product\/spaendeloest-baelte-6-stk\/"},"modified":"2025-10-20T16:06:47","modified_gmt":"2025-10-20T13:06:47","slug":"spaendeloest-baelte-6-stk","status":"publish","type":"product","link":"https:\/\/ecostera.com\/dk\/product\/spaendeloest-baelte-6-stk\/","title":{"rendered":"Sp\u00e6ndel\u00f8st b\u00e6lte (6 stk.)"},"content":{"rendered":"<p style=\"text-align: center\" data-start=\"159\" data-end=\"210\"><strong>Nyd komfort og stil uden sp\u00e6nde \ud83d\udc56\u2728<\/strong><\/p>\n<p style=\"text-align: center\" data-start=\"211\" data-end=\"406\">Dette innovative sp\u00e6ndel\u00f8se b\u00e6lte giver dig en ren, behagelig og ubesv\u00e6ret pasform hele dagen lang. Det er lavet af str\u00e6kbar nylon og bev\u00e6ger sig med din krop &#8211; perfekt til arbejde, rejser eller hverdagsbrug.<\/p>\n<p data-start=\"211\" data-end=\"406\"><img decoding=\"async\" class=\"size-full wp-image-36747 aligncenter\" src=\"https:\/\/keluvo.com\/template\/wp-content\/uploads\/sites\/5\/2025\/10\/100213-ezgif.com-video-to-webp-converter.webp\" alt=\"\" \/><\/p>\n<h2 style=\"text-align: center\" data-start=\"408\" data-end=\"429\">Hovedfordele \u2705<\/h2>\n<p data-start=\"432\" data-end=\"526\">\ud83e\uddd8 Maksimal komfort &#8211; bl\u00f8dt, str\u00e6kbart nylon passer perfekt uden at grave sig ned i taljen<\/p>\n<p data-start=\"432\" data-end=\"526\">\ud83d\udc54 Usynligt design &#8211; ligger fladt under t\u00f8jet for et elegant og diskret look<\/p>\n<p data-start=\"432\" data-end=\"526\">\ud83d\udca8 Let og \u00e5ndbart &#8211; perfekt til brug hele dagen; ingen ubehag<\/p>\n<p data-start=\"432\" data-end=\"526\">\ud83d\udd7a Frihed til at bev\u00e6ge sig &#8211; elastisk fleksibilitet giver nem bev\u00e6gelse til enhver aktivitet<\/p>\n<p data-start=\"432\" data-end=\"526\">\ud83e\udde2 Alsidig stil &#8211; passer ubesv\u00e6ret til jeans, chinos eller kjolebukser til enhver lejlighed<\/p>\n<p data-start=\"432\" data-end=\"526\">\ud83d\udeab Ingen sp\u00e6ndeproblemer &#8211; enkel at b\u00e6re, nem at justere og stikker eller klemmer aldrig<\/p>\n<p data-start=\"886\" data-end=\"972\"><img decoding=\"async\" class=\"size-full wp-image-36743 aligncenter\" src=\"https:\/\/keluvo.com\/template\/wp-content\/uploads\/sites\/5\/2025\/10\/Sb3cfa35f8a8d488a9d5a70f2e1adb70ex.jpg_960x960q75.jpg_.avif\" alt=\"\" \/><\/p>\n<h2 style=\"text-align: center\" data-start=\"974\" data-end=\"994\">S\u00e5dan bruges det \ud83d\udee0\ufe0f<\/h2>\n<ol data-start=\"995\" data-end=\"1246\">\n<li data-start=\"995\" data-end=\"1048\">Glid b\u00e6ltet gennem dine buksestropper som normalt.<\/li>\n<li data-start=\"995\" data-end=\"1048\">Juster pasformen omkring taljen, s\u00e5 den passer dig.<\/li>\n<li data-start=\"995\" data-end=\"1048\">Fastg\u00f8r det ved hj\u00e6lp af det automatiske fastg\u00f8relsessystem &#8211; intet sp\u00e6nde er n\u00f8dvendigt!<\/li>\n<li data-start=\"995\" data-end=\"1048\">Nyd en afslappet, behagelig pasform, der bliver p\u00e5 plads hele dagen.<\/li>\n<\/ol>\n<h2 style=\"text-align: center\" data-start=\"1248\" data-end=\"1272\">Produktdetaljer \u2139\ufe0f<\/h2>\n<ul data-start=\"1273\" data-end=\"1619\">\n<li data-start=\"1273\" data-end=\"1312\">Materiale: Premium str\u00e6kbart nylon<\/li>\n<li data-start=\"1273\" data-end=\"1312\">Design: Sp\u00e6ndel\u00f8s, elastisk, usynlig<\/li>\n<li data-start=\"1273\" data-end=\"1312\">Fastg\u00f8relsesmetode: Automatisk lukning<\/li>\n<li data-start=\"1273\" data-end=\"1312\">Bredde: 4 cm<\/li>\n<li data-start=\"1273\" data-end=\"1312\">Tilg\u00e6ngelige st\u00f8rrelser: S (25 cm), M (33 cm), L (40 cm)<\/li>\n<li data-start=\"1273\" data-end=\"1312\">Funktioner: \u00c5ndbar, fleksibel, stilfuld og holdbar<\/li>\n<\/ul>\n<h2 style=\"text-align: center\" data-start=\"1621\" data-end=\"1646\">Pakken indeholder \ud83d\udce6<\/h2>\n<ul data-start=\"1647\" data-end=\"1678\">\n<li data-start=\"1647\" data-end=\"1678\">\n<p data-start=\"1649\" data-end=\"1678\">1x sp\u00e6ndel\u00f8st b\u00e6ltes\u00e6t (6 stk.).<\/p>\n<\/li>\n<\/ul>\n","protected":false},"excerpt":{"rendered":"<p>Nyd komfort og stil uden sp\u00e6nde \ud83d\udc56\u2728 Dette innovative sp\u00e6ndel\u00f8se b\u00e6lte giver dig en ren, behagelig og ubesv\u00e6ret pasform hele [&hellip;]<\/p>\n","protected":false},"featured_media":28997,"comment_status":"open","ping_status":"closed","template":"","meta":{"site-sidebar-layout":"default","site-content-layout":"","ast-site-content-layout":"default","site-content-style":"default","site-sidebar-style":"default","ast-global-header-display":"","ast-banner-title-visibility":"","ast-main-header-display":"","ast-hfb-above-header-display":"","ast-hfb-below-header-display":"","ast-hfb-mobile-header-display":"","site-post-title":"","ast-breadcrumbs-content":"","ast-featured-img":"","footer-sml-layout":"","theme-transparent-header-meta":"default","adv-header-id-meta":"","stick-header-meta":"","header-above-stick-meta":"","header-main-stick-meta":"","header-below-stick-meta":"","astra-migrate-meta-layouts":"set","ast-page-background-enabled":"default","ast-page-background-meta":{"desktop":{"background-color":"var(--ast-global-color-5)","background-image":"","background-repeat":"repeat","background-position":"center center","background-size":"auto","background-attachment":"scroll","background-type":"","background-media":"","overlay-type":"","overlay-color":"","overlay-opacity":"","overlay-gradient":""},"tablet":{"background-color":"","background-image":"","background-repeat":"repeat","background-position":"center center","background-size":"auto","background-attachment":"scroll","background-type":"","background-media":"","overlay-type":"","overlay-color":"","overlay-opacity":"","overlay-gradient":""},"mobile":{"background-color":"","background-image":"","background-repeat":"repeat","background-position":"center center","background-size":"auto","background-attachment":"scroll","background-type":"","background-media":"","overlay-type":"","overlay-color":"","overlay-opacity":"","overlay-gradient":""}},"ast-content-background-meta":{"desktop":{"background-color":"var(--ast-global-color-4)","background-image":"","background-repeat":"repeat","background-position":"center center","background-size":"auto","background-attachment":"scroll","background-type":"","background-media":"","overlay-type":"","overlay-color":"","overlay-opacity":"","overlay-gradient":""},"tablet":{"background-color":"var(--ast-global-color-4)","background-image":"","background-repeat":"repeat","background-position":"center center","background-size":"auto","background-attachment":"scroll","background-type":"","background-media":"","overlay-type":"","overlay-color":"","overlay-opacity":"","overlay-gradient":""},"mobile":{"background-color":"var(--ast-global-color-4)","background-image":"","background-repeat":"repeat","background-position":"center center","background-size":"auto","background-attachment":"scroll","background-type":"","background-media":"","overlay-type":"","overlay-color":"","overlay-opacity":"","overlay-gradient":""}}},"product_brand":[],"product_cat":[19],"product_tag":[],"class_list":{"0":"post-29001","1":"product","2":"type-product","3":"status-publish","4":"has-post-thumbnail","6":"product_cat-uncategorized","7":"pa_37499_eg4bz9lh-blaa","8":"pa_37499_eg4bz9lh-graa","9":"pa_37499_eg4bz9lh-sort","10":"pa_37499_mw49457l-s","11":"pa_37499_mw49457l-m","12":"pa_37499_mw49457l-l","13":"desktop-align-left","14":"tablet-align-left","15":"mobile-align-left","17":"first","18":"instock","19":"shipping-taxable","20":"purchasable","21":"product-type-variable","22":"has-default-attributes"},"_links":{"self":[{"href":"https:\/\/ecostera.com\/dk\/wp-json\/wp\/v2\/product\/29001","targetHints":{"allow":["GET"]}}],"collection":[{"href":"https:\/\/ecostera.com\/dk\/wp-json\/wp\/v2\/product"}],"about":[{"href":"https:\/\/ecostera.com\/dk\/wp-json\/wp\/v2\/types\/product"}],"replies":[{"embeddable":true,"href":"https:\/\/ecostera.com\/dk\/wp-json\/wp\/v2\/comments?post=29001"}],"wp:featuredmedia":[{"embeddable":true,"href":"https:\/\/ecostera.com\/dk\/wp-json\/wp\/v2\/media\/28997"}],"wp:attachment":[{"href":"https:\/\/ecostera.com\/dk\/wp-json\/wp\/v2\/media?parent=29001"}],"wp:term":[{"taxonomy":"product_brand","embeddable":true,"href":"https:\/\/ecostera.com\/dk\/wp-json\/wp\/v2\/product_brand?post=29001"},{"taxonomy":"product_cat","embeddable":true,"href":"https:\/\/ecostera.com\/dk\/wp-json\/wp\/v2\/product_cat?post=29001"},{"taxonomy":"product_tag","embeddable":true,"href":"https:\/\/ecostera.com\/dk\/wp-json\/wp\/v2\/product_tag?post=29001"}],"curies":[{"name":"wp","href":"https:\/\/api.w.org\/{rel}","templated":true}]}}