{"id":29028,"date":"2025-10-13T17:28:09","date_gmt":"2025-10-13T14:28:09","guid":{"rendered":"https:\/\/ecostera.com\/dk\/product\/fodstoette-til-brusebad\/"},"modified":"2025-10-16T18:08:56","modified_gmt":"2025-10-16T15:08:56","slug":"fodstoette-til-brusebad","status":"publish","type":"product","link":"https:\/\/ecostera.com\/dk\/product\/fodstoette-til-brusebad\/","title":{"rendered":"Fodst\u00f8tte til brusebad"},"content":{"rendered":"<p style=\"text-align: center\" data-start=\"150\" data-end=\"215\"><strong>Nyd en sikrere og nemmere barbering eller vask under bruseren \ud83d\udebf\ud83e\uddb5<\/strong><\/p>\n<p style=\"text-align: center\" data-start=\"216\" data-end=\"459\">Denne robuste fodst\u00f8tte til bruseren giver den perfekte st\u00f8tte til at barbere, skrubbe eller vaske dine ben uden at glide. Dens st\u00e6rke sugekopdesign sikrer stabilitet p\u00e5 glatte overflader, hvilket g\u00f8r din bruserutine mere behagelig og sikker.<\/p>\n<p data-start=\"216\" data-end=\"459\"><img decoding=\"async\" class=\"size-full wp-image-36768 aligncenter\" src=\"https:\/\/keluvo.com\/template\/wp-content\/uploads\/sites\/5\/2025\/10\/d5db07ac-5a85-4bfa-b11f-35a3b1e4d0d8.gif\" alt=\"\" \/><\/p>\n<h2 style=\"text-align: center\" data-start=\"461\" data-end=\"482\">Vigtigste fordele \u2705<\/h2>\n<p data-start=\"485\" data-end=\"579\">\ud83e\uddb6 Stabil st\u00f8tte &#8211; giver dig et sikkert sted at hvile foden, mens du barberer dig eller vasker dig<\/p>\n<p data-start=\"485\" data-end=\"579\">\ud83d\udcaa St\u00e6rk sugekraft &#8211; sidder godt fast p\u00e5 glas, fliser eller andre glatte overflader<\/p>\n<p data-start=\"485\" data-end=\"579\">\ud83d\udd04 Justerbar &amp; flytbar &#8211; flyt den nemt til din foretrukne h\u00f8jde eller vinkel<\/p>\n<p data-start=\"485\" data-end=\"579\">\ud83e\uddfc Intet v\u00e6rkt\u00f8j n\u00f8dvendigt &#8211; hurtig, v\u00e6rkt\u00f8jsfri installation p\u00e5 f\u00e5 sekunder<\/p>\n<p data-start=\"485\" data-end=\"579\">\ud83d\udca7 Holdbart materiale &#8211; lavet af plastik i h\u00f8j kvalitet, der er vandt\u00e6t og langtidsholdbart<\/p>\n<p data-start=\"834\" data-end=\"927\"><img decoding=\"async\" class=\"size-full wp-image-36767 aligncenter\" src=\"https:\/\/keluvo.com\/template\/wp-content\/uploads\/sites\/5\/2025\/10\/273acab8-3dcd-49ea-b253-57b2eec0d9a6.gif\" alt=\"\" \/><\/p>\n<h2 style=\"text-align: center\" data-start=\"929\" data-end=\"949\">S\u00e5dan bruges den \ud83d\udee0\ufe0f<\/h2>\n<ol data-start=\"950\" data-end=\"1225\">\n<li data-start=\"950\" data-end=\"1001\">Reng\u00f8r og t\u00f8r overfladen f\u00f8r installation.<\/li>\n<li data-start=\"950\" data-end=\"1001\">Tryk sugekoppen fast p\u00e5 et glat, fladt omr\u00e5de (f.eks. fliser eller glas).<\/li>\n<li data-start=\"950\" data-end=\"1001\">S\u00f8rg for, at den sidder godt fast, f\u00f8r du s\u00e6tter foden p\u00e5 den.<\/li>\n<li data-start=\"950\" data-end=\"1001\">For at fjerne den, skal du forsigtigt l\u00f8fte kanten af sugekoppen for at frig\u00f8re grebet.<\/li>\n<\/ol>\n<h2 style=\"text-align: center\" data-start=\"1283\" data-end=\"1307\">Produktoplysninger \u2139\ufe0f<\/h2>\n<ul data-start=\"1308\" data-end=\"1534\">\n<li data-start=\"1308\" data-end=\"1341\">Material: Holdbar plast<\/li>\n<li data-start=\"1308\" data-end=\"1341\">Farve: Hvid<\/li>\n<li data-start=\"1308\" data-end=\"1341\">Installation: Sugekop (kr\u00e6ver ikke v\u00e6rkt\u00f8j)<\/li>\n<li data-start=\"1308\" data-end=\"1341\">Overfladekompatibilitet: Glatte, flade overflader som glas, fliser eller plast<\/li>\n<li data-start=\"1308\" data-end=\"1341\">St\u00f8rrelse: 14 x 11,5 cm<\/li>\n<\/ul>\n<h2 style=\"text-align: center\" data-start=\"1536\" data-end=\"1561\">Pakken indeholder \ud83d\udce6<\/h2>\n<ul data-start=\"1562\" data-end=\"1585\">\n<li data-start=\"1562\" data-end=\"1585\">\n<p data-start=\"1564\" data-end=\"1585\">1x brusefodst\u00f8tte.<\/p>\n<\/li>\n<\/ul>\n","protected":false},"excerpt":{"rendered":"<p>Nyd en sikrere og nemmere barbering eller vask under bruseren \ud83d\udebf\ud83e\uddb5 Denne robuste fodst\u00f8tte til bruseren giver den perfekte st\u00f8tte [&hellip;]<\/p>\n","protected":false},"featured_media":29024,"comment_status":"open","ping_status":"closed","template":"","meta":{"site-sidebar-layout":"default","site-content-layout":"","ast-site-content-layout":"default","site-content-style":"default","site-sidebar-style":"default","ast-global-header-display":"","ast-banner-title-visibility":"","ast-main-header-display":"","ast-hfb-above-header-display":"","ast-hfb-below-header-display":"","ast-hfb-mobile-header-display":"","site-post-title":"","ast-breadcrumbs-content":"","ast-featured-img":"","footer-sml-layout":"","theme-transparent-header-meta":"default","adv-header-id-meta":"","stick-header-meta":"","header-above-stick-meta":"","header-main-stick-meta":"","header-below-stick-meta":"","astra-migrate-meta-layouts":"set","ast-page-background-enabled":"default","ast-page-background-meta":{"desktop":{"background-color":"var(--ast-global-color-5)","background-image":"","background-repeat":"repeat","background-position":"center center","background-size":"auto","background-attachment":"scroll","background-type":"","background-media":"","overlay-type":"","overlay-color":"","overlay-opacity":"","overlay-gradient":""},"tablet":{"background-color":"","background-image":"","background-repeat":"repeat","background-position":"center center","background-size":"auto","background-attachment":"scroll","background-type":"","background-media":"","overlay-type":"","overlay-color":"","overlay-opacity":"","overlay-gradient":""},"mobile":{"background-color":"","background-image":"","background-repeat":"repeat","background-position":"center center","background-size":"auto","background-attachment":"scroll","background-type":"","background-media":"","overlay-type":"","overlay-color":"","overlay-opacity":"","overlay-gradient":""}},"ast-content-background-meta":{"desktop":{"background-color":"var(--ast-global-color-4)","background-image":"","background-repeat":"repeat","background-position":"center center","background-size":"auto","background-attachment":"scroll","background-type":"","background-media":"","overlay-type":"","overlay-color":"","overlay-opacity":"","overlay-gradient":""},"tablet":{"background-color":"var(--ast-global-color-4)","background-image":"","background-repeat":"repeat","background-position":"center center","background-size":"auto","background-attachment":"scroll","background-type":"","background-media":"","overlay-type":"","overlay-color":"","overlay-opacity":"","overlay-gradient":""},"mobile":{"background-color":"var(--ast-global-color-4)","background-image":"","background-repeat":"repeat","background-position":"center center","background-size":"auto","background-attachment":"scroll","background-type":"","background-media":"","overlay-type":"","overlay-color":"","overlay-opacity":"","overlay-gradient":""}}},"product_brand":[],"product_cat":[19],"product_tag":[],"class_list":{"0":"post-29028","1":"product","2":"type-product","3":"status-publish","4":"has-post-thumbnail","6":"product_cat-uncategorized","7":"desktop-align-left","8":"tablet-align-left","9":"mobile-align-left","11":"first","12":"instock","13":"shipping-taxable","14":"purchasable","15":"product-type-simple"},"_links":{"self":[{"href":"https:\/\/ecostera.com\/dk\/wp-json\/wp\/v2\/product\/29028","targetHints":{"allow":["GET"]}}],"collection":[{"href":"https:\/\/ecostera.com\/dk\/wp-json\/wp\/v2\/product"}],"about":[{"href":"https:\/\/ecostera.com\/dk\/wp-json\/wp\/v2\/types\/product"}],"replies":[{"embeddable":true,"href":"https:\/\/ecostera.com\/dk\/wp-json\/wp\/v2\/comments?post=29028"}],"wp:featuredmedia":[{"embeddable":true,"href":"https:\/\/ecostera.com\/dk\/wp-json\/wp\/v2\/media\/29024"}],"wp:attachment":[{"href":"https:\/\/ecostera.com\/dk\/wp-json\/wp\/v2\/media?parent=29028"}],"wp:term":[{"taxonomy":"product_brand","embeddable":true,"href":"https:\/\/ecostera.com\/dk\/wp-json\/wp\/v2\/product_brand?post=29028"},{"taxonomy":"product_cat","embeddable":true,"href":"https:\/\/ecostera.com\/dk\/wp-json\/wp\/v2\/product_cat?post=29028"},{"taxonomy":"product_tag","embeddable":true,"href":"https:\/\/ecostera.com\/dk\/wp-json\/wp\/v2\/product_tag?post=29028"}],"curies":[{"name":"wp","href":"https:\/\/api.w.org\/{rel}","templated":true}]}}