{"id":29088,"date":"2025-10-13T17:35:14","date_gmt":"2025-10-13T14:35:14","guid":{"rendered":"https:\/\/ecostera.com\/dk\/product\/bord-til-bilen\/"},"modified":"2025-11-11T12:17:09","modified_gmt":"2025-11-11T10:17:09","slug":"bord-til-bilen","status":"publish","type":"product","link":"https:\/\/ecostera.com\/dk\/product\/bord-til-bilen\/","title":{"rendered":"Bord til bilen"},"content":{"rendered":"<p style=\"text-align: center\" data-start=\"0\" data-end=\"67\"><strong>Nyd m\u00e5ltider, arbejd, eller skriv komfortabelt i din bil \ud83d\ude97\ud83c\udf54\ud83d\udcbb<\/strong><\/p>\n<p style=\"text-align: center\" data-start=\"68\" data-end=\"306\">Forvandl din bil til et miniarbejdsomr\u00e5de eller spisested med dette bilbord. Det er designet til bekvemmelighed og stabilitet og kan nemt fastg\u00f8res til rattet, s\u00e5 du f\u00e5r en robust overflade til at spise, arbejde eller organisere p\u00e5 farten.<\/p>\n<p data-start=\"68\" data-end=\"306\"><img decoding=\"async\" class=\"size-full wp-image-36822 aligncenter\" src=\"https:\/\/keluvo.com\/template\/wp-content\/uploads\/sites\/5\/2025\/10\/100216-ezgif.com-video-to-webp-converter.webp\" alt=\"\" \/><\/p>\n<h2 style=\"text-align: center\" data-start=\"313\" data-end=\"334\">Hovedfordele \u2705<\/h2>\n<p data-start=\"337\" data-end=\"422\">\ud83c\udf71 Perfekt til m\u00e5ltider p\u00e5 farten &#8211; nyd snacks eller frokost komfortabelt, mens du er parkeret<\/p>\n<p data-start=\"337\" data-end=\"422\">\ud83d\udcbb Ideelt til arbejde &#8211; holder din b\u00e6rbare computer, tablet eller notesblok sikker<\/p>\n<p data-start=\"337\" data-end=\"422\">\ud83d\udd27 Hurtig installation &#8211; h\u00e6ng det blot p\u00e5 dit rat, intet v\u00e6rkt\u00f8j er n\u00f8dvendigt<\/p>\n<p data-start=\"337\" data-end=\"422\">\ud83d\udcaa St\u00e6rk &amp; holdbar &#8211; lavet af tyk PE-plast, der underst\u00f8tter tunge genstande uden at b\u00f8je<\/p>\n<p data-start=\"337\" data-end=\"422\">\ud83e\uddfc Nem at reng\u00f8re &#8211; aftageligt design g\u00f8r det nemt at vaske efter brug<\/p>\n<p data-start=\"337\" data-end=\"422\">\ud83d\ude98 Universel pasform &#8211; passer til de fleste bilrat, perfekt til lange k\u00f8reture eller forretningsrejser<\/p>\n<p data-start=\"765\" data-end=\"868\"><img decoding=\"async\" class=\"size-full wp-image-36827 aligncenter\" src=\"https:\/\/keluvo.com\/template\/wp-content\/uploads\/sites\/5\/2025\/10\/c90df53b91125bc64abb860a9e08304146e6ee6d.webp\" alt=\"\" \/><\/p>\n<h2 style=\"text-align: center\" data-start=\"875\" data-end=\"895\">S\u00e5dan bruges det \ud83d\udee0\ufe0f<\/h2>\n<ol data-start=\"896\" data-end=\"1165\">\n<li data-start=\"896\" data-end=\"939\">Parker din bil, og sluk for motoren.<\/li>\n<li data-start=\"896\" data-end=\"939\">S\u00e6t bakken fast p\u00e5 toppen af rattet.<\/li>\n<li data-start=\"896\" data-end=\"939\">Just\u00e9r den, s\u00e5 den sidder plant og stabilt.<\/li>\n<li data-start=\"896\" data-end=\"939\">L\u00e6g din mad, b\u00e6rbare computer eller notesbog p\u00e5 bordet og nyd det.<\/li>\n<li data-start=\"896\" data-end=\"939\">Efter brug kan du fjerne det og opbevare det i lommen p\u00e5 bils\u00e6det eller i bagagerummet.<\/li>\n<\/ol>\n<h2 style=\"text-align: center\" data-start=\"1172\" data-end=\"1196\">Produktdetaljer \u2139\ufe0f<\/h2>\n<ul data-start=\"1197\" data-end=\"1499\">\n<li data-start=\"1236\" data-end=\"1290\">\n<p data-start=\"1238\" data-end=\"1290\">Materiale: PE-plast (holdbar og let)<\/p>\n<\/li>\n<li data-start=\"1291\" data-end=\"1324\">\n<p data-start=\"1293\" data-end=\"1324\">Farve: Sort, beige, gr\u00e5, pink, bl\u00e5<\/p>\n<\/li>\n<li data-start=\"1325\" data-end=\"1431\">\n<p data-start=\"1327\" data-end=\"1338\">St\u00f8rrelse:<span style=\"font-size: 16px\"> 43 cm x<\/span><span style=\"font-size: 16px\"> 29 cm x <\/span><span style=\"font-size: 16px\">2 cm\u00a0<\/span><\/p>\n<\/li>\n<li data-start=\"1432\" data-end=\"1499\">\n<p data-start=\"1434\" data-end=\"1499\">Funktioner: B\u00e6rbar, alsidig, nem at reng\u00f8re, universel pasform<\/p>\n<\/li>\n<\/ul>\n<h2 style=\"text-align: center\" data-start=\"1506\" data-end=\"1531\">Pakken Indeholder \ud83d\udce6<\/h2>\n<ul data-start=\"1532\" data-end=\"1564\">\n<li data-start=\"1532\" data-end=\"1564\">\n<p data-start=\"1534\" data-end=\"1564\">1x bilbord.<\/p>\n<\/li>\n<\/ul>\n","protected":false},"excerpt":{"rendered":"<p>Nyd m\u00e5ltider, arbejd, eller skriv komfortabelt i din bil \ud83d\ude97\ud83c\udf54\ud83d\udcbb Forvandl din bil til et miniarbejdsomr\u00e5de eller spisested med dette [&hellip;]<\/p>\n","protected":false},"featured_media":29084,"comment_status":"open","ping_status":"closed","template":"","meta":{"site-sidebar-layout":"default","site-content-layout":"","ast-site-content-layout":"default","site-content-style":"default","site-sidebar-style":"default","ast-global-header-display":"","ast-banner-title-visibility":"","ast-main-header-display":"","ast-hfb-above-header-display":"","ast-hfb-below-header-display":"","ast-hfb-mobile-header-display":"","site-post-title":"","ast-breadcrumbs-content":"","ast-featured-img":"","footer-sml-layout":"","theme-transparent-header-meta":"default","adv-header-id-meta":"","stick-header-meta":"","header-above-stick-meta":"","header-main-stick-meta":"","header-below-stick-meta":"","astra-migrate-meta-layouts":"set","ast-page-background-enabled":"default","ast-page-background-meta":{"desktop":{"background-color":"var(--ast-global-color-5)","background-image":"","background-repeat":"repeat","background-position":"center center","background-size":"auto","background-attachment":"scroll","background-type":"","background-media":"","overlay-type":"","overlay-color":"","overlay-opacity":"","overlay-gradient":""},"tablet":{"background-color":"","background-image":"","background-repeat":"repeat","background-position":"center center","background-size":"auto","background-attachment":"scroll","background-type":"","background-media":"","overlay-type":"","overlay-color":"","overlay-opacity":"","overlay-gradient":""},"mobile":{"background-color":"","background-image":"","background-repeat":"repeat","background-position":"center center","background-size":"auto","background-attachment":"scroll","background-type":"","background-media":"","overlay-type":"","overlay-color":"","overlay-opacity":"","overlay-gradient":""}},"ast-content-background-meta":{"desktop":{"background-color":"var(--ast-global-color-4)","background-image":"","background-repeat":"repeat","background-position":"center center","background-size":"auto","background-attachment":"scroll","background-type":"","background-media":"","overlay-type":"","overlay-color":"","overlay-opacity":"","overlay-gradient":""},"tablet":{"background-color":"var(--ast-global-color-4)","background-image":"","background-repeat":"repeat","background-position":"center center","background-size":"auto","background-attachment":"scroll","background-type":"","background-media":"","overlay-type":"","overlay-color":"","overlay-opacity":"","overlay-gradient":""},"mobile":{"background-color":"var(--ast-global-color-4)","background-image":"","background-repeat":"repeat","background-position":"center center","background-size":"auto","background-attachment":"scroll","background-type":"","background-media":"","overlay-type":"","overlay-color":"","overlay-opacity":"","overlay-gradient":""}}},"product_brand":[],"product_cat":[19],"product_tag":[],"class_list":{"0":"post-29088","1":"product","2":"type-product","3":"status-publish","4":"has-post-thumbnail","6":"product_cat-uncategorized","7":"pa_38169_wxn5rixm-beige","8":"pa_38169_wxn5rixm-blaa","9":"pa_38169_wxn5rixm-graa","10":"pa_38169_wxn5rixm-lyseroed","11":"pa_38169_wxn5rixm-sort","12":"desktop-align-left","13":"tablet-align-left","14":"mobile-align-left","16":"first","17":"instock","18":"shipping-taxable","19":"purchasable","20":"product-type-variable"},"_links":{"self":[{"href":"https:\/\/ecostera.com\/dk\/wp-json\/wp\/v2\/product\/29088","targetHints":{"allow":["GET"]}}],"collection":[{"href":"https:\/\/ecostera.com\/dk\/wp-json\/wp\/v2\/product"}],"about":[{"href":"https:\/\/ecostera.com\/dk\/wp-json\/wp\/v2\/types\/product"}],"replies":[{"embeddable":true,"href":"https:\/\/ecostera.com\/dk\/wp-json\/wp\/v2\/comments?post=29088"}],"wp:featuredmedia":[{"embeddable":true,"href":"https:\/\/ecostera.com\/dk\/wp-json\/wp\/v2\/media\/29084"}],"wp:attachment":[{"href":"https:\/\/ecostera.com\/dk\/wp-json\/wp\/v2\/media?parent=29088"}],"wp:term":[{"taxonomy":"product_brand","embeddable":true,"href":"https:\/\/ecostera.com\/dk\/wp-json\/wp\/v2\/product_brand?post=29088"},{"taxonomy":"product_cat","embeddable":true,"href":"https:\/\/ecostera.com\/dk\/wp-json\/wp\/v2\/product_cat?post=29088"},{"taxonomy":"product_tag","embeddable":true,"href":"https:\/\/ecostera.com\/dk\/wp-json\/wp\/v2\/product_tag?post=29088"}],"curies":[{"name":"wp","href":"https:\/\/api.w.org\/{rel}","templated":true}]}}