{"id":29154,"date":"2025-10-13T17:42:06","date_gmt":"2025-10-13T14:42:06","guid":{"rendered":"https:\/\/ecostera.com\/dk\/product\/dummy-alarmlampe\/"},"modified":"2025-10-16T18:26:26","modified_gmt":"2025-10-16T15:26:26","slug":"dummy-alarmlampe","status":"publish","type":"product","link":"https:\/\/ecostera.com\/dk\/product\/dummy-alarmlampe\/","title":{"rendered":"Dummy-alarmlampe"},"content":{"rendered":"<p style=\"text-align: center\" data-start=\"0\" data-end=\"53\"><strong>Beskyt din bil, selv n\u00e5r du ikke er der \ud83d\udea8\u2600\ufe0f<\/strong><\/p>\n<p style=\"text-align: center\" data-start=\"54\" data-end=\"309\">Hold tyvene v\u00e6k med dummy-alarmlyset, en soldrevet blinkende LED, der f\u00e5r din bil til at se beskyttet ud 24\/7. Det er en enkel, ledningsfri l\u00f8sning, der efterligner et rigtigt sikkerhedssystem &#8211; afskr\u00e6kker indbrudstyve og giver ro i sindet, uanset hvor du parkerer.<\/p>\n<p data-start=\"54\" data-end=\"309\"><img decoding=\"async\" class=\"size-full wp-image-36881 aligncenter\" src=\"https:\/\/keluvo.com\/template\/wp-content\/uploads\/sites\/5\/2025\/10\/100220-ezgif.com-video-to-webp-converter.webp\" alt=\"\" \/><\/p>\n<h2 style=\"text-align: center\" data-start=\"316\" data-end=\"337\">Vigtigste fordele \u2705<\/h2>\n<p data-start=\"340\" data-end=\"436\">\u2600\ufe0f Solcelledrevet &amp; genopladelig &#8211; oplades automatisk i sollys eller via USB, n\u00e5r det er n\u00f8dvendigt<\/p>\n<p data-start=\"340\" data-end=\"436\">\ud83d\udca1 Smart lyssensor &#8211; blinker automatisk om natten, slukker om dagen<\/p>\n<p data-start=\"340\" data-end=\"436\">\ud83d\udd0b Langtidsholdbart batteri &#8211; indbygget Ni-Mh-batteri med h\u00f8j kapacitet til langvarig brug<\/p>\n<p data-start=\"340\" data-end=\"436\">\ud83d\ude97 Universel pasform &#8211; nem at installere p\u00e5 enhver bilmodel ved hj\u00e6lp af selvkl\u00e6bende bagside<\/p>\n<p data-start=\"340\" data-end=\"436\">\ud83d\udd27 Ingen ledninger kr\u00e6ves &#8211; enkel ops\u00e6tning med skr\u00e6l og kl\u00e6b uden brug af v\u00e6rkt\u00f8j<\/p>\n<p data-start=\"340\" data-end=\"436\">\ud83d\udea8 Synlig afskr\u00e6kkelse &#8211; efterligner en rigtig alarm for at afskr\u00e6kke indbrud om natten<\/p>\n<p data-start=\"780\" data-end=\"861\"><img decoding=\"async\" class=\"size-full wp-image-36882 aligncenter\" src=\"https:\/\/keluvo.com\/template\/wp-content\/uploads\/sites\/5\/2025\/10\/S7c48b861de114d7e8dc5a9963cb433691.jpg_960x960q75.jpg_.avif\" alt=\"\" \/><\/p>\n<h2 style=\"text-align: center\" data-start=\"868\" data-end=\"888\">S\u00e5dan bruges den \ud83d\udee0\ufe0f<\/h2>\n<ol data-start=\"889\" data-end=\"1230\">\n<li data-start=\"889\" data-end=\"980\">Reng\u00f8r og t\u00f8r det omr\u00e5de, hvor du vil placere lyset (instrumentbr\u00e6t, tag eller kofanger), tag eller kofanger).<\/li>\n<li data-start=\"889\" data-end=\"980\">Tr\u00e6k den selvkl\u00e6bende bagside af, og s\u00e6t enheden fast p\u00e5 plads.<\/li>\n<li data-start=\"889\" data-end=\"980\">T\u00e6nd for kontakten for at aktivere den.<\/li>\n<li data-start=\"889\" data-end=\"980\">Lyset oplades i sollys og blinker automatisk om natten.<\/li>\n<li data-start=\"889\" data-end=\"980\">For at teste om dagen skal du d\u00e6kke sensoren med m\u00f8rkt papir.<\/li>\n<\/ol>\n<h2 style=\"text-align: center\" data-start=\"1237\" data-end=\"1261\">Produktoplysninger \u2139\ufe0f<\/h2>\n<ul data-start=\"1262\" data-end=\"1619\">\n<li data-start=\"1262\" data-end=\"1295\">Material: Holdbar plast<\/li>\n<li data-start=\"1262\" data-end=\"1295\">Farve: Sort kabinet med bl\u00e5t\/r\u00f8dt LED-lys<\/li>\n<li data-start=\"1262\" data-end=\"1295\"><span style=\"font-size: 16px\">Opladning: Solcelledrevet + Mikro USB-backup<\/span><\/li>\n<li data-start=\"1262\" data-end=\"1295\">Batteritype: Indbygget genopladeligt Ni-Mh-batteri<\/li>\n<li data-start=\"1262\" data-end=\"1295\">Funktion: Simuleret alarmlys til forebyggelse af tyveri<\/li>\n<li data-start=\"1262\" data-end=\"1295\">Pasform: Universal til alle k\u00f8ret\u00f8jstyper<\/li>\n<li data-start=\"1262\" data-end=\"1295\">Installation: Selvkl\u00e6bende (ingen ledninger p\u00e5kr\u00e6vet)<\/li>\n<\/ul>\n<h2 style=\"text-align: center\" data-start=\"1626\" data-end=\"1651\">Pakken indeholder \ud83d\udce6<\/h2>\n<ul data-start=\"1652\" data-end=\"1681\">\n<li data-start=\"1652\" data-end=\"1681\">\n<p data-start=\"1654\" data-end=\"1681\">2, 4x dummy alarmlys.<\/p>\n<\/li>\n<\/ul>\n","protected":false},"excerpt":{"rendered":"<p>Beskyt din bil, selv n\u00e5r du ikke er der \ud83d\udea8\u2600\ufe0f Hold tyvene v\u00e6k med dummy-alarmlyset, en soldrevet blinkende LED, der [&hellip;]<\/p>\n","protected":false},"featured_media":29150,"comment_status":"open","ping_status":"closed","template":"","meta":{"site-sidebar-layout":"default","site-content-layout":"","ast-site-content-layout":"default","site-content-style":"default","site-sidebar-style":"default","ast-global-header-display":"","ast-banner-title-visibility":"","ast-main-header-display":"","ast-hfb-above-header-display":"","ast-hfb-below-header-display":"","ast-hfb-mobile-header-display":"","site-post-title":"","ast-breadcrumbs-content":"","ast-featured-img":"","footer-sml-layout":"","theme-transparent-header-meta":"default","adv-header-id-meta":"","stick-header-meta":"","header-above-stick-meta":"","header-main-stick-meta":"","header-below-stick-meta":"","astra-migrate-meta-layouts":"set","ast-page-background-enabled":"default","ast-page-background-meta":{"desktop":{"background-color":"var(--ast-global-color-5)","background-image":"","background-repeat":"repeat","background-position":"center center","background-size":"auto","background-attachment":"scroll","background-type":"","background-media":"","overlay-type":"","overlay-color":"","overlay-opacity":"","overlay-gradient":""},"tablet":{"background-color":"","background-image":"","background-repeat":"repeat","background-position":"center center","background-size":"auto","background-attachment":"scroll","background-type":"","background-media":"","overlay-type":"","overlay-color":"","overlay-opacity":"","overlay-gradient":""},"mobile":{"background-color":"","background-image":"","background-repeat":"repeat","background-position":"center center","background-size":"auto","background-attachment":"scroll","background-type":"","background-media":"","overlay-type":"","overlay-color":"","overlay-opacity":"","overlay-gradient":""}},"ast-content-background-meta":{"desktop":{"background-color":"var(--ast-global-color-4)","background-image":"","background-repeat":"repeat","background-position":"center center","background-size":"auto","background-attachment":"scroll","background-type":"","background-media":"","overlay-type":"","overlay-color":"","overlay-opacity":"","overlay-gradient":""},"tablet":{"background-color":"var(--ast-global-color-4)","background-image":"","background-repeat":"repeat","background-position":"center center","background-size":"auto","background-attachment":"scroll","background-type":"","background-media":"","overlay-type":"","overlay-color":"","overlay-opacity":"","overlay-gradient":""},"mobile":{"background-color":"var(--ast-global-color-4)","background-image":"","background-repeat":"repeat","background-position":"center center","background-size":"auto","background-attachment":"scroll","background-type":"","background-media":"","overlay-type":"","overlay-color":"","overlay-opacity":"","overlay-gradient":""}}},"product_brand":[],"product_cat":[19],"product_tag":[],"class_list":{"0":"post-29154","1":"product","2":"type-product","3":"status-publish","4":"has-post-thumbnail","6":"product_cat-uncategorized","7":"pa_40535_0ne9ncnc-blaa","8":"pa_40535_0ne9ncnc-roed","9":"pa_40535_1c6hamb0-2-stk","10":"pa_40535_1c6hamb0-4-stk","11":"desktop-align-left","12":"tablet-align-left","13":"mobile-align-left","15":"first","16":"instock","17":"shipping-taxable","18":"purchasable","19":"product-type-variable","20":"has-default-attributes"},"_links":{"self":[{"href":"https:\/\/ecostera.com\/dk\/wp-json\/wp\/v2\/product\/29154","targetHints":{"allow":["GET"]}}],"collection":[{"href":"https:\/\/ecostera.com\/dk\/wp-json\/wp\/v2\/product"}],"about":[{"href":"https:\/\/ecostera.com\/dk\/wp-json\/wp\/v2\/types\/product"}],"replies":[{"embeddable":true,"href":"https:\/\/ecostera.com\/dk\/wp-json\/wp\/v2\/comments?post=29154"}],"wp:featuredmedia":[{"embeddable":true,"href":"https:\/\/ecostera.com\/dk\/wp-json\/wp\/v2\/media\/29150"}],"wp:attachment":[{"href":"https:\/\/ecostera.com\/dk\/wp-json\/wp\/v2\/media?parent=29154"}],"wp:term":[{"taxonomy":"product_brand","embeddable":true,"href":"https:\/\/ecostera.com\/dk\/wp-json\/wp\/v2\/product_brand?post=29154"},{"taxonomy":"product_cat","embeddable":true,"href":"https:\/\/ecostera.com\/dk\/wp-json\/wp\/v2\/product_cat?post=29154"},{"taxonomy":"product_tag","embeddable":true,"href":"https:\/\/ecostera.com\/dk\/wp-json\/wp\/v2\/product_tag?post=29154"}],"curies":[{"name":"wp","href":"https:\/\/api.w.org\/{rel}","templated":true}]}}