{"id":29292,"date":"2025-10-14T22:30:44","date_gmt":"2025-10-14T19:30:44","guid":{"rendered":"https:\/\/ecostera.com\/dk\/product\/brandtaeppe\/"},"modified":"2025-11-03T12:02:25","modified_gmt":"2025-11-03T10:02:25","slug":"brandtaeppe","status":"publish","type":"product","link":"https:\/\/ecostera.com\/dk\/product\/brandtaeppe\/","title":{"rendered":"Brandt\u00e6ppe"},"content":{"rendered":"<p style=\"text-align: center\" data-start=\"0\" data-end=\"52\">Stop \u00f8jeblikkeligt brande og beskyt din familie \ud83d\udd25<\/p>\n<p style=\"text-align: center\" data-start=\"53\" data-end=\"289\">V\u00e6r klar til enhver n\u00f8dsituation med brandt\u00e6ppet, et must-have sikkerhedsv\u00e6rkt\u00f8j, der hurtigt slukker flammer uden rod eller kemikalier. Det er perfekt til hjemmet, bilen eller camping og er designet til at kv\u00e6le brande hurtigt og holde dig beskyttet.<\/p>\n<p data-start=\"53\" data-end=\"289\"><img decoding=\"async\" class=\"size-full wp-image-37026 aligncenter\" src=\"https:\/\/keluvo.com\/template\/wp-content\/uploads\/sites\/5\/2025\/10\/S4618fe716a234938b27a2a7a5a3b63e6N.jpg_960x960q75.jpg_.jpg\" alt=\"\" \/><\/p>\n<h2 style=\"text-align: center\" data-start=\"296\" data-end=\"317\">Hovedfordele \u2705<\/h2>\n<p data-start=\"320\" data-end=\"419\">\ud83e\uddef \u00d8jeblikkelig brandkontrol &#8211; slukker sikkert fedt, v\u00e6ske og elektriske brande p\u00e5 f\u00e5 sekunder<\/p>\n<p data-start=\"422\" data-end=\"514\">\ud83c\udfe0 Multifunktionel brug &#8211; ideel til k\u00f8kkener, pejse, grill, biler, og udend\u00f8rs ture<\/p>\n<p data-start=\"517\" data-end=\"602\">\ud83e\uddcd Personlig beskyttelse &#8211; kan vikles rundt om kroppen for at fungere som et varmeskjold<\/p>\n<p data-start=\"605\" data-end=\"694\">\ud83e\uddfc Rent og kemikaliefrit &#8211; ingen rester eller rod som med traditionelle slukkere<\/p>\n<p data-start=\"697\" data-end=\"784\">\ud83d\udcaa Holdbart glasfibermateriale &#8211; varmebestandigt og genanvendeligt for langvarig sikkerhed<\/p>\n<p data-start=\"697\" data-end=\"784\"><img decoding=\"async\" class=\"size-full wp-image-37025 aligncenter\" src=\"https:\/\/keluvo.com\/template\/wp-content\/uploads\/sites\/5\/2025\/10\/S62dfc27af76b4998bd6fc8d912a6b6e0h.jpg_960x960q75.jpg_.jpg\" alt=\"\" \/><\/p>\n<h2 style=\"text-align: center\" data-start=\"791\" data-end=\"811\">S\u00e5dan bruges det \ud83d\udee0\ufe0f<\/h2>\n<ol data-start=\"812\" data-end=\"1086\">\n<li data-start=\"812\" data-end=\"876\">\n<p data-start=\"815\" data-end=\"876\">Hiv fanerne ned for at frig\u00f8re t\u00e6ppet fra sin pakke.<\/p>\n<\/li>\n<li data-start=\"877\" data-end=\"937\">\n<p data-start=\"880\" data-end=\"937\">D\u00e6k ilden helt til for at afsk\u00e6re ilttilf\u00f8rslen.<\/p>\n<\/li>\n<li data-start=\"938\" data-end=\"995\">\n<p data-start=\"941\" data-end=\"995\">lad det blive p\u00e5 plads, indtil ilden er helt kvalt.<\/p>\n<\/li>\n<li data-start=\"996\" data-end=\"1086\">\n<p data-start=\"999\" data-end=\"1086\">af hensyn til den personlige sikkerhed skal du vikle t\u00e6ppet omkring dig selv for at beskytte dig mod flammer eller varme.<\/p>\n<\/li>\n<\/ol>\n<h2 style=\"text-align: center\" data-start=\"1093\" data-end=\"1117\">Produktoplysninger \u2139\ufe0f<\/h2>\n<ul data-start=\"1118\" data-end=\"1389\">\n<li data-start=\"1118\" data-end=\"1152\">\n<p data-start=\"1120\" data-end=\"1152\">Material: Glasfiberdug<\/p>\n<\/li>\n<li data-start=\"1153\" data-end=\"1173\">\n<p data-start=\"1155\" data-end=\"1173\">Farve: Hvid<\/p>\n<\/li>\n<li data-start=\"1174\" data-end=\"1287\">\n<p data-start=\"1176\" data-end=\"1198\">Tilg\u00e6ngelige st\u00f8rrelser: <span style=\"font-size: 16px\">1 x 1 m, <\/span><span style=\"font-size: 16px\">1,5 x 1,5 m\u00a0<\/span><\/p>\n<\/li>\n<li data-start=\"1288\" data-end=\"1322\">\n<p data-start=\"1290\" data-end=\"1322\">V\u00e6gt: 300g, 600g<\/p>\n<\/li>\n<li data-start=\"1323\" data-end=\"1389\">\n<p data-start=\"1325\" data-end=\"1389\">Anvendelsesomr\u00e5der: K\u00f8kken, bil, camping, grill, pejs i hjemmet<\/p>\n<\/li>\n<\/ul>\n<h2 style=\"text-align: center\" data-start=\"1396\" data-end=\"1421\">Pakken indeholder \ud83d\udce6<\/h2>\n<ul data-start=\"1422\" data-end=\"1442\">\n<li data-start=\"1422\" data-end=\"1442\">\n<p data-start=\"1424\" data-end=\"1442\">1x brandt\u00e6ppe.<\/p>\n<\/li>\n<\/ul>\n","protected":false},"excerpt":{"rendered":"<p>Stop \u00f8jeblikkeligt brande og beskyt din familie \ud83d\udd25 V\u00e6r klar til enhver n\u00f8dsituation med brandt\u00e6ppet, et must-have sikkerhedsv\u00e6rkt\u00f8j, der hurtigt [&hellip;]<\/p>\n","protected":false},"featured_media":29288,"comment_status":"open","ping_status":"closed","template":"","meta":{"site-sidebar-layout":"default","site-content-layout":"","ast-site-content-layout":"default","site-content-style":"default","site-sidebar-style":"default","ast-global-header-display":"","ast-banner-title-visibility":"","ast-main-header-display":"","ast-hfb-above-header-display":"","ast-hfb-below-header-display":"","ast-hfb-mobile-header-display":"","site-post-title":"","ast-breadcrumbs-content":"","ast-featured-img":"","footer-sml-layout":"","theme-transparent-header-meta":"default","adv-header-id-meta":"","stick-header-meta":"","header-above-stick-meta":"","header-main-stick-meta":"","header-below-stick-meta":"","astra-migrate-meta-layouts":"set","ast-page-background-enabled":"default","ast-page-background-meta":{"desktop":{"background-color":"var(--ast-global-color-5)","background-image":"","background-repeat":"repeat","background-position":"center center","background-size":"auto","background-attachment":"scroll","background-type":"","background-media":"","overlay-type":"","overlay-color":"","overlay-opacity":"","overlay-gradient":""},"tablet":{"background-color":"","background-image":"","background-repeat":"repeat","background-position":"center center","background-size":"auto","background-attachment":"scroll","background-type":"","background-media":"","overlay-type":"","overlay-color":"","overlay-opacity":"","overlay-gradient":""},"mobile":{"background-color":"","background-image":"","background-repeat":"repeat","background-position":"center center","background-size":"auto","background-attachment":"scroll","background-type":"","background-media":"","overlay-type":"","overlay-color":"","overlay-opacity":"","overlay-gradient":""}},"ast-content-background-meta":{"desktop":{"background-color":"var(--ast-global-color-4)","background-image":"","background-repeat":"repeat","background-position":"center center","background-size":"auto","background-attachment":"scroll","background-type":"","background-media":"","overlay-type":"","overlay-color":"","overlay-opacity":"","overlay-gradient":""},"tablet":{"background-color":"var(--ast-global-color-4)","background-image":"","background-repeat":"repeat","background-position":"center center","background-size":"auto","background-attachment":"scroll","background-type":"","background-media":"","overlay-type":"","overlay-color":"","overlay-opacity":"","overlay-gradient":""},"mobile":{"background-color":"var(--ast-global-color-4)","background-image":"","background-repeat":"repeat","background-position":"center center","background-size":"auto","background-attachment":"scroll","background-type":"","background-media":"","overlay-type":"","overlay-color":"","overlay-opacity":"","overlay-gradient":""}}},"product_brand":[],"product_cat":[19],"product_tag":[],"class_list":{"0":"post-29292","1":"product","2":"type-product","3":"status-publish","4":"has-post-thumbnail","6":"product_cat-uncategorized","7":"pa_39656_8b8l1glt-1-x-1-m","8":"pa_39656_8b8l1glt-15-x-15-m","9":"desktop-align-left","10":"tablet-align-left","11":"mobile-align-left","13":"first","14":"instock","15":"shipping-taxable","16":"purchasable","17":"product-type-variable"},"_links":{"self":[{"href":"https:\/\/ecostera.com\/dk\/wp-json\/wp\/v2\/product\/29292","targetHints":{"allow":["GET"]}}],"collection":[{"href":"https:\/\/ecostera.com\/dk\/wp-json\/wp\/v2\/product"}],"about":[{"href":"https:\/\/ecostera.com\/dk\/wp-json\/wp\/v2\/types\/product"}],"replies":[{"embeddable":true,"href":"https:\/\/ecostera.com\/dk\/wp-json\/wp\/v2\/comments?post=29292"}],"wp:featuredmedia":[{"embeddable":true,"href":"https:\/\/ecostera.com\/dk\/wp-json\/wp\/v2\/media\/29288"}],"wp:attachment":[{"href":"https:\/\/ecostera.com\/dk\/wp-json\/wp\/v2\/media?parent=29292"}],"wp:term":[{"taxonomy":"product_brand","embeddable":true,"href":"https:\/\/ecostera.com\/dk\/wp-json\/wp\/v2\/product_brand?post=29292"},{"taxonomy":"product_cat","embeddable":true,"href":"https:\/\/ecostera.com\/dk\/wp-json\/wp\/v2\/product_cat?post=29292"},{"taxonomy":"product_tag","embeddable":true,"href":"https:\/\/ecostera.com\/dk\/wp-json\/wp\/v2\/product_tag?post=29292"}],"curies":[{"name":"wp","href":"https:\/\/api.w.org\/{rel}","templated":true}]}}