{"id":29320,"date":"2025-10-14T22:33:48","date_gmt":"2025-10-14T19:33:48","guid":{"rendered":"https:\/\/ecostera.com\/dk\/product\/aeggekoger-2\/"},"modified":"2025-11-03T12:02:18","modified_gmt":"2025-11-03T10:02:18","slug":"aeggekoger-2","status":"publish","type":"product","link":"https:\/\/ecostera.com\/dk\/product\/aeggekoger-2\/","title":{"rendered":"\u00c6ggekoger"},"content":{"rendered":"<p style=\"text-align: center\" data-start=\"0\" data-end=\"40\">Perfekt kogte \u00e6g hver gang \ud83c\udf73<\/p>\n<p style=\"text-align: center\" data-start=\"41\" data-end=\"281\">G\u00f8r morgenmaden hurtig og nem med denne \u00e6ggekoger, din alt-i-en-k\u00f8kkenhj\u00e6lper til kogning, dampning og servering af \u00e6g. Kompakt, robust og effektiv &#8211; den sparer dig tid og plads og leverer perfekte resultater hver eneste gang.<\/p>\n<p data-start=\"41\" data-end=\"281\"><img decoding=\"async\" class=\"size-full wp-image-37056 aligncenter\" src=\"https:\/\/keluvo.com\/template\/wp-content\/uploads\/sites\/5\/2025\/10\/100225-ezgif.com-video-to-webp-converter.webp\" alt=\"\" \/><\/p>\n<h2 style=\"text-align: center\" data-start=\"288\" data-end=\"309\">Hovedfordele \u2705<\/h2>\n<p data-start=\"312\" data-end=\"393\">\ud83e\udd5a 4-i-1 alsidighed &#8211; fungerer som \u00e6ggekoger, damper, \u00e6ggebakke, og meget mere<\/p>\n<p data-start=\"396\" data-end=\"464\">\u26a1 Nem at bruge &#8211; enkelt design til hurtig og ubesv\u00e6ret madlavning<\/p>\n<p data-start=\"467\" data-end=\"540\">\ud83c\udfe0 Pladsbesparende design &#8211; kompakt st\u00f8rrelse, der passer perfekt i ethvert k\u00f8kken<\/p>\n<p data-start=\"543\" data-end=\"616\">\ud83d\udd0c Elektrisk bekvemmelighed &#8211; koger dine \u00e6g j\u00e6vnt og sparer dig tid<\/p>\n<p data-start=\"619\" data-end=\"697\">\ud83d\udcaa Holdbar konstruktion &#8211; fremstillet af materialer af h\u00f8j kvalitet til langvarig brug<\/p>\n<p data-start=\"619\" data-end=\"697\"><img decoding=\"async\" class=\"size-full wp-image-37054 aligncenter\" src=\"https:\/\/keluvo.com\/template\/wp-content\/uploads\/sites\/5\/2025\/10\/S9dbc075cee1c4bd9b4ad5d1aa8eb992dS.jpg_960x960q75.jpg_.jpg\" alt=\"\" \/><\/p>\n<h2 style=\"text-align: center\" data-start=\"704\" data-end=\"724\">S\u00e5dan bruges den\ud83d\udee0\ufe0f<\/h2>\n<ol data-start=\"725\" data-end=\"986\">\n<li data-start=\"725\" data-end=\"777\">\n<p data-start=\"728\" data-end=\"777\">Fyld basen med den korrekte m\u00e6ngde vand.<\/p>\n<\/li>\n<li data-start=\"778\" data-end=\"818\">\n<p data-start=\"781\" data-end=\"818\">L\u00e6g \u00e6ggene p\u00e5 stativet eller bakken.<\/p>\n<\/li>\n<li data-start=\"819\" data-end=\"868\">\n<p data-start=\"822\" data-end=\"868\">d\u00e6k med l\u00e5get, og t\u00e6nd for komfuret.<\/p>\n<\/li>\n<li data-start=\"869\" data-end=\"936\">\n<p data-start=\"872\" data-end=\"936\">vent et par minutter, indtil \u00e6ggene n\u00e5r den \u00f8nskede tilberedning.<\/p>\n<\/li>\n<li data-start=\"937\" data-end=\"986\">\n<p data-start=\"940\" data-end=\"986\">tag dem ud, og nyd dine perfekt kogte \u00e6g!<\/p>\n<\/li>\n<\/ol>\n<h2 style=\"text-align: center\" data-start=\"993\" data-end=\"1017\">Produktdetaljer \u2139\ufe0f<\/h2>\n<ul data-start=\"1018\" data-end=\"1240\">\n<li data-start=\"1060\" data-end=\"1120\">\n<p data-start=\"1062\" data-end=\"1120\">Functions: \u00c6ggekogestativ, damper, bakke og meget mere<\/p>\n<\/li>\n<li data-start=\"1152\" data-end=\"1193\">\n<p data-start=\"1154\" data-end=\"1193\">Design: Kompakt og brugervenligt<\/p>\n<\/li>\n<li data-start=\"1194\" data-end=\"1240\">\n<p data-start=\"1196\" data-end=\"1240\">Materiale: Robust, holdbar konstruktion<\/p>\n<\/li>\n<li data-start=\"1194\" data-end=\"1240\">Farve: Gr\u00e5<\/li>\n<\/ul>\n<h2 style=\"text-align: center\" data-start=\"1247\" data-end=\"1272\">Pakken indeholder \ud83d\udce6<\/h2>\n<ul data-start=\"1273\" data-end=\"1291\">\n<li data-start=\"1273\" data-end=\"1291\">\n<p data-start=\"1275\" data-end=\"1291\">1x \u00e6ggekoger.<\/p>\n<\/li>\n<\/ul>\n","protected":false},"excerpt":{"rendered":"<p>Perfekt kogte \u00e6g hver gang \ud83c\udf73 G\u00f8r morgenmaden hurtig og nem med denne \u00e6ggekoger, din alt-i-en-k\u00f8kkenhj\u00e6lper til kogning, dampning og [&hellip;]<\/p>\n","protected":false},"featured_media":29316,"comment_status":"open","ping_status":"closed","template":"","meta":{"site-sidebar-layout":"default","site-content-layout":"","ast-site-content-layout":"default","site-content-style":"default","site-sidebar-style":"default","ast-global-header-display":"","ast-banner-title-visibility":"","ast-main-header-display":"","ast-hfb-above-header-display":"","ast-hfb-below-header-display":"","ast-hfb-mobile-header-display":"","site-post-title":"","ast-breadcrumbs-content":"","ast-featured-img":"","footer-sml-layout":"","theme-transparent-header-meta":"default","adv-header-id-meta":"","stick-header-meta":"","header-above-stick-meta":"","header-main-stick-meta":"","header-below-stick-meta":"","astra-migrate-meta-layouts":"set","ast-page-background-enabled":"default","ast-page-background-meta":{"desktop":{"background-color":"var(--ast-global-color-5)","background-image":"","background-repeat":"repeat","background-position":"center center","background-size":"auto","background-attachment":"scroll","background-type":"","background-media":"","overlay-type":"","overlay-color":"","overlay-opacity":"","overlay-gradient":""},"tablet":{"background-color":"","background-image":"","background-repeat":"repeat","background-position":"center center","background-size":"auto","background-attachment":"scroll","background-type":"","background-media":"","overlay-type":"","overlay-color":"","overlay-opacity":"","overlay-gradient":""},"mobile":{"background-color":"","background-image":"","background-repeat":"repeat","background-position":"center center","background-size":"auto","background-attachment":"scroll","background-type":"","background-media":"","overlay-type":"","overlay-color":"","overlay-opacity":"","overlay-gradient":""}},"ast-content-background-meta":{"desktop":{"background-color":"var(--ast-global-color-4)","background-image":"","background-repeat":"repeat","background-position":"center center","background-size":"auto","background-attachment":"scroll","background-type":"","background-media":"","overlay-type":"","overlay-color":"","overlay-opacity":"","overlay-gradient":""},"tablet":{"background-color":"var(--ast-global-color-4)","background-image":"","background-repeat":"repeat","background-position":"center center","background-size":"auto","background-attachment":"scroll","background-type":"","background-media":"","overlay-type":"","overlay-color":"","overlay-opacity":"","overlay-gradient":""},"mobile":{"background-color":"var(--ast-global-color-4)","background-image":"","background-repeat":"repeat","background-position":"center center","background-size":"auto","background-attachment":"scroll","background-type":"","background-media":"","overlay-type":"","overlay-color":"","overlay-opacity":"","overlay-gradient":""}}},"product_brand":[],"product_cat":[19],"product_tag":[],"class_list":{"0":"post-29320","1":"product","2":"type-product","3":"status-publish","4":"has-post-thumbnail","6":"product_cat-uncategorized","7":"desktop-align-left","8":"tablet-align-left","9":"mobile-align-left","11":"first","12":"instock","13":"shipping-taxable","14":"purchasable","15":"product-type-simple"},"_links":{"self":[{"href":"https:\/\/ecostera.com\/dk\/wp-json\/wp\/v2\/product\/29320","targetHints":{"allow":["GET"]}}],"collection":[{"href":"https:\/\/ecostera.com\/dk\/wp-json\/wp\/v2\/product"}],"about":[{"href":"https:\/\/ecostera.com\/dk\/wp-json\/wp\/v2\/types\/product"}],"replies":[{"embeddable":true,"href":"https:\/\/ecostera.com\/dk\/wp-json\/wp\/v2\/comments?post=29320"}],"wp:featuredmedia":[{"embeddable":true,"href":"https:\/\/ecostera.com\/dk\/wp-json\/wp\/v2\/media\/29316"}],"wp:attachment":[{"href":"https:\/\/ecostera.com\/dk\/wp-json\/wp\/v2\/media?parent=29320"}],"wp:term":[{"taxonomy":"product_brand","embeddable":true,"href":"https:\/\/ecostera.com\/dk\/wp-json\/wp\/v2\/product_brand?post=29320"},{"taxonomy":"product_cat","embeddable":true,"href":"https:\/\/ecostera.com\/dk\/wp-json\/wp\/v2\/product_cat?post=29320"},{"taxonomy":"product_tag","embeddable":true,"href":"https:\/\/ecostera.com\/dk\/wp-json\/wp\/v2\/product_tag?post=29320"}],"curies":[{"name":"wp","href":"https:\/\/api.w.org\/{rel}","templated":true}]}}