{"id":29357,"date":"2025-10-14T23:44:29","date_gmt":"2025-10-14T20:44:29","guid":{"rendered":"https:\/\/ecostera.com\/dk\/product\/viskbare-penne\/"},"modified":"2025-10-21T15:36:40","modified_gmt":"2025-10-21T12:36:40","slug":"viskbare-penne","status":"publish","type":"product","link":"https:\/\/ecostera.com\/dk\/product\/viskbare-penne\/","title":{"rendered":"Viskbare kuglepenne"},"content":{"rendered":"<p style=\"text-align: center\" data-start=\"0\" data-end=\"33\"><strong>Skriv og slet med lethed \u270d\ufe0f<\/strong><\/p>\n<p style=\"text-align: center\" data-start=\"34\" data-end=\"260\">Med s\u00e6ttet af sletbare penne kan du skrive j\u00e6vnt og rette fejl med det samme uden pletter eller papirskader. Perfekt til at skrive dagbog, tegne eller tage noter &#8211; disse penne g\u00f8r hver linje p\u00e6n og hver rettelse ubesv\u00e6ret.<\/p>\n<p data-start=\"34\" data-end=\"260\"><img decoding=\"async\" class=\"size-full wp-image-37129 aligncenter\" src=\"https:\/\/keluvo.com\/template\/wp-content\/uploads\/sites\/5\/2025\/10\/10023-ezgif.com-video-to-webp-converter-1.webp\" alt=\"\" \/><\/p>\n<h2 style=\"text-align: center\" data-start=\"267\" data-end=\"288\">Hovedfordele \u2705<\/h2>\n<p data-start=\"291\" data-end=\"362\">\ud83d\udd8a\ufe0f Glat skrift &#8211; glider hen over papiret med rene, pr\u00e6cise linjer<\/p>\n<p data-start=\"365\" data-end=\"437\">\ud83d\udd04 Sletbart bl\u00e6k &#8211; ret nemt fejl uden at rive siden i stykker<\/p>\n<p data-start=\"440\" data-end=\"513\">\ud83c\udfa8 Levende farver &#8211; lyst bl\u00e6k, der er ideelt til noter, kunst og dagb\u00f8ger<\/p>\n<p data-start=\"516\" data-end=\"588\">\ud83d\udcaa Holdbart design &#8211; fremstillet af robust plast med behageligt greb<\/p>\n<p data-start=\"591\" data-end=\"676\">\ud83e\udde0 Perfekt til studerende &amp; kreative &#8211; perfekt til skole, kontor eller privat brug<\/p>\n<p data-start=\"591\" data-end=\"676\"><img decoding=\"async\" class=\"size-full wp-image-37134 aligncenter\" src=\"https:\/\/keluvo.com\/template\/wp-content\/uploads\/sites\/5\/2025\/10\/10022-ezgif.com-video-to-webp-converter-1.webp\" alt=\"\" \/><\/p>\n<h2 style=\"text-align: center\" data-start=\"683\" data-end=\"703\">Hvordan bruges de \ud83d\udee0\ufe0f<\/h2>\n<ol data-start=\"704\" data-end=\"893\">\n<li data-start=\"704\" data-end=\"750\">\n<p data-start=\"707\" data-end=\"750\">Skriv som du ville g\u00f8re med en normal gelpen.<\/p>\n<\/li>\n<li data-start=\"751\" data-end=\"815\">\n<p data-start=\"754\" data-end=\"815\">For at slette gnider du forsigtigt det indbyggede viskel\u00e6der eller viskel\u00e6deret, der f\u00f8lger med s\u00e6ttet, hen over bl\u00e6komr\u00e5det.<\/p>\n<\/li>\n<li data-start=\"816\" data-end=\"893\">\n<p data-start=\"819\" data-end=\"893\">skriv igen med det samme &#8211; det sletbare bl\u00e6k efterlader dit papir rent og glat.<\/p>\n<\/li>\n<\/ol>\n<h2 style=\"text-align: center\" data-start=\"900\" data-end=\"924\"><strong>Produktdetaljer \u2139\ufe0f<\/strong><\/h2>\n<ul data-start=\"925\" data-end=\"1170\">\n<li data-start=\"961\" data-end=\"999\">\n<p data-start=\"963\" data-end=\"999\">Material: Plast med gelbl\u00e6k<\/p>\n<\/li>\n<li data-start=\"1000\" data-end=\"1025\">\n<p data-start=\"1002\" data-end=\"1025\">Pen l\u00e6ngde: 14,7 cm<\/p>\n<\/li>\n<li data-start=\"1026\" data-end=\"1059\">\n<p data-start=\"1028\" data-end=\"1059\">Spidsst\u00f8rrelse: 0,5 mm fin spids<\/p>\n<\/li>\n<li data-start=\"1060\" data-end=\"1120\">\n<p data-start=\"1062\" data-end=\"1120\">Funktioner: Glat skrift, lys farve, sletbart bl\u00e6k<\/p>\n<\/li>\n<li data-start=\"1121\" data-end=\"1170\">\n<p data-start=\"1123\" data-end=\"1170\">Brug til: Dagbogsskrivning, tegning, notetagning<\/p>\n<\/li>\n<li data-start=\"1121\" data-end=\"1170\">Farve: Sort, r\u00f8d, bl\u00e5<\/li>\n<\/ul>\n<h2 style=\"text-align: center\" data-start=\"1177\" data-end=\"1202\">Pakken indeholder \ud83d\udce6<\/h2>\n<ul data-start=\"1203\" data-end=\"1258\">\n<li data-start=\"1203\" data-end=\"1258\">\n<p data-start=\"1205\" data-end=\"1258\">4x sletbar pen<\/p>\n<\/li>\n<li data-start=\"1203\" data-end=\"1258\">\n<p data-start=\"1205\" data-end=\"1258\">50x refills<\/p>\n<\/li>\n<li data-start=\"1203\" data-end=\"1258\">6x viskel\u00e6der (tilf\u00e6ldig farve).<\/li>\n<\/ul>\n","protected":false},"excerpt":{"rendered":"<p>Skriv og slet med lethed \u270d\ufe0f Med s\u00e6ttet af sletbare penne kan du skrive j\u00e6vnt og rette fejl med det [&hellip;]<\/p>\n","protected":false},"featured_media":29353,"comment_status":"open","ping_status":"closed","template":"","meta":{"site-sidebar-layout":"default","site-content-layout":"","ast-site-content-layout":"default","site-content-style":"default","site-sidebar-style":"default","ast-global-header-display":"","ast-banner-title-visibility":"","ast-main-header-display":"","ast-hfb-above-header-display":"","ast-hfb-below-header-display":"","ast-hfb-mobile-header-display":"","site-post-title":"","ast-breadcrumbs-content":"","ast-featured-img":"","footer-sml-layout":"","theme-transparent-header-meta":"default","adv-header-id-meta":"","stick-header-meta":"","header-above-stick-meta":"","header-main-stick-meta":"","header-below-stick-meta":"","astra-migrate-meta-layouts":"set","ast-page-background-enabled":"default","ast-page-background-meta":{"desktop":{"background-color":"var(--ast-global-color-5)","background-image":"","background-repeat":"repeat","background-position":"center center","background-size":"auto","background-attachment":"scroll","background-type":"","background-media":"","overlay-type":"","overlay-color":"","overlay-opacity":"","overlay-gradient":""},"tablet":{"background-color":"","background-image":"","background-repeat":"repeat","background-position":"center center","background-size":"auto","background-attachment":"scroll","background-type":"","background-media":"","overlay-type":"","overlay-color":"","overlay-opacity":"","overlay-gradient":""},"mobile":{"background-color":"","background-image":"","background-repeat":"repeat","background-position":"center center","background-size":"auto","background-attachment":"scroll","background-type":"","background-media":"","overlay-type":"","overlay-color":"","overlay-opacity":"","overlay-gradient":""}},"ast-content-background-meta":{"desktop":{"background-color":"var(--ast-global-color-4)","background-image":"","background-repeat":"repeat","background-position":"center center","background-size":"auto","background-attachment":"scroll","background-type":"","background-media":"","overlay-type":"","overlay-color":"","overlay-opacity":"","overlay-gradient":""},"tablet":{"background-color":"var(--ast-global-color-4)","background-image":"","background-repeat":"repeat","background-position":"center center","background-size":"auto","background-attachment":"scroll","background-type":"","background-media":"","overlay-type":"","overlay-color":"","overlay-opacity":"","overlay-gradient":""},"mobile":{"background-color":"var(--ast-global-color-4)","background-image":"","background-repeat":"repeat","background-position":"center center","background-size":"auto","background-attachment":"scroll","background-type":"","background-media":"","overlay-type":"","overlay-color":"","overlay-opacity":"","overlay-gradient":""}}},"product_brand":[],"product_cat":[19],"product_tag":[],"class_list":{"0":"post-29357","1":"product","2":"type-product","3":"status-publish","4":"has-post-thumbnail","6":"product_cat-uncategorized","7":"pa_43850_55nwzgvj-blaa","8":"pa_43850_55nwzgvj-roed","9":"pa_43850_55nwzgvj-sort","10":"desktop-align-left","11":"tablet-align-left","12":"mobile-align-left","14":"first","15":"instock","16":"shipping-taxable","17":"purchasable","18":"product-type-variable"},"_links":{"self":[{"href":"https:\/\/ecostera.com\/dk\/wp-json\/wp\/v2\/product\/29357","targetHints":{"allow":["GET"]}}],"collection":[{"href":"https:\/\/ecostera.com\/dk\/wp-json\/wp\/v2\/product"}],"about":[{"href":"https:\/\/ecostera.com\/dk\/wp-json\/wp\/v2\/types\/product"}],"replies":[{"embeddable":true,"href":"https:\/\/ecostera.com\/dk\/wp-json\/wp\/v2\/comments?post=29357"}],"wp:featuredmedia":[{"embeddable":true,"href":"https:\/\/ecostera.com\/dk\/wp-json\/wp\/v2\/media\/29353"}],"wp:attachment":[{"href":"https:\/\/ecostera.com\/dk\/wp-json\/wp\/v2\/media?parent=29357"}],"wp:term":[{"taxonomy":"product_brand","embeddable":true,"href":"https:\/\/ecostera.com\/dk\/wp-json\/wp\/v2\/product_brand?post=29357"},{"taxonomy":"product_cat","embeddable":true,"href":"https:\/\/ecostera.com\/dk\/wp-json\/wp\/v2\/product_cat?post=29357"},{"taxonomy":"product_tag","embeddable":true,"href":"https:\/\/ecostera.com\/dk\/wp-json\/wp\/v2\/product_tag?post=29357"}],"curies":[{"name":"wp","href":"https:\/\/api.w.org\/{rel}","templated":true}]}}