{"id":2942,"date":"2025-07-16T04:02:49","date_gmt":"2025-07-16T04:02:49","guid":{"rendered":"https:\/\/ecostera.com\/dk\/product\/toiletboerste-til-kyllinger\/"},"modified":"2025-07-16T04:02:54","modified_gmt":"2025-07-16T04:02:54","slug":"toiletboerste-til-kyllinger","status":"publish","type":"product","link":"https:\/\/ecostera.com\/dk\/product\/toiletboerste-til-kyllinger\/","title":{"rendered":"Toiletb\u00f8rste til kyllinger"},"content":{"rendered":"<h2 style=\"text-align: center\">Unikt Kyllingeformet Design<\/h2>\n<p style=\"text-align: center\">Kyllingetoiletb\u00f8rsten har en sjov og kreativ kyllingeform, der tilf\u00f8jer et legende touch til din badev\u00e6relsesindretning. Det v\u00e6gmonterede design sparer plads, samtidig med at b\u00f8rsten er let tilg\u00e6ngelig til daglig brug. Et praktisk redskab med et charmerende twist.<\/p>\n<p><img decoding=\"async\" class=\"alignnone size-medium wp-image-7488 aligncenter\" src=\"https:\/\/keluvo.com\/template\/wp-content\/uploads\/sites\/5\/2025\/01\/Sb3d7675c1b1d4769b429a2a82508671dE.jpg_960x960q75.jpg_.webp\" \/><\/p>\n<h2 style=\"text-align: center\">Dybdereng\u00f8ring Gjort Let<\/h2>\n<p style=\"text-align: center\">Med et 360\u00b0 reng\u00f8ringshoved n\u00e5r kyllinge-toiletb\u00f8rsten alle hj\u00f8rner af dit toilet, inklusive sv\u00e6rt tilg\u00e6ngelige omr\u00e5der og kanter. Det bl\u00f8de svampemateriale sikrer effektiv reng\u00f8ring uden at ridse toiletglasset, s\u00e5 dit badev\u00e6relse efterlades pletfrit og uden skader.<\/p>\n<p><img decoding=\"async\" class=\"alignnone size-medium wp-image-7485 aligncenter\" src=\"https:\/\/keluvo.com\/template\/wp-content\/uploads\/sites\/5\/2025\/01\/S189914af3fcb4c8ca64511cde17232c0h.jpg_960x960q75.jpg_.webp\" \/><\/p>\n","protected":false},"excerpt":{"rendered":"<p>Unikt Kyllingeformet Design Kyllingetoiletb\u00f8rsten har en sjov og kreativ kyllingeform, der tilf\u00f8jer et legende touch til din badev\u00e6relsesindretning. Det v\u00e6gmonterede [&hellip;]<\/p>\n","protected":false},"featured_media":2938,"comment_status":"open","ping_status":"closed","template":"","meta":{"site-sidebar-layout":"default","site-content-layout":"","ast-site-content-layout":"default","site-content-style":"default","site-sidebar-style":"default","ast-global-header-display":"","ast-banner-title-visibility":"","ast-main-header-display":"","ast-hfb-above-header-display":"","ast-hfb-below-header-display":"","ast-hfb-mobile-header-display":"","site-post-title":"","ast-breadcrumbs-content":"","ast-featured-img":"","footer-sml-layout":"","theme-transparent-header-meta":"default","adv-header-id-meta":"","stick-header-meta":"","header-above-stick-meta":"","header-main-stick-meta":"","header-below-stick-meta":"","astra-migrate-meta-layouts":"set","ast-page-background-enabled":"default","ast-page-background-meta":{"desktop":{"background-color":"var(--ast-global-color-5)","background-image":"","background-repeat":"repeat","background-position":"center center","background-size":"auto","background-attachment":"scroll","background-type":"","background-media":"","overlay-type":"","overlay-color":"","overlay-opacity":"","overlay-gradient":""},"tablet":{"background-color":"","background-image":"","background-repeat":"repeat","background-position":"center center","background-size":"auto","background-attachment":"scroll","background-type":"","background-media":"","overlay-type":"","overlay-color":"","overlay-opacity":"","overlay-gradient":""},"mobile":{"background-color":"","background-image":"","background-repeat":"repeat","background-position":"center center","background-size":"auto","background-attachment":"scroll","background-type":"","background-media":"","overlay-type":"","overlay-color":"","overlay-opacity":"","overlay-gradient":""}},"ast-content-background-meta":{"desktop":{"background-color":"var(--ast-global-color-4)","background-image":"","background-repeat":"repeat","background-position":"center center","background-size":"auto","background-attachment":"scroll","background-type":"","background-media":"","overlay-type":"","overlay-color":"","overlay-opacity":"","overlay-gradient":""},"tablet":{"background-color":"var(--ast-global-color-4)","background-image":"","background-repeat":"repeat","background-position":"center center","background-size":"auto","background-attachment":"scroll","background-type":"","background-media":"","overlay-type":"","overlay-color":"","overlay-opacity":"","overlay-gradient":""},"mobile":{"background-color":"var(--ast-global-color-4)","background-image":"","background-repeat":"repeat","background-position":"center center","background-size":"auto","background-attachment":"scroll","background-type":"","background-media":"","overlay-type":"","overlay-color":"","overlay-opacity":"","overlay-gradient":""}}},"product_brand":[],"product_cat":[19],"product_tag":[],"class_list":{"0":"post-2942","1":"product","2":"type-product","3":"status-publish","4":"has-post-thumbnail","6":"product_cat-uncategorized","7":"pa_36369_6z2n3m2q-citron","8":"pa_36369_6z2n3m2q-havet","9":"pa_36369_6z2n3m2q-lavendel","10":"desktop-align-left","11":"tablet-align-left","12":"mobile-align-left","14":"first","15":"instock","16":"shipping-taxable","17":"purchasable","18":"product-type-variable"},"_links":{"self":[{"href":"https:\/\/ecostera.com\/dk\/wp-json\/wp\/v2\/product\/2942","targetHints":{"allow":["GET"]}}],"collection":[{"href":"https:\/\/ecostera.com\/dk\/wp-json\/wp\/v2\/product"}],"about":[{"href":"https:\/\/ecostera.com\/dk\/wp-json\/wp\/v2\/types\/product"}],"replies":[{"embeddable":true,"href":"https:\/\/ecostera.com\/dk\/wp-json\/wp\/v2\/comments?post=2942"}],"wp:featuredmedia":[{"embeddable":true,"href":"https:\/\/ecostera.com\/dk\/wp-json\/wp\/v2\/media\/2938"}],"wp:attachment":[{"href":"https:\/\/ecostera.com\/dk\/wp-json\/wp\/v2\/media?parent=2942"}],"wp:term":[{"taxonomy":"product_brand","embeddable":true,"href":"https:\/\/ecostera.com\/dk\/wp-json\/wp\/v2\/product_brand?post=2942"},{"taxonomy":"product_cat","embeddable":true,"href":"https:\/\/ecostera.com\/dk\/wp-json\/wp\/v2\/product_cat?post=2942"},{"taxonomy":"product_tag","embeddable":true,"href":"https:\/\/ecostera.com\/dk\/wp-json\/wp\/v2\/product_tag?post=2942"}],"curies":[{"name":"wp","href":"https:\/\/api.w.org\/{rel}","templated":true}]}}