{"id":29463,"date":"2025-10-14T23:56:23","date_gmt":"2025-10-14T20:56:23","guid":{"rendered":"https:\/\/ecostera.com\/dk\/product\/skridsikre-taeppepuder-12-stk\/"},"modified":"2025-11-03T12:02:22","modified_gmt":"2025-11-03T10:02:22","slug":"skridsikre-taeppepuder-12-stk","status":"publish","type":"product","link":"https:\/\/ecostera.com\/dk\/product\/skridsikre-taeppepuder-12-stk\/","title":{"rendered":"Skridsikre t\u00e6ppepuder (12 stk.)"},"content":{"rendered":"<p style=\"text-align: center\" data-start=\"41\" data-end=\"272\">Hold dine t\u00e6pper perfekt p\u00e5 plads med disse genanvendelige skridsikre t\u00e6ppepuder. De er designet med st\u00e6rk kl\u00e6berigt og holdbart materiale og forhindrer, at hj\u00f8rnerne kr\u00f8ller, glider eller flytter sig &#8211; hvilket g\u00f8r dit hjem mere sikkert og ryddeligt.<\/p>\n<p data-start=\"41\" data-end=\"272\"><img decoding=\"async\" class=\"size-full wp-image-32383 aligncenter\" src=\"https:\/\/keluvo.com\/template\/wp-content\/uploads\/sites\/5\/2025\/08\/c0141bf1-ac8e-41ed-876d-9aa53917440d.jpg\" alt=\"\" \/><\/p>\n<h2 style=\"text-align: center\" data-start=\"279\" data-end=\"301\">Hovefordele<\/h2>\n<p data-start=\"304\" data-end=\"372\">\ud83d\udee1\ufe0f Forhindrer, at t\u00e6pper glider og ulykker &#8211; holder t\u00e6pper sikre p\u00e5 ethvert gulv<\/p>\n<p data-start=\"375\" data-end=\"424\">\ud83d\udd04 Genanvendeligt design &#8211; let at reng\u00f8re og kl\u00e6be p\u00e5 igen<\/p>\n<p data-start=\"427\" data-end=\"493\">\ud83d\udcd0 Usynlig og slank &#8211; passer p\u00e6nt under t\u00e6ppehj\u00f8rner uden at fylde<\/p>\n<p data-start=\"496\" data-end=\"562\">\ud83e\uddfc Let at vedligeholde &#8211; bare t\u00f8r af med vand for at genskabe kl\u00e6beevnen<\/p>\n<p data-start=\"565\" data-end=\"626\">\ud83c\udfe0 Fungerer p\u00e5 alle overflader &#8211; tr\u00e6, fliser, laminat eller marmor<\/p>\n<p data-start=\"565\" data-end=\"626\"><img decoding=\"async\" class=\"size-full wp-image-32388 aligncenter\" src=\"https:\/\/keluvo.com\/template\/wp-content\/uploads\/sites\/5\/2025\/08\/916c38fc-e550-43d1-afab-521a1eda1b52.webp\" alt=\"\" \/><\/p>\n<h2 style=\"text-align: center\" data-start=\"633\" data-end=\"652\">Hvordan bruges det<\/h2>\n<ol data-start=\"653\" data-end=\"827\">\n<li data-start=\"653\" data-end=\"687\">\n<p data-start=\"656\" data-end=\"687\">Tr\u00e6k beskyttelsesfilmen af.<\/p>\n<\/li>\n<li data-start=\"688\" data-end=\"739\">\n<p data-start=\"691\" data-end=\"739\">S\u00e6t hver pude fast i hj\u00f8rnerne af dit t\u00e6ppe.<\/p>\n<\/li>\n<li data-start=\"740\" data-end=\"784\">\n<p data-start=\"743\" data-end=\"784\">tryk godt for at fastg\u00f8re den til gulvet.<\/p>\n<\/li>\n<li data-start=\"785\" data-end=\"827\">\n<p data-start=\"788\" data-end=\"827\">fjern og skyl med vand for at genbruge.<\/p>\n<\/li>\n<\/ol>\n<h2 style=\"text-align: center\" data-start=\"834\" data-end=\"858\">Produktdetaljer<\/h2>\n<ul data-start=\"859\" data-end=\"972\">\n<li data-start=\"859\" data-end=\"890\">\n<p data-start=\"861\" data-end=\"890\">Materiale: PU + silikonegel<\/p>\n<\/li>\n<li data-start=\"922\" data-end=\"955\">\n<p data-start=\"924\" data-end=\"955\">St\u00f8rrelse: ca. 15,5 x 11 x 7,7 cm pr. stk<\/p>\n<\/li>\n<li data-start=\"956\" data-end=\"972\">\n<p data-start=\"958\" data-end=\"972\">Farve: sort<\/p>\n<\/li>\n<\/ul>\n<h2 style=\"text-align: center\" data-start=\"979\" data-end=\"1004\">Pakken indeholder<\/h2>\n<ul data-start=\"1005\" data-end=\"1035\">\n<li data-start=\"1005\" data-end=\"1035\">\n<p data-start=\"1007\" data-end=\"1035\">2x skridsikre t\u00e6ppepuder.<\/p>\n<\/li>\n<\/ul>\n","protected":false},"excerpt":{"rendered":"<p>Hold dine t\u00e6pper perfekt p\u00e5 plads med disse genanvendelige skridsikre t\u00e6ppepuder. De er designet med st\u00e6rk kl\u00e6berigt og holdbart materiale [&hellip;]<\/p>\n","protected":false},"featured_media":29459,"comment_status":"open","ping_status":"closed","template":"","meta":{"site-sidebar-layout":"default","site-content-layout":"","ast-site-content-layout":"default","site-content-style":"default","site-sidebar-style":"default","ast-global-header-display":"","ast-banner-title-visibility":"","ast-main-header-display":"","ast-hfb-above-header-display":"","ast-hfb-below-header-display":"","ast-hfb-mobile-header-display":"","site-post-title":"","ast-breadcrumbs-content":"","ast-featured-img":"","footer-sml-layout":"","theme-transparent-header-meta":"default","adv-header-id-meta":"","stick-header-meta":"","header-above-stick-meta":"","header-main-stick-meta":"","header-below-stick-meta":"","astra-migrate-meta-layouts":"set","ast-page-background-enabled":"default","ast-page-background-meta":{"desktop":{"background-color":"var(--ast-global-color-5)","background-image":"","background-repeat":"repeat","background-position":"center center","background-size":"auto","background-attachment":"scroll","background-type":"","background-media":"","overlay-type":"","overlay-color":"","overlay-opacity":"","overlay-gradient":""},"tablet":{"background-color":"","background-image":"","background-repeat":"repeat","background-position":"center center","background-size":"auto","background-attachment":"scroll","background-type":"","background-media":"","overlay-type":"","overlay-color":"","overlay-opacity":"","overlay-gradient":""},"mobile":{"background-color":"","background-image":"","background-repeat":"repeat","background-position":"center center","background-size":"auto","background-attachment":"scroll","background-type":"","background-media":"","overlay-type":"","overlay-color":"","overlay-opacity":"","overlay-gradient":""}},"ast-content-background-meta":{"desktop":{"background-color":"var(--ast-global-color-4)","background-image":"","background-repeat":"repeat","background-position":"center center","background-size":"auto","background-attachment":"scroll","background-type":"","background-media":"","overlay-type":"","overlay-color":"","overlay-opacity":"","overlay-gradient":""},"tablet":{"background-color":"var(--ast-global-color-4)","background-image":"","background-repeat":"repeat","background-position":"center center","background-size":"auto","background-attachment":"scroll","background-type":"","background-media":"","overlay-type":"","overlay-color":"","overlay-opacity":"","overlay-gradient":""},"mobile":{"background-color":"var(--ast-global-color-4)","background-image":"","background-repeat":"repeat","background-position":"center center","background-size":"auto","background-attachment":"scroll","background-type":"","background-media":"","overlay-type":"","overlay-color":"","overlay-opacity":"","overlay-gradient":""}}},"product_brand":[],"product_cat":[19],"product_tag":[],"class_list":{"0":"post-29463","1":"product","2":"type-product","3":"status-publish","4":"has-post-thumbnail","6":"product_cat-uncategorized","7":"pa_20266_mrl74kai-4-stk","8":"pa_20266_mrl74kai-8-stk","9":"pa_20266_mrl74kai-12-stk","10":"desktop-align-left","11":"tablet-align-left","12":"mobile-align-left","14":"first","15":"instock","16":"shipping-taxable","17":"purchasable","18":"product-type-simple"},"_links":{"self":[{"href":"https:\/\/ecostera.com\/dk\/wp-json\/wp\/v2\/product\/29463","targetHints":{"allow":["GET"]}}],"collection":[{"href":"https:\/\/ecostera.com\/dk\/wp-json\/wp\/v2\/product"}],"about":[{"href":"https:\/\/ecostera.com\/dk\/wp-json\/wp\/v2\/types\/product"}],"replies":[{"embeddable":true,"href":"https:\/\/ecostera.com\/dk\/wp-json\/wp\/v2\/comments?post=29463"}],"wp:featuredmedia":[{"embeddable":true,"href":"https:\/\/ecostera.com\/dk\/wp-json\/wp\/v2\/media\/29459"}],"wp:attachment":[{"href":"https:\/\/ecostera.com\/dk\/wp-json\/wp\/v2\/media?parent=29463"}],"wp:term":[{"taxonomy":"product_brand","embeddable":true,"href":"https:\/\/ecostera.com\/dk\/wp-json\/wp\/v2\/product_brand?post=29463"},{"taxonomy":"product_cat","embeddable":true,"href":"https:\/\/ecostera.com\/dk\/wp-json\/wp\/v2\/product_cat?post=29463"},{"taxonomy":"product_tag","embeddable":true,"href":"https:\/\/ecostera.com\/dk\/wp-json\/wp\/v2\/product_tag?post=29463"}],"curies":[{"name":"wp","href":"https:\/\/api.w.org\/{rel}","templated":true}]}}