{"id":29564,"date":"2025-10-15T00:08:15","date_gmt":"2025-10-14T21:08:15","guid":{"rendered":"https:\/\/ecostera.com\/dk\/product\/hjoernestik-2\/"},"modified":"2025-10-21T15:59:37","modified_gmt":"2025-10-21T12:59:37","slug":"hjoernestik-2","status":"publish","type":"product","link":"https:\/\/ecostera.com\/dk\/product\/hjoernestik-2\/","title":{"rendered":"Hj\u00f8rnestik"},"content":{"rendered":"<p style=\"text-align: center\" data-start=\"138\" data-end=\"442\">Forst\u00e6rk dine m\u00f8bler som en<br \/>\nprofessionel &#8211; st\u00e6rke, stabile og nemme at installere. \ud83e\uddf1<\/p>\n<p style=\"text-align: center\" data-start=\"138\" data-end=\"442\">Disse kraftige hj\u00f8rneforbindere i metal er den perfekte l\u00f8sning til at stabilisere m\u00f8bler, hylder, skabe og tr\u00e6rammer. Deres solide trekantede design sikrer maksimal b\u00e6reevne og langvarig holdbarhed. Sig farvel til vaklende borde og h\u00e6ngende hylder &#8211; installer dem \u00e9n gang, og f\u00e5 gl\u00e6de af livslang styrke.<\/p>\n<p data-start=\"138\" data-end=\"442\"><img decoding=\"async\" class=\"size-full wp-image-29559 aligncenter\" src=\"https:\/\/keluvo.com\/template\/wp-content\/uploads\/sites\/5\/2025\/07\/072112-ezgif.com-video-to-webp-converter-1.webp\" alt=\"\" \/><\/p>\n<h2 style=\"text-align: center\" data-section-id=\"1unkobh\" data-start=\"541\" data-end=\"561\">Hovedfordele \ud83d\udd29<\/h2>\n<p data-start=\"563\" data-end=\"1055\">\ud83d\udcd0 Trekantet st\u00f8ttestruktur &#8211; Maksimerer styrke og stabilitet i hvert hj\u00f8rne.<\/p>\n<p data-start=\"563\" data-end=\"1055\">\ud83d\udee0\ufe0f Kraftig konstruktion &#8211; Fremstillet af tykt rustfrit st\u00e5l for langvarig ydeevne.<\/p>\n<p data-start=\"563\" data-end=\"1055\">\ud83d\udd27 Let at installere &#8211; Forborede huller til hurtig montering med skruer (medf\u00f8lger).<\/p>\n<p data-start=\"563\" data-end=\"1055\">\ud83e\ude9a Perfekt til tr\u00e6arbejde &#8211; Ideel til borde, senge, bogreoler, kasser og meget mere.<\/p>\n<p data-start=\"563\" data-end=\"1055\">\ud83e\uddf2 Rustbestandig finish &#8211; Perfekt til indend\u00f8rs og udend\u00f8rs brug.<\/p>\n<p data-start=\"563\" data-end=\"1055\">\ud83c\udfaf Usynlig efter montering &#8211; Rene kanter og lavprofildesign.<\/p>\n<p data-start=\"563\" data-end=\"1055\"><img decoding=\"async\" class=\"size-full wp-image-29557 aligncenter\" src=\"https:\/\/keluvo.com\/template\/wp-content\/uploads\/sites\/5\/2025\/07\/9df89a94-8483-4e09-9d05-ca075e4272d4.webp\" alt=\"\" \/><\/p>\n<h2 style=\"text-align: center\" data-section-id=\"6p6jxn\" data-start=\"1062\" data-end=\"1079\">S\u00e5dan Bruges \ud83e\ude9b<\/h2>\n<ol data-start=\"1081\" data-end=\"1342\">\n<li data-start=\"1081\" data-end=\"1145\">\n<p data-start=\"1084\" data-end=\"1145\">Stil forbindelsen til det indvendige hj\u00f8rne af dit m\u00f8bel.<\/p>\n<\/li>\n<li data-start=\"1146\" data-end=\"1203\">\n<p data-start=\"1149\" data-end=\"1203\">Marker skruepositionerne ved hj\u00e6lp af hullerne som en guide.<\/p>\n<\/li>\n<li data-start=\"1204\" data-end=\"1237\">\n<p data-start=\"1207\" data-end=\"1237\">Bor pilothuller om n\u00f8dvendigt.<\/p>\n<\/li>\n<li data-start=\"1238\" data-end=\"1291\">\n<p data-start=\"1241\" data-end=\"1291\">Fastg\u00f8r med skruer ved hj\u00e6lp af en skruetr\u00e6kker eller boremaskine.<\/p>\n<\/li>\n<li data-start=\"1292\" data-end=\"1342\">\n<p data-start=\"1295\" data-end=\"1342\">Gentag p\u00e5 andre hj\u00f8rner for fuld forst\u00e6rkning.<\/p>\n<\/li>\n<\/ol>\n<h2 style=\"text-align: center\" data-section-id=\"1uoa4jh\" data-start=\"1349\" data-end=\"1371\">Produktoplysninger \ud83d\udccf<\/h2>\n<ul data-start=\"1373\" data-end=\"1608\">\n<li data-start=\"1373\" data-end=\"1415\">\n<p data-start=\"1375\" data-end=\"1415\">Materiale: Rustfrit st\u00e5l af h\u00f8j kvalitet<\/p>\n<\/li>\n<li data-start=\"1416\" data-end=\"1450\">\n<p data-start=\"1418\" data-end=\"1450\">Finish: Rustbestandig bel\u00e6gning<\/p>\n<\/li>\n<li data-start=\"1451\" data-end=\"1491\">\n<p data-start=\"1453\" data-end=\"1491\">Dimensioner: ~3,2 cm bred x 6,5 cm lang<\/p>\n<\/li>\n<li data-start=\"1492\" data-end=\"1513\">\n<p data-start=\"1494\" data-end=\"1513\">Tykkelse: ~2,5 mm<\/p>\n<\/li>\n<li data-start=\"1545\" data-end=\"1608\">\n<p data-start=\"1547\" data-end=\"1608\">V\u00e6gtkapacitet: Underst\u00f8tter tunge belastninger, n\u00e5r den er korrekt installeret<\/p>\n<\/li>\n<\/ul>\n<h2 style=\"text-align: center\" data-section-id=\"168ap4\" data-start=\"1615\" data-end=\"1638\">Pakken indeholder \ud83d\udce6<\/h2>\n<ul data-start=\"1640\" data-end=\"1690\">\n<li data-start=\"1640\" data-end=\"1668\">\n<p data-start=\"1642\" data-end=\"1668\">4, 8, 12x metalhj\u00f8rnestik<\/p>\n<\/li>\n<li data-start=\"1669\" data-end=\"1690\">\n<p data-start=\"1671\" data-end=\"1690\">16, 32, 48 x monteringsskruer.<\/p>\n<\/li>\n<\/ul>\n","protected":false},"excerpt":{"rendered":"<p>Forst\u00e6rk dine m\u00f8bler som en professionel &#8211; st\u00e6rke, stabile og nemme at installere. \ud83e\uddf1 Disse kraftige hj\u00f8rneforbindere i metal er [&hellip;]<\/p>\n","protected":false},"featured_media":29560,"comment_status":"open","ping_status":"closed","template":"","meta":{"site-sidebar-layout":"default","site-content-layout":"","ast-site-content-layout":"default","site-content-style":"default","site-sidebar-style":"default","ast-global-header-display":"","ast-banner-title-visibility":"","ast-main-header-display":"","ast-hfb-above-header-display":"","ast-hfb-below-header-display":"","ast-hfb-mobile-header-display":"","site-post-title":"","ast-breadcrumbs-content":"","ast-featured-img":"","footer-sml-layout":"","theme-transparent-header-meta":"default","adv-header-id-meta":"","stick-header-meta":"","header-above-stick-meta":"","header-main-stick-meta":"","header-below-stick-meta":"","astra-migrate-meta-layouts":"set","ast-page-background-enabled":"default","ast-page-background-meta":{"desktop":{"background-color":"var(--ast-global-color-5)","background-image":"","background-repeat":"repeat","background-position":"center center","background-size":"auto","background-attachment":"scroll","background-type":"","background-media":"","overlay-type":"","overlay-color":"","overlay-opacity":"","overlay-gradient":""},"tablet":{"background-color":"","background-image":"","background-repeat":"repeat","background-position":"center center","background-size":"auto","background-attachment":"scroll","background-type":"","background-media":"","overlay-type":"","overlay-color":"","overlay-opacity":"","overlay-gradient":""},"mobile":{"background-color":"","background-image":"","background-repeat":"repeat","background-position":"center center","background-size":"auto","background-attachment":"scroll","background-type":"","background-media":"","overlay-type":"","overlay-color":"","overlay-opacity":"","overlay-gradient":""}},"ast-content-background-meta":{"desktop":{"background-color":"var(--ast-global-color-4)","background-image":"","background-repeat":"repeat","background-position":"center center","background-size":"auto","background-attachment":"scroll","background-type":"","background-media":"","overlay-type":"","overlay-color":"","overlay-opacity":"","overlay-gradient":""},"tablet":{"background-color":"var(--ast-global-color-4)","background-image":"","background-repeat":"repeat","background-position":"center center","background-size":"auto","background-attachment":"scroll","background-type":"","background-media":"","overlay-type":"","overlay-color":"","overlay-opacity":"","overlay-gradient":""},"mobile":{"background-color":"var(--ast-global-color-4)","background-image":"","background-repeat":"repeat","background-position":"center center","background-size":"auto","background-attachment":"scroll","background-type":"","background-media":"","overlay-type":"","overlay-color":"","overlay-opacity":"","overlay-gradient":""}}},"product_brand":[],"product_cat":[19],"product_tag":[],"class_list":{"0":"post-29564","1":"product","2":"type-product","3":"status-publish","4":"has-post-thumbnail","6":"product_cat-uncategorized","7":"pa_32271_x5vxya4q-4-stk","8":"pa_32271_x5vxya4q-8-stk","9":"pa_32271_x5vxya4q-12-stk","10":"desktop-align-left","11":"tablet-align-left","12":"mobile-align-left","14":"first","15":"instock","16":"shipping-taxable","17":"purchasable","18":"product-type-variable"},"_links":{"self":[{"href":"https:\/\/ecostera.com\/dk\/wp-json\/wp\/v2\/product\/29564","targetHints":{"allow":["GET"]}}],"collection":[{"href":"https:\/\/ecostera.com\/dk\/wp-json\/wp\/v2\/product"}],"about":[{"href":"https:\/\/ecostera.com\/dk\/wp-json\/wp\/v2\/types\/product"}],"replies":[{"embeddable":true,"href":"https:\/\/ecostera.com\/dk\/wp-json\/wp\/v2\/comments?post=29564"}],"wp:featuredmedia":[{"embeddable":true,"href":"https:\/\/ecostera.com\/dk\/wp-json\/wp\/v2\/media\/29560"}],"wp:attachment":[{"href":"https:\/\/ecostera.com\/dk\/wp-json\/wp\/v2\/media?parent=29564"}],"wp:term":[{"taxonomy":"product_brand","embeddable":true,"href":"https:\/\/ecostera.com\/dk\/wp-json\/wp\/v2\/product_brand?post=29564"},{"taxonomy":"product_cat","embeddable":true,"href":"https:\/\/ecostera.com\/dk\/wp-json\/wp\/v2\/product_cat?post=29564"},{"taxonomy":"product_tag","embeddable":true,"href":"https:\/\/ecostera.com\/dk\/wp-json\/wp\/v2\/product_tag?post=29564"}],"curies":[{"name":"wp","href":"https:\/\/api.w.org\/{rel}","templated":true}]}}