{"id":29597,"date":"2025-10-15T00:13:00","date_gmt":"2025-10-14T21:13:00","guid":{"rendered":"https:\/\/ecostera.com\/dk\/product\/vakuumforsegler-2\/"},"modified":"2025-12-22T18:20:02","modified_gmt":"2025-12-22T16:20:02","slug":"vakuumforsegler-2","status":"publish","type":"product","link":"https:\/\/ecostera.com\/dk\/product\/vakuumforsegler-2\/","title":{"rendered":"Vakuumforsegler"},"content":{"rendered":"<p style=\"text-align: center\" data-start=\"184\" data-end=\"216\">15 Poser er allerede inkluderet &#8211; Du kan v\u00e6lge at inkludere flere poser ovenfor.<\/p>\n<p style=\"text-align: center\" data-start=\"218\" data-end=\"503\">Vakuumforsegleren holder din mad friskere, l\u00e6ngere &#8211; reducerer spild og sparer plads i k\u00f8leskabet eller fryseren. Uanset om du forbereder m\u00e5ltider, opbevarer rester eller beskytter ingredienser, leverer dette kompakte v\u00e6rkt\u00f8j kraftigt sug og luftt\u00e6t forsegling med et tryk p\u00e5 en knap.<\/p>\n<p data-start=\"218\" data-end=\"503\"><img decoding=\"async\" class=\"size-full wp-image-30408 aligncenter\" src=\"https:\/\/keluvo.com\/template\/wp-content\/uploads\/sites\/5\/2025\/08\/ezgif-5-6fd9da4a18-1.webp\" alt=\"\" \/><\/p>\n<h2 style=\"text-align: center\" data-start=\"505\" data-end=\"524\">Vigtigste Fordele \ud83c\udf7d\ufe0f<\/h2>\n<p data-start=\"527\" data-end=\"592\">\ud83e\uddca Forl\u00e6nger holdbarheden af k\u00f8d, gr\u00f8ntsager, snacks og meget mere<\/p>\n<p data-start=\"595\" data-end=\"639\">\ud83e\uddfc Forhindrer frysebrand og madford\u00e6rv<\/p>\n<p data-start=\"642\" data-end=\"703\">\ud83d\udca8 Kraftigt sug og bred forseglingsbredde giver en t\u00e6t forsegling<\/p>\n<p data-start=\"706\" data-end=\"758\">\ud83e\uddfa Kompakt og let &#8211; nem at opbevare og use<\/p>\n<p data-start=\"761\" data-end=\"821\">\ud83c\udf7d\ufe0f Perfekt til hjemmekokke, m\u00e5ltidsforberedere og stork\u00f8bere<\/p>\n<p data-start=\"761\" data-end=\"821\"><img decoding=\"async\" class=\"size-full wp-image-30407 aligncenter\" src=\"https:\/\/keluvo.com\/template\/wp-content\/uploads\/sites\/5\/2025\/08\/7-5-600x600-1.jpg\" alt=\"\" \/><\/p>\n<h2 style=\"text-align: center\" data-start=\"823\" data-end=\"841\">S\u00e5dan Bruges Den \u2728<\/h2>\n<ol data-start=\"842\" data-end=\"1005\">\n<li data-start=\"842\" data-end=\"881\">\n<p data-start=\"845\" data-end=\"881\">Placer maden i en vakuumpose.<\/p>\n<\/li>\n<li data-start=\"882\" data-end=\"928\">\n<p data-start=\"885\" data-end=\"928\">Luk l\u00e5get, og tryk p\u00e5 knappen &#8211; forseglingen er f\u00e6rdig p\u00e5 10-20 sekunder<\/p>\n<\/li>\n<\/ol>\n<h2 style=\"text-align: center\" data-start=\"1007\" data-end=\"1031\">Produktdetaljer \ud83d\udccb<\/h2>\n<ul data-start=\"1032\" data-end=\"1278\">\n<li data-start=\"1032\" data-end=\"1056\">\n<p data-start=\"1034\" data-end=\"1056\">Forseglingsbredde: 25 mm<\/p>\n<\/li>\n<li data-start=\"1057\" data-end=\"1087\">\n<p data-start=\"1059\" data-end=\"1087\">Maksimal forseglingsl\u00e6ngde: 282 mm<\/p>\n<\/li>\n<li data-start=\"1088\" data-end=\"1119\">\n<p data-start=\"1090\" data-end=\"1119\">Forseglingstid: 10-20 sekunder<\/p>\n<\/li>\n<li data-start=\"1120\" data-end=\"1140\">\n<p data-start=\"1122\" data-end=\"1140\">Noteret effekt: 90 V<\/p>\n<\/li>\n<li data-start=\"1141\" data-end=\"1172\">\n<p data-start=\"1143\" data-end=\"1172\">sp\u00e6nding: 100-240 V<\/p>\n<\/li>\n<li data-start=\"1173\" data-end=\"1199\">\n<p data-start=\"1175\" data-end=\"1199\">St\u00f8rrelse: 350 \u00d7 68 \u00d7 48 mm<\/p>\n<\/li>\n<li data-start=\"1200\" data-end=\"1217\">\n<p data-start=\"1202\" data-end=\"1217\">V\u00e6gt: ~363 g<\/p>\n<\/li>\n<li data-start=\"1218\" data-end=\"1278\">\n<p data-start=\"1220\" data-end=\"1278\">Ekstraudstyr: Silikoneudluftningsventil til sikker trykaflastning<\/p>\n<\/li>\n<\/ul>\n<h2 style=\"text-align: center\" data-start=\"1280\" data-end=\"1305\">Pakken indeholder \ud83d\udce6<\/h2>\n<ul data-start=\"1306\" data-end=\"1372\">\n<li data-start=\"1306\" data-end=\"1335\">\n<p data-start=\"1308\" data-end=\"1335\">1x vakuumforsegler<\/p>\n<\/li>\n<li data-start=\"1336\" data-end=\"1353\">\n<p data-start=\"1338\" data-end=\"1353\">1x netledning (EU)<\/p>\n<\/li>\n<li data-start=\"1354\" data-end=\"1372\">\n<p data-start=\"1356\" data-end=\"1372\">1x brugervejledning.<\/p>\n<\/li>\n<li data-start=\"1354\" data-end=\"1372\">15 eller flere poser, hvis valgt<\/li>\n<\/ul>\n","protected":false},"excerpt":{"rendered":"<p>15 Poser er allerede inkluderet &#8211; Du kan v\u00e6lge at inkludere flere poser ovenfor. Vakuumforsegleren holder din mad friskere, l\u00e6ngere [&hellip;]<\/p>\n","protected":false},"featured_media":29593,"comment_status":"open","ping_status":"closed","template":"","meta":{"site-sidebar-layout":"default","site-content-layout":"","ast-site-content-layout":"default","site-content-style":"default","site-sidebar-style":"default","ast-global-header-display":"","ast-banner-title-visibility":"","ast-main-header-display":"","ast-hfb-above-header-display":"","ast-hfb-below-header-display":"","ast-hfb-mobile-header-display":"","site-post-title":"","ast-breadcrumbs-content":"","ast-featured-img":"","footer-sml-layout":"","theme-transparent-header-meta":"default","adv-header-id-meta":"","stick-header-meta":"","header-above-stick-meta":"","header-main-stick-meta":"","header-below-stick-meta":"","astra-migrate-meta-layouts":"set","ast-page-background-enabled":"default","ast-page-background-meta":{"desktop":{"background-color":"var(--ast-global-color-5)","background-image":"","background-repeat":"repeat","background-position":"center center","background-size":"auto","background-attachment":"scroll","background-type":"","background-media":"","overlay-type":"","overlay-color":"","overlay-opacity":"","overlay-gradient":""},"tablet":{"background-color":"","background-image":"","background-repeat":"repeat","background-position":"center center","background-size":"auto","background-attachment":"scroll","background-type":"","background-media":"","overlay-type":"","overlay-color":"","overlay-opacity":"","overlay-gradient":""},"mobile":{"background-color":"","background-image":"","background-repeat":"repeat","background-position":"center center","background-size":"auto","background-attachment":"scroll","background-type":"","background-media":"","overlay-type":"","overlay-color":"","overlay-opacity":"","overlay-gradient":""}},"ast-content-background-meta":{"desktop":{"background-color":"var(--ast-global-color-4)","background-image":"","background-repeat":"repeat","background-position":"center center","background-size":"auto","background-attachment":"scroll","background-type":"","background-media":"","overlay-type":"","overlay-color":"","overlay-opacity":"","overlay-gradient":""},"tablet":{"background-color":"var(--ast-global-color-4)","background-image":"","background-repeat":"repeat","background-position":"center center","background-size":"auto","background-attachment":"scroll","background-type":"","background-media":"","overlay-type":"","overlay-color":"","overlay-opacity":"","overlay-gradient":""},"mobile":{"background-color":"var(--ast-global-color-4)","background-image":"","background-repeat":"repeat","background-position":"center center","background-size":"auto","background-attachment":"scroll","background-type":"","background-media":"","overlay-type":"","overlay-color":"","overlay-opacity":"","overlay-gradient":""}}},"product_brand":[],"product_cat":[19],"product_tag":[],"class_list":{"0":"post-29597","1":"product","2":"type-product","3":"status-publish","4":"has-post-thumbnail","6":"product_cat-uncategorized","7":"pa_45808_sfyo0qpv-ingen-ekstra-poser","8":"pa_45808_sfyo0qpv-med-10-poser","9":"pa_45808_sfyo0qpv-med-30-poser","10":"pa_45808_sfyo0qpv-med-50-poser","11":"desktop-align-left","12":"tablet-align-left","13":"mobile-align-left","15":"first","16":"instock","17":"shipping-taxable","18":"purchasable","19":"product-type-variable"},"_links":{"self":[{"href":"https:\/\/ecostera.com\/dk\/wp-json\/wp\/v2\/product\/29597","targetHints":{"allow":["GET"]}}],"collection":[{"href":"https:\/\/ecostera.com\/dk\/wp-json\/wp\/v2\/product"}],"about":[{"href":"https:\/\/ecostera.com\/dk\/wp-json\/wp\/v2\/types\/product"}],"replies":[{"embeddable":true,"href":"https:\/\/ecostera.com\/dk\/wp-json\/wp\/v2\/comments?post=29597"}],"wp:featuredmedia":[{"embeddable":true,"href":"https:\/\/ecostera.com\/dk\/wp-json\/wp\/v2\/media\/29593"}],"wp:attachment":[{"href":"https:\/\/ecostera.com\/dk\/wp-json\/wp\/v2\/media?parent=29597"}],"wp:term":[{"taxonomy":"product_brand","embeddable":true,"href":"https:\/\/ecostera.com\/dk\/wp-json\/wp\/v2\/product_brand?post=29597"},{"taxonomy":"product_cat","embeddable":true,"href":"https:\/\/ecostera.com\/dk\/wp-json\/wp\/v2\/product_cat?post=29597"},{"taxonomy":"product_tag","embeddable":true,"href":"https:\/\/ecostera.com\/dk\/wp-json\/wp\/v2\/product_tag?post=29597"}],"curies":[{"name":"wp","href":"https:\/\/api.w.org\/{rel}","templated":true}]}}