{"id":29653,"date":"2025-10-15T13:07:32","date_gmt":"2025-10-15T10:07:32","guid":{"rendered":"https:\/\/ecostera.com\/dk\/product\/ballonpumpe\/"},"modified":"2025-10-21T15:49:06","modified_gmt":"2025-10-21T12:49:06","slug":"ballonpumpe","status":"publish","type":"product","link":"https:\/\/ecostera.com\/dk\/product\/ballonpumpe\/","title":{"rendered":"Ballonpumpe"},"content":{"rendered":"<p style=\"text-align: center\" data-start=\"0\" data-end=\"50\">Pust balloner op og hold en sjov fest p\u00e5 f\u00e5 sekunder! \ud83c\udf88<\/p>\n<p style=\"text-align: center\" data-start=\"51\" data-end=\"354\">Denne elektriske ballonpumpe g\u00f8r det nemt, hurtigt og ubesv\u00e6ret at dekorere. Den er designet til fester, bryllupper og andre begivenheder og puster hurtigt hundredvis af balloner op p\u00e5 f\u00e5 minutter uden helium eller brint &#8211; bare sikker, ren luft. Den er kompakt, st\u00f8jsvag og nem at bruge og er et must-have-v\u00e6rkt\u00f8j til enhver begivenhed.<\/p>\n<p data-start=\"51\" data-end=\"354\"><img decoding=\"async\" class=\"size-full wp-image-37192 aligncenter\" src=\"https:\/\/keluvo.com\/template\/wp-content\/uploads\/sites\/5\/2025\/10\/100210-ezgif.com-video-to-webp-converter-1.webp\" alt=\"\" \/><\/p>\n<h2 style=\"text-align: center\" data-start=\"361\" data-end=\"382\"><strong>Vigtigste Fordele \u2705<\/strong><\/h2>\n<p data-start=\"385\" data-end=\"464\">\u26a1 Hurtig oppustning &#8211; puster en ballon op p\u00e5 f\u00e5 sekunder med kraftig luftgennemstr\u00f8mning<\/p>\n<p data-start=\"467\" data-end=\"557\">\ud83c\udf89 Perfekt til alle begivenheder &#8211; ideel til fester, bryllupper, f\u00f8dselsdage og fejringer<\/p>\n<p data-start=\"560\" data-end=\"645\">\ud83e\uddf3 Letv\u00e6gtig &amp; b\u00e6rbar &#8211; nem at b\u00e6re og opbevare, fantastisk til ops\u00e6tninger p\u00e5 farten<\/p>\n<p data-start=\"648\" data-end=\"718\">\ud83d\udd07 St\u00f8jsvag drift &#8211; mindre end 65 dB for en mere st\u00f8jsvag oplevelse<\/p>\n<p data-start=\"721\" data-end=\"805\">\ud83d\udee1\ufe0f Sikker at bruge &#8211; bruger kun luft, ingen helium eller brint til risikofri oppustning<\/p>\n<p data-start=\"808\" data-end=\"877\">\ud83d\udd01 To tilstande &#8211; automatiske og manuelle indstillinger for bedre kontrol<\/p>\n<p data-start=\"808\" data-end=\"877\"><img decoding=\"async\" class=\"size-full wp-image-37186 aligncenter\" src=\"https:\/\/keluvo.com\/template\/wp-content\/uploads\/sites\/5\/2025\/10\/77d73d88-cad7-4da3-ac74-05154116a416.jpg\" alt=\"\" \/><\/p>\n<h2 style=\"text-align: center\" data-start=\"884\" data-end=\"904\">S\u00e5dan bruges den\ud83d\udee0\ufe0f<\/h2>\n<ol data-start=\"905\" data-end=\"1202\">\n<li data-start=\"905\" data-end=\"956\">\n<p data-start=\"908\" data-end=\"956\">Plug i pumpen til en kompatibel stikkontakt.<\/p>\n<\/li>\n<li data-start=\"957\" data-end=\"1009\">\n<p data-start=\"960\" data-end=\"1009\">S\u00e6t ballonhalsen godt fast p\u00e5 dysen.<\/p>\n<\/li>\n<li data-start=\"1010\" data-end=\"1106\">\n<p data-start=\"1013\" data-end=\"1106\">V\u00e6lg manuel tilstand for kontrollerede udbrud eller automatisk tilstand for kontinuerlig luftstr\u00f8m.<\/p>\n<\/li>\n<li data-start=\"1107\" data-end=\"1157\">\n<p data-start=\"1110\" data-end=\"1157\">N\u00e5r den er pustet op, skal du fjerne ballonen og binde den.<\/p>\n<\/li>\n<li data-start=\"1158\" data-end=\"1202\">\n<p data-start=\"1161\" data-end=\"1202\">Sluk og tag stikket ud af pumpen efter brug.<\/p>\n<\/li>\n<\/ol>\n<h2 style=\"text-align: center\" data-start=\"1209\" data-end=\"1233\"><strong>Produktoplysninger \u2139\ufe0f<\/strong><\/h2>\n<ul data-start=\"1234\" data-end=\"1535\">\n<li data-start=\"1234\" data-end=\"1288\">\n<p data-start=\"1236\" data-end=\"1288\">Input sp\u00e6nding: 220\u2013240V (valgfrit)<\/p>\n<\/li>\n<li data-start=\"1289\" data-end=\"1315\">\n<p data-start=\"1291\" data-end=\"1315\">Frekvens: 60Hz<\/p>\n<\/li>\n<li data-start=\"1316\" data-end=\"1342\">\n<p data-start=\"1318\" data-end=\"1342\">St\u00f8jniveau: &lt;65dB<\/p>\n<\/li>\n<li data-start=\"1343\" data-end=\"1412\">\n<p data-start=\"1345\" data-end=\"1412\">Power type: Elektrisk luftpumpe (kun luft, ikke helium\/hydrogen)<\/p>\n<\/li>\n<li data-start=\"1343\" data-end=\"1412\">\n<p data-start=\"1345\" data-end=\"1412\">EU-stik<\/p>\n<\/li>\n<li data-start=\"1343\" data-end=\"1412\">\n<p data-start=\"1345\" data-end=\"1412\">Metoder: Manuel &amp; Automatisk<\/p>\n<\/li>\n<li data-start=\"1447\" data-end=\"1535\">\n<p data-start=\"1449\" data-end=\"1535\">Brug: Balloner, oppustelige senge, sv\u00f8mmeringe, puder, sofaer, leget\u00f8j m.m.<\/p>\n<\/li>\n<li data-start=\"1447\" data-end=\"1535\">St\u00f8rrelse: 19,5 x 14 x 15 cm<\/li>\n<\/ul>\n<h2 style=\"text-align: center\" data-start=\"1542\" data-end=\"1567\"><strong>Pakken indeholder \ud83d\udce6<\/strong><\/h2>\n<ul data-start=\"1568\" data-end=\"1597\">\n<li data-start=\"1568\" data-end=\"1597\">\n<p data-start=\"1570\" data-end=\"1597\">1x elektrisk ballonpumpe.<\/p>\n<\/li>\n<\/ul>\n","protected":false},"excerpt":{"rendered":"<p>Pust balloner op og hold en sjov fest p\u00e5 f\u00e5 sekunder! \ud83c\udf88 Denne elektriske ballonpumpe g\u00f8r det nemt, hurtigt og [&hellip;]<\/p>\n","protected":false},"featured_media":29649,"comment_status":"open","ping_status":"closed","template":"","meta":{"site-sidebar-layout":"default","site-content-layout":"","ast-site-content-layout":"default","site-content-style":"default","site-sidebar-style":"default","ast-global-header-display":"","ast-banner-title-visibility":"","ast-main-header-display":"","ast-hfb-above-header-display":"","ast-hfb-below-header-display":"","ast-hfb-mobile-header-display":"","site-post-title":"","ast-breadcrumbs-content":"","ast-featured-img":"","footer-sml-layout":"","theme-transparent-header-meta":"default","adv-header-id-meta":"","stick-header-meta":"","header-above-stick-meta":"","header-main-stick-meta":"","header-below-stick-meta":"","astra-migrate-meta-layouts":"set","ast-page-background-enabled":"default","ast-page-background-meta":{"desktop":{"background-color":"var(--ast-global-color-5)","background-image":"","background-repeat":"repeat","background-position":"center center","background-size":"auto","background-attachment":"scroll","background-type":"","background-media":"","overlay-type":"","overlay-color":"","overlay-opacity":"","overlay-gradient":""},"tablet":{"background-color":"","background-image":"","background-repeat":"repeat","background-position":"center center","background-size":"auto","background-attachment":"scroll","background-type":"","background-media":"","overlay-type":"","overlay-color":"","overlay-opacity":"","overlay-gradient":""},"mobile":{"background-color":"","background-image":"","background-repeat":"repeat","background-position":"center center","background-size":"auto","background-attachment":"scroll","background-type":"","background-media":"","overlay-type":"","overlay-color":"","overlay-opacity":"","overlay-gradient":""}},"ast-content-background-meta":{"desktop":{"background-color":"var(--ast-global-color-4)","background-image":"","background-repeat":"repeat","background-position":"center center","background-size":"auto","background-attachment":"scroll","background-type":"","background-media":"","overlay-type":"","overlay-color":"","overlay-opacity":"","overlay-gradient":""},"tablet":{"background-color":"var(--ast-global-color-4)","background-image":"","background-repeat":"repeat","background-position":"center center","background-size":"auto","background-attachment":"scroll","background-type":"","background-media":"","overlay-type":"","overlay-color":"","overlay-opacity":"","overlay-gradient":""},"mobile":{"background-color":"var(--ast-global-color-4)","background-image":"","background-repeat":"repeat","background-position":"center center","background-size":"auto","background-attachment":"scroll","background-type":"","background-media":"","overlay-type":"","overlay-color":"","overlay-opacity":"","overlay-gradient":""}}},"product_brand":[],"product_cat":[19],"product_tag":[],"class_list":{"0":"post-29653","1":"product","2":"type-product","3":"status-publish","4":"has-post-thumbnail","6":"product_cat-uncategorized","7":"desktop-align-left","8":"tablet-align-left","9":"mobile-align-left","11":"first","12":"instock","13":"shipping-taxable","14":"purchasable","15":"product-type-simple"},"_links":{"self":[{"href":"https:\/\/ecostera.com\/dk\/wp-json\/wp\/v2\/product\/29653","targetHints":{"allow":["GET"]}}],"collection":[{"href":"https:\/\/ecostera.com\/dk\/wp-json\/wp\/v2\/product"}],"about":[{"href":"https:\/\/ecostera.com\/dk\/wp-json\/wp\/v2\/types\/product"}],"replies":[{"embeddable":true,"href":"https:\/\/ecostera.com\/dk\/wp-json\/wp\/v2\/comments?post=29653"}],"wp:featuredmedia":[{"embeddable":true,"href":"https:\/\/ecostera.com\/dk\/wp-json\/wp\/v2\/media\/29649"}],"wp:attachment":[{"href":"https:\/\/ecostera.com\/dk\/wp-json\/wp\/v2\/media?parent=29653"}],"wp:term":[{"taxonomy":"product_brand","embeddable":true,"href":"https:\/\/ecostera.com\/dk\/wp-json\/wp\/v2\/product_brand?post=29653"},{"taxonomy":"product_cat","embeddable":true,"href":"https:\/\/ecostera.com\/dk\/wp-json\/wp\/v2\/product_cat?post=29653"},{"taxonomy":"product_tag","embeddable":true,"href":"https:\/\/ecostera.com\/dk\/wp-json\/wp\/v2\/product_tag?post=29653"}],"curies":[{"name":"wp","href":"https:\/\/api.w.org\/{rel}","templated":true}]}}