{"id":29679,"date":"2025-10-15T13:11:19","date_gmt":"2025-10-15T10:11:19","guid":{"rendered":"https:\/\/ecostera.com\/dk\/product\/skaerebraet\/"},"modified":"2025-10-21T15:52:27","modified_gmt":"2025-10-21T12:52:27","slug":"skaerebraet","status":"publish","type":"product","link":"https:\/\/ecostera.com\/dk\/product\/skaerebraet\/","title":{"rendered":"Sk\u00e6rebr\u00e6t"},"content":{"rendered":"<p style=\"text-align: center\" data-start=\"0\" data-end=\"63\"><strong>Alt-i-et-k\u00f8kkenbr\u00e6ttet, der sparer tid og plads \ud83c\udf45\u2728<\/strong><\/p>\n<p style=\"text-align: center\" data-start=\"64\" data-end=\"332\">Sk\u00e6rebr\u00e6ttet forvandles fra et sk\u00e6rebr\u00e6t til en vaskebalje p\u00e5 f\u00e5 sekunder. Det er designet til at v\u00e6re praktisk og effektivt, s\u00e5 du kan vaske, sk\u00e6re og opbevare frugt og gr\u00f8ntsager p\u00e5 \u00e9t sted &#8211; perfekt til kompakte k\u00f8kkener og travle madlavningsrutiner.<\/p>\n<p data-start=\"64\" data-end=\"332\"><img decoding=\"async\" class=\"size-full wp-image-37214 aligncenter\" src=\"https:\/\/keluvo.com\/template\/wp-content\/uploads\/sites\/5\/2025\/10\/100213-ezgif.com-video-to-webp-converter-1.webp\" alt=\"\" \/><\/p>\n<h2 style=\"text-align: center\" data-start=\"339\" data-end=\"360\"><strong>Vigtigste Fordele \u2705<\/strong><\/h2>\n<p data-start=\"363\" data-end=\"458\">\ud83c\udf4e 2-i-1-design &#8211; brug det som sk\u00e6rebr\u00e6t eller udvid det til en vask til vask af produkter<\/p>\n<p data-start=\"461\" data-end=\"545\">\ud83d\udca7 One-touch-afl\u00f8bssystem &#8211; tryk p\u00e5 vandudl\u00f8bet for at dr\u00e6ne hurtigt og nemt<\/p>\n<p data-start=\"548\" data-end=\"643\">\ud83e\uddfa Stor kapacitet &#8211; 11 cm dybt bassin ideelt til vask af frugt, gr\u00f8ntsager og endda tallerkener<\/p>\n<p data-start=\"646\" data-end=\"736\">\ud83e\udde9 Pladsbesparende foldbart design &#8211; kan foldes fladt for nem opbevaring i skuffer eller skabe<\/p>\n<p data-start=\"739\" data-end=\"836\">\ud83d\udd90\ufe0f Skridsikre h\u00e5ndtag &amp; base &#8211; giver et stabilt, behageligt greb, mens du sk\u00e6rer eller b\u00e6rer<\/p>\n<p data-start=\"839\" data-end=\"910\">\ud83e\uddfd Let at reng\u00f8re &#8211; fremstillet af holdbare, f\u00f8devaregodkendte PP+TRP-materialer<\/p>\n<p data-start=\"839\" data-end=\"910\"><img decoding=\"async\" class=\"size-full wp-image-37215 aligncenter\" src=\"https:\/\/keluvo.com\/template\/wp-content\/uploads\/sites\/5\/2025\/10\/100212-ezgif.com-video-to-webp-converter-1.webp\" alt=\"\" \/><\/p>\n<h3 style=\"text-align: center\" data-start=\"917\" data-end=\"937\">S\u00e5dan bruges det\ud83d\udee0\ufe0f<\/h3>\n<ol data-start=\"938\" data-end=\"1266\">\n<li data-start=\"938\" data-end=\"1032\">\n<p data-start=\"941\" data-end=\"1032\">Fold eller fold br\u00e6ttet ud afh\u00e6ngigt af din brug &#8211; fladt til at hakke, dybt til at vaske.<\/p>\n<\/li>\n<li data-start=\"1033\" data-end=\"1118\">\n<p data-start=\"1036\" data-end=\"1118\">Tils\u00e6t vand, n\u00e5r det bruges som h\u00e5ndvask til at vaske frugt, gr\u00f8ntsager eller k\u00f8kkengrej.<\/p>\n<\/li>\n<li data-start=\"1119\" data-end=\"1190\">\n<p data-start=\"1122\" data-end=\"1190\">tryk p\u00e5 afl\u00f8bshullet for at f\u00e5 vandet hurtigt ud, n\u00e5r du er f\u00e6rdig.<\/p>\n<\/li>\n<li data-start=\"1191\" data-end=\"1266\">\n<p data-start=\"1194\" data-end=\"1266\">fold og opbevar det nemt, n\u00e5r du er f\u00e6rdig &#8211; det sparer plads p\u00e5 k\u00f8kkenbordet og i skabet.<\/p>\n<\/li>\n<\/ol>\n<h2 style=\"text-align: center\" data-start=\"1273\" data-end=\"1297\"><strong>Produktoplysninger \u2139\ufe0f<\/strong><\/h2>\n<ul data-start=\"1298\" data-end=\"1591\">\n<li data-start=\"1342\" data-end=\"1402\">\n<p data-start=\"1344\" data-end=\"1402\">Material: PP + TRP (f\u00f8devaregodkendt plast og silikone)<\/p>\n<\/li>\n<li data-start=\"1403\" data-end=\"1427\">\n<p data-start=\"1405\" data-end=\"1427\">St\u00f8rrelse: 30 x 40 cm<\/p>\n<\/li>\n<li data-start=\"1428\" data-end=\"1458\">\n<p data-start=\"1430\" data-end=\"1458\">V\u00e6gt: 688 g (ca.)<\/p>\n<\/li>\n<li data-start=\"1459\" data-end=\"1508\">\n<p data-start=\"1461\" data-end=\"1508\">Farver: Gr\u00e5, Gr\u00f8n<\/p>\n<\/li>\n<li data-start=\"1509\" data-end=\"1528\">\n<p data-start=\"1511\" data-end=\"1528\">Dybde: 11cm<\/p>\n<\/li>\n<li data-start=\"1529\" data-end=\"1591\">\n<p data-start=\"1531\" data-end=\"1591\">Funktioner: Foldbar, skridsikker, dr\u00e6nbar, multifunktionel<\/p>\n<\/li>\n<\/ul>\n<h2 style=\"text-align: center\" data-start=\"1598\" data-end=\"1623\"><strong>Pakken indeholder \ud83d\udce6<\/strong><\/h2>\n<ul data-start=\"1624\" data-end=\"1653\">\n<li data-start=\"1624\" data-end=\"1653\">\n<p data-start=\"1626\" data-end=\"1653\">1x sk\u00e6rebr\u00e6t.<\/p>\n<\/li>\n<\/ul>\n","protected":false},"excerpt":{"rendered":"<p>Alt-i-et-k\u00f8kkenbr\u00e6ttet, der sparer tid og plads \ud83c\udf45\u2728 Sk\u00e6rebr\u00e6ttet forvandles fra et sk\u00e6rebr\u00e6t til en vaskebalje p\u00e5 f\u00e5 sekunder. Det er [&hellip;]<\/p>\n","protected":false},"featured_media":29675,"comment_status":"open","ping_status":"closed","template":"","meta":{"site-sidebar-layout":"default","site-content-layout":"","ast-site-content-layout":"default","site-content-style":"default","site-sidebar-style":"default","ast-global-header-display":"","ast-banner-title-visibility":"","ast-main-header-display":"","ast-hfb-above-header-display":"","ast-hfb-below-header-display":"","ast-hfb-mobile-header-display":"","site-post-title":"","ast-breadcrumbs-content":"","ast-featured-img":"","footer-sml-layout":"","theme-transparent-header-meta":"default","adv-header-id-meta":"","stick-header-meta":"","header-above-stick-meta":"","header-main-stick-meta":"","header-below-stick-meta":"","astra-migrate-meta-layouts":"set","ast-page-background-enabled":"default","ast-page-background-meta":{"desktop":{"background-color":"var(--ast-global-color-5)","background-image":"","background-repeat":"repeat","background-position":"center center","background-size":"auto","background-attachment":"scroll","background-type":"","background-media":"","overlay-type":"","overlay-color":"","overlay-opacity":"","overlay-gradient":""},"tablet":{"background-color":"","background-image":"","background-repeat":"repeat","background-position":"center center","background-size":"auto","background-attachment":"scroll","background-type":"","background-media":"","overlay-type":"","overlay-color":"","overlay-opacity":"","overlay-gradient":""},"mobile":{"background-color":"","background-image":"","background-repeat":"repeat","background-position":"center center","background-size":"auto","background-attachment":"scroll","background-type":"","background-media":"","overlay-type":"","overlay-color":"","overlay-opacity":"","overlay-gradient":""}},"ast-content-background-meta":{"desktop":{"background-color":"var(--ast-global-color-4)","background-image":"","background-repeat":"repeat","background-position":"center center","background-size":"auto","background-attachment":"scroll","background-type":"","background-media":"","overlay-type":"","overlay-color":"","overlay-opacity":"","overlay-gradient":""},"tablet":{"background-color":"var(--ast-global-color-4)","background-image":"","background-repeat":"repeat","background-position":"center center","background-size":"auto","background-attachment":"scroll","background-type":"","background-media":"","overlay-type":"","overlay-color":"","overlay-opacity":"","overlay-gradient":""},"mobile":{"background-color":"var(--ast-global-color-4)","background-image":"","background-repeat":"repeat","background-position":"center center","background-size":"auto","background-attachment":"scroll","background-type":"","background-media":"","overlay-type":"","overlay-color":"","overlay-opacity":"","overlay-gradient":""}}},"product_brand":[],"product_cat":[19],"product_tag":[],"class_list":{"0":"post-29679","1":"product","2":"type-product","3":"status-publish","4":"has-post-thumbnail","6":"product_cat-uncategorized","7":"pa_47359_xe7glrrl-graa","8":"pa_47359_xe7glrrl-groen","9":"desktop-align-left","10":"tablet-align-left","11":"mobile-align-left","13":"first","14":"instock","15":"shipping-taxable","16":"purchasable","17":"product-type-variable"},"_links":{"self":[{"href":"https:\/\/ecostera.com\/dk\/wp-json\/wp\/v2\/product\/29679","targetHints":{"allow":["GET"]}}],"collection":[{"href":"https:\/\/ecostera.com\/dk\/wp-json\/wp\/v2\/product"}],"about":[{"href":"https:\/\/ecostera.com\/dk\/wp-json\/wp\/v2\/types\/product"}],"replies":[{"embeddable":true,"href":"https:\/\/ecostera.com\/dk\/wp-json\/wp\/v2\/comments?post=29679"}],"wp:featuredmedia":[{"embeddable":true,"href":"https:\/\/ecostera.com\/dk\/wp-json\/wp\/v2\/media\/29675"}],"wp:attachment":[{"href":"https:\/\/ecostera.com\/dk\/wp-json\/wp\/v2\/media?parent=29679"}],"wp:term":[{"taxonomy":"product_brand","embeddable":true,"href":"https:\/\/ecostera.com\/dk\/wp-json\/wp\/v2\/product_brand?post=29679"},{"taxonomy":"product_cat","embeddable":true,"href":"https:\/\/ecostera.com\/dk\/wp-json\/wp\/v2\/product_cat?post=29679"},{"taxonomy":"product_tag","embeddable":true,"href":"https:\/\/ecostera.com\/dk\/wp-json\/wp\/v2\/product_tag?post=29679"}],"curies":[{"name":"wp","href":"https:\/\/api.w.org\/{rel}","templated":true}]}}