{"id":30245,"date":"2025-10-22T21:07:58","date_gmt":"2025-10-22T18:07:58","guid":{"rendered":"https:\/\/ecostera.com\/dk\/product\/gloedende-efeu\/"},"modified":"2025-10-23T22:29:01","modified_gmt":"2025-10-23T19:29:01","slug":"gloedende-efeu","status":"publish","type":"product","link":"https:\/\/ecostera.com\/dk\/product\/gloedende-efeu\/","title":{"rendered":"Gl\u00f8dende efeu"},"content":{"rendered":"<p style=\"text-align: center\" data-start=\"0\" data-end=\"42\"><strong>Tilf\u00f8j varme og charme til ethvert rum \ud83c\udf3f\u2728<\/strong><\/p>\n<p style=\"text-align: center\" data-start=\"43\" data-end=\"299\">Denne gl\u00f8dende efeu kombinerer naturligt bladdesign med bl\u00f8d, varm hvid belysning &#8211; og skaber en hyggelig, romantisk gl\u00f8d, uanset hvor den placeres. Den er perfekt til at dekorere din have, din balkon eller dit sovev\u00e6relse og giver et elegant touch, samtidig med at den er nem at flytte og installere.<\/p>\n<p data-start=\"43\" data-end=\"299\"><img decoding=\"async\" class=\"size-full wp-image-37267 aligncenter\" src=\"https:\/\/keluvo.com\/template\/wp-content\/uploads\/sites\/5\/2025\/10\/10021-ezgif.com-video-to-webp-converter-1.webp\" alt=\"\" \/><\/p>\n<h2 style=\"text-align: center\" data-start=\"306\" data-end=\"327\">Hovedfordele \u2705<\/h2>\n<p data-start=\"330\" data-end=\"415\">\ud83d\udca1 Varm hvid gl\u00f8d &#8211; skaber en bl\u00f8d og afslappende atmosf\u00e6re indend\u00f8rs eller udend\u00f8rs<\/p>\n<p data-start=\"418\" data-end=\"499\">\ud83c\udf43 Naturligt bladdesign &#8211; tilf\u00f8jer et strejf af gr\u00f8nt og sk\u00f8nhed til ethvert milj\u00f8<\/p>\n<p data-start=\"502\" data-end=\"572\">\ud83d\udd0b Batteridrevet &#8211; intet behov for stikkontakter, nem at placere overalt<\/p>\n<p data-start=\"575\" data-end=\"649\">\ud83d\udd27 Nem ops\u00e6tning &#8211; fleksibel og enkel installation, ingen ledninger kr\u00e6ves<\/p>\n<p data-start=\"652\" data-end=\"737\">\ud83c\udfe1 Alsidig brug &#8211; ideel til boligindretning, events, fester, haver eller balkoner<\/p>\n<p data-start=\"740\" data-end=\"832\">\ud83d\udccf Flere l\u00e6ngder tilg\u00e6ngelige &#8211; v\u00e6lg mellem 2 m, 5 m eller 10 m, s\u00e5 de passer perfekt til dit rum<\/p>\n<p data-start=\"740\" data-end=\"832\"><img decoding=\"async\" class=\"size-full wp-image-37266 aligncenter\" src=\"https:\/\/keluvo.com\/template\/wp-content\/uploads\/sites\/5\/2025\/10\/1002-ezgif.com-video-to-webp-converter-3.webp\" alt=\"\" \/><\/p>\n<h2 style=\"text-align: center\" data-start=\"839\" data-end=\"859\">S\u00e5dan bruger du \ud83d\udccc<\/h2>\n<ol data-start=\"860\" data-end=\"1098\">\n<li data-start=\"860\" data-end=\"903\">\n<p data-start=\"863\" data-end=\"903\">Inds\u00e6t Batterier i rummet.<\/p>\n<\/li>\n<li data-start=\"904\" data-end=\"997\">\n<p data-start=\"907\" data-end=\"997\">Rul vedbendsnoren ud, og placer den, hvor du vil &#8211; p\u00e5 v\u00e6gge, vinduer eller r\u00e6kv\u00e6rk.<\/p>\n<\/li>\n<li data-start=\"998\" data-end=\"1045\">\n<p data-start=\"1001\" data-end=\"1045\">T\u00e6nd for kontakten for at nyde den varme gl\u00f8d.<\/p>\n<\/li>\n<li data-start=\"1046\" data-end=\"1098\">\n<p data-start=\"1049\" data-end=\"1098\">Juster og form vedbend, s\u00e5 den ser ud, som du \u00f8nsker.<\/p>\n<\/li>\n<\/ol>\n<h2 style=\"text-align: center\" data-start=\"1105\" data-end=\"1129\">Produktoplysninger \u2139\ufe0f<\/h2>\n<ul data-start=\"1130\" data-end=\"1352\">\n<li data-start=\"1130\" data-end=\"1178\">\n<p data-start=\"1132\" data-end=\"1178\">Material: Metaltr\u00e5d + kunstige blade<\/p>\n<\/li>\n<li data-start=\"1179\" data-end=\"1216\">\n<p data-start=\"1181\" data-end=\"1216\">L\u00e6ngder: 2m, 5m, 10m<\/p>\n<\/li>\n<li data-start=\"1217\" data-end=\"1248\">\n<p data-start=\"1219\" data-end=\"1248\">Lysfarve: Varm hvid<\/p>\n<\/li>\n<li data-start=\"1249\" data-end=\"1311\">\n<p data-start=\"1251\" data-end=\"1311\">Str\u00f8mforsyning: Batteriboks og USB (2 i \u00e9n), batterier medf\u00f8lger ikke<\/p>\n<\/li>\n<li data-start=\"1312\" data-end=\"1352\">\n<p data-start=\"1314\" data-end=\"1352\">Brug: Indend\u00f8rs og udend\u00f8rs dekoration<\/p>\n<\/li>\n<\/ul>\n<h2 style=\"text-align: center\" data-start=\"1359\" data-end=\"1384\">Pakken\u00a0indeholder\u00a0\ud83d\udce6<\/h2>\n<ul data-start=\"1385\" data-end=\"1426\">\n<li data-start=\"1385\" data-end=\"1426\">\n<p data-start=\"1387\" data-end=\"1426\">1x gl\u00f8dende efeu (med batteriboks og USB-kabel).<\/p>\n<\/li>\n<\/ul>\n","protected":false},"excerpt":{"rendered":"<p>Tilf\u00f8j varme og charme til ethvert rum \ud83c\udf3f\u2728 Denne gl\u00f8dende efeu kombinerer naturligt bladdesign med bl\u00f8d, varm hvid belysning &#8211; [&hellip;]<\/p>\n","protected":false},"featured_media":30241,"comment_status":"open","ping_status":"closed","template":"","meta":{"site-sidebar-layout":"default","site-content-layout":"","ast-site-content-layout":"default","site-content-style":"default","site-sidebar-style":"default","ast-global-header-display":"","ast-banner-title-visibility":"","ast-main-header-display":"","ast-hfb-above-header-display":"","ast-hfb-below-header-display":"","ast-hfb-mobile-header-display":"","site-post-title":"","ast-breadcrumbs-content":"","ast-featured-img":"","footer-sml-layout":"","theme-transparent-header-meta":"default","adv-header-id-meta":"","stick-header-meta":"","header-above-stick-meta":"","header-main-stick-meta":"","header-below-stick-meta":"","astra-migrate-meta-layouts":"set","ast-page-background-enabled":"default","ast-page-background-meta":{"desktop":{"background-color":"var(--ast-global-color-5)","background-image":"","background-repeat":"repeat","background-position":"center center","background-size":"auto","background-attachment":"scroll","background-type":"","background-media":"","overlay-type":"","overlay-color":"","overlay-opacity":"","overlay-gradient":""},"tablet":{"background-color":"","background-image":"","background-repeat":"repeat","background-position":"center center","background-size":"auto","background-attachment":"scroll","background-type":"","background-media":"","overlay-type":"","overlay-color":"","overlay-opacity":"","overlay-gradient":""},"mobile":{"background-color":"","background-image":"","background-repeat":"repeat","background-position":"center center","background-size":"auto","background-attachment":"scroll","background-type":"","background-media":"","overlay-type":"","overlay-color":"","overlay-opacity":"","overlay-gradient":""}},"ast-content-background-meta":{"desktop":{"background-color":"var(--ast-global-color-4)","background-image":"","background-repeat":"repeat","background-position":"center center","background-size":"auto","background-attachment":"scroll","background-type":"","background-media":"","overlay-type":"","overlay-color":"","overlay-opacity":"","overlay-gradient":""},"tablet":{"background-color":"var(--ast-global-color-4)","background-image":"","background-repeat":"repeat","background-position":"center center","background-size":"auto","background-attachment":"scroll","background-type":"","background-media":"","overlay-type":"","overlay-color":"","overlay-opacity":"","overlay-gradient":""},"mobile":{"background-color":"var(--ast-global-color-4)","background-image":"","background-repeat":"repeat","background-position":"center center","background-size":"auto","background-attachment":"scroll","background-type":"","background-media":"","overlay-type":"","overlay-color":"","overlay-opacity":"","overlay-gradient":""}}},"product_brand":[],"product_cat":[19],"product_tag":[],"class_list":{"0":"post-30245","1":"product","2":"type-product","3":"status-publish","4":"has-post-thumbnail","6":"product_cat-uncategorized","7":"pa_23374_o18b6wsg-2m","8":"pa_23374_o18b6wsg-5m","9":"pa_23374_o18b6wsg-10m","10":"desktop-align-left","11":"tablet-align-left","12":"mobile-align-left","14":"first","15":"instock","16":"shipping-taxable","17":"purchasable","18":"product-type-variable"},"_links":{"self":[{"href":"https:\/\/ecostera.com\/dk\/wp-json\/wp\/v2\/product\/30245","targetHints":{"allow":["GET"]}}],"collection":[{"href":"https:\/\/ecostera.com\/dk\/wp-json\/wp\/v2\/product"}],"about":[{"href":"https:\/\/ecostera.com\/dk\/wp-json\/wp\/v2\/types\/product"}],"replies":[{"embeddable":true,"href":"https:\/\/ecostera.com\/dk\/wp-json\/wp\/v2\/comments?post=30245"}],"wp:featuredmedia":[{"embeddable":true,"href":"https:\/\/ecostera.com\/dk\/wp-json\/wp\/v2\/media\/30241"}],"wp:attachment":[{"href":"https:\/\/ecostera.com\/dk\/wp-json\/wp\/v2\/media?parent=30245"}],"wp:term":[{"taxonomy":"product_brand","embeddable":true,"href":"https:\/\/ecostera.com\/dk\/wp-json\/wp\/v2\/product_brand?post=30245"},{"taxonomy":"product_cat","embeddable":true,"href":"https:\/\/ecostera.com\/dk\/wp-json\/wp\/v2\/product_cat?post=30245"},{"taxonomy":"product_tag","embeddable":true,"href":"https:\/\/ecostera.com\/dk\/wp-json\/wp\/v2\/product_tag?post=30245"}],"curies":[{"name":"wp","href":"https:\/\/api.w.org\/{rel}","templated":true}]}}