{"id":30260,"date":"2025-10-22T21:10:36","date_gmt":"2025-10-22T18:10:36","guid":{"rendered":"https:\/\/ecostera.com\/dk\/product\/haandtaske-3\/"},"modified":"2025-10-23T22:30:36","modified_gmt":"2025-10-23T19:30:36","slug":"haandtaske-3","status":"publish","type":"product","link":"https:\/\/ecostera.com\/dk\/product\/haandtaske-3\/","title":{"rendered":"H\u00e5ndtaske"},"content":{"rendered":"<p style=\"text-align: center\" data-start=\"0\" data-end=\"70\"><strong data-start=\"0\" data-end=\"68\">Tilf\u00f8j \u00f8jeblikkelig elegance til dit outfit med denne luksuri\u00f8se h\u00e5ndtaske. \ud83d\udc5c\ud83d\udc8e<\/strong><\/p>\n<p style=\"text-align: center\" data-start=\"72\" data-end=\"382\">Denne h\u00e5ndtaske er designet til kvinder, der elsker tidl\u00f8s sk\u00f8nhed og individualitet. Den er lavet af vegansk l\u00e6der af h\u00f8j kvalitet og dekoreret med raffinerede sten og er perfekt til b\u00e5de hverdagsbrug og s\u00e6rlige lejligheder. Elegant, holdbar og milj\u00f8venlig &#8211; det er den perfekte blanding af mode og samvittighed.<\/p>\n<p data-start=\"72\" data-end=\"382\"><img decoding=\"async\" class=\"size-full wp-image-37277 aligncenter\" src=\"https:\/\/keluvo.com\/template\/wp-content\/uploads\/sites\/5\/2025\/10\/giphy_0bcae4b6-5c7f-442d-8023-9b3b7a173097_480x480.webp\" alt=\"\" \/><\/p>\n<h2 style=\"text-align: center\" data-start=\"389\" data-end=\"410\">Hovedfordele \u2705<\/h2>\n<p data-start=\"413\" data-end=\"494\">\ud83d\udc8e Elegant look &#8211; Unikt design med udvalgte sten giver et strejf af luksus<\/p>\n<p data-start=\"497\" data-end=\"575\">\ud83d\udc57 Alsidig stil &#8211; Matcher b\u00e5de afslappede og formelle outfits uden problemer<\/p>\n<p data-start=\"578\" data-end=\"652\">\ud83d\udc5c Kompakt og praktisk &#8211; Perfekt st\u00f8rrelse til at opbevare dine daglige n\u00f8dvendigheder<\/p>\n<p data-start=\"655\" data-end=\"720\">\ud83c\udf31 Vegansk l\u00e6der &#8211; Holdbart, nemt at reng\u00f8re og cruelty-free<\/p>\n<p data-start=\"723\" data-end=\"792\">\ud83d\udd12 Sikker lukning &#8211; Magnetisk l\u00e5s holder dine ting sikre indeni<\/p>\n<p data-start=\"723\" data-end=\"792\"><img decoding=\"async\" class=\"size-full wp-image-37276 aligncenter\" src=\"https:\/\/keluvo.com\/template\/wp-content\/uploads\/sites\/5\/2025\/10\/G4UpO1CN01S5T5ym1YHcKl786pJ__2211043193034-0-cib_17cd96ab-f9f4-4f3c-8212-e6246c2b8827_480x480.webp\" alt=\"\" \/><\/p>\n<h2 style=\"text-align: center\" data-start=\"799\" data-end=\"818\">S\u00e5dan bruger du \ud83d\udccc<\/h2>\n<ol data-start=\"819\" data-end=\"1068\">\n<li data-start=\"819\" data-end=\"883\">\n<p data-start=\"822\" data-end=\"883\">\u00c5bn den magnetiske lukning for at f\u00e5 adgang til det indvendige rum.<\/p>\n<\/li>\n<li data-start=\"884\" data-end=\"948\">\n<p data-start=\"887\" data-end=\"948\">Placer dine vigtigste ting &#8211; telefon, n\u00f8gler, pung og kosmetik.<\/p>\n<\/li>\n<li data-start=\"949\" data-end=\"1001\">\n<p data-start=\"952\" data-end=\"1001\">Luk tasken sikkert med magnetl\u00e5sen.<\/p>\n<\/li>\n<li data-start=\"1002\" data-end=\"1068\">\n<p data-start=\"1005\" data-end=\"1068\">S\u00e6t den sammen med dit outfit, og nyd et stilfuldt, selvsikkert look.<\/p>\n<\/li>\n<\/ol>\n<h2 style=\"text-align: center\" data-start=\"1075\" data-end=\"1099\">Produktoplysninger \u2139<\/h2>\n<ul data-start=\"1100\" data-end=\"1243\">\n<li data-start=\"1100\" data-end=\"1144\">\n<p data-start=\"1102\" data-end=\"1144\">Materiale: Vegansk l\u00e6der af h\u00f8j kvalitet<\/p>\n<\/li>\n<li data-start=\"1145\" data-end=\"1169\">\n<p data-start=\"1147\" data-end=\"1169\">St\u00f8rrelse: 18 x 14 cm<\/p>\n<\/li>\n<li data-start=\"1170\" data-end=\"1191\">\n<p data-start=\"1172\" data-end=\"1191\">V\u00e6gt: 370 g<\/p>\n<\/li>\n<li data-start=\"1192\" data-end=\"1243\">\n<p data-start=\"1194\" data-end=\"1243\">Anvendelse: Hverdagsbrug og s\u00e6rlige lejligheder<\/p>\n<\/li>\n<\/ul>\n<h2 style=\"text-align: center\" data-start=\"1250\" data-end=\"1275\">Pakken\u00a0indeholder\u00a0\ud83d\udce6<\/h2>\n<ul data-start=\"1276\" data-end=\"1311\" data-is-last-node=\"\" data-is-only-node=\"\">\n<li data-start=\"1276\" data-end=\"1311\" data-is-last-node=\"\">\n<p data-start=\"1278\" data-end=\"1311\" data-is-last-node=\"\">1x elegant h\u00e5ndtaske.<\/p>\n<\/li>\n<\/ul>\n","protected":false},"excerpt":{"rendered":"<p>Tilf\u00f8j \u00f8jeblikkelig elegance til dit outfit med denne luksuri\u00f8se h\u00e5ndtaske. \ud83d\udc5c\ud83d\udc8e Denne h\u00e5ndtaske er designet til kvinder, der elsker tidl\u00f8s [&hellip;]<\/p>\n","protected":false},"featured_media":30256,"comment_status":"open","ping_status":"closed","template":"","meta":{"site-sidebar-layout":"default","site-content-layout":"","ast-site-content-layout":"default","site-content-style":"default","site-sidebar-style":"default","ast-global-header-display":"","ast-banner-title-visibility":"","ast-main-header-display":"","ast-hfb-above-header-display":"","ast-hfb-below-header-display":"","ast-hfb-mobile-header-display":"","site-post-title":"","ast-breadcrumbs-content":"","ast-featured-img":"","footer-sml-layout":"","ast-disable-related-posts":"","theme-transparent-header-meta":"default","adv-header-id-meta":"","stick-header-meta":"","header-above-stick-meta":"","header-main-stick-meta":"","header-below-stick-meta":"","astra-migrate-meta-layouts":"set","ast-page-background-enabled":"default","ast-page-background-meta":{"desktop":{"background-color":"var(--ast-global-color-5)","background-image":"","background-repeat":"repeat","background-position":"center center","background-size":"auto","background-attachment":"scroll","background-type":"","background-media":"","overlay-type":"","overlay-color":"","overlay-opacity":"","overlay-gradient":""},"tablet":{"background-color":"","background-image":"","background-repeat":"repeat","background-position":"center center","background-size":"auto","background-attachment":"scroll","background-type":"","background-media":"","overlay-type":"","overlay-color":"","overlay-opacity":"","overlay-gradient":""},"mobile":{"background-color":"","background-image":"","background-repeat":"repeat","background-position":"center center","background-size":"auto","background-attachment":"scroll","background-type":"","background-media":"","overlay-type":"","overlay-color":"","overlay-opacity":"","overlay-gradient":""}},"ast-content-background-meta":{"desktop":{"background-color":"var(--ast-global-color-4)","background-image":"","background-repeat":"repeat","background-position":"center center","background-size":"auto","background-attachment":"scroll","background-type":"","background-media":"","overlay-type":"","overlay-color":"","overlay-opacity":"","overlay-gradient":""},"tablet":{"background-color":"var(--ast-global-color-4)","background-image":"","background-repeat":"repeat","background-position":"center center","background-size":"auto","background-attachment":"scroll","background-type":"","background-media":"","overlay-type":"","overlay-color":"","overlay-opacity":"","overlay-gradient":""},"mobile":{"background-color":"var(--ast-global-color-4)","background-image":"","background-repeat":"repeat","background-position":"center center","background-size":"auto","background-attachment":"scroll","background-type":"","background-media":"","overlay-type":"","overlay-color":"","overlay-opacity":"","overlay-gradient":""}}},"product_brand":[],"product_cat":[19],"product_tag":[],"class_list":{"0":"post-30260","1":"product","2":"type-product","3":"status-publish","4":"has-post-thumbnail","6":"product_cat-uncategorized","7":"pa_23665_3hmvnx2b-guld","8":"pa_23665_3hmvnx2b-soelv","9":"pa_23665_3hmvnx2b-sort","10":"desktop-align-left","11":"tablet-align-left","12":"mobile-align-left","14":"first","15":"instock","16":"shipping-taxable","17":"purchasable","18":"product-type-variable"},"_links":{"self":[{"href":"https:\/\/ecostera.com\/dk\/wp-json\/wp\/v2\/product\/30260","targetHints":{"allow":["GET"]}}],"collection":[{"href":"https:\/\/ecostera.com\/dk\/wp-json\/wp\/v2\/product"}],"about":[{"href":"https:\/\/ecostera.com\/dk\/wp-json\/wp\/v2\/types\/product"}],"replies":[{"embeddable":true,"href":"https:\/\/ecostera.com\/dk\/wp-json\/wp\/v2\/comments?post=30260"}],"wp:featuredmedia":[{"embeddable":true,"href":"https:\/\/ecostera.com\/dk\/wp-json\/wp\/v2\/media\/30256"}],"wp:attachment":[{"href":"https:\/\/ecostera.com\/dk\/wp-json\/wp\/v2\/media?parent=30260"}],"wp:term":[{"taxonomy":"product_brand","embeddable":true,"href":"https:\/\/ecostera.com\/dk\/wp-json\/wp\/v2\/product_brand?post=30260"},{"taxonomy":"product_cat","embeddable":true,"href":"https:\/\/ecostera.com\/dk\/wp-json\/wp\/v2\/product_cat?post=30260"},{"taxonomy":"product_tag","embeddable":true,"href":"https:\/\/ecostera.com\/dk\/wp-json\/wp\/v2\/product_tag?post=30260"}],"curies":[{"name":"wp","href":"https:\/\/api.w.org\/{rel}","templated":true}]}}