{"id":30275,"date":"2025-10-22T21:12:46","date_gmt":"2025-10-22T18:12:46","guid":{"rendered":"https:\/\/ecostera.com\/dk\/product\/rygsaek-5\/"},"modified":"2025-10-23T22:33:03","modified_gmt":"2025-10-23T19:33:03","slug":"rygsaek-5","status":"publish","type":"product","link":"https:\/\/ecostera.com\/dk\/product\/rygsaek-5\/","title":{"rendered":"Rygs\u00e6k"},"content":{"rendered":"<article class=\"text-token-text-primary w-full focus:outline-none [--shadow-height:45px] has-data-writing-block:pointer-events-none has-data-writing-block:-mt-(--shadow-height) has-data-writing-block:pt-(--shadow-height) [&amp;:has([data-writing-block])&gt;*]:pointer-events-auto [content-visibility:auto] supports-[content-visibility:auto]:[contain-intrinsic-size:auto_100lvh] scroll-mt-[calc(var(--header-height)+min(200px,max(70px,20svh)))]\" dir=\"auto\" data-turn-id=\"ec7e49f9-9158-4c10-bc5e-02d6f1f276ea\" data-testid=\"conversation-turn-4\" data-scroll-anchor=\"true\" data-turn=\"assistant\">\n<div class=\"text-base my-auto mx-auto pb-10 [--thread-content-margin:--spacing(4)] thread-sm:[--thread-content-margin:--spacing(6)] thread-lg:[--thread-content-margin:--spacing(16)] px-(--thread-content-margin)\">\n<div class=\"[--thread-content-max-width:40rem] thread-lg:[--thread-content-max-width:48rem] mx-auto max-w-(--thread-content-max-width) flex-1 group\/turn-messages focus-visible:outline-hidden relative flex w-full min-w-0 flex-col agent-turn\">\n<div class=\"flex max-w-full flex-col grow\">\n<div class=\"min-h-8 text-message relative flex w-full flex-col items-end gap-2 text-start break-words whitespace-normal [.text-message+&amp;]:mt-1\" dir=\"auto\" data-message-author-role=\"assistant\" data-message-id=\"14dc4599-62f9-4005-8cee-4b050227eb8a\" data-message-model-slug=\"gpt-5\">\n<div class=\"flex w-full flex-col gap-1 empty:hidden first:pt-[1px]\">\n<div class=\"markdown prose dark:prose-invert w-full break-words light markdown-new-styling\">\n<p style=\"text-align: center\" data-start=\"0\" data-end=\"80\"><strong>Hold dig organiseret og komfortabel, uanset hvor du er, med denne slidst\u00e6rke rygs\u00e6k.\ud83c\udf92<\/strong><\/p>\n<p style=\"text-align: center\" data-start=\"82\" data-end=\"367\">Denne rygs\u00e6k er perfekt til folk med en aktiv livsstil &#8211; uanset om du skal i fitnesscenteret, i skole eller p\u00e5 en kort tur. Den er designet med smarte rum og fremstillet af vandt\u00e6tte materialer af h\u00f8j kvalitet, s\u00e5 dine vigtigste ting altid er sikre, rene og nemme at f\u00e5 adgang til.<\/p>\n<p data-start=\"82\" data-end=\"367\"><img decoding=\"async\" class=\"size-full wp-image-37290 aligncenter\" src=\"https:\/\/keluvo.com\/template\/wp-content\/uploads\/sites\/5\/2025\/10\/giphy_4cfa3f2c-afbf-43e1-9c0e-4a286abf75a9.webp\" alt=\"\" \/><\/p>\n<h2 style=\"text-align: center\" data-start=\"374\" data-end=\"396\">Hovedfordele \u2705<\/h2>\n<p data-start=\"399\" data-end=\"486\">\ud83d\udca7 Vandafvisende beskyttelse &#8211; Holder dine ejendele t\u00f8rre og sikre i al slags vejr<\/p>\n<p data-start=\"489\" data-end=\"584\">\ud83e\uddf5 Slidst\u00e6rk og alligevel bl\u00f8d &#8211; Lavet af st\u00e6rk nylon og polyester, der f\u00f8les behageligt at b\u00e6re<\/p>\n<p data-start=\"587\" data-end=\"667\">\ud83e\udde2 Perfekt til hverdagsbrug &#8211; Ideel til sport, rejser eller daglig pendling<\/p>\n<p data-start=\"670\" data-end=\"767\">\ud83e\uddc3 Smart opbevaring &#8211; Netlomme til drikkevarer, lomme til sm\u00e5ting og en krog til dine n\u00f8gler<\/p>\n<p data-start=\"770\" data-end=\"853\">\ud83c\udfa7 Praktisk design &#8211; Hul til hovedtelefoner for nem adgang til musik, mens du er p\u00e5 farten<\/p>\n<p data-start=\"856\" data-end=\"931\">\ud83c\udfbd Justerbar pasform &#8211; Stropperne kan nemt justeres for maksimal komfort<\/p>\n<p data-start=\"856\" data-end=\"931\"><img decoding=\"async\" class=\"size-full wp-image-37289 aligncenter\" src=\"https:\/\/keluvo.com\/template\/wp-content\/uploads\/sites\/5\/2025\/10\/Sc051aa55cff54a88915ac3ea786a99fa3_jpg_fa1ef7b3-585e-4550-a7f4-5299fd1af2fe.webp\" alt=\"\" \/><\/p>\n<h2 style=\"text-align: center\" data-start=\"938\" data-end=\"957\">S\u00e5dan bruger du \ud83d\udccc<\/h2>\n<ol data-start=\"958\" data-end=\"1352\">\n<li data-start=\"958\" data-end=\"1028\">\n<p data-start=\"961\" data-end=\"1028\">Juster stropperne til din foretrukne l\u00e6ngde for at f\u00e5 en behagelig pasform.<\/p>\n<\/li>\n<li data-start=\"1029\" data-end=\"1105\">\n<p data-start=\"1032\" data-end=\"1105\">L\u00e6g t\u00f8j, sko, h\u00e5ndkl\u00e6de eller b\u00f8ger i hovedrummet.<\/p>\n<\/li>\n<li data-start=\"1106\" data-end=\"1193\">\n<p data-start=\"1109\" data-end=\"1193\">Opbevar din drink i netlommen p\u00e5 siden og sm\u00e5 ting i inderlommen.<\/p>\n<\/li>\n<li data-start=\"1194\" data-end=\"1275\">\n<p data-start=\"1197\" data-end=\"1275\">Tr\u00e6k dine hovedtelefoner gennem den s\u00e6rlige \u00e5bning, s\u00e5 du kan lytte h\u00e5ndfrit.<\/p>\n<\/li>\n<li data-start=\"1276\" data-end=\"1352\">\n<p data-start=\"1279\" data-end=\"1352\">B\u00e6r den med ro i sindet &#8211; dine ting forbliver rene, t\u00f8rre og sikre.<\/p>\n<\/li>\n<\/ol>\n<h2 style=\"text-align: center\" data-start=\"1359\" data-end=\"1383\">Produktoplysninger \u2139<\/h2>\n<ul data-start=\"1384\" data-end=\"1682\">\n<li data-start=\"1384\" data-end=\"1437\">\n<p data-start=\"1386\" data-end=\"1437\">Materiale: Nylon, polyester og oxfordstof<\/p>\n<\/li>\n<li data-start=\"1438\" data-end=\"1462\">\n<p data-start=\"1440\" data-end=\"1462\">St\u00f8rrelse: 34 x 43 x 15 cm<\/p>\n<\/li>\n<li data-start=\"1463\" data-end=\"1543\">\n<p data-start=\"1465\" data-end=\"1543\">Form\u00e5l: Til opbevaring og transport af ting til sport, rejser eller daglig brug<\/p>\n<\/li>\n<li data-start=\"1544\" data-end=\"1682\">\n<p data-start=\"1546\" data-end=\"1682\">Plejevejledning: Reng\u00f8r forsigtigt med varmt vand og mildt reng\u00f8ringsmiddel. Lad den luftt\u00f8rre naturligt, v\u00e6k fra sollys og varmekilder.<\/p>\n<\/li>\n<\/ul>\n<h2 style=\"text-align: center\" data-start=\"1689\" data-end=\"1714\">Pakken\u00a0indeholder\u00a0\ud83d\udce6<\/h2>\n<ul data-start=\"1715\" data-end=\"1748\" data-is-last-node=\"\" data-is-only-node=\"\">\n<li data-start=\"1715\" data-end=\"1748\" data-is-last-node=\"\">\n<p data-start=\"1717\" data-end=\"1748\" data-is-last-node=\"\">1x rygs\u00e6k.<\/p>\n<\/li>\n<\/ul>\n<\/div>\n<\/div>\n<\/div>\n<\/div>\n<\/div>\n<\/div>\n<\/article>\n","protected":false},"excerpt":{"rendered":"<p>Hold dig organiseret og komfortabel, uanset hvor du er, med denne slidst\u00e6rke rygs\u00e6k.\ud83c\udf92 Denne rygs\u00e6k er perfekt til folk med [&hellip;]<\/p>\n","protected":false},"featured_media":30271,"comment_status":"open","ping_status":"closed","template":"","meta":{"site-sidebar-layout":"default","site-content-layout":"","ast-site-content-layout":"default","site-content-style":"default","site-sidebar-style":"default","ast-global-header-display":"","ast-banner-title-visibility":"","ast-main-header-display":"","ast-hfb-above-header-display":"","ast-hfb-below-header-display":"","ast-hfb-mobile-header-display":"","site-post-title":"","ast-breadcrumbs-content":"","ast-featured-img":"","footer-sml-layout":"","ast-disable-related-posts":"","theme-transparent-header-meta":"default","adv-header-id-meta":"","stick-header-meta":"","header-above-stick-meta":"","header-main-stick-meta":"","header-below-stick-meta":"","astra-migrate-meta-layouts":"set","ast-page-background-enabled":"default","ast-page-background-meta":{"desktop":{"background-color":"var(--ast-global-color-5)","background-image":"","background-repeat":"repeat","background-position":"center center","background-size":"auto","background-attachment":"scroll","background-type":"","background-media":"","overlay-type":"","overlay-color":"","overlay-opacity":"","overlay-gradient":""},"tablet":{"background-color":"","background-image":"","background-repeat":"repeat","background-position":"center center","background-size":"auto","background-attachment":"scroll","background-type":"","background-media":"","overlay-type":"","overlay-color":"","overlay-opacity":"","overlay-gradient":""},"mobile":{"background-color":"","background-image":"","background-repeat":"repeat","background-position":"center center","background-size":"auto","background-attachment":"scroll","background-type":"","background-media":"","overlay-type":"","overlay-color":"","overlay-opacity":"","overlay-gradient":""}},"ast-content-background-meta":{"desktop":{"background-color":"var(--ast-global-color-4)","background-image":"","background-repeat":"repeat","background-position":"center center","background-size":"auto","background-attachment":"scroll","background-type":"","background-media":"","overlay-type":"","overlay-color":"","overlay-opacity":"","overlay-gradient":""},"tablet":{"background-color":"var(--ast-global-color-4)","background-image":"","background-repeat":"repeat","background-position":"center center","background-size":"auto","background-attachment":"scroll","background-type":"","background-media":"","overlay-type":"","overlay-color":"","overlay-opacity":"","overlay-gradient":""},"mobile":{"background-color":"var(--ast-global-color-4)","background-image":"","background-repeat":"repeat","background-position":"center center","background-size":"auto","background-attachment":"scroll","background-type":"","background-media":"","overlay-type":"","overlay-color":"","overlay-opacity":"","overlay-gradient":""}}},"product_brand":[],"product_cat":[19],"product_tag":[],"class_list":{"0":"post-30275","1":"product","2":"type-product","3":"status-publish","4":"has-post-thumbnail","6":"product_cat-uncategorized","7":"pa_24016_ox3x236x-blaa","8":"pa_24016_ox3x236x-graa","9":"pa_24016_ox3x236x-gul","10":"pa_24016_ox3x236x-khaki","11":"pa_24016_ox3x236x-lilla","12":"pa_24016_ox3x236x-moerkeblaa","13":"pa_24016_ox3x236x-orange","14":"pa_24016_ox3x236x-sort","15":"desktop-align-left","16":"tablet-align-left","17":"mobile-align-left","19":"first","20":"instock","21":"shipping-taxable","22":"purchasable","23":"product-type-variable"},"_links":{"self":[{"href":"https:\/\/ecostera.com\/dk\/wp-json\/wp\/v2\/product\/30275","targetHints":{"allow":["GET"]}}],"collection":[{"href":"https:\/\/ecostera.com\/dk\/wp-json\/wp\/v2\/product"}],"about":[{"href":"https:\/\/ecostera.com\/dk\/wp-json\/wp\/v2\/types\/product"}],"replies":[{"embeddable":true,"href":"https:\/\/ecostera.com\/dk\/wp-json\/wp\/v2\/comments?post=30275"}],"wp:featuredmedia":[{"embeddable":true,"href":"https:\/\/ecostera.com\/dk\/wp-json\/wp\/v2\/media\/30271"}],"wp:attachment":[{"href":"https:\/\/ecostera.com\/dk\/wp-json\/wp\/v2\/media?parent=30275"}],"wp:term":[{"taxonomy":"product_brand","embeddable":true,"href":"https:\/\/ecostera.com\/dk\/wp-json\/wp\/v2\/product_brand?post=30275"},{"taxonomy":"product_cat","embeddable":true,"href":"https:\/\/ecostera.com\/dk\/wp-json\/wp\/v2\/product_cat?post=30275"},{"taxonomy":"product_tag","embeddable":true,"href":"https:\/\/ecostera.com\/dk\/wp-json\/wp\/v2\/product_tag?post=30275"}],"curies":[{"name":"wp","href":"https:\/\/api.w.org\/{rel}","templated":true}]}}