{"id":30300,"date":"2025-10-22T21:14:31","date_gmt":"2025-10-22T18:14:31","guid":{"rendered":"https:\/\/ecostera.com\/dk\/product\/skrivebordslampe\/"},"modified":"2025-10-23T22:35:05","modified_gmt":"2025-10-23T19:35:05","slug":"skrivebordslampe","status":"publish","type":"product","link":"https:\/\/ecostera.com\/dk\/product\/skrivebordslampe\/","title":{"rendered":"Skrivebordslampe"},"content":{"rendered":"<p style=\"text-align: center\" data-start=\"0\" data-end=\"68\"><strong data-start=\"0\" data-end=\"66\">Lys dit arbejdsomr\u00e5de op med den perfekte justerbare skrivebordslampe. \ud83d\udecb<\/strong><\/p>\n<p style=\"text-align: center\" data-start=\"70\" data-end=\"396\">Denne smarte skrivebordslampe har tre lysstyrkeniveauer, s\u00e5 du kan v\u00e6lge den ideelle belysning til at l\u00e6se, studere eller arbejde om natten. Dens genopladelige design betyder, at du kan bruge den overalt &#8211; med eller uden et USB-kabel. Den er kompakt, let og moderne og er den perfekte belysningspartner til dit skrivebord, sovev\u00e6relse eller kontor.<\/p>\n<p data-start=\"70\" data-end=\"396\"><img decoding=\"async\" class=\"size-full wp-image-37320 aligncenter\" src=\"https:\/\/keluvo.com\/template\/wp-content\/uploads\/sites\/5\/2025\/10\/10022-ezgif.com-video-to-webp-converter-2.webp\" alt=\"\" \/><\/p>\n<h2 style=\"text-align: center\" data-start=\"403\" data-end=\"425\">Hovedfordele \u2705<\/h2>\n<p data-start=\"428\" data-end=\"507\">\ud83c\udf1f Justerbar lysstyrke &#8211; Tre lysniveauer, der passer til dit hum\u00f8r og dine behov<\/p>\n<p data-start=\"510\" data-end=\"590\">\ud83d\udd0b Genopladeligt design &#8211; Brug med et USB-kabel eller tr\u00e5dl\u00f8st efter opladning<\/p>\n<p data-start=\"593\" data-end=\"666\">\ud83e\udde0 Smart touch-kontrol &#8211; Skift nemt lysstyrke med et enkelt tryk<\/p>\n<p data-start=\"669\" data-end=\"744\">\ud83e\udeb6 Let og sammenklappelig &#8211; Nem at flytte, opbevare og b\u00e6re overalt<\/p>\n<p data-start=\"747\" data-end=\"819\">\ud83e\uddf4 Holdbar konstruktion &#8211; Lavet af st\u00e6rk ABS-plast til langvarig brug<\/p>\n<p data-start=\"747\" data-end=\"819\"><img decoding=\"async\" class=\"size-full wp-image-37319 aligncenter\" src=\"https:\/\/keluvo.com\/template\/wp-content\/uploads\/sites\/5\/2025\/10\/61qCfhazC0L._AC_SL1170.webp\" alt=\"\" \/><\/p>\n<h2 style=\"text-align: center\" data-start=\"826\" data-end=\"845\">S\u00e5dan bruger du \ud83d\udccc<\/h2>\n<ol data-start=\"846\" data-end=\"1123\">\n<li data-start=\"846\" data-end=\"948\">\n<p data-start=\"849\" data-end=\"948\">Tilslut lampen til en str\u00f8mkilde med det medf\u00f8lgende USB-kabel (eller brug den tr\u00e5dl\u00f8st, hvis den er opladet).<\/p>\n<\/li>\n<li data-start=\"949\" data-end=\"991\">\n<p data-start=\"952\" data-end=\"991\">Tryk p\u00e5 ber\u00f8ringsknappen for at t\u00e6nde den.<\/p>\n<\/li>\n<li data-start=\"992\" data-end=\"1053\">\n<p data-start=\"995\" data-end=\"1053\">Tryk igen for at justere mellem de tre lysstyrkeniveauer.<\/p>\n<\/li>\n<li data-start=\"1054\" data-end=\"1123\">\n<p data-start=\"1057\" data-end=\"1123\">Fold eller udfold lampen efter behov for at rette lyset perfekt.<\/p>\n<\/li>\n<\/ol>\n<h2 style=\"text-align: center\" data-start=\"1130\" data-end=\"1154\">Produktoplysninger \u2139<\/h2>\n<ul data-start=\"1155\" data-end=\"1408\">\n<li data-start=\"1155\" data-end=\"1184\">\n<p data-start=\"1157\" data-end=\"1184\">Materiale: ABS-plast<\/p>\n<\/li>\n<li data-start=\"1185\" data-end=\"1216\">\n<p data-start=\"1187\" data-end=\"1216\">St\u00f8rrelse: 28 x 13,5 x 25 cm<\/p>\n<\/li>\n<li data-start=\"1217\" data-end=\"1238\">\n<p data-start=\"1219\" data-end=\"1238\">V\u00e6gt: 250 g<\/p>\n<\/li>\n<li data-start=\"1239\" data-end=\"1304\">\n<p data-start=\"1241\" data-end=\"1304\">Batterikapacitet: 4000mAh<\/p>\n<\/li>\n<li data-start=\"1352\" data-end=\"1408\">\n<p data-start=\"1354\" data-end=\"1408\">Brug: Ideel til natarbejde, studier eller l\u00e6sning<\/p>\n<\/li>\n<\/ul>\n<h2 style=\"text-align: center\" data-start=\"1415\" data-end=\"1440\">Pakken\u00a0indeholder\u00a0\ud83d\udce6<\/h2>\n<ul data-start=\"1441\" data-end=\"1487\" data-is-last-node=\"\" data-is-only-node=\"\">\n<li data-start=\"1441\" data-end=\"1466\">\n<p data-start=\"1443\" data-end=\"1466\">1x skrivebordslampe<\/p>\n<\/li>\n<li data-start=\"1467\" data-end=\"1487\" data-is-last-node=\"\">\n<p data-start=\"1469\" data-end=\"1487\" data-is-last-node=\"\">1x USB-datakabel.<\/p>\n<\/li>\n<\/ul>\n","protected":false},"excerpt":{"rendered":"<p>Lys dit arbejdsomr\u00e5de op med den perfekte justerbare skrivebordslampe. \ud83d\udecb Denne smarte skrivebordslampe har tre lysstyrkeniveauer, s\u00e5 du kan v\u00e6lge [&hellip;]<\/p>\n","protected":false},"featured_media":30296,"comment_status":"open","ping_status":"closed","template":"","meta":{"site-sidebar-layout":"default","site-content-layout":"","ast-site-content-layout":"default","site-content-style":"default","site-sidebar-style":"default","ast-global-header-display":"","ast-banner-title-visibility":"","ast-main-header-display":"","ast-hfb-above-header-display":"","ast-hfb-below-header-display":"","ast-hfb-mobile-header-display":"","site-post-title":"","ast-breadcrumbs-content":"","ast-featured-img":"","footer-sml-layout":"","theme-transparent-header-meta":"default","adv-header-id-meta":"","stick-header-meta":"","header-above-stick-meta":"","header-main-stick-meta":"","header-below-stick-meta":"","astra-migrate-meta-layouts":"set","ast-page-background-enabled":"default","ast-page-background-meta":{"desktop":{"background-color":"var(--ast-global-color-5)","background-image":"","background-repeat":"repeat","background-position":"center center","background-size":"auto","background-attachment":"scroll","background-type":"","background-media":"","overlay-type":"","overlay-color":"","overlay-opacity":"","overlay-gradient":""},"tablet":{"background-color":"","background-image":"","background-repeat":"repeat","background-position":"center center","background-size":"auto","background-attachment":"scroll","background-type":"","background-media":"","overlay-type":"","overlay-color":"","overlay-opacity":"","overlay-gradient":""},"mobile":{"background-color":"","background-image":"","background-repeat":"repeat","background-position":"center center","background-size":"auto","background-attachment":"scroll","background-type":"","background-media":"","overlay-type":"","overlay-color":"","overlay-opacity":"","overlay-gradient":""}},"ast-content-background-meta":{"desktop":{"background-color":"var(--ast-global-color-4)","background-image":"","background-repeat":"repeat","background-position":"center center","background-size":"auto","background-attachment":"scroll","background-type":"","background-media":"","overlay-type":"","overlay-color":"","overlay-opacity":"","overlay-gradient":""},"tablet":{"background-color":"var(--ast-global-color-4)","background-image":"","background-repeat":"repeat","background-position":"center center","background-size":"auto","background-attachment":"scroll","background-type":"","background-media":"","overlay-type":"","overlay-color":"","overlay-opacity":"","overlay-gradient":""},"mobile":{"background-color":"var(--ast-global-color-4)","background-image":"","background-repeat":"repeat","background-position":"center center","background-size":"auto","background-attachment":"scroll","background-type":"","background-media":"","overlay-type":"","overlay-color":"","overlay-opacity":"","overlay-gradient":""}}},"product_brand":[],"product_cat":[19],"product_tag":[],"class_list":{"0":"post-30300","1":"product","2":"type-product","3":"status-publish","4":"has-post-thumbnail","6":"product_cat-uncategorized","7":"desktop-align-left","8":"tablet-align-left","9":"mobile-align-left","11":"first","12":"instock","13":"shipping-taxable","14":"purchasable","15":"product-type-simple"},"_links":{"self":[{"href":"https:\/\/ecostera.com\/dk\/wp-json\/wp\/v2\/product\/30300","targetHints":{"allow":["GET"]}}],"collection":[{"href":"https:\/\/ecostera.com\/dk\/wp-json\/wp\/v2\/product"}],"about":[{"href":"https:\/\/ecostera.com\/dk\/wp-json\/wp\/v2\/types\/product"}],"replies":[{"embeddable":true,"href":"https:\/\/ecostera.com\/dk\/wp-json\/wp\/v2\/comments?post=30300"}],"wp:featuredmedia":[{"embeddable":true,"href":"https:\/\/ecostera.com\/dk\/wp-json\/wp\/v2\/media\/30296"}],"wp:attachment":[{"href":"https:\/\/ecostera.com\/dk\/wp-json\/wp\/v2\/media?parent=30300"}],"wp:term":[{"taxonomy":"product_brand","embeddable":true,"href":"https:\/\/ecostera.com\/dk\/wp-json\/wp\/v2\/product_brand?post=30300"},{"taxonomy":"product_cat","embeddable":true,"href":"https:\/\/ecostera.com\/dk\/wp-json\/wp\/v2\/product_cat?post=30300"},{"taxonomy":"product_tag","embeddable":true,"href":"https:\/\/ecostera.com\/dk\/wp-json\/wp\/v2\/product_tag?post=30300"}],"curies":[{"name":"wp","href":"https:\/\/api.w.org\/{rel}","templated":true}]}}