{"id":30349,"date":"2025-10-22T21:19:21","date_gmt":"2025-10-22T18:19:21","guid":{"rendered":"https:\/\/ecostera.com\/dk\/product\/haengende-ananas-lys\/"},"modified":"2025-10-23T22:38:34","modified_gmt":"2025-10-23T19:38:34","slug":"haengende-ananas-lys","status":"publish","type":"product","link":"https:\/\/ecostera.com\/dk\/product\/haengende-ananas-lys\/","title":{"rendered":"H\u00e6ngende ananas-lys"},"content":{"rendered":"<p style=\"text-align: center\" data-start=\"0\" data-end=\"80\"><strong data-start=\"0\" data-end=\"78\">Bring en varm tropisk gl\u00f8d til din have med dette ananaslys med solceller. \ud83c\udf4d\u00a0<\/strong><\/p>\n<p style=\"text-align: center\" data-start=\"82\" data-end=\"397\">Denne charmerende h\u00e6ngende ananaslampe tilf\u00f8jer et hyggeligt, dekorativt strejf til dit uderum. Den drives udelukkende af solenergi, oplades om dagen og t\u00e6ndes automatisk om natten &#8211; der er ikke brug for ledninger eller batterier. Den er perfekt til at h\u00e6nge p\u00e5 tr\u00e6er, hegn eller havekroge og er b\u00e5de milj\u00f8venlig og smuk.<\/p>\n<p data-start=\"82\" data-end=\"397\"><img decoding=\"async\" class=\"size-full wp-image-37362 aligncenter\" src=\"https:\/\/keluvo.com\/template\/wp-content\/uploads\/sites\/5\/2025\/10\/10024-ezgif.com-video-to-webp-converter-2.webp\" alt=\"\" \/><\/p>\n<h2 style=\"text-align: center\" data-start=\"404\" data-end=\"426\">Hovedfordele \u2705<\/h2>\n<p data-start=\"429\" data-end=\"513\">\ud83c\udf4d Unikt ananasdesign &#8211; tilf\u00f8jer en sjov, tropisk stemning til din have eller altan<\/p>\n<p data-start=\"516\" data-end=\"600\">\ud83d\udd0b Solcelledrevet &#8211; oplader om dagen og lyser automatisk om natten<\/p>\n<p data-start=\"603\" data-end=\"681\">\ud83d\udca1 Energieffektiv &#8211; solcellepanel med h\u00f8j konvertering sparer energi og penge<\/p>\n<p data-start=\"684\" data-end=\"770\">\u2728 Lys &amp; fleksibel belysning &#8211; 24, 30, 60 LED-kobbertr\u00e5dslamper giver en funklende gl\u00f8d<\/p>\n<p data-start=\"773\" data-end=\"867\">\ud83c\udf3f Holdbar og vejrbestandig &#8211; lavet til udend\u00f8rs brug &#8211; ideel til tr\u00e6er, verandaer og terrasser<\/p>\n<p data-start=\"773\" data-end=\"867\"><img decoding=\"async\" class=\"size-full wp-image-37363 aligncenter\" src=\"https:\/\/keluvo.com\/template\/wp-content\/uploads\/sites\/5\/2025\/10\/S1e5d0e487b8d423a9f3059c3993120a7E.jpg_960x960q75.jpg_.avif\" alt=\"\" \/><\/p>\n<h2 style=\"text-align: center\" data-start=\"874\" data-end=\"893\">S\u00e5dan bruger du \ud83d\udccc<\/h2>\n<ol data-start=\"894\" data-end=\"1170\">\n<li data-start=\"894\" data-end=\"954\">\n<p data-start=\"897\" data-end=\"954\">H\u00e6ng lyset p\u00e5 et tr\u00e6, en altan eller en anden udend\u00f8rs krog.<\/p>\n<\/li>\n<li data-start=\"955\" data-end=\"1032\">\n<p data-start=\"958\" data-end=\"1032\">T\u00e6nd for kontakten, og s\u00f8rg for, at solpanelet er udsat for sollys.<\/p>\n<\/li>\n<li data-start=\"1033\" data-end=\"1119\">\n<p data-start=\"1036\" data-end=\"1119\">Lyset oplades i l\u00f8bet af dagen og t\u00e6ndes automatisk, n\u00e5r det bliver m\u00f8rkt.<\/p>\n<\/li>\n<li data-start=\"1120\" data-end=\"1170\">\n<p data-start=\"1123\" data-end=\"1170\">Nyd den varme, indbydende gl\u00f8d hele natten lang!<\/p>\n<\/li>\n<\/ol>\n<h2 style=\"text-align: center\" data-start=\"1177\" data-end=\"1201\">Produktoplysninger \u2139<\/h2>\n<ul data-start=\"1202\" data-end=\"1585\">\n<li data-start=\"1202\" data-end=\"1253\">\n<p data-start=\"1204\" data-end=\"1253\">Materiale: Metalramme med kobbertr\u00e5ds-LED&#8217;er<\/p>\n<\/li>\n<li data-start=\"1254\" data-end=\"1307\">\n<p data-start=\"1256\" data-end=\"1307\">Solpanel: 30\u00d730 amorf silicium, 2V 40mA<\/p>\n<\/li>\n<li data-start=\"1308\" data-end=\"1349\">\n<p data-start=\"1310\" data-end=\"1349\">Batteri: 1,2V 600mAh genopladeligt<\/p>\n<\/li>\n<li data-start=\"1350\" data-end=\"1430\">\n<p data-start=\"1352\" data-end=\"1430\">LED-antal: 24, 30, 60 varmhvide kobbertr\u00e5ds-LED&#8217;er (afh\u00e6ngigt af model)<\/p>\n<\/li>\n<li data-start=\"1431\" data-end=\"1456\">\n<p data-start=\"1433\" data-end=\"1456\">V\u00e6gt: 220-230 g<\/p>\n<\/li>\n<li data-start=\"1457\" data-end=\"1521\">\n<p data-start=\"1459\" data-end=\"1521\">Lysstyring: Automatisk dagopladning og natbelysning<\/p>\n<\/li>\n<li data-start=\"1522\" data-end=\"1585\">\n<p data-start=\"1524\" data-end=\"1585\">Anvendelse: Udend\u00f8rs dekoration (tr\u00e6er, konsoller, terrasser osv.)<\/p>\n<\/li>\n<\/ul>\n<h2 style=\"text-align: center\" data-start=\"1592\" data-end=\"1617\">Pakken\u00a0indeholder\u00a0\ud83d\udce6<\/h2>\n<ul data-start=\"1618\" data-end=\"1694\" data-is-last-node=\"\" data-is-only-node=\"\">\n<li data-start=\"1618\" data-end=\"1655\">\n<p data-start=\"1620\" data-end=\"1655\">1x h\u00e6ngende ananas sollys.<\/p>\n<\/li>\n<\/ul>\n","protected":false},"excerpt":{"rendered":"<p>Bring en varm tropisk gl\u00f8d til din have med dette ananaslys med solceller. \ud83c\udf4d\u00a0 Denne charmerende h\u00e6ngende ananaslampe tilf\u00f8jer et [&hellip;]<\/p>\n","protected":false},"featured_media":30345,"comment_status":"open","ping_status":"closed","template":"","meta":{"site-sidebar-layout":"default","site-content-layout":"","ast-site-content-layout":"default","site-content-style":"default","site-sidebar-style":"default","ast-global-header-display":"","ast-banner-title-visibility":"","ast-main-header-display":"","ast-hfb-above-header-display":"","ast-hfb-below-header-display":"","ast-hfb-mobile-header-display":"","site-post-title":"","ast-breadcrumbs-content":"","ast-featured-img":"","footer-sml-layout":"","theme-transparent-header-meta":"default","adv-header-id-meta":"","stick-header-meta":"","header-above-stick-meta":"","header-main-stick-meta":"","header-below-stick-meta":"","astra-migrate-meta-layouts":"set","ast-page-background-enabled":"default","ast-page-background-meta":{"desktop":{"background-color":"var(--ast-global-color-5)","background-image":"","background-repeat":"repeat","background-position":"center center","background-size":"auto","background-attachment":"scroll","background-type":"","background-media":"","overlay-type":"","overlay-color":"","overlay-opacity":"","overlay-gradient":""},"tablet":{"background-color":"","background-image":"","background-repeat":"repeat","background-position":"center center","background-size":"auto","background-attachment":"scroll","background-type":"","background-media":"","overlay-type":"","overlay-color":"","overlay-opacity":"","overlay-gradient":""},"mobile":{"background-color":"","background-image":"","background-repeat":"repeat","background-position":"center center","background-size":"auto","background-attachment":"scroll","background-type":"","background-media":"","overlay-type":"","overlay-color":"","overlay-opacity":"","overlay-gradient":""}},"ast-content-background-meta":{"desktop":{"background-color":"var(--ast-global-color-4)","background-image":"","background-repeat":"repeat","background-position":"center center","background-size":"auto","background-attachment":"scroll","background-type":"","background-media":"","overlay-type":"","overlay-color":"","overlay-opacity":"","overlay-gradient":""},"tablet":{"background-color":"var(--ast-global-color-4)","background-image":"","background-repeat":"repeat","background-position":"center center","background-size":"auto","background-attachment":"scroll","background-type":"","background-media":"","overlay-type":"","overlay-color":"","overlay-opacity":"","overlay-gradient":""},"mobile":{"background-color":"var(--ast-global-color-4)","background-image":"","background-repeat":"repeat","background-position":"center center","background-size":"auto","background-attachment":"scroll","background-type":"","background-media":"","overlay-type":"","overlay-color":"","overlay-opacity":"","overlay-gradient":""}}},"product_brand":[],"product_cat":[19],"product_tag":[],"class_list":{"0":"post-30349","1":"product","2":"type-product","3":"status-publish","4":"has-post-thumbnail","6":"product_cat-uncategorized","7":"pa_24824_j5a96w09-24-led","8":"pa_24824_j5a96w09-30-led","9":"pa_24824_j5a96w09-60-led","10":"desktop-align-left","11":"tablet-align-left","12":"mobile-align-left","14":"first","15":"instock","16":"shipping-taxable","17":"purchasable","18":"product-type-variable"},"_links":{"self":[{"href":"https:\/\/ecostera.com\/dk\/wp-json\/wp\/v2\/product\/30349","targetHints":{"allow":["GET"]}}],"collection":[{"href":"https:\/\/ecostera.com\/dk\/wp-json\/wp\/v2\/product"}],"about":[{"href":"https:\/\/ecostera.com\/dk\/wp-json\/wp\/v2\/types\/product"}],"replies":[{"embeddable":true,"href":"https:\/\/ecostera.com\/dk\/wp-json\/wp\/v2\/comments?post=30349"}],"wp:featuredmedia":[{"embeddable":true,"href":"https:\/\/ecostera.com\/dk\/wp-json\/wp\/v2\/media\/30345"}],"wp:attachment":[{"href":"https:\/\/ecostera.com\/dk\/wp-json\/wp\/v2\/media?parent=30349"}],"wp:term":[{"taxonomy":"product_brand","embeddable":true,"href":"https:\/\/ecostera.com\/dk\/wp-json\/wp\/v2\/product_brand?post=30349"},{"taxonomy":"product_cat","embeddable":true,"href":"https:\/\/ecostera.com\/dk\/wp-json\/wp\/v2\/product_cat?post=30349"},{"taxonomy":"product_tag","embeddable":true,"href":"https:\/\/ecostera.com\/dk\/wp-json\/wp\/v2\/product_tag?post=30349"}],"curies":[{"name":"wp","href":"https:\/\/api.w.org\/{rel}","templated":true}]}}