{"id":30364,"date":"2025-10-22T21:21:18","date_gmt":"2025-10-22T18:21:18","guid":{"rendered":"https:\/\/ecostera.com\/dk\/product\/hyggelig-graeskar-pude\/"},"modified":"2025-10-23T22:40:00","modified_gmt":"2025-10-23T19:40:00","slug":"hyggelig-graeskar-pude","status":"publish","type":"product","link":"https:\/\/ecostera.com\/dk\/product\/hyggelig-graeskar-pude\/","title":{"rendered":"Hyggelig gr\u00e6skar-pude"},"content":{"rendered":"<p style=\"text-align: center\" data-start=\"0\" data-end=\"73\"><strong data-start=\"0\" data-end=\"71\">Tilf\u00f8j et varmt efter\u00e5rstouch til dit hjem med denne hyggelige gr\u00e6skarpude.<\/strong><span style=\"font-size: 16px;font-style: normal;font-weight: 400\">\ud83c\udf42<\/span><\/p>\n<p style=\"text-align: center\" data-start=\"75\" data-end=\"367\">Denne bl\u00f8de og stilfulde pude bringer efter\u00e5rets charme direkte ind i din stue. Den er designet med smukke gr\u00e6skardetaljer og fremstillet af materialer af h\u00f8j kvalitet og er perfekt til at skabe en hyggelig, s\u00e6sonbestemt atmosf\u00e6re p\u00e5 k\u00f8lige efter\u00e5rsaftener. Ideel til sofaer, senge eller l\u00e6sehj\u00f8rner.<\/p>\n<p data-start=\"75\" data-end=\"367\"><img decoding=\"async\" class=\"size-full wp-image-37379 aligncenter\" src=\"https:\/\/keluvo.com\/template\/wp-content\/uploads\/sites\/5\/2025\/10\/10025-ezgif.com-video-to-webp-converter-2.webp\" alt=\"\" \/><\/p>\n<h2 style=\"text-align: center\" data-start=\"374\" data-end=\"396\">\ud83c\udf42 Hovedfordele<\/h2>\n<p data-start=\"399\" data-end=\"485\">\ud83c\udf83 Charmerende design &#8211; Festlig gr\u00e6skarform giver \u00f8jeblikkelig efter\u00e5rsstemning i dit rum<\/p>\n<p data-start=\"488\" data-end=\"569\">\ud83e\uddf6 Bl\u00f8dt og hyggeligt &#8211; Lavet af plysstof for ultimativ komfort og afslapning<\/p>\n<p data-start=\"572\" data-end=\"659\">\ud83c\udf3e Holdbar kvalitet &#8211; Syninger og materialer af h\u00f8j kvalitet sikrer lang levetid<\/p>\n<p data-start=\"662\" data-end=\"744\">\ud83d\udecb\ufe0f Perfekt indretningselement &#8211; Kompletterer ethvert efter\u00e5rs- eller bondehusinteri\u00f8r<\/p>\n<p data-start=\"747\" data-end=\"823\">\ud83c\udf41 Alsidig brug &#8211; Perfekt til sofaer, senge, stole eller s\u00e6sonudstillinger<\/p>\n<p data-start=\"747\" data-end=\"823\"><img decoding=\"async\" class=\"size-full wp-image-37376 aligncenter\" src=\"https:\/\/keluvo.com\/template\/wp-content\/uploads\/sites\/5\/2025\/10\/Sf8932eec31094fa2a8e161ec22f595cfj.webp\" alt=\"\" \/><\/p>\n<h2 style=\"text-align: center\" data-start=\"830\" data-end=\"849\">\ud83e\ude84 S\u00e5dan bruger du<\/h2>\n<ol data-start=\"850\" data-end=\"1102\">\n<li data-start=\"850\" data-end=\"910\">\n<p data-start=\"853\" data-end=\"910\">Placer puden p\u00e5 din sofa, seng eller yndlingsstol.<\/p>\n<\/li>\n<li data-start=\"911\" data-end=\"987\">\n<p data-start=\"914\" data-end=\"987\">Kombiner med anden efter\u00e5rsudsmykning som t\u00e6pper eller stearinlys for at skabe en hyggelig stemning.<\/p>\n<\/li>\n<li data-start=\"988\" data-end=\"1045\">\n<p data-start=\"991\" data-end=\"1045\">Fnug den forsigtigt for at bevare dens bl\u00f8de og fyldige form.<\/p>\n<\/li>\n<li data-start=\"1046\" data-end=\"1102\">\n<p data-start=\"1049\" data-end=\"1102\">Nyd det varme, indbydende look, den tilf\u00f8rer dit hjem.<\/p>\n<\/li>\n<\/ol>\n<h2 style=\"text-align: center\" data-start=\"1109\" data-end=\"1133\">\ud83d\udccf Produktdetaljer<\/h2>\n<ul data-start=\"1134\" data-end=\"1343\">\n<li data-start=\"1134\" data-end=\"1182\">\n<p data-start=\"1136\" data-end=\"1182\">Design: Gr\u00e6skarformet pyntepude<\/p>\n<\/li>\n<li data-start=\"1183\" data-end=\"1218\">\n<p data-start=\"1185\" data-end=\"1218\">Materiale: Bl\u00f8dt plysstof<\/p>\n<\/li>\n<li data-start=\"1219\" data-end=\"1288\">\n<p data-start=\"1221\" data-end=\"1288\">Brug: Boligindretning, stue, sovev\u00e6relse eller s\u00e6sonbestemt dekoration<\/p>\n<\/li>\n<li data-start=\"1289\" data-end=\"1343\">\n<p data-start=\"1291\" data-end=\"1343\">S\u00e6son: Ideel til efter\u00e5rs- og efter\u00e5rsfester<\/p>\n<\/li>\n<li data-start=\"1289\" data-end=\"1343\">St\u00f8rrelse: 20 cm<\/li>\n<\/ul>\n<h2 style=\"text-align: center\" data-start=\"1350\" data-end=\"1375\">\ud83c\udf81 Pakken indeholder<\/h2>\n<ul data-start=\"1376\" data-end=\"1403\" data-is-last-node=\"\" data-is-only-node=\"\">\n<li data-start=\"1376\" data-end=\"1403\" data-is-last-node=\"\">\n<p data-start=\"1378\" data-end=\"1403\" data-is-last-node=\"\">1x hyggelig gr\u00e6skarpude.<\/p>\n<\/li>\n<\/ul>\n","protected":false},"excerpt":{"rendered":"<p>Tilf\u00f8j et varmt efter\u00e5rstouch til dit hjem med denne hyggelige gr\u00e6skarpude.\ud83c\udf42 Denne bl\u00f8de og stilfulde pude bringer efter\u00e5rets charme direkte [&hellip;]<\/p>\n","protected":false},"featured_media":30360,"comment_status":"open","ping_status":"closed","template":"","meta":{"site-sidebar-layout":"default","site-content-layout":"","ast-site-content-layout":"default","site-content-style":"default","site-sidebar-style":"default","ast-global-header-display":"","ast-banner-title-visibility":"","ast-main-header-display":"","ast-hfb-above-header-display":"","ast-hfb-below-header-display":"","ast-hfb-mobile-header-display":"","site-post-title":"","ast-breadcrumbs-content":"","ast-featured-img":"","footer-sml-layout":"","theme-transparent-header-meta":"default","adv-header-id-meta":"","stick-header-meta":"","header-above-stick-meta":"","header-main-stick-meta":"","header-below-stick-meta":"","astra-migrate-meta-layouts":"set","ast-page-background-enabled":"default","ast-page-background-meta":{"desktop":{"background-color":"var(--ast-global-color-5)","background-image":"","background-repeat":"repeat","background-position":"center center","background-size":"auto","background-attachment":"scroll","background-type":"","background-media":"","overlay-type":"","overlay-color":"","overlay-opacity":"","overlay-gradient":""},"tablet":{"background-color":"","background-image":"","background-repeat":"repeat","background-position":"center center","background-size":"auto","background-attachment":"scroll","background-type":"","background-media":"","overlay-type":"","overlay-color":"","overlay-opacity":"","overlay-gradient":""},"mobile":{"background-color":"","background-image":"","background-repeat":"repeat","background-position":"center center","background-size":"auto","background-attachment":"scroll","background-type":"","background-media":"","overlay-type":"","overlay-color":"","overlay-opacity":"","overlay-gradient":""}},"ast-content-background-meta":{"desktop":{"background-color":"var(--ast-global-color-4)","background-image":"","background-repeat":"repeat","background-position":"center center","background-size":"auto","background-attachment":"scroll","background-type":"","background-media":"","overlay-type":"","overlay-color":"","overlay-opacity":"","overlay-gradient":""},"tablet":{"background-color":"var(--ast-global-color-4)","background-image":"","background-repeat":"repeat","background-position":"center center","background-size":"auto","background-attachment":"scroll","background-type":"","background-media":"","overlay-type":"","overlay-color":"","overlay-opacity":"","overlay-gradient":""},"mobile":{"background-color":"var(--ast-global-color-4)","background-image":"","background-repeat":"repeat","background-position":"center center","background-size":"auto","background-attachment":"scroll","background-type":"","background-media":"","overlay-type":"","overlay-color":"","overlay-opacity":"","overlay-gradient":""}}},"product_brand":[],"product_cat":[19],"product_tag":[],"class_list":{"0":"post-30364","1":"product","2":"type-product","3":"status-publish","4":"has-post-thumbnail","6":"product_cat-uncategorized","7":"pa_31381_bf7adunl-blaa","8":"pa_31381_bf7adunl-brun","9":"pa_31381_bf7adunl-groen","10":"pa_31381_bf7adunl-gul","11":"pa_31381_bf7adunl-hvid","12":"pa_31381_bf7adunl-orange","13":"pa_31381_bf7adunl-roed","14":"desktop-align-left","15":"tablet-align-left","16":"mobile-align-left","18":"first","19":"instock","20":"shipping-taxable","21":"purchasable","22":"product-type-variable"},"_links":{"self":[{"href":"https:\/\/ecostera.com\/dk\/wp-json\/wp\/v2\/product\/30364","targetHints":{"allow":["GET"]}}],"collection":[{"href":"https:\/\/ecostera.com\/dk\/wp-json\/wp\/v2\/product"}],"about":[{"href":"https:\/\/ecostera.com\/dk\/wp-json\/wp\/v2\/types\/product"}],"replies":[{"embeddable":true,"href":"https:\/\/ecostera.com\/dk\/wp-json\/wp\/v2\/comments?post=30364"}],"wp:featuredmedia":[{"embeddable":true,"href":"https:\/\/ecostera.com\/dk\/wp-json\/wp\/v2\/media\/30360"}],"wp:attachment":[{"href":"https:\/\/ecostera.com\/dk\/wp-json\/wp\/v2\/media?parent=30364"}],"wp:term":[{"taxonomy":"product_brand","embeddable":true,"href":"https:\/\/ecostera.com\/dk\/wp-json\/wp\/v2\/product_brand?post=30364"},{"taxonomy":"product_cat","embeddable":true,"href":"https:\/\/ecostera.com\/dk\/wp-json\/wp\/v2\/product_cat?post=30364"},{"taxonomy":"product_tag","embeddable":true,"href":"https:\/\/ecostera.com\/dk\/wp-json\/wp\/v2\/product_tag?post=30364"}],"curies":[{"name":"wp","href":"https:\/\/api.w.org\/{rel}","templated":true}]}}