{"id":3047,"date":"2025-07-16T04:07:23","date_gmt":"2025-07-16T04:07:23","guid":{"rendered":"https:\/\/ecostera.com\/dk\/product\/hundesele\/"},"modified":"2025-07-16T08:36:15","modified_gmt":"2025-07-16T08:36:15","slug":"hundesele","status":"publish","type":"product","link":"https:\/\/ecostera.com\/dk\/product\/hundesele\/","title":{"rendered":"Hundesele"},"content":{"rendered":"<h2 style=\"text-align: center\">Sikker og behagelig pasform<\/h2>\n<p style=\"text-align: center\">Hundeselen er designet til at give en t\u00e6t og behagelig pasform til mellemstore og store hunde. Den sikrer, at dit k\u00e6ledyr f\u00f8ler sig sikkert under g\u00e5ture og forhindrer, at den tr\u00e6kker eller f\u00f8ler ubehag. Den er perfekt til daglig brug og kan justeres, s\u00e5 den passer til forskellige racer og st\u00f8rrelser.<\/p>\n<p><img decoding=\"async\" class=\"alignnone size-medium wp-image-7838 aligncenter\" src=\"https:\/\/keluvo.com\/template\/wp-content\/uploads\/sites\/5\/2025\/01\/54a593bb-8ac9-4278-b415-b8115a53012f.webp\" alt=\"\" \/><\/p>\n<h2 style=\"text-align: center\">Holdbar og langtidsholdbar<\/h2>\n<p style=\"text-align: center\">Lavet af st\u00e6rkt, slidst\u00e6rkt materiale er hundeselen bygget til at holde til utallige eventyr. Den t\u00e5ler daglig brug, hvilket g\u00f8r den ideel til udend\u00f8rs aktiviteter. Dens robuste design sikrer p\u00e5lidelighed og sikkerhed for dig og dit k\u00e6ledyr.<\/p>\n<p><img decoding=\"async\" class=\"alignnone size-medium wp-image-7836 aligncenter\" src=\"https:\/\/keluvo.com\/template\/wp-content\/uploads\/sites\/5\/2025\/01\/c08286a7-c893-43e9-9210-7e8dfbc80f94.webp\" alt=\"\" \/><\/p>\n","protected":false},"excerpt":{"rendered":"<p>Sikker og behagelig pasform Hundeselen er designet til at give en t\u00e6t og behagelig pasform til mellemstore og store hunde. [&hellip;]<\/p>\n","protected":false},"featured_media":3043,"comment_status":"open","ping_status":"closed","template":"","meta":{"site-sidebar-layout":"default","site-content-layout":"","ast-site-content-layout":"default","site-content-style":"default","site-sidebar-style":"default","ast-global-header-display":"","ast-banner-title-visibility":"","ast-main-header-display":"","ast-hfb-above-header-display":"","ast-hfb-below-header-display":"","ast-hfb-mobile-header-display":"","site-post-title":"","ast-breadcrumbs-content":"","ast-featured-img":"","footer-sml-layout":"","theme-transparent-header-meta":"default","adv-header-id-meta":"","stick-header-meta":"","header-above-stick-meta":"","header-main-stick-meta":"","header-below-stick-meta":"","astra-migrate-meta-layouts":"set","ast-page-background-enabled":"default","ast-page-background-meta":{"desktop":{"background-color":"var(--ast-global-color-5)","background-image":"","background-repeat":"repeat","background-position":"center center","background-size":"auto","background-attachment":"scroll","background-type":"","background-media":"","overlay-type":"","overlay-color":"","overlay-opacity":"","overlay-gradient":""},"tablet":{"background-color":"","background-image":"","background-repeat":"repeat","background-position":"center center","background-size":"auto","background-attachment":"scroll","background-type":"","background-media":"","overlay-type":"","overlay-color":"","overlay-opacity":"","overlay-gradient":""},"mobile":{"background-color":"","background-image":"","background-repeat":"repeat","background-position":"center center","background-size":"auto","background-attachment":"scroll","background-type":"","background-media":"","overlay-type":"","overlay-color":"","overlay-opacity":"","overlay-gradient":""}},"ast-content-background-meta":{"desktop":{"background-color":"var(--ast-global-color-4)","background-image":"","background-repeat":"repeat","background-position":"center center","background-size":"auto","background-attachment":"scroll","background-type":"","background-media":"","overlay-type":"","overlay-color":"","overlay-opacity":"","overlay-gradient":""},"tablet":{"background-color":"var(--ast-global-color-4)","background-image":"","background-repeat":"repeat","background-position":"center center","background-size":"auto","background-attachment":"scroll","background-type":"","background-media":"","overlay-type":"","overlay-color":"","overlay-opacity":"","overlay-gradient":""},"mobile":{"background-color":"var(--ast-global-color-4)","background-image":"","background-repeat":"repeat","background-position":"center center","background-size":"auto","background-attachment":"scroll","background-type":"","background-media":"","overlay-type":"","overlay-color":"","overlay-opacity":"","overlay-gradient":""}}},"product_brand":[],"product_cat":[19],"product_tag":[],"class_list":{"0":"post-3047","1":"product","2":"type-product","3":"status-publish","4":"has-post-thumbnail","6":"product_cat-uncategorized","7":"pa_46807_7zegu85h-s","8":"pa_46807_7zegu85h-m","9":"pa_46807_7zegu85h-l","10":"pa_46807_7zegu85h-xl","11":"pa_46807_7zegu85h-xxl","12":"pa_46807_lcn1mb0c-blaa","13":"pa_46807_lcn1mb0c-roed","14":"pa_46807_lcn1mb0c-sort","15":"desktop-align-left","16":"tablet-align-left","17":"mobile-align-left","19":"first","20":"instock","21":"shipping-taxable","22":"purchasable","23":"product-type-variable","24":"has-default-attributes"},"_links":{"self":[{"href":"https:\/\/ecostera.com\/dk\/wp-json\/wp\/v2\/product\/3047","targetHints":{"allow":["GET"]}}],"collection":[{"href":"https:\/\/ecostera.com\/dk\/wp-json\/wp\/v2\/product"}],"about":[{"href":"https:\/\/ecostera.com\/dk\/wp-json\/wp\/v2\/types\/product"}],"replies":[{"embeddable":true,"href":"https:\/\/ecostera.com\/dk\/wp-json\/wp\/v2\/comments?post=3047"}],"wp:featuredmedia":[{"embeddable":true,"href":"https:\/\/ecostera.com\/dk\/wp-json\/wp\/v2\/media\/3043"}],"wp:attachment":[{"href":"https:\/\/ecostera.com\/dk\/wp-json\/wp\/v2\/media?parent=3047"}],"wp:term":[{"taxonomy":"product_brand","embeddable":true,"href":"https:\/\/ecostera.com\/dk\/wp-json\/wp\/v2\/product_brand?post=3047"},{"taxonomy":"product_cat","embeddable":true,"href":"https:\/\/ecostera.com\/dk\/wp-json\/wp\/v2\/product_cat?post=3047"},{"taxonomy":"product_tag","embeddable":true,"href":"https:\/\/ecostera.com\/dk\/wp-json\/wp\/v2\/product_tag?post=3047"}],"curies":[{"name":"wp","href":"https:\/\/api.w.org\/{rel}","templated":true}]}}