{"id":30518,"date":"2025-10-22T21:38:11","date_gmt":"2025-10-22T18:38:11","guid":{"rendered":"https:\/\/ecostera.com\/dk\/product\/vaevet-crossbody-haandtaske\/"},"modified":"2025-10-23T22:54:44","modified_gmt":"2025-10-23T19:54:44","slug":"vaevet-crossbody-haandtaske","status":"publish","type":"product","link":"https:\/\/ecostera.com\/dk\/product\/vaevet-crossbody-haandtaske\/","title":{"rendered":"V\u00e6vet crossbody h\u00e5ndtaske"},"content":{"rendered":"<article class=\"text-token-text-primary w-full focus:outline-none [--shadow-height:45px] has-data-writing-block:pointer-events-none has-data-writing-block:-mt-(--shadow-height) has-data-writing-block:pt-(--shadow-height) [&amp;:has([data-writing-block])&gt;*]:pointer-events-auto [content-visibility:auto] supports-[content-visibility:auto]:[contain-intrinsic-size:auto_100lvh] scroll-mt-[calc(var(--header-height)+min(200px,max(70px,20svh)))]\" dir=\"auto\" data-turn-id=\"request-68f27435-66d8-8326-9862-00f9c0a2e193-10\" data-testid=\"conversation-turn-38\" data-scroll-anchor=\"true\" data-turn=\"assistant\">\n<div class=\"text-base my-auto mx-auto pb-10 [--thread-content-margin:--spacing(4)] thread-sm:[--thread-content-margin:--spacing(6)] thread-lg:[--thread-content-margin:--spacing(16)] px-(--thread-content-margin)\">\n<div class=\"[--thread-content-max-width:40rem] thread-lg:[--thread-content-max-width:48rem] mx-auto max-w-(--thread-content-max-width) flex-1 group\/turn-messages focus-visible:outline-hidden relative flex w-full min-w-0 flex-col agent-turn\">\n<div class=\"flex max-w-full flex-col grow\">\n<div class=\"min-h-8 text-message relative flex w-full flex-col items-end gap-2 text-start break-words whitespace-normal [.text-message+&amp;]:mt-1\" dir=\"auto\" data-message-author-role=\"assistant\" data-message-id=\"d3de6eda-53a1-4493-b001-a3d2c4ecbe0a\" data-message-model-slug=\"gpt-5\">\n<div class=\"flex w-full flex-col gap-1 empty:hidden first:pt-[1px]\">\n<div class=\"markdown prose dark:prose-invert w-full break-words light markdown-new-styling\">\n<p style=\"text-align: center\" data-start=\"0\" data-end=\"81\"><strong>Tilf\u00f8j ubesv\u00e6ret charme til dit look med denne v\u00e6vede crossbody-taske.\ud83d\udc5c<\/strong><\/p>\n<p style=\"text-align: center\" data-start=\"83\" data-end=\"367\">Denne lette, v\u00e6vede taske er fremstillet af bl\u00f8dt, naturligt papirreb og PU-l\u00e6der og kombinerer elegance med funktionalitet. Dens rummelige design g\u00f8r den perfekt til stranddage, shoppingture eller afslappede udflugter, mens den strukturerede v\u00e6vning og de lyse toner tilf\u00f8jer et stilfuldt touch til ethvert outfit.<\/p>\n<p data-start=\"83\" data-end=\"367\"><img decoding=\"async\" class=\"size-full wp-image-37677 aligncenter\" src=\"https:\/\/keluvo.com\/template\/wp-content\/uploads\/sites\/5\/2025\/10\/100215-ezgif.com-video-to-webp-converter-1.webp\" alt=\"\" \/><\/p>\n<h2 style=\"text-align: center\" data-start=\"374\" data-end=\"396\">\ud83d\udc5c Hovedfordele<\/h2>\n<p data-start=\"399\" data-end=\"496\">\ud83c\udf3e Naturligt h\u00e5ndv\u00e6rk &#8211; Fremstillet af papirreb af h\u00f8j kvalitet med en bl\u00f8d, \u00e5ndbar tekstur.<\/p>\n<p data-start=\"499\" data-end=\"586\">\ud83e\uddf4 Rummeligt design &#8211; Passer nemt til din telefon, pung, makeup og daglige forn\u00f8denheder.<\/p>\n<p data-start=\"589\" data-end=\"679\">\ud83c\udfa8 Stilfuldt look &#8211; Tredimensionelt v\u00e6vet design tilf\u00f8jer unikke detaljer.<\/p>\n<p data-start=\"682\" data-end=\"774\">\ud83c\udf1e Perfekt til enhver lejlighed &#8211; Ideel til ferier, shopping, fester eller hverdagsbrug.<\/p>\n<p data-start=\"777\" data-end=\"872\">\ud83d\udcaa Let og holdbar &#8211; Vejer kun 150 g, men er bygget til at holde med streng kvalitetskontrol.<\/p>\n<p data-start=\"777\" data-end=\"872\"><img decoding=\"async\" class=\"size-full wp-image-37676 aligncenter\" src=\"https:\/\/keluvo.com\/template\/wp-content\/uploads\/sites\/5\/2025\/10\/b87991d2-f3df-4585-bff5-da3a70faf569.webp\" alt=\"\" \/><\/p>\n<h2 style=\"text-align: center\" data-start=\"879\" data-end=\"898\">\ud83e\ude84 S\u00e5dan bruger du<\/h2>\n<ol data-start=\"899\" data-end=\"1240\">\n<li data-start=\"899\" data-end=\"992\">\n<p data-start=\"902\" data-end=\"992\">\u00c5bn hovedrummet for at opbevare dine vigtigste ting &#8211; telefon, n\u00f8gler, makeup eller solbriller.<\/p>\n<\/li>\n<li data-start=\"993\" data-end=\"1077\">\n<p data-start=\"996\" data-end=\"1077\">Juster stroppen, s\u00e5 du kan b\u00e6re den komfortabelt over kroppen eller over skulderen.<\/p>\n<\/li>\n<li data-start=\"1078\" data-end=\"1171\">\n<p data-start=\"1081\" data-end=\"1171\">S\u00e6t den sammen med din yndlingskjole, strandt\u00f8j eller afslappet outfit for en afslappet, elegant stemning.<\/p>\n<\/li>\n<li data-start=\"1172\" data-end=\"1240\">\n<p data-start=\"1175\" data-end=\"1240\">Opbevar den p\u00e5 et t\u00f8rt sted for at bevare dens v\u00e6vede struktur og form.<\/p>\n<\/li>\n<\/ol>\n<h2 style=\"text-align: center\" data-start=\"1247\" data-end=\"1271\">\ud83d\udccf Produktdetaljer<\/h2>\n<ul data-start=\"1272\" data-end=\"1498\">\n<li data-start=\"1272\" data-end=\"1312\">\n<p data-start=\"1274\" data-end=\"1312\">Materiale: Papirreb, PU-l\u00e6der<\/p>\n<\/li>\n<li data-start=\"1313\" data-end=\"1355\">\n<p data-start=\"1315\" data-end=\"1355\">Farvemuligheder: Khaki, Beige<\/p>\n<\/li>\n<li data-start=\"1356\" data-end=\"1380\">\n<p data-start=\"1358\" data-end=\"1380\">St\u00f8rrelse: 27 x 24 cm<\/p>\n<\/li>\n<li data-start=\"1381\" data-end=\"1402\">\n<p data-start=\"1383\" data-end=\"1402\">V\u00e6gt: 150 g<\/p>\n<\/li>\n<li data-start=\"1403\" data-end=\"1441\">\n<p data-start=\"1405\" data-end=\"1441\">Stil: V\u00e6vet crossbody-h\u00e5ndtaske<\/p>\n<\/li>\n<li data-start=\"1442\" data-end=\"1498\">\n<p data-start=\"1444\" data-end=\"1498\">Anvendelse: Strand, shopping, afslappede udflugter eller fester<\/p>\n<\/li>\n<\/ul>\n<h2 style=\"text-align: center\" data-start=\"1505\" data-end=\"1530\">\ud83c\udf81 Pakken indeholder<\/h2>\n<ul data-start=\"1531\" data-end=\"1560\" data-is-last-node=\"\" data-is-only-node=\"\">\n<li data-start=\"1531\" data-end=\"1560\" data-is-last-node=\"\">\n<p data-start=\"1533\" data-end=\"1560\" data-is-last-node=\"\">1x v\u00e6vet crossbody-h\u00e5ndtaske.<\/p>\n<\/li>\n<\/ul>\n<\/div>\n<\/div>\n<\/div>\n<\/div>\n<\/div>\n<\/div>\n<\/article>\n","protected":false},"excerpt":{"rendered":"<p>Tilf\u00f8j ubesv\u00e6ret charme til dit look med denne v\u00e6vede crossbody-taske.\ud83d\udc5c Denne lette, v\u00e6vede taske er fremstillet af bl\u00f8dt, naturligt papirreb [&hellip;]<\/p>\n","protected":false},"featured_media":30514,"comment_status":"open","ping_status":"closed","template":"","meta":{"site-sidebar-layout":"default","site-content-layout":"","ast-site-content-layout":"default","site-content-style":"default","site-sidebar-style":"default","ast-global-header-display":"","ast-banner-title-visibility":"","ast-main-header-display":"","ast-hfb-above-header-display":"","ast-hfb-below-header-display":"","ast-hfb-mobile-header-display":"","site-post-title":"","ast-breadcrumbs-content":"","ast-featured-img":"","footer-sml-layout":"","theme-transparent-header-meta":"default","adv-header-id-meta":"","stick-header-meta":"","header-above-stick-meta":"","header-main-stick-meta":"","header-below-stick-meta":"","astra-migrate-meta-layouts":"set","ast-page-background-enabled":"default","ast-page-background-meta":{"desktop":{"background-color":"var(--ast-global-color-5)","background-image":"","background-repeat":"repeat","background-position":"center center","background-size":"auto","background-attachment":"scroll","background-type":"","background-media":"","overlay-type":"","overlay-color":"","overlay-opacity":"","overlay-gradient":""},"tablet":{"background-color":"","background-image":"","background-repeat":"repeat","background-position":"center center","background-size":"auto","background-attachment":"scroll","background-type":"","background-media":"","overlay-type":"","overlay-color":"","overlay-opacity":"","overlay-gradient":""},"mobile":{"background-color":"","background-image":"","background-repeat":"repeat","background-position":"center center","background-size":"auto","background-attachment":"scroll","background-type":"","background-media":"","overlay-type":"","overlay-color":"","overlay-opacity":"","overlay-gradient":""}},"ast-content-background-meta":{"desktop":{"background-color":"var(--ast-global-color-4)","background-image":"","background-repeat":"repeat","background-position":"center center","background-size":"auto","background-attachment":"scroll","background-type":"","background-media":"","overlay-type":"","overlay-color":"","overlay-opacity":"","overlay-gradient":""},"tablet":{"background-color":"var(--ast-global-color-4)","background-image":"","background-repeat":"repeat","background-position":"center center","background-size":"auto","background-attachment":"scroll","background-type":"","background-media":"","overlay-type":"","overlay-color":"","overlay-opacity":"","overlay-gradient":""},"mobile":{"background-color":"var(--ast-global-color-4)","background-image":"","background-repeat":"repeat","background-position":"center center","background-size":"auto","background-attachment":"scroll","background-type":"","background-media":"","overlay-type":"","overlay-color":"","overlay-opacity":"","overlay-gradient":""}}},"product_brand":[],"product_cat":[19],"product_tag":[],"class_list":{"0":"post-30518","1":"product","2":"type-product","3":"status-publish","4":"has-post-thumbnail","6":"product_cat-uncategorized","7":"pa_24317_17xhbh0p-beige","8":"pa_24317_17xhbh0p-khaki","9":"desktop-align-left","10":"tablet-align-left","11":"mobile-align-left","13":"first","14":"instock","15":"shipping-taxable","16":"purchasable","17":"product-type-variable"},"_links":{"self":[{"href":"https:\/\/ecostera.com\/dk\/wp-json\/wp\/v2\/product\/30518","targetHints":{"allow":["GET"]}}],"collection":[{"href":"https:\/\/ecostera.com\/dk\/wp-json\/wp\/v2\/product"}],"about":[{"href":"https:\/\/ecostera.com\/dk\/wp-json\/wp\/v2\/types\/product"}],"replies":[{"embeddable":true,"href":"https:\/\/ecostera.com\/dk\/wp-json\/wp\/v2\/comments?post=30518"}],"wp:featuredmedia":[{"embeddable":true,"href":"https:\/\/ecostera.com\/dk\/wp-json\/wp\/v2\/media\/30514"}],"wp:attachment":[{"href":"https:\/\/ecostera.com\/dk\/wp-json\/wp\/v2\/media?parent=30518"}],"wp:term":[{"taxonomy":"product_brand","embeddable":true,"href":"https:\/\/ecostera.com\/dk\/wp-json\/wp\/v2\/product_brand?post=30518"},{"taxonomy":"product_cat","embeddable":true,"href":"https:\/\/ecostera.com\/dk\/wp-json\/wp\/v2\/product_cat?post=30518"},{"taxonomy":"product_tag","embeddable":true,"href":"https:\/\/ecostera.com\/dk\/wp-json\/wp\/v2\/product_tag?post=30518"}],"curies":[{"name":"wp","href":"https:\/\/api.w.org\/{rel}","templated":true}]}}