{"id":30672,"date":"2025-10-22T22:06:40","date_gmt":"2025-10-22T19:06:40","guid":{"rendered":"https:\/\/ecostera.com\/dk\/product\/skuldertaske-7\/"},"modified":"2025-10-23T23:10:39","modified_gmt":"2025-10-23T20:10:39","slug":"skuldertaske-7","status":"publish","type":"product","link":"https:\/\/ecostera.com\/dk\/product\/skuldertaske-7\/","title":{"rendered":"Skuldertaske"},"content":{"rendered":"<article class=\"text-token-text-primary w-full focus:outline-none [--shadow-height:45px] has-data-writing-block:pointer-events-none has-data-writing-block:-mt-(--shadow-height) has-data-writing-block:pt-(--shadow-height) [&amp;:has([data-writing-block])&gt;*]:pointer-events-auto [content-visibility:auto] supports-[content-visibility:auto]:[contain-intrinsic-size:auto_100lvh] scroll-mt-[calc(var(--header-height)+min(200px,max(70px,20svh)))]\" dir=\"auto\" data-turn-id=\"request-68f27435-66d8-8326-9862-00f9c0a2e193-3\" data-testid=\"conversation-turn-56\" data-scroll-anchor=\"true\" data-turn=\"assistant\">\n<div class=\"text-base my-auto mx-auto pb-10 [--thread-content-margin:--spacing(4)] thread-sm:[--thread-content-margin:--spacing(6)] thread-lg:[--thread-content-margin:--spacing(16)] px-(--thread-content-margin)\">\n<div class=\"[--thread-content-max-width:40rem] thread-lg:[--thread-content-max-width:48rem] mx-auto max-w-(--thread-content-max-width) flex-1 group\/turn-messages focus-visible:outline-hidden relative flex w-full min-w-0 flex-col agent-turn\">\n<div class=\"flex max-w-full flex-col grow\">\n<div class=\"min-h-8 text-message relative flex w-full flex-col items-end gap-2 text-start break-words whitespace-normal [.text-message+&amp;]:mt-1\" dir=\"auto\" data-message-author-role=\"assistant\" data-message-id=\"6e00814b-1e10-4e09-a938-5c7aefb647dd\" data-message-model-slug=\"gpt-5\">\n<div class=\"flex w-full flex-col gap-1 empty:hidden first:pt-[1px]\">\n<div class=\"markdown prose dark:prose-invert w-full break-words light markdown-new-styling\">\n<p style=\"text-align: center\" data-start=\"0\" data-end=\"90\"><strong>Tag tidl\u00f8s stil og komfort med dig overalt med denne vintageinspirerede h\u00e5ndtaske.\ud83d\udc5c<\/strong><\/p>\n<p style=\"text-align: center\" data-start=\"92\" data-end=\"369\">Denne elegante h\u00e5ndtaske blander klassisk design med moderne funktionalitet. Den er lavet af let, f\u00f8rsteklasses PU-l\u00e6der og har et rummeligt og organiseret indre, sikker lynl\u00e5slukning og alsidige b\u00e6remuligheder &#8211; perfekt til hverdagsbrug, fra arbejdsdage til weekendture.<\/p>\n<p data-start=\"92\" data-end=\"369\"><img decoding=\"async\" class=\"size-full wp-image-38061 aligncenter\" src=\"https:\/\/keluvo.com\/template\/wp-content\/uploads\/sites\/5\/2025\/10\/10221-ezgif.com-video-to-webp-converter.webp\" alt=\"\" \/><\/p>\n<h2 style=\"text-align: center\" data-start=\"376\" data-end=\"398\">Hovedfordele \u2705<\/h2>\n<p data-start=\"401\" data-end=\"528\">\ud83d\udd70\ufe0f Tidl\u00f8st vintagedesign &#8211; Klassisk silhuet med metallogoaccenter og forst\u00e6rkede syninger for et retro-moderne look.<\/p>\n<p data-start=\"531\" data-end=\"634\">\ud83e\udeb6 Let og Hholdbar &#8211; Lavet af syntetisk l\u00e6der af h\u00f8j kvalitet for varig komfort og stil.<\/p>\n<p data-start=\"637\" data-end=\"730\">\ud83e\uddf3 Rummeligt indre &#8211; Flere rum holder dine vigtigste ting p\u00e6ne og nemme at finde.<\/p>\n<p data-start=\"733\" data-end=\"821\">\ud83d\udd12 Sikker lukning &#8211; Glat lynl\u00e5s holder dine ejendele sikre og let tilg\u00e6ngelige.<\/p>\n<p data-start=\"824\" data-end=\"940\">\ud83c\udf92 Alsidig brug &#8211; Justerbar og aftagelig rem giver dig mulighed for at b\u00e6re den som h\u00e5ndtaske, skuldertaske eller crossbody.<\/p>\n<p data-start=\"943\" data-end=\"1037\">\ud83d\udc57 Hverdagens elegance &#8211; Passer ubesv\u00e6ret sammen med afslappede eller formelle outfits til enhver lejlighed.<\/p>\n<p data-start=\"943\" data-end=\"1037\"><img decoding=\"async\" class=\"size-full wp-image-38062 aligncenter\" src=\"https:\/\/keluvo.com\/template\/wp-content\/uploads\/sites\/5\/2025\/10\/f8316a13-3295-4749-b204-7ccb35514f1c.webp\" alt=\"\" \/><\/p>\n<h2 style=\"text-align: center\" data-start=\"1044\" data-end=\"1063\">S\u00e5dan bruger du \ud83d\udccc<\/h2>\n<ol data-start=\"1064\" data-end=\"1346\">\n<li data-start=\"1064\" data-end=\"1155\">\n<p data-start=\"1067\" data-end=\"1155\">Organiser dine vigtigste ting &#8211; pung, telefon, n\u00f8gler, makeup &#8211; i de indvendige rum.<\/p>\n<\/li>\n<li data-start=\"1156\" data-end=\"1246\">\n<p data-start=\"1159\" data-end=\"1246\">Juster remmen til din foretrukne b\u00e6restil (h\u00e5ndtaske, skulder eller crossbody).<\/p>\n<\/li>\n<li data-start=\"1247\" data-end=\"1292\">\n<p data-start=\"1250\" data-end=\"1292\">Luk den med lynl\u00e5s for at sikre dine ejendele.<\/p>\n<\/li>\n<li data-start=\"1293\" data-end=\"1346\">\n<p data-start=\"1296\" data-end=\"1346\">Nyd en stilfuld, behagelig b\u00e6restil hele dagen.<\/p>\n<\/li>\n<\/ol>\n<h2 style=\"text-align: center\" data-start=\"1353\" data-end=\"1377\">Produktoplysninger \u2139<\/h2>\n<ul data-start=\"1378\" data-end=\"1695\">\n<li data-start=\"1378\" data-end=\"1426\">\n<p data-start=\"1380\" data-end=\"1426\">Materiale: Premium letv\u00e6gts PU-l\u00e6der<\/p>\n<\/li>\n<li data-start=\"1427\" data-end=\"1483\">\n<p data-start=\"1429\" data-end=\"1483\">Design: Vintage-inspireret med logo-accenter i metal<\/p>\n<\/li>\n<li data-start=\"1484\" data-end=\"1514\">\n<p data-start=\"1486\" data-end=\"1514\">Lukning: Glat lynl\u00e5s<\/p>\n<\/li>\n<li data-start=\"1515\" data-end=\"1572\">\n<p data-start=\"1517\" data-end=\"1572\">B\u00e6remuligheder: H\u00e5ndtaske, skulder eller crossbody<\/p>\n<\/li>\n<li data-start=\"1573\" data-end=\"1638\">\n<p data-start=\"1575\" data-end=\"1638\">Indvendigt: Rummelig med flere lommer til organisering<\/p>\n<\/li>\n<li data-start=\"1639\" data-end=\"1695\">\n<p data-start=\"1641\" data-end=\"1695\">Brug: Hverdagsudflugter, arbejde, shopping eller rejser<\/p>\n<\/li>\n<li data-start=\"1639\" data-end=\"1695\">St\u00f8rrelse: 24 cm x 12 cm x 26 cm<\/li>\n<\/ul>\n<h2 style=\"text-align: center\" data-start=\"1702\" data-end=\"1727\">Pakken\u00a0indeholder\u00a0\ud83d\udce6<\/h2>\n<ul data-start=\"1728\" data-end=\"1769\" data-is-last-node=\"\" data-is-only-node=\"\">\n<li data-start=\"1728\" data-end=\"1769\" data-is-last-node=\"\">\n<p data-start=\"1730\" data-end=\"1769\" data-is-last-node=\"\">1x vintage skuldertaske.<\/p>\n<\/li>\n<\/ul>\n<\/div>\n<\/div>\n<\/div>\n<\/div>\n<\/div>\n<\/div>\n<\/article>\n","protected":false},"excerpt":{"rendered":"<p>Tag tidl\u00f8s stil og komfort med dig overalt med denne vintageinspirerede h\u00e5ndtaske.\ud83d\udc5c Denne elegante h\u00e5ndtaske blander klassisk design med moderne [&hellip;]<\/p>\n","protected":false},"featured_media":30668,"comment_status":"open","ping_status":"closed","template":"","meta":{"site-sidebar-layout":"default","site-content-layout":"","ast-site-content-layout":"default","site-content-style":"default","site-sidebar-style":"default","ast-global-header-display":"","ast-banner-title-visibility":"","ast-main-header-display":"","ast-hfb-above-header-display":"","ast-hfb-below-header-display":"","ast-hfb-mobile-header-display":"","site-post-title":"","ast-breadcrumbs-content":"","ast-featured-img":"","footer-sml-layout":"","theme-transparent-header-meta":"default","adv-header-id-meta":"","stick-header-meta":"","header-above-stick-meta":"","header-main-stick-meta":"","header-below-stick-meta":"","astra-migrate-meta-layouts":"set","ast-page-background-enabled":"default","ast-page-background-meta":{"desktop":{"background-color":"var(--ast-global-color-5)","background-image":"","background-repeat":"repeat","background-position":"center center","background-size":"auto","background-attachment":"scroll","background-type":"","background-media":"","overlay-type":"","overlay-color":"","overlay-opacity":"","overlay-gradient":""},"tablet":{"background-color":"","background-image":"","background-repeat":"repeat","background-position":"center center","background-size":"auto","background-attachment":"scroll","background-type":"","background-media":"","overlay-type":"","overlay-color":"","overlay-opacity":"","overlay-gradient":""},"mobile":{"background-color":"","background-image":"","background-repeat":"repeat","background-position":"center center","background-size":"auto","background-attachment":"scroll","background-type":"","background-media":"","overlay-type":"","overlay-color":"","overlay-opacity":"","overlay-gradient":""}},"ast-content-background-meta":{"desktop":{"background-color":"var(--ast-global-color-4)","background-image":"","background-repeat":"repeat","background-position":"center center","background-size":"auto","background-attachment":"scroll","background-type":"","background-media":"","overlay-type":"","overlay-color":"","overlay-opacity":"","overlay-gradient":""},"tablet":{"background-color":"var(--ast-global-color-4)","background-image":"","background-repeat":"repeat","background-position":"center center","background-size":"auto","background-attachment":"scroll","background-type":"","background-media":"","overlay-type":"","overlay-color":"","overlay-opacity":"","overlay-gradient":""},"mobile":{"background-color":"var(--ast-global-color-4)","background-image":"","background-repeat":"repeat","background-position":"center center","background-size":"auto","background-attachment":"scroll","background-type":"","background-media":"","overlay-type":"","overlay-color":"","overlay-opacity":"","overlay-gradient":""}}},"product_brand":[],"product_cat":[19],"product_tag":[],"class_list":{"0":"post-30672","1":"product","2":"type-product","3":"status-publish","4":"has-post-thumbnail","6":"product_cat-uncategorized","7":"pa_29284_n58zfean-blaa","8":"pa_29284_n58zfean-brun","9":"pa_29284_n58zfean-khaki","10":"pa_29284_n58zfean-lilla","11":"pa_29284_n58zfean-roed","12":"pa_29284_n58zfean-sort","13":"desktop-align-left","14":"tablet-align-left","15":"mobile-align-left","17":"first","18":"instock","19":"shipping-taxable","20":"purchasable","21":"product-type-variable"},"_links":{"self":[{"href":"https:\/\/ecostera.com\/dk\/wp-json\/wp\/v2\/product\/30672","targetHints":{"allow":["GET"]}}],"collection":[{"href":"https:\/\/ecostera.com\/dk\/wp-json\/wp\/v2\/product"}],"about":[{"href":"https:\/\/ecostera.com\/dk\/wp-json\/wp\/v2\/types\/product"}],"replies":[{"embeddable":true,"href":"https:\/\/ecostera.com\/dk\/wp-json\/wp\/v2\/comments?post=30672"}],"wp:featuredmedia":[{"embeddable":true,"href":"https:\/\/ecostera.com\/dk\/wp-json\/wp\/v2\/media\/30668"}],"wp:attachment":[{"href":"https:\/\/ecostera.com\/dk\/wp-json\/wp\/v2\/media?parent=30672"}],"wp:term":[{"taxonomy":"product_brand","embeddable":true,"href":"https:\/\/ecostera.com\/dk\/wp-json\/wp\/v2\/product_brand?post=30672"},{"taxonomy":"product_cat","embeddable":true,"href":"https:\/\/ecostera.com\/dk\/wp-json\/wp\/v2\/product_cat?post=30672"},{"taxonomy":"product_tag","embeddable":true,"href":"https:\/\/ecostera.com\/dk\/wp-json\/wp\/v2\/product_tag?post=30672"}],"curies":[{"name":"wp","href":"https:\/\/api.w.org\/{rel}","templated":true}]}}