{"id":3082,"date":"2025-07-16T04:08:22","date_gmt":"2025-07-16T04:08:22","guid":{"rendered":"https:\/\/ecostera.com\/dk\/product\/vandtaet-svoemmetaske\/"},"modified":"2025-07-16T04:08:31","modified_gmt":"2025-07-16T04:08:31","slug":"vandtaet-svoemmetaske","status":"publish","type":"product","link":"https:\/\/ecostera.com\/dk\/product\/vandtaet-svoemmetaske\/","title":{"rendered":"Vandt\u00e6t sv\u00f8mmetaske"},"content":{"rendered":"<h2 style=\"text-align: center\">St\u00e6rk Vandt\u00e6t Beskyttelse<\/h2>\n<p style=\"text-align: center\">Den vandt\u00e6tte sv\u00f8mmetaske har tre lag forsegling for at holde dine ting t\u00f8rre. Den beskytter din telefon, pung og v\u00e6rdigenstande mod vand, sand og st\u00f8v. Det g\u00f8r den perfekt til sv\u00f8mning, strandture og udend\u00f8rs aktiviteter.<\/p>\n<p><img decoding=\"async\" class=\"alignnone size-medium wp-image-9973 aligncenter\" src=\"https:\/\/keluvo.com\/template\/wp-content\/uploads\/sites\/5\/2025\/01\/Sb24f66daee524abfb927074337261b32w.jpeg\" alt=\"\" \/><\/p>\n<h2 style=\"text-align: center\">Stor Og Praktisk Opbevaring<\/h2>\n<p style=\"text-align: center\">Den vandt\u00e6tte sv\u00f8mmetaske er designet med et rummeligt indre, der kan rumme din telefon, n\u00f8gler, penge og meget mere. Den holder alt sikkert og let tilg\u00e6ngeligt, mens du nyder din tid i vandet. Det g\u00f8r den til et godt valg til rejser og sport.<\/p>\n<p><img decoding=\"async\" class=\"alignnone size-medium wp-image-9984 aligncenter\" src=\"https:\/\/keluvo.com\/template\/wp-content\/uploads\/sites\/5\/2025\/01\/S7d3d947f57a445559cea6f816a056048l-1.jpeg\" alt=\"\" \/><\/p>\n","protected":false},"excerpt":{"rendered":"<p>St\u00e6rk Vandt\u00e6t Beskyttelse Den vandt\u00e6tte sv\u00f8mmetaske har tre lag forsegling for at holde dine ting t\u00f8rre. Den beskytter din telefon, [&hellip;]<\/p>\n","protected":false},"featured_media":3078,"comment_status":"open","ping_status":"closed","template":"","meta":{"site-sidebar-layout":"default","site-content-layout":"","ast-site-content-layout":"default","site-content-style":"default","site-sidebar-style":"default","ast-global-header-display":"","ast-banner-title-visibility":"","ast-main-header-display":"","ast-hfb-above-header-display":"","ast-hfb-below-header-display":"","ast-hfb-mobile-header-display":"","site-post-title":"","ast-breadcrumbs-content":"","ast-featured-img":"","footer-sml-layout":"","theme-transparent-header-meta":"default","adv-header-id-meta":"","stick-header-meta":"","header-above-stick-meta":"","header-main-stick-meta":"","header-below-stick-meta":"","astra-migrate-meta-layouts":"set","ast-page-background-enabled":"default","ast-page-background-meta":{"desktop":{"background-color":"var(--ast-global-color-5)","background-image":"","background-repeat":"repeat","background-position":"center center","background-size":"auto","background-attachment":"scroll","background-type":"","background-media":"","overlay-type":"","overlay-color":"","overlay-opacity":"","overlay-gradient":""},"tablet":{"background-color":"","background-image":"","background-repeat":"repeat","background-position":"center center","background-size":"auto","background-attachment":"scroll","background-type":"","background-media":"","overlay-type":"","overlay-color":"","overlay-opacity":"","overlay-gradient":""},"mobile":{"background-color":"","background-image":"","background-repeat":"repeat","background-position":"center center","background-size":"auto","background-attachment":"scroll","background-type":"","background-media":"","overlay-type":"","overlay-color":"","overlay-opacity":"","overlay-gradient":""}},"ast-content-background-meta":{"desktop":{"background-color":"var(--ast-global-color-4)","background-image":"","background-repeat":"repeat","background-position":"center center","background-size":"auto","background-attachment":"scroll","background-type":"","background-media":"","overlay-type":"","overlay-color":"","overlay-opacity":"","overlay-gradient":""},"tablet":{"background-color":"var(--ast-global-color-4)","background-image":"","background-repeat":"repeat","background-position":"center center","background-size":"auto","background-attachment":"scroll","background-type":"","background-media":"","overlay-type":"","overlay-color":"","overlay-opacity":"","overlay-gradient":""},"mobile":{"background-color":"var(--ast-global-color-4)","background-image":"","background-repeat":"repeat","background-position":"center center","background-size":"auto","background-attachment":"scroll","background-type":"","background-media":"","overlay-type":"","overlay-color":"","overlay-opacity":"","overlay-gradient":""}}},"product_brand":[],"product_cat":[19],"product_tag":[],"class_list":{"0":"post-3082","1":"product","2":"type-product","3":"status-publish","4":"has-post-thumbnail","6":"product_cat-uncategorized","7":"pa_42883_05usfxu4-blaa","8":"pa_42883_05usfxu4-gul","9":"pa_42883_05usfxu4-hvid","10":"pa_42883_05usfxu4-sort","11":"desktop-align-left","12":"tablet-align-left","13":"mobile-align-left","15":"first","16":"instock","17":"shipping-taxable","18":"purchasable","19":"product-type-variable"},"_links":{"self":[{"href":"https:\/\/ecostera.com\/dk\/wp-json\/wp\/v2\/product\/3082","targetHints":{"allow":["GET"]}}],"collection":[{"href":"https:\/\/ecostera.com\/dk\/wp-json\/wp\/v2\/product"}],"about":[{"href":"https:\/\/ecostera.com\/dk\/wp-json\/wp\/v2\/types\/product"}],"replies":[{"embeddable":true,"href":"https:\/\/ecostera.com\/dk\/wp-json\/wp\/v2\/comments?post=3082"}],"wp:featuredmedia":[{"embeddable":true,"href":"https:\/\/ecostera.com\/dk\/wp-json\/wp\/v2\/media\/3078"}],"wp:attachment":[{"href":"https:\/\/ecostera.com\/dk\/wp-json\/wp\/v2\/media?parent=3082"}],"wp:term":[{"taxonomy":"product_brand","embeddable":true,"href":"https:\/\/ecostera.com\/dk\/wp-json\/wp\/v2\/product_brand?post=3082"},{"taxonomy":"product_cat","embeddable":true,"href":"https:\/\/ecostera.com\/dk\/wp-json\/wp\/v2\/product_cat?post=3082"},{"taxonomy":"product_tag","embeddable":true,"href":"https:\/\/ecostera.com\/dk\/wp-json\/wp\/v2\/product_tag?post=3082"}],"curies":[{"name":"wp","href":"https:\/\/api.w.org\/{rel}","templated":true}]}}