{"id":30854,"date":"2025-10-23T12:47:22","date_gmt":"2025-10-23T09:47:22","guid":{"rendered":"https:\/\/ecostera.com\/dk\/product\/traekstang\/"},"modified":"2025-10-23T12:47:22","modified_gmt":"2025-10-23T09:47:22","slug":"traekstang","status":"publish","type":"product","link":"https:\/\/ecostera.com\/dk\/product\/traekstang\/","title":{"rendered":"Tr\u00e6kstang"},"content":{"rendered":"<p style=\"text-align: center\" data-start=\"0\" data-end=\"75\"><strong data-start=\"0\" data-end=\"73\">Opgrader dine m\u00f8bler med dette elegante og holdbare h\u00e5ndtag. \ud83d\udeaa<\/strong><\/p>\n<p style=\"text-align: center\" data-start=\"77\" data-end=\"403\">Fremstillet af messing og aluminiumslegering af h\u00f8j kvalitet tilf\u00f8jer dette greb et strejf af raffinement til ethvert rum. Dets antikke guld, sorte finish og glatte tekstur g\u00f8r det b\u00e5de stilfuldt og behageligt at bruge &#8211; perfekt til skabe, skuffer, garderobeskabe og k\u00f8kkenskabe. Den er bygget til at holde, er modstandsdygtig over for falmning og nem at installere.<\/p>\n<p data-start=\"77\" data-end=\"403\"><img decoding=\"async\" class=\"size-full wp-image-37699 aligncenter\" src=\"https:\/\/keluvo.com\/template\/wp-content\/uploads\/sites\/5\/2025\/10\/100217-ezgif.com-video-to-webp-converter-1.webp\" alt=\"\" \/><\/p>\n<h2 style=\"text-align: center\" data-start=\"410\" data-end=\"432\"><strong>Hovedfordele<\/strong><\/h2>\n<p data-start=\"435\" data-end=\"527\">\ud83d\udcaa Holdbar konstruktion &#8211; Lavet af f\u00f8rsteklasses messing og aluminiumslegering til langvarig brug.<\/p>\n<p data-start=\"530\" data-end=\"620\">\u2728 Elegant design &#8211; Antikt guld og sort look, der supplerer moderne og klassisk interi\u00f8r.<\/p>\n<p data-start=\"623\" data-end=\"705\">\ud83d\udd29 Nem installation &#8211; Leveres med matchende skruer til hurtig og enkel ops\u00e6tning.<\/p>\n<p data-start=\"708\" data-end=\"794\">\ud83d\udd90\ufe0f Komfortabelt greb &#8211; Glat overflade og ergonomisk form giver ubesv\u00e6ret tr\u00e6k.<\/p>\n<p data-start=\"797\" data-end=\"879\">\ud83d\udeaa Alsidig brug &#8211; Ideel til k\u00f8kkenskabe, skuffer, garderobeskabe og d\u00f8re.<\/p>\n<p data-start=\"797\" data-end=\"879\"><img decoding=\"async\" class=\"size-full wp-image-37701 aligncenter\" src=\"https:\/\/keluvo.com\/template\/wp-content\/uploads\/sites\/5\/2025\/10\/Sa77fca729c3f4caeab868c4de2da952f8.jpg_960x960q75.jpg_.avif\" alt=\"\" \/><\/p>\n<h2 style=\"text-align: center\" data-start=\"886\" data-end=\"905\"><strong>S\u00e5dan Bruges<\/strong><\/h2>\n<ol data-start=\"906\" data-end=\"1183\">\n<li data-start=\"906\" data-end=\"1016\">\n<p data-start=\"909\" data-end=\"1016\">V\u00e6lg den rigtige l\u00e6ngde til dit m\u00f8bel.<\/p>\n<\/li>\n<li data-start=\"1017\" data-end=\"1061\">\n<p data-start=\"1020\" data-end=\"1061\">Marker skruehullerne p\u00e5 dit m\u00f8bel.<\/p>\n<\/li>\n<li data-start=\"1062\" data-end=\"1113\">\n<p data-start=\"1065\" data-end=\"1113\">Fastg\u00f8r tr\u00e6kstangen med de medf\u00f8lgende skruer.<\/p>\n<\/li>\n<li data-start=\"1114\" data-end=\"1183\">\n<p data-start=\"1117\" data-end=\"1183\">Stram forsigtigt &#8211; og nyd dine stilfulde, funktionelle nye h\u00e5ndtag!<\/p>\n<\/li>\n<\/ol>\n<h2 style=\"text-align: center\" data-start=\"1190\" data-end=\"1214\"><strong>Produktdetaljer<\/strong><\/h2>\n<ul data-start=\"1215\" data-end=\"1536\">\n<li data-start=\"1215\" data-end=\"1257\">\n<p data-start=\"1217\" data-end=\"1257\">Materiale: Aluminiumslegering<\/p>\n<\/li>\n<li data-start=\"1288\" data-end=\"1360\">\n<p data-start=\"1290\" data-end=\"1360\">Hulafstand: 96, 128, 192<\/p>\n<\/li>\n<li data-start=\"1288\" data-end=\"1360\">\n<p data-start=\"1290\" data-end=\"1360\">L\u00e6ngde: 149 mm, 150 mm, 182 mm, 243 mm<\/p>\n<\/li>\n<li data-start=\"1288\" data-end=\"1360\">\n<p data-start=\"1290\" data-end=\"1360\">Stil: Antik amerikansk moderne<\/p>\n<\/li>\n<li data-start=\"1400\" data-end=\"1468\">\n<p data-start=\"1402\" data-end=\"1468\">Brug til: K\u00f8kkenskabe, garderobeskabe, skuffer og skabe<\/p>\n<\/li>\n<li data-start=\"1469\" data-end=\"1491\">\n<p data-start=\"1471\" data-end=\"1491\">Farve: Guld, Sort<\/p>\n<\/li>\n<\/ul>\n<h2 style=\"text-align: center\">\ud83c\udf81 Pakken Indeholder<\/h2>\n<ul data-start=\"1569\" data-end=\"1636\" data-is-last-node=\"\" data-is-only-node=\"\">\n<li data-start=\"1569\" data-end=\"1614\">\n<p data-start=\"1571\" data-end=\"1614\">2, 4, 6x h\u00e5ndtag til tr\u00e6kstang (st\u00f8rrelse efter eget valg)<\/p>\n<\/li>\n<li data-start=\"1569\" data-end=\"1614\">\n<p data-start=\"1571\" data-end=\"1614\">4, 8, 12\u00d7 fastg\u00f8relsesskruer.<\/p>\n<\/li>\n<\/ul>\n","protected":false},"excerpt":{"rendered":"<p>Opgrader dine m\u00f8bler med dette elegante og holdbare h\u00e5ndtag. \ud83d\udeaa Fremstillet af messing og aluminiumslegering af h\u00f8j kvalitet tilf\u00f8jer dette [&hellip;]<\/p>\n","protected":false},"featured_media":30850,"comment_status":"open","ping_status":"closed","template":"","meta":{"site-sidebar-layout":"default","site-content-layout":"","ast-site-content-layout":"default","site-content-style":"default","site-sidebar-style":"default","ast-global-header-display":"","ast-banner-title-visibility":"","ast-main-header-display":"","ast-hfb-above-header-display":"","ast-hfb-below-header-display":"","ast-hfb-mobile-header-display":"","site-post-title":"","ast-breadcrumbs-content":"","ast-featured-img":"","footer-sml-layout":"","theme-transparent-header-meta":"default","adv-header-id-meta":"","stick-header-meta":"","header-above-stick-meta":"","header-main-stick-meta":"","header-below-stick-meta":"","astra-migrate-meta-layouts":"set","ast-page-background-enabled":"default","ast-page-background-meta":{"desktop":{"background-color":"var(--ast-global-color-5)","background-image":"","background-repeat":"repeat","background-position":"center center","background-size":"auto","background-attachment":"scroll","background-type":"","background-media":"","overlay-type":"","overlay-color":"","overlay-opacity":"","overlay-gradient":""},"tablet":{"background-color":"","background-image":"","background-repeat":"repeat","background-position":"center center","background-size":"auto","background-attachment":"scroll","background-type":"","background-media":"","overlay-type":"","overlay-color":"","overlay-opacity":"","overlay-gradient":""},"mobile":{"background-color":"","background-image":"","background-repeat":"repeat","background-position":"center center","background-size":"auto","background-attachment":"scroll","background-type":"","background-media":"","overlay-type":"","overlay-color":"","overlay-opacity":"","overlay-gradient":""}},"ast-content-background-meta":{"desktop":{"background-color":"var(--ast-global-color-4)","background-image":"","background-repeat":"repeat","background-position":"center center","background-size":"auto","background-attachment":"scroll","background-type":"","background-media":"","overlay-type":"","overlay-color":"","overlay-opacity":"","overlay-gradient":""},"tablet":{"background-color":"var(--ast-global-color-4)","background-image":"","background-repeat":"repeat","background-position":"center center","background-size":"auto","background-attachment":"scroll","background-type":"","background-media":"","overlay-type":"","overlay-color":"","overlay-opacity":"","overlay-gradient":""},"mobile":{"background-color":"var(--ast-global-color-4)","background-image":"","background-repeat":"repeat","background-position":"center center","background-size":"auto","background-attachment":"scroll","background-type":"","background-media":"","overlay-type":"","overlay-color":"","overlay-opacity":"","overlay-gradient":""}}},"product_brand":[],"product_cat":[19],"product_tag":[],"class_list":{"0":"post-30854","1":"product","2":"type-product","3":"status-publish","4":"has-post-thumbnail","6":"product_cat-uncategorized","7":"pa_31540_fj7wj2de-guld","8":"pa_31540_fj7wj2de-sort","9":"pa_31540_qwmwqpmn-2-stk","10":"pa_31540_qwmwqpmn-4-stk","11":"pa_31540_qwmwqpmn-6-stk","12":"pa_31540_xyrgtgqv-149-mm","13":"pa_31540_xyrgtgqv-150-mm","14":"pa_31540_xyrgtgqv-182-mm","15":"pa_31540_xyrgtgqv-243-mm","16":"desktop-align-left","17":"tablet-align-left","18":"mobile-align-left","20":"first","21":"outofstock","22":"shipping-taxable","23":"product-type-variable","24":"has-default-attributes"},"_links":{"self":[{"href":"https:\/\/ecostera.com\/dk\/wp-json\/wp\/v2\/product\/30854","targetHints":{"allow":["GET"]}}],"collection":[{"href":"https:\/\/ecostera.com\/dk\/wp-json\/wp\/v2\/product"}],"about":[{"href":"https:\/\/ecostera.com\/dk\/wp-json\/wp\/v2\/types\/product"}],"replies":[{"embeddable":true,"href":"https:\/\/ecostera.com\/dk\/wp-json\/wp\/v2\/comments?post=30854"}],"wp:featuredmedia":[{"embeddable":true,"href":"https:\/\/ecostera.com\/dk\/wp-json\/wp\/v2\/media\/30850"}],"wp:attachment":[{"href":"https:\/\/ecostera.com\/dk\/wp-json\/wp\/v2\/media?parent=30854"}],"wp:term":[{"taxonomy":"product_brand","embeddable":true,"href":"https:\/\/ecostera.com\/dk\/wp-json\/wp\/v2\/product_brand?post=30854"},{"taxonomy":"product_cat","embeddable":true,"href":"https:\/\/ecostera.com\/dk\/wp-json\/wp\/v2\/product_cat?post=30854"},{"taxonomy":"product_tag","embeddable":true,"href":"https:\/\/ecostera.com\/dk\/wp-json\/wp\/v2\/product_tag?post=30854"}],"curies":[{"name":"wp","href":"https:\/\/api.w.org\/{rel}","templated":true}]}}