{"id":3110,"date":"2025-07-16T04:10:11","date_gmt":"2025-07-16T04:10:11","guid":{"rendered":"https:\/\/ecostera.com\/dk\/product\/grydesaet-i-emalje\/"},"modified":"2025-07-16T04:10:11","modified_gmt":"2025-07-16T04:10:11","slug":"grydesaet-i-emalje","status":"publish","type":"product","link":"https:\/\/ecostera.com\/dk\/product\/grydesaet-i-emalje\/","title":{"rendered":"Grydes\u00e6t i emalje"},"content":{"rendered":"<p class=\"\" style=\"text-align: center\" data-start=\"188\" data-end=\"588\">F\u00e5 hvert m\u00e5ltid til at f\u00f8les specielt med dette charmerende kogegrejss\u00e6t. Det er kompakt, men alsidigt og perfekt til hverdagens supper, nudler og hurtige retter. Hver gryde har et unikt blomsterdesign, der giver dit k\u00f8kken et strejf af farve, mens den holdbare konstruktion og den reng\u00f8ringsvenlige overflade g\u00f8r det lige s\u00e5 sjovt at lave mad som at spise. Ideel til sm\u00e5 rum og store smagsoplevelser. \ud83c\udf38\u2728<\/p>\n<h2 style=\"text-align: center\"><img decoding=\"async\" class=\"alignnone size-medium wp-image-11079 aligncenter\" style=\"font-size: 16px;font-style: inherit;font-weight: inherit\" src=\"https:\/\/keluvo.com\/template\/wp-content\/uploads\/sites\/5\/2025\/02\/S551efe93f8294f63b101594f0b7254a4e.jpg_960x960q75.jpg_.jpeg\" alt=\"\" \/><\/h2>\n<h2 style=\"text-align: center\">N\u00f8glefunktioner:<\/h2>\n<ul data-start=\"1023\" data-end=\"1578\">\n<li class=\"\" data-start=\"1023\" data-end=\"1137\">\n<p class=\"\" data-start=\"1025\" data-end=\"1137\"><strong data-start=\"1025\" data-end=\"1055\">Kompakt Og B\u00e6rbar Design:<\/strong> <span class=\"relative -mx-px my-[-0.2rem] rounded-sm px-px py-[0.2rem]\">Ideel til individuelle portioner eller sm\u00e5 sammenkomster, hvilket g\u00f8r det nemt at tilberede og nyde dine yndlingsretter n\u00e5r som helst.<\/span><\/p>\n<\/li>\n<li class=\"\" data-start=\"1139\" data-end=\"1253\">\n<p class=\"\" data-start=\"1141\" data-end=\"1253\"><strong data-start=\"1141\" data-end=\"1171\">Alsidige Tilberedningsmuligheder:<\/strong> <span class=\"relative -mx-px my-[-0.2rem] rounded-sm px-px py-[0.2rem]\">Perfekt til at koge nudler, lave hurtige supper eller servere som en lille hot pot, hvilket giver mulighed for uendelig kulinarisk kreativitet.<\/span>\u200b<\/p>\n<\/li>\n<li class=\"\" data-start=\"1255\" data-end=\"1364\">\n<p class=\"\" data-start=\"1257\" data-end=\"1364\"><strong data-start=\"1257\" data-end=\"1282\">Holdbar Konstruktion:<\/strong> <span class=\"relative -mx-px my-[-0.2rem] rounded-sm px-px py-[0.2rem]\">Fremstillet af materialer af h\u00f8j kvalitet for at sikre langvarig brug og modstandsdygtighed over for h\u00f8je temperaturer uden at blive sk\u00e6v.<\/span>\u200b<\/p>\n<\/li>\n<li class=\"\" data-start=\"1366\" data-end=\"1471\">\n<p class=\"\" data-start=\"1368\" data-end=\"1471\"><strong data-start=\"1368\" data-end=\"1389\">Unik \u00c6stetik:<\/strong> <span class=\"relative -mx-px my-[-0.2rem] rounded-sm px-px py-[0.2rem]\">Hver gryde har et tilf\u00e6ldigt, unikt design, der tilf\u00f8jer et sjovt og overraskende element til din k\u00f8kkensamling.<\/span>\u200b<\/p>\n<\/li>\n<li class=\"\" data-start=\"1473\" data-end=\"1578\">\n<p class=\"\" data-start=\"1475\" data-end=\"1578\"><strong data-start=\"1475\" data-end=\"1496\">Nem Vedligeholdelse:<\/strong> <span class=\"relative -mx-px my-[-0.2rem] rounded-sm px-px py-[0.2rem]\">Glatte overflader giver mulighed for hurtig og ubesv\u00e6ret reng\u00f8ring, s\u00e5 du sparer tid og kr\u00e6fter i k\u00f8kkenet.<\/span>\u200b<\/p>\n<\/li>\n<\/ul>\n<p><img decoding=\"async\" class=\"alignnone size-medium wp-image-11070 aligncenter\" src=\"https:\/\/keluvo.com\/template\/wp-content\/uploads\/sites\/5\/2025\/02\/S11bab6023a004530af72286e59c5ce4fk.jpg_960x960q75.jpg_.jpeg\" alt=\"\" \/><\/p>\n<h2 style=\"text-align: center\">Specifikationer<\/h2>\n<p><strong>Material<\/strong>: Emalje<\/p>\n<p><strong>St\u00f8rrelse 1<\/strong>: 16,00 X 16,00 X 6,50 cm<\/p>\n<p><strong>St\u00f8rrelse 2<\/strong>: 18,00 X 18,00 X 6,70 cm<\/p>\n<p><strong>St\u00f8rrelse 3<\/strong>: 20,00 X 20,00 X 16,00 cm<\/p>\n<h2 style=\"text-align: center\" data-start=\"2064\" data-end=\"2073\">Hyppigt Stillede Sp\u00f8rgsm\u00e5l:<\/h2>\n<ul>\n<li data-start=\"2075\" data-end=\"2135\"><strong data-start=\"2075\" data-end=\"2135\">Er Dette Grydes\u00e6t Egnet Til Induktionskogeplader?<\/strong><\/li>\n<\/ul>\n<p class=\"\" data-start=\"2137\" data-end=\"2222\"><span class=\"relative -mx-px my-[-0.2rem] rounded-sm px-px py-[0.2rem]\">Tjek venligst produktspecifikationerne for at bekr\u00e6fte kompatibilitet med induktionskogeplader.<\/span>\u200b<\/p>\n<ul>\n<li data-start=\"2224\" data-end=\"2260\"><strong data-start=\"2224\" data-end=\"2260\">T\u00e5ler Gryderne Opvaskemaskine?<\/strong><\/li>\n<\/ul>\n<p class=\"\" data-start=\"2262\" data-end=\"2347\"><span class=\"relative -mx-px my-[-0.2rem] rounded-sm px-px py-[0.2rem]\">Den glatte overflade giver mulighed for nem reng\u00f8ring. De kan sagtens vaskes op i h\u00e5nden, men se producentens retningslinjer for brug af opvaskemaskine.<\/span>\u200b<\/p>\n<ul>\n<li data-start=\"2349\" data-end=\"2412\"><strong data-start=\"2349\" data-end=\"2412\">Hvilke Materialer Er Brugt I Konstruktionen Af Gryderne?<\/strong><\/li>\n<\/ul>\n<p class=\"\" data-start=\"2414\" data-end=\"2499\"><span class=\"relative -mx-px my-[-0.2rem] rounded-sm px-px py-[0.2rem]\">Gryderne er lavet af materialer af h\u00f8j kvalitet, der er designet til at modst\u00e5 h\u00f8je temperaturer og sikre holdbarhed.<\/span>\u200b<\/p>\n<ul>\n<li data-start=\"2501\" data-end=\"2535\"><strong data-start=\"2501\" data-end=\"2535\">F\u00f8lger Der L\u00e5g Med Alle Gryder?<\/strong><\/li>\n<\/ul>\n<p class=\"\" data-start=\"2537\" data-end=\"2622\"><span class=\"relative -mx-px my-[-0.2rem] rounded-sm px-px py-[0.2rem]\">Se produktoplysningerne for at se, om der f\u00f8lger l\u00e5g med hver gryde.<\/span>\u200b<\/p>\n<ul>\n<li data-start=\"2624\" data-end=\"2662\"><strong data-start=\"2624\" data-end=\"2662\">Er H\u00e5ndtagene Varmebestandige?<\/strong><\/li>\n<\/ul>\n<p class=\"\" data-start=\"2664\" data-end=\"2749\"><span class=\"relative -mx-px my-[-0.2rem] rounded-sm px-px py-[0.2rem]\">De dobbelte h\u00e5ndtag er designet til behagelig h\u00e5ndtering; det anbefales dog at bruge grydelapper eller ovnhandsker, n\u00e5r du h\u00e5ndterer varmt kogegrej.<\/span>\u200b&lt;\/p<\/p>\n","protected":false},"excerpt":{"rendered":"<p>F\u00e5 hvert m\u00e5ltid til at f\u00f8les specielt med dette charmerende kogegrejss\u00e6t. Det er kompakt, men alsidigt og perfekt til hverdagens [&hellip;]<\/p>\n","protected":false},"featured_media":3106,"comment_status":"open","ping_status":"closed","template":"","meta":{"site-sidebar-layout":"default","site-content-layout":"","ast-site-content-layout":"default","site-content-style":"default","site-sidebar-style":"default","ast-global-header-display":"","ast-banner-title-visibility":"","ast-main-header-display":"","ast-hfb-above-header-display":"","ast-hfb-below-header-display":"","ast-hfb-mobile-header-display":"","site-post-title":"","ast-breadcrumbs-content":"","ast-featured-img":"","footer-sml-layout":"","theme-transparent-header-meta":"default","adv-header-id-meta":"","stick-header-meta":"","header-above-stick-meta":"","header-main-stick-meta":"","header-below-stick-meta":"","astra-migrate-meta-layouts":"set","ast-page-background-enabled":"default","ast-page-background-meta":{"desktop":{"background-color":"var(--ast-global-color-5)","background-image":"","background-repeat":"repeat","background-position":"center center","background-size":"auto","background-attachment":"scroll","background-type":"","background-media":"","overlay-type":"","overlay-color":"","overlay-opacity":"","overlay-gradient":""},"tablet":{"background-color":"","background-image":"","background-repeat":"repeat","background-position":"center center","background-size":"auto","background-attachment":"scroll","background-type":"","background-media":"","overlay-type":"","overlay-color":"","overlay-opacity":"","overlay-gradient":""},"mobile":{"background-color":"","background-image":"","background-repeat":"repeat","background-position":"center center","background-size":"auto","background-attachment":"scroll","background-type":"","background-media":"","overlay-type":"","overlay-color":"","overlay-opacity":"","overlay-gradient":""}},"ast-content-background-meta":{"desktop":{"background-color":"var(--ast-global-color-4)","background-image":"","background-repeat":"repeat","background-position":"center center","background-size":"auto","background-attachment":"scroll","background-type":"","background-media":"","overlay-type":"","overlay-color":"","overlay-opacity":"","overlay-gradient":""},"tablet":{"background-color":"var(--ast-global-color-4)","background-image":"","background-repeat":"repeat","background-position":"center center","background-size":"auto","background-attachment":"scroll","background-type":"","background-media":"","overlay-type":"","overlay-color":"","overlay-opacity":"","overlay-gradient":""},"mobile":{"background-color":"var(--ast-global-color-4)","background-image":"","background-repeat":"repeat","background-position":"center center","background-size":"auto","background-attachment":"scroll","background-type":"","background-media":"","overlay-type":"","overlay-color":"","overlay-opacity":"","overlay-gradient":""}}},"product_brand":[],"product_cat":[19],"product_tag":[],"class_list":{"0":"post-3110","1":"product","2":"type-product","3":"status-publish","4":"has-post-thumbnail","6":"product_cat-uncategorized","7":"desktop-align-left","8":"tablet-align-left","9":"mobile-align-left","11":"first","12":"instock","13":"shipping-taxable","14":"purchasable","15":"product-type-simple"},"_links":{"self":[{"href":"https:\/\/ecostera.com\/dk\/wp-json\/wp\/v2\/product\/3110","targetHints":{"allow":["GET"]}}],"collection":[{"href":"https:\/\/ecostera.com\/dk\/wp-json\/wp\/v2\/product"}],"about":[{"href":"https:\/\/ecostera.com\/dk\/wp-json\/wp\/v2\/types\/product"}],"replies":[{"embeddable":true,"href":"https:\/\/ecostera.com\/dk\/wp-json\/wp\/v2\/comments?post=3110"}],"wp:featuredmedia":[{"embeddable":true,"href":"https:\/\/ecostera.com\/dk\/wp-json\/wp\/v2\/media\/3106"}],"wp:attachment":[{"href":"https:\/\/ecostera.com\/dk\/wp-json\/wp\/v2\/media?parent=3110"}],"wp:term":[{"taxonomy":"product_brand","embeddable":true,"href":"https:\/\/ecostera.com\/dk\/wp-json\/wp\/v2\/product_brand?post=3110"},{"taxonomy":"product_cat","embeddable":true,"href":"https:\/\/ecostera.com\/dk\/wp-json\/wp\/v2\/product_cat?post=3110"},{"taxonomy":"product_tag","embeddable":true,"href":"https:\/\/ecostera.com\/dk\/wp-json\/wp\/v2\/product_tag?post=3110"}],"curies":[{"name":"wp","href":"https:\/\/api.w.org\/{rel}","templated":true}]}}