{"id":3115,"date":"2025-07-16T04:10:39","date_gmt":"2025-07-16T04:10:39","guid":{"rendered":"https:\/\/ecostera.com\/dk\/product\/vaerktoejshylster-i-laeder\/"},"modified":"2025-07-16T04:10:50","modified_gmt":"2025-07-16T04:10:50","slug":"vaerktoejshylster-i-laeder","status":"publish","type":"product","link":"https:\/\/ecostera.com\/dk\/product\/vaerktoejshylster-i-laeder\/","title":{"rendered":"V\u00e6rkt\u00f8jshylster i l\u00e6der"},"content":{"rendered":"<h2 style=\"text-align: center\">Holdbar L\u00e6derkonstruktion<\/h2>\n<p style=\"text-align: center\">V\u00e6rkt\u00f8jshylsteret i l\u00e6der er fremstillet af l\u00e6dermateriale af h\u00f8j kvalitet, hvilket sikrer styrke og lang holdbarhed. Det modst\u00e5r slid og sk\u00e6ring, hvilket g\u00f8r det til et p\u00e5lideligt valg til udend\u00f8rs aktiviteter og daglig brug. Materialet er let at vedligeholde og holder sig rent selv efter lang tids brug.<\/p>\n<p><img decoding=\"async\" class=\"alignnone size-medium wp-image-10831 aligncenter\" src=\"https:\/\/keluvo.com\/template\/wp-content\/uploads\/sites\/5\/2025\/02\/S677cc3fa96bd41fcbc995db2772698e9r.jpg_960x960q75.jpg_.jpeg\" alt=\"\" \/><\/p>\n<h2 style=\"text-align: center\">Flere Lommer Til V\u00e6rkt\u00f8j<\/h2>\n<p style=\"text-align: center\">V\u00e6rkt\u00f8jshylsteret har forskellige lommer til kuglepenne, knive og andre sm\u00e5ting. Det gennemt\u00e6nkte design giver mulighed for nem organisering og hurtig adgang til dit v\u00e6rkt\u00f8j. Det er ideelt til b\u00e5de professionel brug og fritidsbrug.<\/p>\n<p><img decoding=\"async\" class=\"alignnone size-medium wp-image-10828 aligncenter\" src=\"https:\/\/keluvo.com\/template\/wp-content\/uploads\/sites\/5\/2025\/02\/S0ecd33a67a1e4fd8b6ac51396cbe1eae5.jpg_960x960q75.jpg_.jpeg\" alt=\"\" \/><\/p>\n","protected":false},"excerpt":{"rendered":"<p>Holdbar L\u00e6derkonstruktion V\u00e6rkt\u00f8jshylsteret i l\u00e6der er fremstillet af l\u00e6dermateriale af h\u00f8j kvalitet, hvilket sikrer styrke og lang holdbarhed. Det modst\u00e5r [&hellip;]<\/p>\n","protected":false},"featured_media":3111,"comment_status":"open","ping_status":"closed","template":"","meta":{"site-sidebar-layout":"default","site-content-layout":"","ast-site-content-layout":"default","site-content-style":"default","site-sidebar-style":"default","ast-global-header-display":"","ast-banner-title-visibility":"","ast-main-header-display":"","ast-hfb-above-header-display":"","ast-hfb-below-header-display":"","ast-hfb-mobile-header-display":"","site-post-title":"","ast-breadcrumbs-content":"","ast-featured-img":"","footer-sml-layout":"","theme-transparent-header-meta":"default","adv-header-id-meta":"","stick-header-meta":"","header-above-stick-meta":"","header-main-stick-meta":"","header-below-stick-meta":"","astra-migrate-meta-layouts":"set","ast-page-background-enabled":"default","ast-page-background-meta":{"desktop":{"background-color":"var(--ast-global-color-5)","background-image":"","background-repeat":"repeat","background-position":"center center","background-size":"auto","background-attachment":"scroll","background-type":"","background-media":"","overlay-type":"","overlay-color":"","overlay-opacity":"","overlay-gradient":""},"tablet":{"background-color":"","background-image":"","background-repeat":"repeat","background-position":"center center","background-size":"auto","background-attachment":"scroll","background-type":"","background-media":"","overlay-type":"","overlay-color":"","overlay-opacity":"","overlay-gradient":""},"mobile":{"background-color":"","background-image":"","background-repeat":"repeat","background-position":"center center","background-size":"auto","background-attachment":"scroll","background-type":"","background-media":"","overlay-type":"","overlay-color":"","overlay-opacity":"","overlay-gradient":""}},"ast-content-background-meta":{"desktop":{"background-color":"var(--ast-global-color-4)","background-image":"","background-repeat":"repeat","background-position":"center center","background-size":"auto","background-attachment":"scroll","background-type":"","background-media":"","overlay-type":"","overlay-color":"","overlay-opacity":"","overlay-gradient":""},"tablet":{"background-color":"var(--ast-global-color-4)","background-image":"","background-repeat":"repeat","background-position":"center center","background-size":"auto","background-attachment":"scroll","background-type":"","background-media":"","overlay-type":"","overlay-color":"","overlay-opacity":"","overlay-gradient":""},"mobile":{"background-color":"var(--ast-global-color-4)","background-image":"","background-repeat":"repeat","background-position":"center center","background-size":"auto","background-attachment":"scroll","background-type":"","background-media":"","overlay-type":"","overlay-color":"","overlay-opacity":"","overlay-gradient":""}}},"product_brand":[],"product_cat":[19],"product_tag":[],"class_list":{"0":"post-3115","1":"product","2":"type-product","3":"status-publish","4":"has-post-thumbnail","6":"product_cat-uncategorized","7":"pa_39946_f1da9iwb-lysebrun","8":"pa_39946_f1da9iwb-moerkebrun","9":"pa_39946_f1da9iwb-sort","10":"desktop-align-left","11":"tablet-align-left","12":"mobile-align-left","14":"first","15":"instock","16":"shipping-taxable","17":"purchasable","18":"product-type-variable"},"_links":{"self":[{"href":"https:\/\/ecostera.com\/dk\/wp-json\/wp\/v2\/product\/3115","targetHints":{"allow":["GET"]}}],"collection":[{"href":"https:\/\/ecostera.com\/dk\/wp-json\/wp\/v2\/product"}],"about":[{"href":"https:\/\/ecostera.com\/dk\/wp-json\/wp\/v2\/types\/product"}],"replies":[{"embeddable":true,"href":"https:\/\/ecostera.com\/dk\/wp-json\/wp\/v2\/comments?post=3115"}],"wp:featuredmedia":[{"embeddable":true,"href":"https:\/\/ecostera.com\/dk\/wp-json\/wp\/v2\/media\/3111"}],"wp:attachment":[{"href":"https:\/\/ecostera.com\/dk\/wp-json\/wp\/v2\/media?parent=3115"}],"wp:term":[{"taxonomy":"product_brand","embeddable":true,"href":"https:\/\/ecostera.com\/dk\/wp-json\/wp\/v2\/product_brand?post=3115"},{"taxonomy":"product_cat","embeddable":true,"href":"https:\/\/ecostera.com\/dk\/wp-json\/wp\/v2\/product_cat?post=3115"},{"taxonomy":"product_tag","embeddable":true,"href":"https:\/\/ecostera.com\/dk\/wp-json\/wp\/v2\/product_tag?post=3115"}],"curies":[{"name":"wp","href":"https:\/\/api.w.org\/{rel}","templated":true}]}}