{"id":31200,"date":"2025-10-27T13:06:11","date_gmt":"2025-10-27T11:06:11","guid":{"rendered":"https:\/\/ecostera.com\/dk\/product\/holder-til-biltelefon-4\/"},"modified":"2025-10-28T16:07:44","modified_gmt":"2025-10-28T14:07:44","slug":"holder-til-biltelefon-4","status":"publish","type":"product","link":"https:\/\/ecostera.com\/dk\/product\/holder-til-biltelefon-4\/","title":{"rendered":"Holder til biltelefon"},"content":{"rendered":"<p style=\"text-align: center\" data-start=\"0\" data-end=\"65\"><strong data-start=\"0\" data-end=\"63\">Hold din telefon sikker og inden for r\u00e6kkevidde, mens du k\u00f8rer. \ud83d\udcf1\u00a0<\/strong><\/p>\n<p style=\"text-align: center\" data-start=\"67\" data-end=\"397\">Denne magnetiske biltelefonholder giver et st\u00e6rkt, p\u00e5lideligt greb og ubesv\u00e6ret bekvemmelighed. Denne foldbare og kompakte holder er bygget med kraftige magneter og holder din smartphone stabil p\u00e5 selv de mest uj\u00e6vne veje. Perfekt til navigation, h\u00e5ndfri opkald og sikker k\u00f8rsel &#8211; det er et must-have-tilbeh\u00f8r til enhver bil.<\/p>\n<p data-start=\"67\" data-end=\"397\"><img decoding=\"async\" class=\"size-full wp-image-38168 aligncenter\" src=\"https:\/\/keluvo.com\/template\/wp-content\/uploads\/sites\/5\/2025\/10\/BeigeWhiteFacebookVideo_12_480x480.webp\" alt=\"\" \/><\/p>\n<h2 style=\"text-align: center\" data-start=\"404\" data-end=\"426\"><strong>Vigtigste Fordele<\/strong><\/h2>\n<p data-start=\"429\" data-end=\"524\">\ud83e\uddf2 Kraftigt magnetisk greb &#8211; N52 Neodymium-magnet sikrer, at din telefon forbliver p\u00e5 plads.<\/p>\n<p data-start=\"527\" data-end=\"631\">\ud83d\udcf1 Universel kompatibilitet &#8211; Fungerer perfekt med iPhone 16, 15, 14, 13, 12, 11 og de fleste andre smartphones.<\/p>\n<p data-start=\"634\" data-end=\"724\">\ud83d\udd04 Sammenklappeligt og kompakt design &#8211; Sparer plads og blokerer ikke dit udsyn under k\u00f8rslen.<\/p>\n<p data-start=\"727\" data-end=\"818\">\u2699\ufe0f Nem installation &#8211; Monteres sikkert p\u00e5 dit instrumentbr\u00e6t p\u00e5 f\u00e5 sekunder &#8211; uden brug af v\u00e6rkt\u00f8j.<\/p>\n<p data-start=\"821\" data-end=\"911\">\ud83d\udee1\ufe0f Sikker og stilfuld &#8211; Kombinerer moderne design med holdbare materialer til langvarig brug.<\/p>\n<p data-start=\"821\" data-end=\"911\"><img decoding=\"async\" class=\"size-full wp-image-38170 aligncenter\" src=\"https:\/\/keluvo.com\/template\/wp-content\/uploads\/sites\/5\/2025\/10\/1686045945249.jpg\" alt=\"\" \/><\/p>\n<h2 style=\"text-align: center\" data-start=\"918\" data-end=\"937\"><strong>S\u00e5dan Bruges<\/strong><\/h2>\n<ol data-start=\"938\" data-end=\"1277\">\n<li data-start=\"938\" data-end=\"1024\">\n<p data-start=\"941\" data-end=\"1024\">Fastg\u00f8r den magnetiske holder p\u00e5 bilens instrumentbr\u00e6t ved hj\u00e6lp af den medf\u00f8lgende kl\u00e6bebase.<\/p>\n<\/li>\n<li data-start=\"1025\" data-end=\"1107\">\n<p data-start=\"1028\" data-end=\"1107\">Placer den magnetiske plade p\u00e5 bagsiden af din telefon eller inde i dit telefonetui.<\/p>\n<\/li>\n<li data-start=\"1108\" data-end=\"1200\">\n<p data-start=\"1111\" data-end=\"1200\">Placer din telefon i n\u00e6rheden af holderen &#8211; den st\u00e6rke magnet klikker den sikkert p\u00e5 plads.<\/p>\n<\/li>\n<li data-start=\"1201\" data-end=\"1277\">\n<p data-start=\"1204\" data-end=\"1277\">Juster synsvinklen efter behov for sikker og behagelig navigation.<\/p>\n<\/li>\n<\/ol>\n<h2 style=\"text-align: center\" data-start=\"1284\" data-end=\"1308\"><strong>Produktdetaljer<\/strong><\/h2>\n<ul data-start=\"1309\" data-end=\"1589\">\n<li data-start=\"1309\" data-end=\"1358\">\n<p data-start=\"1311\" data-end=\"1358\">Materiale: N52 neodymmagnet af h\u00f8j kvalitet<\/p>\n<\/li>\n<li data-start=\"1359\" data-end=\"1410\">\n<p data-start=\"1361\" data-end=\"1410\">Design: Sammenklappelig, kompakt og minimalistisk<\/p>\n<\/li>\n<li data-start=\"1411\" data-end=\"1455\">\n<p data-start=\"1413\" data-end=\"1455\">Monteringstype: Magnetisk holder til instrumentbr\u00e6ttet<\/p>\n<\/li>\n<li data-start=\"1456\" data-end=\"1519\">\n<p data-start=\"1458\" data-end=\"1519\">Kompatibilitet: iPhone 11-16-serien og de fleste smartphones<\/p>\n<\/li>\n<li data-start=\"1520\" data-end=\"1589\">\n<p data-start=\"1522\" data-end=\"1589\">Performance: St\u00e6rkt magnetisk greb, stabilt selv p\u00e5 uj\u00e6vne veje<\/p>\n<\/li>\n<li data-start=\"1520\" data-end=\"1589\">St\u00f8rrelse: 21 x 6 cm<\/li>\n<\/ul>\n<h2 style=\"text-align: center\" data-start=\"1596\" data-end=\"1621\"><strong>Pakken indeholder<\/strong><\/h2>\n<ul data-start=\"1622\" data-end=\"1655\">\n<li data-start=\"1622\" data-end=\"1655\">\n<p data-start=\"1624\" data-end=\"1655\">1x biltelefonholder.<\/p>\n<\/li>\n<\/ul>\n","protected":false},"excerpt":{"rendered":"<p>Hold din telefon sikker og inden for r\u00e6kkevidde, mens du k\u00f8rer. \ud83d\udcf1\u00a0 Denne magnetiske biltelefonholder giver et st\u00e6rkt, p\u00e5lideligt greb [&hellip;]<\/p>\n","protected":false},"featured_media":31196,"comment_status":"open","ping_status":"closed","template":"","meta":{"site-sidebar-layout":"default","site-content-layout":"","ast-site-content-layout":"default","site-content-style":"default","site-sidebar-style":"default","ast-global-header-display":"","ast-banner-title-visibility":"","ast-main-header-display":"","ast-hfb-above-header-display":"","ast-hfb-below-header-display":"","ast-hfb-mobile-header-display":"","site-post-title":"","ast-breadcrumbs-content":"","ast-featured-img":"","footer-sml-layout":"","theme-transparent-header-meta":"default","adv-header-id-meta":"","stick-header-meta":"","header-above-stick-meta":"","header-main-stick-meta":"","header-below-stick-meta":"","astra-migrate-meta-layouts":"set","ast-page-background-enabled":"default","ast-page-background-meta":{"desktop":{"background-color":"var(--ast-global-color-5)","background-image":"","background-repeat":"repeat","background-position":"center center","background-size":"auto","background-attachment":"scroll","background-type":"","background-media":"","overlay-type":"","overlay-color":"","overlay-opacity":"","overlay-gradient":""},"tablet":{"background-color":"","background-image":"","background-repeat":"repeat","background-position":"center center","background-size":"auto","background-attachment":"scroll","background-type":"","background-media":"","overlay-type":"","overlay-color":"","overlay-opacity":"","overlay-gradient":""},"mobile":{"background-color":"","background-image":"","background-repeat":"repeat","background-position":"center center","background-size":"auto","background-attachment":"scroll","background-type":"","background-media":"","overlay-type":"","overlay-color":"","overlay-opacity":"","overlay-gradient":""}},"ast-content-background-meta":{"desktop":{"background-color":"var(--ast-global-color-4)","background-image":"","background-repeat":"repeat","background-position":"center center","background-size":"auto","background-attachment":"scroll","background-type":"","background-media":"","overlay-type":"","overlay-color":"","overlay-opacity":"","overlay-gradient":""},"tablet":{"background-color":"var(--ast-global-color-4)","background-image":"","background-repeat":"repeat","background-position":"center center","background-size":"auto","background-attachment":"scroll","background-type":"","background-media":"","overlay-type":"","overlay-color":"","overlay-opacity":"","overlay-gradient":""},"mobile":{"background-color":"var(--ast-global-color-4)","background-image":"","background-repeat":"repeat","background-position":"center center","background-size":"auto","background-attachment":"scroll","background-type":"","background-media":"","overlay-type":"","overlay-color":"","overlay-opacity":"","overlay-gradient":""}}},"product_brand":[],"product_cat":[19],"product_tag":[],"class_list":{"0":"post-31200","1":"product","2":"type-product","3":"status-publish","4":"has-post-thumbnail","6":"product_cat-uncategorized","7":"desktop-align-left","8":"tablet-align-left","9":"mobile-align-left","11":"first","12":"instock","13":"shipping-taxable","14":"purchasable","15":"product-type-simple"},"_links":{"self":[{"href":"https:\/\/ecostera.com\/dk\/wp-json\/wp\/v2\/product\/31200","targetHints":{"allow":["GET"]}}],"collection":[{"href":"https:\/\/ecostera.com\/dk\/wp-json\/wp\/v2\/product"}],"about":[{"href":"https:\/\/ecostera.com\/dk\/wp-json\/wp\/v2\/types\/product"}],"replies":[{"embeddable":true,"href":"https:\/\/ecostera.com\/dk\/wp-json\/wp\/v2\/comments?post=31200"}],"wp:featuredmedia":[{"embeddable":true,"href":"https:\/\/ecostera.com\/dk\/wp-json\/wp\/v2\/media\/31196"}],"wp:attachment":[{"href":"https:\/\/ecostera.com\/dk\/wp-json\/wp\/v2\/media?parent=31200"}],"wp:term":[{"taxonomy":"product_brand","embeddable":true,"href":"https:\/\/ecostera.com\/dk\/wp-json\/wp\/v2\/product_brand?post=31200"},{"taxonomy":"product_cat","embeddable":true,"href":"https:\/\/ecostera.com\/dk\/wp-json\/wp\/v2\/product_cat?post=31200"},{"taxonomy":"product_tag","embeddable":true,"href":"https:\/\/ecostera.com\/dk\/wp-json\/wp\/v2\/product_tag?post=31200"}],"curies":[{"name":"wp","href":"https:\/\/api.w.org\/{rel}","templated":true}]}}