{"id":3126,"date":"2025-07-16T04:11:18","date_gmt":"2025-07-16T04:11:18","guid":{"rendered":"https:\/\/ecostera.com\/dk\/product\/haarboerste\/"},"modified":"2025-07-16T04:11:25","modified_gmt":"2025-07-16T04:11:25","slug":"haarboerste","status":"publish","type":"product","link":"https:\/\/ecostera.com\/dk\/product\/haarboerste\/","title":{"rendered":"H\u00e5rb\u00f8rste"},"content":{"rendered":"<h2 style=\"text-align: center\">Sk\u00e5nsom Og Behagelig B\u00f8rstning<\/h2>\n<p style=\"text-align: center\">H\u00e5rb\u00f8rsten har et luftpude-design, der reducerer trykket p\u00e5 hovedbunden. Den tilpasser sig h\u00e5rets naturlige kurver og g\u00f8r b\u00f8rstningen j\u00e6vn og sk\u00e5nsom. Det hj\u00e6lper med at forhindre tr\u00e6kninger og g\u00f8r h\u00e5rplejen mere behagelig.<\/p>\n<p><img decoding=\"async\" class=\"alignnone size-medium wp-image-9993 aligncenter\" src=\"https:\/\/keluvo.com\/template\/wp-content\/uploads\/sites\/5\/2025\/01\/S5049a4943f494506bb16a57459c091f0n.jpg_960x960q75.jpg_.jpeg\" alt=\"\" \/><\/p>\n<h2 style=\"text-align: center\">Reducerer Statisk Elektricitet Og Overophedning<\/h2>\n<p style=\"text-align: center\">H\u00e5rb\u00f8rsten har et centralt hult design, der forbedrer luftstr\u00f8mmen under b\u00f8rstningen. Det hj\u00e6lper med at holde h\u00e5ret k\u00f8ligt og reducerer statisk elektricitet. Den er perfekt til styling uden at for\u00e5rsage krus eller varmeskader.<img decoding=\"async\" class=\"alignnone size-medium wp-image-9991 aligncenter\" src=\"https:\/\/keluvo.com\/template\/wp-content\/uploads\/sites\/5\/2025\/01\/S068e05d2092b43bebc5307fe2f3a507ef.jpg_960x960q75.jpg_.jpeg\" alt=\"\" \/><\/p>\n","protected":false},"excerpt":{"rendered":"<p>Sk\u00e5nsom Og Behagelig B\u00f8rstning H\u00e5rb\u00f8rsten har et luftpude-design, der reducerer trykket p\u00e5 hovedbunden. Den tilpasser sig h\u00e5rets naturlige kurver og [&hellip;]<\/p>\n","protected":false},"featured_media":3122,"comment_status":"open","ping_status":"closed","template":"","meta":{"site-sidebar-layout":"default","site-content-layout":"","ast-site-content-layout":"default","site-content-style":"default","site-sidebar-style":"default","ast-global-header-display":"","ast-banner-title-visibility":"","ast-main-header-display":"","ast-hfb-above-header-display":"","ast-hfb-below-header-display":"","ast-hfb-mobile-header-display":"","site-post-title":"","ast-breadcrumbs-content":"","ast-featured-img":"","footer-sml-layout":"","theme-transparent-header-meta":"default","adv-header-id-meta":"","stick-header-meta":"","header-above-stick-meta":"","header-main-stick-meta":"","header-below-stick-meta":"","astra-migrate-meta-layouts":"set","ast-page-background-enabled":"default","ast-page-background-meta":{"desktop":{"background-color":"var(--ast-global-color-5)","background-image":"","background-repeat":"repeat","background-position":"center center","background-size":"auto","background-attachment":"scroll","background-type":"","background-media":"","overlay-type":"","overlay-color":"","overlay-opacity":"","overlay-gradient":""},"tablet":{"background-color":"","background-image":"","background-repeat":"repeat","background-position":"center center","background-size":"auto","background-attachment":"scroll","background-type":"","background-media":"","overlay-type":"","overlay-color":"","overlay-opacity":"","overlay-gradient":""},"mobile":{"background-color":"","background-image":"","background-repeat":"repeat","background-position":"center center","background-size":"auto","background-attachment":"scroll","background-type":"","background-media":"","overlay-type":"","overlay-color":"","overlay-opacity":"","overlay-gradient":""}},"ast-content-background-meta":{"desktop":{"background-color":"var(--ast-global-color-4)","background-image":"","background-repeat":"repeat","background-position":"center center","background-size":"auto","background-attachment":"scroll","background-type":"","background-media":"","overlay-type":"","overlay-color":"","overlay-opacity":"","overlay-gradient":""},"tablet":{"background-color":"var(--ast-global-color-4)","background-image":"","background-repeat":"repeat","background-position":"center center","background-size":"auto","background-attachment":"scroll","background-type":"","background-media":"","overlay-type":"","overlay-color":"","overlay-opacity":"","overlay-gradient":""},"mobile":{"background-color":"var(--ast-global-color-4)","background-image":"","background-repeat":"repeat","background-position":"center center","background-size":"auto","background-attachment":"scroll","background-type":"","background-media":"","overlay-type":"","overlay-color":"","overlay-opacity":"","overlay-gradient":""}}},"product_brand":[],"product_cat":[19],"product_tag":[],"class_list":{"0":"post-3126","1":"product","2":"type-product","3":"status-publish","4":"has-post-thumbnail","6":"product_cat-uncategorized","7":"pa_42913_01rjgszn-guld","8":"pa_42913_01rjgszn-hvid","9":"pa_42913_01rjgszn-lyseroed","10":"desktop-align-left","11":"tablet-align-left","12":"mobile-align-left","14":"first","15":"instock","16":"shipping-taxable","17":"purchasable","18":"product-type-variable"},"_links":{"self":[{"href":"https:\/\/ecostera.com\/dk\/wp-json\/wp\/v2\/product\/3126","targetHints":{"allow":["GET"]}}],"collection":[{"href":"https:\/\/ecostera.com\/dk\/wp-json\/wp\/v2\/product"}],"about":[{"href":"https:\/\/ecostera.com\/dk\/wp-json\/wp\/v2\/types\/product"}],"replies":[{"embeddable":true,"href":"https:\/\/ecostera.com\/dk\/wp-json\/wp\/v2\/comments?post=3126"}],"wp:featuredmedia":[{"embeddable":true,"href":"https:\/\/ecostera.com\/dk\/wp-json\/wp\/v2\/media\/3122"}],"wp:attachment":[{"href":"https:\/\/ecostera.com\/dk\/wp-json\/wp\/v2\/media?parent=3126"}],"wp:term":[{"taxonomy":"product_brand","embeddable":true,"href":"https:\/\/ecostera.com\/dk\/wp-json\/wp\/v2\/product_brand?post=3126"},{"taxonomy":"product_cat","embeddable":true,"href":"https:\/\/ecostera.com\/dk\/wp-json\/wp\/v2\/product_cat?post=3126"},{"taxonomy":"product_tag","embeddable":true,"href":"https:\/\/ecostera.com\/dk\/wp-json\/wp\/v2\/product_tag?post=3126"}],"curies":[{"name":"wp","href":"https:\/\/api.w.org\/{rel}","templated":true}]}}