{"id":31417,"date":"2025-10-28T11:43:16","date_gmt":"2025-10-28T09:43:16","guid":{"rendered":"https:\/\/ecostera.com\/dk\/product\/tyggepind-som-legetoej-til-katte-4-stk\/"},"modified":"2025-12-15T18:28:33","modified_gmt":"2025-12-15T16:28:33","slug":"tyggepind-som-legetoej-til-katte-4-stk","status":"publish","type":"product","link":"https:\/\/ecostera.com\/dk\/product\/tyggepind-som-legetoej-til-katte-4-stk\/","title":{"rendered":"Tyggepind som leget\u00f8j til katte (4 stk.)"},"content":{"rendered":"<p style=\"text-align: center\" data-start=\"0\" data-end=\"66\"><strong data-start=\"0\" data-end=\"64\">Hold din kat underholdt og sund med \u00e9t enkelt stykke leget\u00f8j \ud83d\udc3e<\/strong><\/p>\n<p style=\"text-align: center\" data-start=\"68\" data-end=\"289\">Dette tyggepind-leget\u00f8j er designet til at holde din kat aktiv, legesyg og glad. Det hj\u00e6lper med at rense din kats t\u00e6nder, mens det tilfredsstiller dens naturlige trang til at tygge og lege &#8211; perfekt til daglig sjov og tandpleje i \u00e9t.<\/p>\n<p data-start=\"68\" data-end=\"289\"><img decoding=\"async\" class=\"size-full wp-image-38359 aligncenter\" src=\"https:\/\/keluvo.com\/template\/wp-content\/uploads\/sites\/5\/2025\/10\/10222-ezgif.com-video-to-webp-converter-1.webp\" alt=\"\" \/><\/p>\n<h2 style=\"text-align: center\" data-start=\"296\" data-end=\"318\"><strong>Vigtigste Fordele<\/strong><\/h2>\n<p data-start=\"321\" data-end=\"412\">\ud83d\ude3a Holdbart design &#8211; Lavet af st\u00e6rkt rustfrit st\u00e5l, der ikke let b\u00f8jes eller deformeres.<\/p>\n<p data-start=\"415\" data-end=\"517\">\ud83e\udeb6 Perfekt til alle k\u00e6ledyr &#8211; Velegnet til katte, hunde og endda sm\u00e5 dyr med kort eller lang pels.<\/p>\n<p data-start=\"520\" data-end=\"614\">\ud83e\udea5 Renser t\u00e6nderne naturligt &#8211; Fjerner forsigtigt plak og tandsten, n\u00e5r din kat bider og tygger.<\/p>\n<p data-start=\"617\" data-end=\"708\">\ud83c\udf81 Fantastisk til sundhed og sjov &#8211; Fremmer rene t\u00e6nder, frisk \u00e5nde og aktiv leg.<\/p>\n<p data-start=\"711\" data-end=\"796\">\ud83d\udcaa Sikker og langvarig &#8211; Glat design sikrer komfort og sikkerhed under leg.<\/p>\n<p data-start=\"711\" data-end=\"796\"><img decoding=\"async\" class=\"size-full wp-image-38358 aligncenter\" src=\"https:\/\/keluvo.com\/template\/wp-content\/uploads\/sites\/5\/2025\/10\/S322f9c2815954257917437b32cec3c4fa.jpg_960x960q75.jpg_.jpg\" alt=\"\" \/><\/p>\n<h2 style=\"text-align: center\" data-start=\"803\" data-end=\"822\"><strong>S\u00e5dan Bruges<\/strong><\/h2>\n<ol data-start=\"823\" data-end=\"1027\">\n<li data-start=\"823\" data-end=\"886\">\n<p data-start=\"826\" data-end=\"886\">Giv pinden til din kat, og lad den tygge eller lege frit.<\/p>\n<\/li>\n<li data-start=\"887\" data-end=\"963\">\n<p data-start=\"890\" data-end=\"963\">Tillad et par minutters daglig leg for at hj\u00e6lpe med at rense t\u00e6nderne og massere tandk\u00f8det.<\/p>\n<\/li>\n<li data-start=\"964\" data-end=\"1027\">\n<p data-start=\"967\" data-end=\"1027\">Efter brug skal du t\u00f8rre leget\u00f8jet af og opbevare det et t\u00f8rt sted.<\/p>\n<\/li>\n<\/ol>\n<h2 style=\"text-align: center\" data-start=\"1034\" data-end=\"1058\"><strong>Produktdetaljer<\/strong><\/h2>\n<ul data-start=\"1059\" data-end=\"1266\">\n<li data-start=\"1059\" data-end=\"1099\">\n<p data-start=\"1061\" data-end=\"1099\">Materiale: Tr\u00e6 Polygonum + Hamp Rope<\/p>\n<\/li>\n<li data-start=\"1100\" data-end=\"1131\">\n<p data-start=\"1102\" data-end=\"1131\">Farve: Beige<\/p>\n<\/li>\n<li data-start=\"1132\" data-end=\"1208\">\n<p data-start=\"1134\" data-end=\"1149\">St\u00f8rrelsesmuligheder: 15 cm, 23 cm<\/p>\n<\/li>\n<li data-start=\"1209\" data-end=\"1266\">\n<p data-start=\"1211\" data-end=\"1266\">Brug: Tandrensning og leg for katte og sm\u00e5 k\u00e6ledyr<\/p>\n<\/li>\n<\/ul>\n<h2 style=\"text-align: center\" data-start=\"1273\" data-end=\"1298\"><strong>Pakken indeholder<\/strong><\/h2>\n<ul data-start=\"1299\" data-end=\"1331\">\n<li style=\"list-style-type: none\">\n<ul data-start=\"1299\" data-end=\"1331\">\n<li data-start=\"1299\" data-end=\"1331\">\n<p data-start=\"1301\" data-end=\"1331\">4x tyggepinde katteleget\u00f8j.<\/p>\n<\/li>\n<\/ul>\n<\/li>\n<\/ul>\n<p>&nbsp;<\/p>\n","protected":false},"excerpt":{"rendered":"<p>Hold din kat underholdt og sund med \u00e9t enkelt stykke leget\u00f8j \ud83d\udc3e Dette tyggepind-leget\u00f8j er designet til at holde din [&hellip;]<\/p>\n","protected":false},"featured_media":31413,"comment_status":"open","ping_status":"closed","template":"","meta":{"site-sidebar-layout":"default","site-content-layout":"","ast-site-content-layout":"default","site-content-style":"default","site-sidebar-style":"default","ast-global-header-display":"","ast-banner-title-visibility":"","ast-main-header-display":"","ast-hfb-above-header-display":"","ast-hfb-below-header-display":"","ast-hfb-mobile-header-display":"","site-post-title":"","ast-breadcrumbs-content":"","ast-featured-img":"","footer-sml-layout":"","theme-transparent-header-meta":"default","adv-header-id-meta":"","stick-header-meta":"","header-above-stick-meta":"","header-main-stick-meta":"","header-below-stick-meta":"","astra-migrate-meta-layouts":"set","ast-page-background-enabled":"default","ast-page-background-meta":{"desktop":{"background-color":"var(--ast-global-color-5)","background-image":"","background-repeat":"repeat","background-position":"center center","background-size":"auto","background-attachment":"scroll","background-type":"","background-media":"","overlay-type":"","overlay-color":"","overlay-opacity":"","overlay-gradient":""},"tablet":{"background-color":"","background-image":"","background-repeat":"repeat","background-position":"center center","background-size":"auto","background-attachment":"scroll","background-type":"","background-media":"","overlay-type":"","overlay-color":"","overlay-opacity":"","overlay-gradient":""},"mobile":{"background-color":"","background-image":"","background-repeat":"repeat","background-position":"center center","background-size":"auto","background-attachment":"scroll","background-type":"","background-media":"","overlay-type":"","overlay-color":"","overlay-opacity":"","overlay-gradient":""}},"ast-content-background-meta":{"desktop":{"background-color":"var(--ast-global-color-4)","background-image":"","background-repeat":"repeat","background-position":"center center","background-size":"auto","background-attachment":"scroll","background-type":"","background-media":"","overlay-type":"","overlay-color":"","overlay-opacity":"","overlay-gradient":""},"tablet":{"background-color":"var(--ast-global-color-4)","background-image":"","background-repeat":"repeat","background-position":"center center","background-size":"auto","background-attachment":"scroll","background-type":"","background-media":"","overlay-type":"","overlay-color":"","overlay-opacity":"","overlay-gradient":""},"mobile":{"background-color":"var(--ast-global-color-4)","background-image":"","background-repeat":"repeat","background-position":"center center","background-size":"auto","background-attachment":"scroll","background-type":"","background-media":"","overlay-type":"","overlay-color":"","overlay-opacity":"","overlay-gradient":""}}},"product_brand":[],"product_cat":[19],"product_tag":[],"class_list":{"0":"post-31417","1":"product","2":"type-product","3":"status-publish","4":"has-post-thumbnail","6":"product_cat-uncategorized","7":"pa_27942_kfs1sm67-15-cm","8":"pa_27942_kfs1sm67-23-cm","9":"desktop-align-left","10":"tablet-align-left","11":"mobile-align-left","13":"first","14":"instock","15":"shipping-taxable","16":"purchasable","17":"product-type-variable"},"_links":{"self":[{"href":"https:\/\/ecostera.com\/dk\/wp-json\/wp\/v2\/product\/31417","targetHints":{"allow":["GET"]}}],"collection":[{"href":"https:\/\/ecostera.com\/dk\/wp-json\/wp\/v2\/product"}],"about":[{"href":"https:\/\/ecostera.com\/dk\/wp-json\/wp\/v2\/types\/product"}],"replies":[{"embeddable":true,"href":"https:\/\/ecostera.com\/dk\/wp-json\/wp\/v2\/comments?post=31417"}],"wp:featuredmedia":[{"embeddable":true,"href":"https:\/\/ecostera.com\/dk\/wp-json\/wp\/v2\/media\/31413"}],"wp:attachment":[{"href":"https:\/\/ecostera.com\/dk\/wp-json\/wp\/v2\/media?parent=31417"}],"wp:term":[{"taxonomy":"product_brand","embeddable":true,"href":"https:\/\/ecostera.com\/dk\/wp-json\/wp\/v2\/product_brand?post=31417"},{"taxonomy":"product_cat","embeddable":true,"href":"https:\/\/ecostera.com\/dk\/wp-json\/wp\/v2\/product_cat?post=31417"},{"taxonomy":"product_tag","embeddable":true,"href":"https:\/\/ecostera.com\/dk\/wp-json\/wp\/v2\/product_tag?post=31417"}],"curies":[{"name":"wp","href":"https:\/\/api.w.org\/{rel}","templated":true}]}}